{"id":101499,"date":"2025-07-18T13:34:48","date_gmt":"2025-07-18T13:34:48","guid":{"rendered":"https:\/\/vzduchovetlmice.sk\/?post_type=product&#038;p=101499"},"modified":"2025-11-19T16:16:43","modified_gmt":"2025-11-19T16:16:43","slug":"predni-pravy-vzduchovy-tlumic-mercedes-benz-gle-coupe-s-ads-plus-original","status":"publish","type":"product","link":"https:\/\/vzduchovetlmice.sk\/cs\/produkty\/predni-pravy-vzduchovy-tlumic-mercedes-benz-gle-coupe-s-ads-plus-original\/","title":{"rendered":"P\u0159edn\u00ed prav\u00fd vzduchov\u00fd tlumi\u010d Mercedes Benz GLE Coupe s ADS Plus &#8211; Origin\u00e1l"},"content":{"rendered":"<h3><strong>Dal\u0161\u00ed informace:<\/strong><\/h3>\n<p>Nov\u00fd p\u0159edn\u00ed prav\u00fd vzduchov\u00fd tlumi\u010d s ADS Plus Mercedes Benz GLE Coupe &#8211; class C292 (2015 &#8211; 2019), Airmatic, 4Matic.<\/p>\n<p>Jedn\u00e1 se o origin\u00e1ln\u00ed tlumi\u010d pru\u017een\u00ed od Mercedes Benz (Vibracoustic &#8211; prvov\u00fdroba).<\/p>\n<p>Ur\u010den pro modely se syst\u00e9mem AIRMATIC a tak\u00e9 modely AMG.<\/p>\n<h4><strong>Origin\u00e1ln\u00ed v\u00fdrobn\u00ed \u010d\u00edsla (OEM): <\/strong><\/h4>\n<p>A2923204013, A292320401380, A2923200400, A292320040080, A2923202600, A2923202200, A2923203000, A2923203213, A2923201000, A 2923204013, A 292320401380, A 2923200400, A 292320040080, A 2923202600, A 2923202200, A 2923203000, A 2923203213, A 2923201000, 2923204013, 292320401380, 2923200400, 292320040080, 2923202600, 2923202200, 2923203000, 2923203213, 2923201000, AS-3593, 44-273446<\/p>\n","protected":false},"excerpt":{"rendered":"<p><strong>Zna\u010dka: <\/strong>Mercedes Benz<\/p>\n<p><strong>Model:<\/strong> GLE Coupe -class C292 (2015 \u2013 2019)<\/p>\n<p><strong>Typ:<\/strong> RWD, 4Matic, AMG, s ADS Plus (ADS+)<\/p>\n<p><strong>Poloha: <\/strong>P\u0159edn\u00ed n\u00e1prava vpravo<\/p>\n<p><strong>V\u00fdrobce: <\/strong>Vibracoustic \u2013 Made in Germany<\/p>\n<p><strong>Stav:\u00a0<\/strong>Nov\u00e9<\/p>\n<p><strong>Z\u00e1ruka:\u00a0<\/strong>2 roky<\/p>\n<p><strong>Dostupnost:<\/strong>\u00a0<span style=\"color: #00ff00;\"><strong>Skladem<\/strong><\/span><\/p>\n","protected":false},"featured_media":101801,"template":"","meta":{"_et_pb_use_builder":"","_et_pb_old_content":"","_et_gb_content_width":""},"product_brand":[52],"product_cat":[464,333],"product_tag":[],"class_list":{"0":"post-101499","1":"product","2":"type-product","3":"status-publish","4":"has-post-thumbnail","6":"product_brand-mercedes-benz","7":"product_cat-gle-coupe-c292-2015-2019-cs","8":"product_cat-mercedes-benz-cs","10":"first","11":"instock","12":"shipping-taxable","13":"purchasable","14":"product-type-simple"},"yoast_head":"<!-- This site is optimized with the Yoast SEO Premium plugin v24.9 (Yoast SEO v27.1.1) - https:\/\/yoast.com\/product\/yoast-seo-premium-wordpress\/ -->\n<title>P\u0159edn\u00ed prav\u00fd vzduchov\u00fd tlumi\u010d Mercedes Benz GLE Coupe s ADS+<\/title>\n<meta name=\"description\" content=\"Nov\u00fd p\u0159edn\u00ed prav\u00fd vzduchov\u00fd tlumi\u010d s ADS Plus Mercedes Benz GLE Coupe - class C292 (2015 - 2019), Airmatic, 4Matic. Jedn\u00e1 se o origin\u00e1ln\u00ed tlumi\u010d pru\u017een\u00ed od Mercedes Benz (Vibracoustic - prvov\u00fdroba). Ur\u010den pro modely se syst\u00e9mem AIRMATIC a tak\u00e9 modely AMG. OEM: A2923204013, A292320401380, A2923200400, A292320040080, A2923202600, A2923202200, A2923203000, A2923203213, A2923201000, A 2923204013, A 292320401380, A 2923200400, A 292320040080, A 2923202600, A 2923202200, A 2923203000, A 2923203213, A 2923201000, 2923204013, 292320401380, 2923200400, 292320040080, 2923202600, 2923202200, 2923203000, 2923203213, 2923201000, AS-3593, 44-273446\" \/>\n<meta name=\"robots\" content=\"index, follow, max-snippet:-1, max-image-preview:large, max-video-preview:-1\" \/>\n<link rel=\"canonical\" href=\"https:\/\/vzduchovetlmice.sk\/cs\/produkty\/predni-pravy-vzduchovy-tlumic-mercedes-benz-gle-coupe-s-ads-plus-original\/\" \/>\n<meta property=\"og:locale\" content=\"cs_CZ\" \/>\n<meta property=\"og:type\" content=\"article\" \/>\n<meta property=\"og:title\" content=\"P\u0159edn\u00ed prav\u00fd vzduchov\u00fd tlumi\u010d Mercedes Benz GLE Coupe s ADS Plus - Origin\u00e1l\" \/>\n<meta property=\"og:description\" content=\"Nov\u00fd p\u0159edn\u00ed prav\u00fd vzduchov\u00fd tlumi\u010d s ADS Plus Mercedes Benz GLE Coupe - class C292 (2015 - 2019), Airmatic, 4Matic. Jedn\u00e1 se o origin\u00e1ln\u00ed tlumi\u010d pru\u017een\u00ed od Mercedes Benz (Vibracoustic - prvov\u00fdroba). Ur\u010den pro modely se syst\u00e9mem AIRMATIC a tak\u00e9 modely AMG. OEM: A2923204013, A292320401380, A2923200400, A292320040080, A2923202600, A2923202200, A2923203000, A2923203213, A2923201000, A 2923204013, A 292320401380, A 2923200400, A 292320040080, A 2923202600, A 2923202200, A 2923203000, A 2923203213, A 2923201000, 2923204013, 292320401380, 2923200400, 292320040080, 2923202600, 2923202200, 2923203000, 2923203213, 2923201000, AS-3593, 44-273446\" \/>\n<meta property=\"og:url\" content=\"https:\/\/vzduchovetlmice.sk\/cs\/produkty\/predni-pravy-vzduchovy-tlumic-mercedes-benz-gle-coupe-s-ads-plus-original\/\" \/>\n<meta property=\"og:site_name\" content=\"VzduchoveTlmice.sk\" \/>\n<meta property=\"article:modified_time\" content=\"2025-11-19T16:16:43+00:00\" \/>\n<meta property=\"og:image\" content=\"https:\/\/vzduchovetlmice.sk\/wp-content\/uploads\/2025\/07\/Predny-pravy-vzduchovy-tlmic-Mercedes-Benz-GLE-Coupe-s-ADS-Plus-Original-A2923204013-A292320401380-A2923200400-A292320040080-A2923202600-A2923202200-AMG.jpg\" \/>\n\t<meta property=\"og:image:width\" content=\"1000\" \/>\n\t<meta property=\"og:image:height\" content=\"1000\" \/>\n\t<meta property=\"og:image:type\" content=\"image\/jpeg\" \/>\n<meta name=\"twitter:card\" content=\"summary_large_image\" \/>\n<meta name=\"twitter:label1\" content=\"Odhadovan\u00e1 doba \u010dten\u00ed\" \/>\n\t<meta name=\"twitter:data1\" content=\"1 minuta\" \/>\n<script type=\"application\/ld+json\" class=\"yoast-schema-graph\">{\"@context\":\"https:\/\/schema.org\",\"@graph\":[{\"@type\":\"WebPage\",\"@id\":\"https:\/\/vzduchovetlmice.sk\/cs\/produkty\/predni-pravy-vzduchovy-tlumic-mercedes-benz-gle-coupe-s-ads-plus-original\/\",\"url\":\"https:\/\/vzduchovetlmice.sk\/cs\/produkty\/predni-pravy-vzduchovy-tlumic-mercedes-benz-gle-coupe-s-ads-plus-original\/\",\"name\":\"P\u0159edn\u00ed prav\u00fd vzduchov\u00fd tlumi\u010d Mercedes Benz GLE Coupe s ADS+\",\"isPartOf\":{\"@id\":\"https:\/\/vzduchovetlmice.sk\/#website\"},\"primaryImageOfPage\":{\"@id\":\"https:\/\/vzduchovetlmice.sk\/cs\/produkty\/predni-pravy-vzduchovy-tlumic-mercedes-benz-gle-coupe-s-ads-plus-original\/#primaryimage\"},\"image\":{\"@id\":\"https:\/\/vzduchovetlmice.sk\/cs\/produkty\/predni-pravy-vzduchovy-tlumic-mercedes-benz-gle-coupe-s-ads-plus-original\/#primaryimage\"},\"thumbnailUrl\":\"https:\/\/vzduchovetlmice.sk\/wp-content\/uploads\/2025\/07\/Predny-pravy-vzduchovy-tlmic-Mercedes-Benz-GLE-Coupe-s-ADS-Plus-Original-A2923204013-A292320401380-A2923200400-A292320040080-A2923202600-A2923202200-AMG.jpg\",\"datePublished\":\"2025-07-18T13:34:48+00:00\",\"dateModified\":\"2025-11-19T16:16:43+00:00\",\"description\":\"Nov\u00fd p\u0159edn\u00ed prav\u00fd vzduchov\u00fd tlumi\u010d s ADS Plus Mercedes Benz GLE Coupe - class C292 (2015 - 2019), Airmatic, 4Matic. Jedn\u00e1 se o origin\u00e1ln\u00ed tlumi\u010d pru\u017een\u00ed od Mercedes Benz (Vibracoustic - prvov\u00fdroba). Ur\u010den pro modely se syst\u00e9mem AIRMATIC a tak\u00e9 modely AMG. OEM: A2923204013, A292320401380, A2923200400, A292320040080, A2923202600, A2923202200, A2923203000, A2923203213, A2923201000, A 2923204013, A 292320401380, A 2923200400, A 292320040080, A 2923202600, A 2923202200, A 2923203000, A 2923203213, A 2923201000, 2923204013, 292320401380, 2923200400, 292320040080, 2923202600, 2923202200, 2923203000, 2923203213, 2923201000, AS-3593, 44-273446\",\"breadcrumb\":{\"@id\":\"https:\/\/vzduchovetlmice.sk\/cs\/produkty\/predni-pravy-vzduchovy-tlumic-mercedes-benz-gle-coupe-s-ads-plus-original\/#breadcrumb\"},\"inLanguage\":\"cs\",\"potentialAction\":[{\"@type\":\"ReadAction\",\"target\":[\"https:\/\/vzduchovetlmice.sk\/cs\/produkty\/predni-pravy-vzduchovy-tlumic-mercedes-benz-gle-coupe-s-ads-plus-original\/\"]}]},{\"@type\":\"ImageObject\",\"inLanguage\":\"cs\",\"@id\":\"https:\/\/vzduchovetlmice.sk\/cs\/produkty\/predni-pravy-vzduchovy-tlumic-mercedes-benz-gle-coupe-s-ads-plus-original\/#primaryimage\",\"url\":\"https:\/\/vzduchovetlmice.sk\/wp-content\/uploads\/2025\/07\/Predny-pravy-vzduchovy-tlmic-Mercedes-Benz-GLE-Coupe-s-ADS-Plus-Original-A2923204013-A292320401380-A2923200400-A292320040080-A2923202600-A2923202200-AMG.jpg\",\"contentUrl\":\"https:\/\/vzduchovetlmice.sk\/wp-content\/uploads\/2025\/07\/Predny-pravy-vzduchovy-tlmic-Mercedes-Benz-GLE-Coupe-s-ADS-Plus-Original-A2923204013-A292320401380-A2923200400-A292320040080-A2923202600-A2923202200-AMG.jpg\",\"width\":1000,\"height\":1000,\"caption\":\"Predn\u00fd prav\u00fd vzduchov\u00fd tlmi\u010d Mercedes Benz GLE Coupe s ADS Plus - Origin\u00e1l, A2923204013, A292320401380, A2923200400, A292320040080, A2923202600, A2923202200, AMG\"},{\"@type\":\"BreadcrumbList\",\"@id\":\"https:\/\/vzduchovetlmice.sk\/cs\/produkty\/predni-pravy-vzduchovy-tlumic-mercedes-benz-gle-coupe-s-ads-plus-original\/#breadcrumb\",\"itemListElement\":[{\"@type\":\"ListItem\",\"position\":1,\"name\":\"Domovsk\u00e1 str\u00e1nka\",\"item\":\"https:\/\/vzduchovetlmice.sk\/\"},{\"@type\":\"ListItem\",\"position\":2,\"name\":\"Obchod\",\"item\":\"https:\/\/vzduchovetlmice.sk\/obchod\/\"},{\"@type\":\"ListItem\",\"position\":3,\"name\":\"P\u0159edn\u00ed prav\u00fd vzduchov\u00fd tlumi\u010d Mercedes Benz GLE Coupe s ADS Plus &#8211; Origin\u00e1l\"}]},{\"@type\":\"WebSite\",\"@id\":\"https:\/\/vzduchovetlmice.sk\/#website\",\"url\":\"https:\/\/vzduchovetlmice.sk\/\",\"name\":\"VzduchoveTlmice.sk\",\"description\":\"predaj dielov pre vzduchov\u00fd podvozok\",\"potentialAction\":[{\"@type\":\"SearchAction\",\"target\":{\"@type\":\"EntryPoint\",\"urlTemplate\":\"https:\/\/vzduchovetlmice.sk\/?s={search_term_string}\"},\"query-input\":{\"@type\":\"PropertyValueSpecification\",\"valueRequired\":true,\"valueName\":\"search_term_string\"}}],\"inLanguage\":\"cs\"}]}<\/script>\n<!-- \/ Yoast SEO Premium plugin. -->","yoast_head_json":{"title":"P\u0159edn\u00ed prav\u00fd vzduchov\u00fd tlumi\u010d Mercedes Benz GLE Coupe s ADS+","description":"Nov\u00fd p\u0159edn\u00ed prav\u00fd vzduchov\u00fd tlumi\u010d s ADS Plus Mercedes Benz GLE Coupe - class C292 (2015 - 2019), Airmatic, 4Matic. Jedn\u00e1 se o origin\u00e1ln\u00ed tlumi\u010d pru\u017een\u00ed od Mercedes Benz (Vibracoustic - prvov\u00fdroba). Ur\u010den pro modely se syst\u00e9mem AIRMATIC a tak\u00e9 modely AMG. OEM: A2923204013, A292320401380, A2923200400, A292320040080, A2923202600, A2923202200, A2923203000, A2923203213, A2923201000, A 2923204013, A 292320401380, A 2923200400, A 292320040080, A 2923202600, A 2923202200, A 2923203000, A 2923203213, A 2923201000, 2923204013, 292320401380, 2923200400, 292320040080, 2923202600, 2923202200, 2923203000, 2923203213, 2923201000, AS-3593, 44-273446","robots":{"index":"index","follow":"follow","max-snippet":"max-snippet:-1","max-image-preview":"max-image-preview:large","max-video-preview":"max-video-preview:-1"},"canonical":"https:\/\/vzduchovetlmice.sk\/cs\/produkty\/predni-pravy-vzduchovy-tlumic-mercedes-benz-gle-coupe-s-ads-plus-original\/","og_locale":"cs_CZ","og_type":"article","og_title":"P\u0159edn\u00ed prav\u00fd vzduchov\u00fd tlumi\u010d Mercedes Benz GLE Coupe s ADS Plus - Origin\u00e1l","og_description":"Nov\u00fd p\u0159edn\u00ed prav\u00fd vzduchov\u00fd tlumi\u010d s ADS Plus Mercedes Benz GLE Coupe - class C292 (2015 - 2019), Airmatic, 4Matic. Jedn\u00e1 se o origin\u00e1ln\u00ed tlumi\u010d pru\u017een\u00ed od Mercedes Benz (Vibracoustic - prvov\u00fdroba). Ur\u010den pro modely se syst\u00e9mem AIRMATIC a tak\u00e9 modely AMG. OEM: A2923204013, A292320401380, A2923200400, A292320040080, A2923202600, A2923202200, A2923203000, A2923203213, A2923201000, A 2923204013, A 292320401380, A 2923200400, A 292320040080, A 2923202600, A 2923202200, A 2923203000, A 2923203213, A 2923201000, 2923204013, 292320401380, 2923200400, 292320040080, 2923202600, 2923202200, 2923203000, 2923203213, 2923201000, AS-3593, 44-273446","og_url":"https:\/\/vzduchovetlmice.sk\/cs\/produkty\/predni-pravy-vzduchovy-tlumic-mercedes-benz-gle-coupe-s-ads-plus-original\/","og_site_name":"VzduchoveTlmice.sk","article_modified_time":"2025-11-19T16:16:43+00:00","og_image":[{"width":1000,"height":1000,"url":"https:\/\/vzduchovetlmice.sk\/wp-content\/uploads\/2025\/07\/Predny-pravy-vzduchovy-tlmic-Mercedes-Benz-GLE-Coupe-s-ADS-Plus-Original-A2923204013-A292320401380-A2923200400-A292320040080-A2923202600-A2923202200-AMG.jpg","type":"image\/jpeg"}],"twitter_card":"summary_large_image","twitter_misc":{"Odhadovan\u00e1 doba \u010dten\u00ed":"1 minuta"},"schema":{"@context":"https:\/\/schema.org","@graph":[{"@type":"WebPage","@id":"https:\/\/vzduchovetlmice.sk\/cs\/produkty\/predni-pravy-vzduchovy-tlumic-mercedes-benz-gle-coupe-s-ads-plus-original\/","url":"https:\/\/vzduchovetlmice.sk\/cs\/produkty\/predni-pravy-vzduchovy-tlumic-mercedes-benz-gle-coupe-s-ads-plus-original\/","name":"P\u0159edn\u00ed prav\u00fd vzduchov\u00fd tlumi\u010d Mercedes Benz GLE Coupe s ADS+","isPartOf":{"@id":"https:\/\/vzduchovetlmice.sk\/#website"},"primaryImageOfPage":{"@id":"https:\/\/vzduchovetlmice.sk\/cs\/produkty\/predni-pravy-vzduchovy-tlumic-mercedes-benz-gle-coupe-s-ads-plus-original\/#primaryimage"},"image":{"@id":"https:\/\/vzduchovetlmice.sk\/cs\/produkty\/predni-pravy-vzduchovy-tlumic-mercedes-benz-gle-coupe-s-ads-plus-original\/#primaryimage"},"thumbnailUrl":"https:\/\/vzduchovetlmice.sk\/wp-content\/uploads\/2025\/07\/Predny-pravy-vzduchovy-tlmic-Mercedes-Benz-GLE-Coupe-s-ADS-Plus-Original-A2923204013-A292320401380-A2923200400-A292320040080-A2923202600-A2923202200-AMG.jpg","datePublished":"2025-07-18T13:34:48+00:00","dateModified":"2025-11-19T16:16:43+00:00","description":"Nov\u00fd p\u0159edn\u00ed prav\u00fd vzduchov\u00fd tlumi\u010d s ADS Plus Mercedes Benz GLE Coupe - class C292 (2015 - 2019), Airmatic, 4Matic. Jedn\u00e1 se o origin\u00e1ln\u00ed tlumi\u010d pru\u017een\u00ed od Mercedes Benz (Vibracoustic - prvov\u00fdroba). Ur\u010den pro modely se syst\u00e9mem AIRMATIC a tak\u00e9 modely AMG. OEM: A2923204013, A292320401380, A2923200400, A292320040080, A2923202600, A2923202200, A2923203000, A2923203213, A2923201000, A 2923204013, A 292320401380, A 2923200400, A 292320040080, A 2923202600, A 2923202200, A 2923203000, A 2923203213, A 2923201000, 2923204013, 292320401380, 2923200400, 292320040080, 2923202600, 2923202200, 2923203000, 2923203213, 2923201000, AS-3593, 44-273446","breadcrumb":{"@id":"https:\/\/vzduchovetlmice.sk\/cs\/produkty\/predni-pravy-vzduchovy-tlumic-mercedes-benz-gle-coupe-s-ads-plus-original\/#breadcrumb"},"inLanguage":"cs","potentialAction":[{"@type":"ReadAction","target":["https:\/\/vzduchovetlmice.sk\/cs\/produkty\/predni-pravy-vzduchovy-tlumic-mercedes-benz-gle-coupe-s-ads-plus-original\/"]}]},{"@type":"ImageObject","inLanguage":"cs","@id":"https:\/\/vzduchovetlmice.sk\/cs\/produkty\/predni-pravy-vzduchovy-tlumic-mercedes-benz-gle-coupe-s-ads-plus-original\/#primaryimage","url":"https:\/\/vzduchovetlmice.sk\/wp-content\/uploads\/2025\/07\/Predny-pravy-vzduchovy-tlmic-Mercedes-Benz-GLE-Coupe-s-ADS-Plus-Original-A2923204013-A292320401380-A2923200400-A292320040080-A2923202600-A2923202200-AMG.jpg","contentUrl":"https:\/\/vzduchovetlmice.sk\/wp-content\/uploads\/2025\/07\/Predny-pravy-vzduchovy-tlmic-Mercedes-Benz-GLE-Coupe-s-ADS-Plus-Original-A2923204013-A292320401380-A2923200400-A292320040080-A2923202600-A2923202200-AMG.jpg","width":1000,"height":1000,"caption":"Predn\u00fd prav\u00fd vzduchov\u00fd tlmi\u010d Mercedes Benz GLE Coupe s ADS Plus - Origin\u00e1l, A2923204013, A292320401380, A2923200400, A292320040080, A2923202600, A2923202200, AMG"},{"@type":"BreadcrumbList","@id":"https:\/\/vzduchovetlmice.sk\/cs\/produkty\/predni-pravy-vzduchovy-tlumic-mercedes-benz-gle-coupe-s-ads-plus-original\/#breadcrumb","itemListElement":[{"@type":"ListItem","position":1,"name":"Domovsk\u00e1 str\u00e1nka","item":"https:\/\/vzduchovetlmice.sk\/"},{"@type":"ListItem","position":2,"name":"Obchod","item":"https:\/\/vzduchovetlmice.sk\/obchod\/"},{"@type":"ListItem","position":3,"name":"P\u0159edn\u00ed prav\u00fd vzduchov\u00fd tlumi\u010d Mercedes Benz GLE Coupe s ADS Plus &#8211; Origin\u00e1l"}]},{"@type":"WebSite","@id":"https:\/\/vzduchovetlmice.sk\/#website","url":"https:\/\/vzduchovetlmice.sk\/","name":"VzduchoveTlmice.sk","description":"predaj dielov pre vzduchov\u00fd podvozok","potentialAction":[{"@type":"SearchAction","target":{"@type":"EntryPoint","urlTemplate":"https:\/\/vzduchovetlmice.sk\/?s={search_term_string}"},"query-input":{"@type":"PropertyValueSpecification","valueRequired":true,"valueName":"search_term_string"}}],"inLanguage":"cs"}]}},"_links":{"self":[{"href":"https:\/\/vzduchovetlmice.sk\/cs\/wp-json\/wp\/v2\/product\/101499","targetHints":{"allow":["GET"]}}],"collection":[{"href":"https:\/\/vzduchovetlmice.sk\/cs\/wp-json\/wp\/v2\/product"}],"about":[{"href":"https:\/\/vzduchovetlmice.sk\/cs\/wp-json\/wp\/v2\/types\/product"}],"wp:featuredmedia":[{"embeddable":true,"href":"https:\/\/vzduchovetlmice.sk\/cs\/wp-json\/wp\/v2\/media\/101801"}],"wp:attachment":[{"href":"https:\/\/vzduchovetlmice.sk\/cs\/wp-json\/wp\/v2\/media?parent=101499"}],"wp:term":[{"taxonomy":"product_brand","embeddable":true,"href":"https:\/\/vzduchovetlmice.sk\/cs\/wp-json\/wp\/v2\/product_brand?post=101499"},{"taxonomy":"product_cat","embeddable":true,"href":"https:\/\/vzduchovetlmice.sk\/cs\/wp-json\/wp\/v2\/product_cat?post=101499"},{"taxonomy":"product_tag","embeddable":true,"href":"https:\/\/vzduchovetlmice.sk\/cs\/wp-json\/wp\/v2\/product_tag?post=101499"}],"curies":[{"name":"wp","href":"https:\/\/api.w.org\/{rel}","templated":true}]}}