{"id":101509,"date":"2025-07-18T14:10:16","date_gmt":"2025-07-18T14:10:16","guid":{"rendered":"https:\/\/vzduchovetlmice.sk\/?post_type=product&#038;p=101509"},"modified":"2025-11-19T16:03:46","modified_gmt":"2025-11-19T16:03:46","slug":"predni-vzduchovy-mech-mercedes-benz-r-class-w251-v251","status":"publish","type":"product","link":"https:\/\/vzduchovetlmice.sk\/cs\/produkty\/predni-vzduchovy-mech-mercedes-benz-r-class-w251-v251\/","title":{"rendered":"P\u0159edn\u00ed vzduchov\u00fd m\u011bch Mercedes Benz R-class W251\/V251"},"content":{"rendered":"<h3><strong>Dal\u0161\u00ed informace:<\/strong><\/h3>\n<p>Nov\u00fd p\u0159edn\u00ed vzduchov\u00fd m\u011bch Mercedes Benz R-class W251\/V251 (2005-2017), Airmatic, 4Matic.<\/p>\n<p>V\u010detn\u011b v\u0161ech t\u011bsn\u011bn\u00ed a p\u0159\u00edslu\u0161enstv\u00ed.<\/p>\n<p>Pneumatick\u00fd m\u011bch je stejn\u00fd pro pravou i levou stranu.<\/p>\n<p>Ur\u010den pro modely se syst\u00e9mem AIRMATIC a tak\u00e9 modely AMG.<\/p>\n<h4><strong>Origin\u00e1ln\u00ed v\u00fdrobn\u00ed \u010d\u00edsla (OEM): <\/strong><\/h4>\n<p>A2513205613, A2513203013, A2513203113, A2513205713, A251320301380, A251320311380, A251320561380, A251320571380, A 2513205613, A 2513203013, A 2513203113, A 2513205713, A 251320301380, A 251320311380, A 251320561380, A 251320571380,\u00a02513205613, 2513203013, 2513203113, 2513205713, 251320301380, 251320311380, 251320561380, 251320571380, A-2587, DAS10075<\/p>\n<div class=\"product-position-wrapper\">\n<div class=\"product-position icon-car-stroke front-right front-left\"><\/div>\n<\/div>\n","protected":false},"excerpt":{"rendered":"<p><strong>Zna\u010dka: <\/strong>Mercedes Benz<\/p>\n<p><strong>Model:<\/strong> R -class W251\/ V251 (2005 \u2013 2017)<\/p>\n<p><strong>Typ:<\/strong> RWD, 4Matic, AMG, Airmatic, s ADS, bez ADS<\/p>\n<p><strong>Poloha: <\/strong>P\u0159edn\u00ed n\u00e1prava vpravo\/vlevo<\/p>\n<p><strong>V\u00fdrobce: <\/strong>OEM<\/p>\n<p><strong>Stav:\u00a0<\/strong>Nov\u00e9<\/p>\n<p><strong>Z\u00e1ruka:\u00a0<\/strong>2 roky<\/p>\n<p><strong>Dostupnost:<\/strong>\u00a0<span style=\"color: #00ff00;\"><strong>Skladem<\/strong><\/span><\/p>\n","protected":false},"featured_media":103753,"template":"","meta":{"_et_pb_use_builder":"","_et_pb_old_content":"","_et_gb_content_width":""},"product_brand":[52],"product_cat":[333,576],"product_tag":[],"class_list":{"0":"post-101509","1":"product","2":"type-product","3":"status-publish","4":"has-post-thumbnail","6":"product_brand-mercedes-benz","7":"product_cat-mercedes-benz-cs","8":"product_cat-r-w251-v251-2005-2017-cs","10":"first","11":"instock","12":"shipping-taxable","13":"purchasable","14":"product-type-simple"},"yoast_head":"<!-- This site is optimized with the Yoast SEO Premium plugin v24.9 (Yoast SEO v27.1.1) - https:\/\/yoast.com\/product\/yoast-seo-premium-wordpress\/ -->\n<title>P\u0159edn\u00ed vzduchov\u00fd m\u011bch Mercedes Benz R-class W251\/V251<\/title>\n<meta name=\"description\" content=\"Nov\u00fd p\u0159edn\u00ed vzduchov\u00fd m\u011bch Mercedes Benz R-class W251\/V251 (2005-2017), Airmatic, 4Matic. V\u010detn\u011b v\u0161ech t\u011bsn\u011bn\u00ed a p\u0159\u00edslu\u0161enstv\u00ed. Pneumatick\u00fd m\u011bch je stejn\u00fd pro pravou i levou stranu. Ur\u010den pro modely se syst\u00e9mem AIRMATIC a tak\u00e9 modely AMG.\u00a0OEM: A2513205613, A2513203013, A2513203113, A2513205713, A251320301380, A251320311380, A251320561380, A251320571380, A 2513205613, A 2513203013, A 2513203113, A 2513205713, A 251320301380, A 251320311380, A 251320561380, A 251320571380,\u00a02513205613, 2513203013, 2513203113, 2513205713, 251320301380, 251320311380, 251320561380, 251320571380, A-2587, DAS10075\" \/>\n<meta name=\"robots\" content=\"index, follow, max-snippet:-1, max-image-preview:large, max-video-preview:-1\" \/>\n<link rel=\"canonical\" href=\"https:\/\/vzduchovetlmice.sk\/cs\/produkty\/predni-vzduchovy-mech-mercedes-benz-r-class-w251-v251\/\" \/>\n<meta property=\"og:locale\" content=\"cs_CZ\" \/>\n<meta property=\"og:type\" content=\"article\" \/>\n<meta property=\"og:title\" content=\"P\u0159edn\u00ed vzduchov\u00fd m\u011bch Mercedes Benz R-class W251\/V251\" \/>\n<meta property=\"og:description\" content=\"Nov\u00fd p\u0159edn\u00ed vzduchov\u00fd m\u011bch Mercedes Benz R-class W251\/V251 (2005-2017), Airmatic, 4Matic. V\u010detn\u011b v\u0161ech t\u011bsn\u011bn\u00ed a p\u0159\u00edslu\u0161enstv\u00ed. Pneumatick\u00fd m\u011bch je stejn\u00fd pro pravou i levou stranu. Ur\u010den pro modely se syst\u00e9mem AIRMATIC a tak\u00e9 modely AMG.\u00a0OEM: A2513205613, A2513203013, A2513203113, A2513205713, A251320301380, A251320311380, A251320561380, A251320571380, A 2513205613, A 2513203013, A 2513203113, A 2513205713, A 251320301380, A 251320311380, A 251320561380, A 251320571380,\u00a02513205613, 2513203013, 2513203113, 2513205713, 251320301380, 251320311380, 251320561380, 251320571380, A-2587, DAS10075\" \/>\n<meta property=\"og:url\" content=\"https:\/\/vzduchovetlmice.sk\/cs\/produkty\/predni-vzduchovy-mech-mercedes-benz-r-class-w251-v251\/\" \/>\n<meta property=\"og:site_name\" content=\"VzduchoveTlmice.sk\" \/>\n<meta property=\"article:modified_time\" content=\"2025-11-19T16:03:46+00:00\" \/>\n<meta property=\"og:image\" content=\"https:\/\/vzduchovetlmice.sk\/wp-content\/uploads\/2025\/07\/Predny-vzduchovy-vankus-Mercedes-Benz-R-class-W251-V251-4Matic-Airmatic-A2513205613-A2513203013-A2513203113-A2513205713.jpg\" \/>\n\t<meta property=\"og:image:width\" content=\"1000\" \/>\n\t<meta property=\"og:image:height\" content=\"1000\" \/>\n\t<meta property=\"og:image:type\" content=\"image\/jpeg\" \/>\n<meta name=\"twitter:card\" content=\"summary_large_image\" \/>\n<meta name=\"twitter:label1\" content=\"Odhadovan\u00e1 doba \u010dten\u00ed\" \/>\n\t<meta name=\"twitter:data1\" content=\"1 minuta\" \/>\n<script type=\"application\/ld+json\" class=\"yoast-schema-graph\">{\"@context\":\"https:\/\/schema.org\",\"@graph\":[{\"@type\":\"WebPage\",\"@id\":\"https:\/\/vzduchovetlmice.sk\/cs\/produkty\/predni-vzduchovy-mech-mercedes-benz-r-class-w251-v251\/\",\"url\":\"https:\/\/vzduchovetlmice.sk\/cs\/produkty\/predni-vzduchovy-mech-mercedes-benz-r-class-w251-v251\/\",\"name\":\"P\u0159edn\u00ed vzduchov\u00fd m\u011bch Mercedes Benz R-class W251\/V251\",\"isPartOf\":{\"@id\":\"https:\/\/vzduchovetlmice.sk\/#website\"},\"primaryImageOfPage\":{\"@id\":\"https:\/\/vzduchovetlmice.sk\/cs\/produkty\/predni-vzduchovy-mech-mercedes-benz-r-class-w251-v251\/#primaryimage\"},\"image\":{\"@id\":\"https:\/\/vzduchovetlmice.sk\/cs\/produkty\/predni-vzduchovy-mech-mercedes-benz-r-class-w251-v251\/#primaryimage\"},\"thumbnailUrl\":\"https:\/\/vzduchovetlmice.sk\/wp-content\/uploads\/2025\/07\/Predny-vzduchovy-vankus-Mercedes-Benz-R-class-W251-V251-4Matic-Airmatic-A2513205613-A2513203013-A2513203113-A2513205713.jpg\",\"datePublished\":\"2025-07-18T14:10:16+00:00\",\"dateModified\":\"2025-11-19T16:03:46+00:00\",\"description\":\"Nov\u00fd p\u0159edn\u00ed vzduchov\u00fd m\u011bch Mercedes Benz R-class W251\/V251 (2005-2017), Airmatic, 4Matic. V\u010detn\u011b v\u0161ech t\u011bsn\u011bn\u00ed a p\u0159\u00edslu\u0161enstv\u00ed. Pneumatick\u00fd m\u011bch je stejn\u00fd pro pravou i levou stranu. Ur\u010den pro modely se syst\u00e9mem AIRMATIC a tak\u00e9 modely AMG.\u00a0OEM: A2513205613, A2513203013, A2513203113, A2513205713, A251320301380, A251320311380, A251320561380, A251320571380, A 2513205613, A 2513203013, A 2513203113, A 2513205713, A 251320301380, A 251320311380, A 251320561380, A 251320571380,\u00a02513205613, 2513203013, 2513203113, 2513205713, 251320301380, 251320311380, 251320561380, 251320571380, A-2587, DAS10075\",\"breadcrumb\":{\"@id\":\"https:\/\/vzduchovetlmice.sk\/cs\/produkty\/predni-vzduchovy-mech-mercedes-benz-r-class-w251-v251\/#breadcrumb\"},\"inLanguage\":\"cs\",\"potentialAction\":[{\"@type\":\"ReadAction\",\"target\":[\"https:\/\/vzduchovetlmice.sk\/cs\/produkty\/predni-vzduchovy-mech-mercedes-benz-r-class-w251-v251\/\"]}]},{\"@type\":\"ImageObject\",\"inLanguage\":\"cs\",\"@id\":\"https:\/\/vzduchovetlmice.sk\/cs\/produkty\/predni-vzduchovy-mech-mercedes-benz-r-class-w251-v251\/#primaryimage\",\"url\":\"https:\/\/vzduchovetlmice.sk\/wp-content\/uploads\/2025\/07\/Predny-vzduchovy-vankus-Mercedes-Benz-R-class-W251-V251-4Matic-Airmatic-A2513205613-A2513203013-A2513203113-A2513205713.jpg\",\"contentUrl\":\"https:\/\/vzduchovetlmice.sk\/wp-content\/uploads\/2025\/07\/Predny-vzduchovy-vankus-Mercedes-Benz-R-class-W251-V251-4Matic-Airmatic-A2513205613-A2513203013-A2513203113-A2513205713.jpg\",\"width\":1000,\"height\":1000,\"caption\":\"Predn\u00fd vzduchov\u00fd vank\u00fa\u0161 Mercedes Benz R-class W251, V251, 4Matic, Airmatic, A2513205613, A2513203013, A2513203113, A2513205713\"},{\"@type\":\"BreadcrumbList\",\"@id\":\"https:\/\/vzduchovetlmice.sk\/cs\/produkty\/predni-vzduchovy-mech-mercedes-benz-r-class-w251-v251\/#breadcrumb\",\"itemListElement\":[{\"@type\":\"ListItem\",\"position\":1,\"name\":\"Domovsk\u00e1 str\u00e1nka\",\"item\":\"https:\/\/vzduchovetlmice.sk\/\"},{\"@type\":\"ListItem\",\"position\":2,\"name\":\"Obchod\",\"item\":\"https:\/\/vzduchovetlmice.sk\/obchod\/\"},{\"@type\":\"ListItem\",\"position\":3,\"name\":\"P\u0159edn\u00ed vzduchov\u00fd m\u011bch Mercedes Benz R-class W251\/V251\"}]},{\"@type\":\"WebSite\",\"@id\":\"https:\/\/vzduchovetlmice.sk\/#website\",\"url\":\"https:\/\/vzduchovetlmice.sk\/\",\"name\":\"VzduchoveTlmice.sk\",\"description\":\"predaj dielov pre vzduchov\u00fd podvozok\",\"potentialAction\":[{\"@type\":\"SearchAction\",\"target\":{\"@type\":\"EntryPoint\",\"urlTemplate\":\"https:\/\/vzduchovetlmice.sk\/?s={search_term_string}\"},\"query-input\":{\"@type\":\"PropertyValueSpecification\",\"valueRequired\":true,\"valueName\":\"search_term_string\"}}],\"inLanguage\":\"cs\"}]}<\/script>\n<!-- \/ Yoast SEO Premium plugin. -->","yoast_head_json":{"title":"P\u0159edn\u00ed vzduchov\u00fd m\u011bch Mercedes Benz R-class W251\/V251","description":"Nov\u00fd p\u0159edn\u00ed vzduchov\u00fd m\u011bch Mercedes Benz R-class W251\/V251 (2005-2017), Airmatic, 4Matic. V\u010detn\u011b v\u0161ech t\u011bsn\u011bn\u00ed a p\u0159\u00edslu\u0161enstv\u00ed. Pneumatick\u00fd m\u011bch je stejn\u00fd pro pravou i levou stranu. Ur\u010den pro modely se syst\u00e9mem AIRMATIC a tak\u00e9 modely AMG.\u00a0OEM: A2513205613, A2513203013, A2513203113, A2513205713, A251320301380, A251320311380, A251320561380, A251320571380, A 2513205613, A 2513203013, A 2513203113, A 2513205713, A 251320301380, A 251320311380, A 251320561380, A 251320571380,\u00a02513205613, 2513203013, 2513203113, 2513205713, 251320301380, 251320311380, 251320561380, 251320571380, A-2587, DAS10075","robots":{"index":"index","follow":"follow","max-snippet":"max-snippet:-1","max-image-preview":"max-image-preview:large","max-video-preview":"max-video-preview:-1"},"canonical":"https:\/\/vzduchovetlmice.sk\/cs\/produkty\/predni-vzduchovy-mech-mercedes-benz-r-class-w251-v251\/","og_locale":"cs_CZ","og_type":"article","og_title":"P\u0159edn\u00ed vzduchov\u00fd m\u011bch Mercedes Benz R-class W251\/V251","og_description":"Nov\u00fd p\u0159edn\u00ed vzduchov\u00fd m\u011bch Mercedes Benz R-class W251\/V251 (2005-2017), Airmatic, 4Matic. V\u010detn\u011b v\u0161ech t\u011bsn\u011bn\u00ed a p\u0159\u00edslu\u0161enstv\u00ed. Pneumatick\u00fd m\u011bch je stejn\u00fd pro pravou i levou stranu. Ur\u010den pro modely se syst\u00e9mem AIRMATIC a tak\u00e9 modely AMG.\u00a0OEM: A2513205613, A2513203013, A2513203113, A2513205713, A251320301380, A251320311380, A251320561380, A251320571380, A 2513205613, A 2513203013, A 2513203113, A 2513205713, A 251320301380, A 251320311380, A 251320561380, A 251320571380,\u00a02513205613, 2513203013, 2513203113, 2513205713, 251320301380, 251320311380, 251320561380, 251320571380, A-2587, DAS10075","og_url":"https:\/\/vzduchovetlmice.sk\/cs\/produkty\/predni-vzduchovy-mech-mercedes-benz-r-class-w251-v251\/","og_site_name":"VzduchoveTlmice.sk","article_modified_time":"2025-11-19T16:03:46+00:00","og_image":[{"width":1000,"height":1000,"url":"https:\/\/vzduchovetlmice.sk\/wp-content\/uploads\/2025\/07\/Predny-vzduchovy-vankus-Mercedes-Benz-R-class-W251-V251-4Matic-Airmatic-A2513205613-A2513203013-A2513203113-A2513205713.jpg","type":"image\/jpeg"}],"twitter_card":"summary_large_image","twitter_misc":{"Odhadovan\u00e1 doba \u010dten\u00ed":"1 minuta"},"schema":{"@context":"https:\/\/schema.org","@graph":[{"@type":"WebPage","@id":"https:\/\/vzduchovetlmice.sk\/cs\/produkty\/predni-vzduchovy-mech-mercedes-benz-r-class-w251-v251\/","url":"https:\/\/vzduchovetlmice.sk\/cs\/produkty\/predni-vzduchovy-mech-mercedes-benz-r-class-w251-v251\/","name":"P\u0159edn\u00ed vzduchov\u00fd m\u011bch Mercedes Benz R-class W251\/V251","isPartOf":{"@id":"https:\/\/vzduchovetlmice.sk\/#website"},"primaryImageOfPage":{"@id":"https:\/\/vzduchovetlmice.sk\/cs\/produkty\/predni-vzduchovy-mech-mercedes-benz-r-class-w251-v251\/#primaryimage"},"image":{"@id":"https:\/\/vzduchovetlmice.sk\/cs\/produkty\/predni-vzduchovy-mech-mercedes-benz-r-class-w251-v251\/#primaryimage"},"thumbnailUrl":"https:\/\/vzduchovetlmice.sk\/wp-content\/uploads\/2025\/07\/Predny-vzduchovy-vankus-Mercedes-Benz-R-class-W251-V251-4Matic-Airmatic-A2513205613-A2513203013-A2513203113-A2513205713.jpg","datePublished":"2025-07-18T14:10:16+00:00","dateModified":"2025-11-19T16:03:46+00:00","description":"Nov\u00fd p\u0159edn\u00ed vzduchov\u00fd m\u011bch Mercedes Benz R-class W251\/V251 (2005-2017), Airmatic, 4Matic. V\u010detn\u011b v\u0161ech t\u011bsn\u011bn\u00ed a p\u0159\u00edslu\u0161enstv\u00ed. Pneumatick\u00fd m\u011bch je stejn\u00fd pro pravou i levou stranu. Ur\u010den pro modely se syst\u00e9mem AIRMATIC a tak\u00e9 modely AMG.\u00a0OEM: A2513205613, A2513203013, A2513203113, A2513205713, A251320301380, A251320311380, A251320561380, A251320571380, A 2513205613, A 2513203013, A 2513203113, A 2513205713, A 251320301380, A 251320311380, A 251320561380, A 251320571380,\u00a02513205613, 2513203013, 2513203113, 2513205713, 251320301380, 251320311380, 251320561380, 251320571380, A-2587, DAS10075","breadcrumb":{"@id":"https:\/\/vzduchovetlmice.sk\/cs\/produkty\/predni-vzduchovy-mech-mercedes-benz-r-class-w251-v251\/#breadcrumb"},"inLanguage":"cs","potentialAction":[{"@type":"ReadAction","target":["https:\/\/vzduchovetlmice.sk\/cs\/produkty\/predni-vzduchovy-mech-mercedes-benz-r-class-w251-v251\/"]}]},{"@type":"ImageObject","inLanguage":"cs","@id":"https:\/\/vzduchovetlmice.sk\/cs\/produkty\/predni-vzduchovy-mech-mercedes-benz-r-class-w251-v251\/#primaryimage","url":"https:\/\/vzduchovetlmice.sk\/wp-content\/uploads\/2025\/07\/Predny-vzduchovy-vankus-Mercedes-Benz-R-class-W251-V251-4Matic-Airmatic-A2513205613-A2513203013-A2513203113-A2513205713.jpg","contentUrl":"https:\/\/vzduchovetlmice.sk\/wp-content\/uploads\/2025\/07\/Predny-vzduchovy-vankus-Mercedes-Benz-R-class-W251-V251-4Matic-Airmatic-A2513205613-A2513203013-A2513203113-A2513205713.jpg","width":1000,"height":1000,"caption":"Predn\u00fd vzduchov\u00fd vank\u00fa\u0161 Mercedes Benz R-class W251, V251, 4Matic, Airmatic, A2513205613, A2513203013, A2513203113, A2513205713"},{"@type":"BreadcrumbList","@id":"https:\/\/vzduchovetlmice.sk\/cs\/produkty\/predni-vzduchovy-mech-mercedes-benz-r-class-w251-v251\/#breadcrumb","itemListElement":[{"@type":"ListItem","position":1,"name":"Domovsk\u00e1 str\u00e1nka","item":"https:\/\/vzduchovetlmice.sk\/"},{"@type":"ListItem","position":2,"name":"Obchod","item":"https:\/\/vzduchovetlmice.sk\/obchod\/"},{"@type":"ListItem","position":3,"name":"P\u0159edn\u00ed vzduchov\u00fd m\u011bch Mercedes Benz R-class W251\/V251"}]},{"@type":"WebSite","@id":"https:\/\/vzduchovetlmice.sk\/#website","url":"https:\/\/vzduchovetlmice.sk\/","name":"VzduchoveTlmice.sk","description":"predaj dielov pre vzduchov\u00fd podvozok","potentialAction":[{"@type":"SearchAction","target":{"@type":"EntryPoint","urlTemplate":"https:\/\/vzduchovetlmice.sk\/?s={search_term_string}"},"query-input":{"@type":"PropertyValueSpecification","valueRequired":true,"valueName":"search_term_string"}}],"inLanguage":"cs"}]}},"_links":{"self":[{"href":"https:\/\/vzduchovetlmice.sk\/cs\/wp-json\/wp\/v2\/product\/101509","targetHints":{"allow":["GET"]}}],"collection":[{"href":"https:\/\/vzduchovetlmice.sk\/cs\/wp-json\/wp\/v2\/product"}],"about":[{"href":"https:\/\/vzduchovetlmice.sk\/cs\/wp-json\/wp\/v2\/types\/product"}],"wp:featuredmedia":[{"embeddable":true,"href":"https:\/\/vzduchovetlmice.sk\/cs\/wp-json\/wp\/v2\/media\/103753"}],"wp:attachment":[{"href":"https:\/\/vzduchovetlmice.sk\/cs\/wp-json\/wp\/v2\/media?parent=101509"}],"wp:term":[{"taxonomy":"product_brand","embeddable":true,"href":"https:\/\/vzduchovetlmice.sk\/cs\/wp-json\/wp\/v2\/product_brand?post=101509"},{"taxonomy":"product_cat","embeddable":true,"href":"https:\/\/vzduchovetlmice.sk\/cs\/wp-json\/wp\/v2\/product_cat?post=101509"},{"taxonomy":"product_tag","embeddable":true,"href":"https:\/\/vzduchovetlmice.sk\/cs\/wp-json\/wp\/v2\/product_tag?post=101509"}],"curies":[{"name":"wp","href":"https:\/\/api.w.org\/{rel}","templated":true}]}}