{"id":101541,"date":"2025-07-19T13:06:29","date_gmt":"2025-07-19T13:06:29","guid":{"rendered":"https:\/\/vzduchovetlmice.sk\/?post_type=product&#038;p=101541"},"modified":"2025-11-19T15:06:03","modified_gmt":"2025-11-19T15:06:03","slug":"oprava-vzduchoveho-kompresoru-podvozku-mercedes-benz-e-class-w211-cls-class-c219","status":"publish","type":"product","link":"https:\/\/vzduchovetlmice.sk\/cs\/produkty\/oprava-vzduchoveho-kompresoru-podvozku-mercedes-benz-e-class-w211-cls-class-c219\/","title":{"rendered":"Oprava vzduchov\u00e9ho kompresoru podvozku Mercedes Benz E-class W211, CLS-class C219"},"content":{"rendered":"<h3><strong>Dal\u0161\u00ed informace:<\/strong><\/h3>\n<p>Oprava -repas vzduchov\u00e9ho kompresoru podvozku na Mercedes Benz E-class W211\/S211 (2002-2009) a Mercedes Benz CLS-class C219 (2004-2011), Airmatic.<\/p>\n<p>Opravovat se bude V\u00e1\u0161 origin\u00e1ln\u00ed kompresor.<\/p>\n<h4><strong>Origin\u00e1ln\u00ed v\u00fdrobn\u00ed \u010d\u00edsla (OEM): <\/strong><\/h4>\n<p>A2113200104, A 2113200104, 2113200104, A 211 320 01 04, A2113200304, A 2113200304, 2113200304, A 211 320 03 04 P-2192, 415403303R, 4154031120, 4430201901, 4154033030<\/p>\n","protected":false},"excerpt":{"rendered":"<p><strong>Zna\u010dka: <\/strong>Mercedes Benz<\/p>\n<p><strong>Model:<\/strong> E -class W211\/S211 (2002 \u2013 2009), CLS -class C219 (2004 \u2013 2011)<\/p>\n<p><strong>Typ:<\/strong> RWD, 4Matic, AMG, Airmatic<\/p>\n<p><strong>Stav: <\/strong>Profesion\u00e1ln\u00ed oprava &#8211; repas<\/p>\n<p><strong>Z\u00e1ruka: <\/strong>1 rok<\/p>\n<p><strong>Dostupnost:<\/strong>\u00a0<span style=\"color: #00ff00;\"><strong>Skladem <\/strong><span style=\"color: #000000;\">(doba opravy 1 a\u017e 2 dni)<\/span><\/span><\/p>\n","protected":false},"featured_media":0,"template":"","meta":{"_et_pb_use_builder":"","_et_pb_old_content":"","_et_gb_content_width":""},"product_brand":[52],"product_cat":[568,563,333],"product_tag":[],"class_list":{"0":"post-101541","1":"product","2":"type-product","3":"status-publish","5":"product_brand-mercedes-benz","6":"product_cat-cls-c219-2004-2011-cs","7":"product_cat-e-w211-s211-2002-2009-cs","8":"product_cat-mercedes-benz-cs","10":"first","11":"instock","12":"shipping-taxable","13":"purchasable","14":"product-type-simple"},"yoast_head":"<!-- This site is optimized with the Yoast SEO Premium plugin v24.9 (Yoast SEO v27.1.1) - https:\/\/yoast.com\/product\/yoast-seo-premium-wordpress\/ -->\n<title>Oprava vzduchov\u00e9ho kompresoru podvozku Mercedes Benz W211<\/title>\n<meta name=\"description\" content=\"Oprava -repas vzduchov\u00e9ho kompresoru podvozku na Mercedes Benz E-class W211\/S211 (2002-2009) a Mercedes Benz CLS-class C219 (2004-2011), Airmatic.\u00a0OEM: A2113200104, A 2113200104, 2113200104, A 211 320 01 04, A2113200304, A 2113200304, 2113200304, A 211 320 03 04 P-2192, 415403303R, 4154031120, 4430201901, 4154033030\" \/>\n<meta name=\"robots\" content=\"index, follow, max-snippet:-1, max-image-preview:large, max-video-preview:-1\" \/>\n<link rel=\"canonical\" href=\"https:\/\/vzduchovetlmice.sk\/cs\/produkty\/oprava-vzduchoveho-kompresoru-podvozku-mercedes-benz-e-class-w211-cls-class-c219\/\" \/>\n<meta property=\"og:locale\" content=\"cs_CZ\" \/>\n<meta property=\"og:type\" content=\"article\" \/>\n<meta property=\"og:title\" content=\"Oprava vzduchov\u00e9ho kompresoru podvozku Mercedes Benz E-class W211, CLS-class C219\" \/>\n<meta property=\"og:description\" content=\"Oprava -repas vzduchov\u00e9ho kompresoru podvozku na Mercedes Benz E-class W211\/S211 (2002-2009) a Mercedes Benz CLS-class C219 (2004-2011), Airmatic.\u00a0OEM: A2113200104, A 2113200104, 2113200104, A 211 320 01 04, A2113200304, A 2113200304, 2113200304, A 211 320 03 04 P-2192, 415403303R, 4154031120, 4430201901, 4154033030\" \/>\n<meta property=\"og:url\" content=\"https:\/\/vzduchovetlmice.sk\/cs\/produkty\/oprava-vzduchoveho-kompresoru-podvozku-mercedes-benz-e-class-w211-cls-class-c219\/\" \/>\n<meta property=\"og:site_name\" content=\"VzduchoveTlmice.sk\" \/>\n<meta property=\"article:modified_time\" content=\"2025-11-19T15:06:03+00:00\" \/>\n<meta name=\"twitter:card\" content=\"summary_large_image\" \/>\n<meta name=\"twitter:label1\" content=\"Odhadovan\u00e1 doba \u010dten\u00ed\" \/>\n\t<meta name=\"twitter:data1\" content=\"1 minuta\" \/>\n<script type=\"application\/ld+json\" class=\"yoast-schema-graph\">{\"@context\":\"https:\/\/schema.org\",\"@graph\":[{\"@type\":\"WebPage\",\"@id\":\"https:\/\/vzduchovetlmice.sk\/cs\/produkty\/oprava-vzduchoveho-kompresoru-podvozku-mercedes-benz-e-class-w211-cls-class-c219\/\",\"url\":\"https:\/\/vzduchovetlmice.sk\/cs\/produkty\/oprava-vzduchoveho-kompresoru-podvozku-mercedes-benz-e-class-w211-cls-class-c219\/\",\"name\":\"Oprava vzduchov\u00e9ho kompresoru podvozku Mercedes Benz W211\",\"isPartOf\":{\"@id\":\"https:\/\/vzduchovetlmice.sk\/#website\"},\"datePublished\":\"2025-07-19T13:06:29+00:00\",\"dateModified\":\"2025-11-19T15:06:03+00:00\",\"description\":\"Oprava -repas vzduchov\u00e9ho kompresoru podvozku na Mercedes Benz E-class W211\/S211 (2002-2009) a Mercedes Benz CLS-class C219 (2004-2011), Airmatic.\u00a0OEM: A2113200104, A 2113200104, 2113200104, A 211 320 01 04, A2113200304, A 2113200304, 2113200304, A 211 320 03 04 P-2192, 415403303R, 4154031120, 4430201901, 4154033030\",\"breadcrumb\":{\"@id\":\"https:\/\/vzduchovetlmice.sk\/cs\/produkty\/oprava-vzduchoveho-kompresoru-podvozku-mercedes-benz-e-class-w211-cls-class-c219\/#breadcrumb\"},\"inLanguage\":\"cs\",\"potentialAction\":[{\"@type\":\"ReadAction\",\"target\":[\"https:\/\/vzduchovetlmice.sk\/cs\/produkty\/oprava-vzduchoveho-kompresoru-podvozku-mercedes-benz-e-class-w211-cls-class-c219\/\"]}]},{\"@type\":\"BreadcrumbList\",\"@id\":\"https:\/\/vzduchovetlmice.sk\/cs\/produkty\/oprava-vzduchoveho-kompresoru-podvozku-mercedes-benz-e-class-w211-cls-class-c219\/#breadcrumb\",\"itemListElement\":[{\"@type\":\"ListItem\",\"position\":1,\"name\":\"Domovsk\u00e1 str\u00e1nka\",\"item\":\"https:\/\/vzduchovetlmice.sk\/\"},{\"@type\":\"ListItem\",\"position\":2,\"name\":\"Obchod\",\"item\":\"https:\/\/vzduchovetlmice.sk\/obchod\/\"},{\"@type\":\"ListItem\",\"position\":3,\"name\":\"Oprava vzduchov\u00e9ho kompresoru podvozku Mercedes Benz E-class W211, CLS-class C219\"}]},{\"@type\":\"WebSite\",\"@id\":\"https:\/\/vzduchovetlmice.sk\/#website\",\"url\":\"https:\/\/vzduchovetlmice.sk\/\",\"name\":\"VzduchoveTlmice.sk\",\"description\":\"predaj dielov pre vzduchov\u00fd podvozok\",\"potentialAction\":[{\"@type\":\"SearchAction\",\"target\":{\"@type\":\"EntryPoint\",\"urlTemplate\":\"https:\/\/vzduchovetlmice.sk\/?s={search_term_string}\"},\"query-input\":{\"@type\":\"PropertyValueSpecification\",\"valueRequired\":true,\"valueName\":\"search_term_string\"}}],\"inLanguage\":\"cs\"}]}<\/script>\n<!-- \/ Yoast SEO Premium plugin. -->","yoast_head_json":{"title":"Oprava vzduchov\u00e9ho kompresoru podvozku Mercedes Benz W211","description":"Oprava -repas vzduchov\u00e9ho kompresoru podvozku na Mercedes Benz E-class W211\/S211 (2002-2009) a Mercedes Benz CLS-class C219 (2004-2011), Airmatic.\u00a0OEM: A2113200104, A 2113200104, 2113200104, A 211 320 01 04, A2113200304, A 2113200304, 2113200304, A 211 320 03 04 P-2192, 415403303R, 4154031120, 4430201901, 4154033030","robots":{"index":"index","follow":"follow","max-snippet":"max-snippet:-1","max-image-preview":"max-image-preview:large","max-video-preview":"max-video-preview:-1"},"canonical":"https:\/\/vzduchovetlmice.sk\/cs\/produkty\/oprava-vzduchoveho-kompresoru-podvozku-mercedes-benz-e-class-w211-cls-class-c219\/","og_locale":"cs_CZ","og_type":"article","og_title":"Oprava vzduchov\u00e9ho kompresoru podvozku Mercedes Benz E-class W211, CLS-class C219","og_description":"Oprava -repas vzduchov\u00e9ho kompresoru podvozku na Mercedes Benz E-class W211\/S211 (2002-2009) a Mercedes Benz CLS-class C219 (2004-2011), Airmatic.\u00a0OEM: A2113200104, A 2113200104, 2113200104, A 211 320 01 04, A2113200304, A 2113200304, 2113200304, A 211 320 03 04 P-2192, 415403303R, 4154031120, 4430201901, 4154033030","og_url":"https:\/\/vzduchovetlmice.sk\/cs\/produkty\/oprava-vzduchoveho-kompresoru-podvozku-mercedes-benz-e-class-w211-cls-class-c219\/","og_site_name":"VzduchoveTlmice.sk","article_modified_time":"2025-11-19T15:06:03+00:00","twitter_card":"summary_large_image","twitter_misc":{"Odhadovan\u00e1 doba \u010dten\u00ed":"1 minuta"},"schema":{"@context":"https:\/\/schema.org","@graph":[{"@type":"WebPage","@id":"https:\/\/vzduchovetlmice.sk\/cs\/produkty\/oprava-vzduchoveho-kompresoru-podvozku-mercedes-benz-e-class-w211-cls-class-c219\/","url":"https:\/\/vzduchovetlmice.sk\/cs\/produkty\/oprava-vzduchoveho-kompresoru-podvozku-mercedes-benz-e-class-w211-cls-class-c219\/","name":"Oprava vzduchov\u00e9ho kompresoru podvozku Mercedes Benz W211","isPartOf":{"@id":"https:\/\/vzduchovetlmice.sk\/#website"},"datePublished":"2025-07-19T13:06:29+00:00","dateModified":"2025-11-19T15:06:03+00:00","description":"Oprava -repas vzduchov\u00e9ho kompresoru podvozku na Mercedes Benz E-class W211\/S211 (2002-2009) a Mercedes Benz CLS-class C219 (2004-2011), Airmatic.\u00a0OEM: A2113200104, A 2113200104, 2113200104, A 211 320 01 04, A2113200304, A 2113200304, 2113200304, A 211 320 03 04 P-2192, 415403303R, 4154031120, 4430201901, 4154033030","breadcrumb":{"@id":"https:\/\/vzduchovetlmice.sk\/cs\/produkty\/oprava-vzduchoveho-kompresoru-podvozku-mercedes-benz-e-class-w211-cls-class-c219\/#breadcrumb"},"inLanguage":"cs","potentialAction":[{"@type":"ReadAction","target":["https:\/\/vzduchovetlmice.sk\/cs\/produkty\/oprava-vzduchoveho-kompresoru-podvozku-mercedes-benz-e-class-w211-cls-class-c219\/"]}]},{"@type":"BreadcrumbList","@id":"https:\/\/vzduchovetlmice.sk\/cs\/produkty\/oprava-vzduchoveho-kompresoru-podvozku-mercedes-benz-e-class-w211-cls-class-c219\/#breadcrumb","itemListElement":[{"@type":"ListItem","position":1,"name":"Domovsk\u00e1 str\u00e1nka","item":"https:\/\/vzduchovetlmice.sk\/"},{"@type":"ListItem","position":2,"name":"Obchod","item":"https:\/\/vzduchovetlmice.sk\/obchod\/"},{"@type":"ListItem","position":3,"name":"Oprava vzduchov\u00e9ho kompresoru podvozku Mercedes Benz E-class W211, CLS-class C219"}]},{"@type":"WebSite","@id":"https:\/\/vzduchovetlmice.sk\/#website","url":"https:\/\/vzduchovetlmice.sk\/","name":"VzduchoveTlmice.sk","description":"predaj dielov pre vzduchov\u00fd podvozok","potentialAction":[{"@type":"SearchAction","target":{"@type":"EntryPoint","urlTemplate":"https:\/\/vzduchovetlmice.sk\/?s={search_term_string}"},"query-input":{"@type":"PropertyValueSpecification","valueRequired":true,"valueName":"search_term_string"}}],"inLanguage":"cs"}]}},"_links":{"self":[{"href":"https:\/\/vzduchovetlmice.sk\/cs\/wp-json\/wp\/v2\/product\/101541","targetHints":{"allow":["GET"]}}],"collection":[{"href":"https:\/\/vzduchovetlmice.sk\/cs\/wp-json\/wp\/v2\/product"}],"about":[{"href":"https:\/\/vzduchovetlmice.sk\/cs\/wp-json\/wp\/v2\/types\/product"}],"wp:attachment":[{"href":"https:\/\/vzduchovetlmice.sk\/cs\/wp-json\/wp\/v2\/media?parent=101541"}],"wp:term":[{"taxonomy":"product_brand","embeddable":true,"href":"https:\/\/vzduchovetlmice.sk\/cs\/wp-json\/wp\/v2\/product_brand?post=101541"},{"taxonomy":"product_cat","embeddable":true,"href":"https:\/\/vzduchovetlmice.sk\/cs\/wp-json\/wp\/v2\/product_cat?post=101541"},{"taxonomy":"product_tag","embeddable":true,"href":"https:\/\/vzduchovetlmice.sk\/cs\/wp-json\/wp\/v2\/product_tag?post=101541"}],"curies":[{"name":"wp","href":"https:\/\/api.w.org\/{rel}","templated":true}]}}