{"id":101547,"date":"2025-07-19T14:01:37","date_gmt":"2025-07-19T14:01:37","guid":{"rendered":"https:\/\/vzduchovetlmice.sk\/?post_type=product&#038;p=101547"},"modified":"2025-11-18T11:45:41","modified_gmt":"2025-11-18T11:45:41","slug":"predni-vzduchovy-mech-mercedes-benz-e-class-w211-s211-4matic","status":"publish","type":"product","link":"https:\/\/vzduchovetlmice.sk\/cs\/produkty\/predni-vzduchovy-mech-mercedes-benz-e-class-w211-s211-4matic\/","title":{"rendered":"P\u0159edn\u00ed vzduchov\u00fd m\u011bch Mercedes Benz E-class W211\/S211 &#8211; 4Matic"},"content":{"rendered":"<h3><strong>Dal\u0161\u00ed informace:<\/strong><\/h3>\n<p>Nov\u00fd p\u0159edn\u00ed vzduchov\u00fd me\u010dh Mercedes Benz E-class W211\/S211 (2002-2009) 4Matic (4WD), Airmatic.<\/p>\n<p>V\u010detn\u011b v\u0161ech t\u011bsn\u011bn\u00ed a p\u0159\u00edslu\u0161enstv\u00ed.<\/p>\n<p>Pneumatick\u00fd m\u011bch je stejn\u00fd pro pravou i levou stranu.<\/p>\n<p>Ur\u010den pro modely se syst\u00e9mem AIRMATIC a tak\u00e9 modely AMG.<\/p>\n<h4><strong>Origin\u00e1ln\u00ed v\u00fdrobn\u00ed \u010d\u00edsla (OEM): <\/strong><\/h4>\n<p>A2113209513, 2113209513, A2113201938, A2113209613, 2113201938, A211320951389, 211320951389, A211320951338, A2113202713, 2113202713, A211320193838, 211320193838, A211320193889, 211320193889, A211320951360, A211320951380, A211320951388, A211320271338, A211320193860, A211320193880, A211320193888, 211320951338, 211320951360, 211320951380, 211320951388, 211320271338, 211320193860, 211320193880, 211320193888, 2113209613, A2113202038, 2113202038, A211320961389, 211320961389, A2113202813, 2113202813, A211320203838, A211320203889, A211320203860, A211320203880, A211320203888, 211320961338, 211320961360, 211320961380, 211320961388, 211320281338, 211320203838, 211320203860, 211320203880, 211320203888, 211320203889, A211320961388, A211320961380, A211320961338, A211320961360, A211320281338, 44-181680, AS-2294, AS-3000, 44-181666, VA5-528, AS-2295, AS-3001, VA5-5282<\/p>\n","protected":false},"excerpt":{"rendered":"<p><strong>Zna\u010dka: <\/strong>Mercedes Benz<\/p>\n<p><strong>Model:<\/strong> E -class W211\/S211 (2002 \u2013 2009)<\/p>\n<p><strong>Typ:<\/strong> 4Matic (4WD), AMG, Airmatic<\/p>\n<p><strong>Poloha: <\/strong>P\u0159edn\u00ed n\u00e1prava vpravo\/vlevo<\/p>\n<p><strong>V\u00fdrobce: <\/strong>OEM<\/p>\n<p><strong>Stav:\u00a0<\/strong>Nov\u00e9<\/p>\n<p><strong>Z\u00e1ruka:\u00a0<\/strong>2 roky<\/p>\n<p><strong>Dostupnost:<\/strong>\u00a0<span style=\"color: #00ff00;\"><strong>Skladem<\/strong><\/span><\/p>\n","protected":false},"featured_media":0,"template":"","meta":{"_et_pb_use_builder":"","_et_pb_old_content":"","_et_gb_content_width":""},"product_brand":[52],"product_cat":[563,333],"product_tag":[],"class_list":{"0":"post-101547","1":"product","2":"type-product","3":"status-publish","5":"product_brand-mercedes-benz","6":"product_cat-e-w211-s211-2002-2009-cs","7":"product_cat-mercedes-benz-cs","9":"first","10":"instock","11":"shipping-taxable","12":"purchasable","13":"product-type-simple"},"yoast_head":"<!-- This site is optimized with the Yoast SEO Premium plugin v24.9 (Yoast SEO v27.1.1) - https:\/\/yoast.com\/product\/yoast-seo-premium-wordpress\/ -->\n<title>P\u0159edn\u00ed vzduchov\u00fd m\u011bch Mercedes Benz E-class W211 - 4Matic<\/title>\n<meta name=\"description\" content=\"Nov\u00fd p\u0159edn\u00ed vzduchov\u00fd me\u010dh Mercedes Benz E-class W211\/S211 (2002-2009) 4Matic (4WD), Airmatic. V\u010detn\u011b v\u0161ech t\u011bsn\u011bn\u00ed a p\u0159\u00edslu\u0161enstv\u00ed. Pneumatick\u00fd m\u011bch je stejn\u00fd pro pravou i levou stranu. Ur\u010den pro modely se syst\u00e9mem AIRMATIC a tak\u00e9 modely AMG.\u00a0OEM: A2113209513, 2113209513, A2113201938, A2113209613, 2113201938, A211320951389, 211320951389, A211320951338, A2113202713, 2113202713, A211320193838, 211320193838, A211320193889, 211320193889, A211320951360, A211320951380, A211320951388, A211320271338, A211320193860, A211320193880, A211320193888, 211320951338, 211320951360, 211320951380, 211320951388, 211320271338, 211320193860, 211320193880, 211320193888, 2113209613, A2113202038, 2113202038, A211320961389, 211320961389, A2113202813, 2113202813, A211320203838, A211320203889, A211320203860, A211320203880, A211320203888, 211320961338, 211320961360, 211320961380, 211320961388, 211320281338, 211320203838, 211320203860, 211320203880, 211320203888, 211320203889, A211320961388, A211320961380, A211320961338, A211320961360, A211320281338, 44-181680, AS-2294, AS-3000, 44-181666, VA5-528, AS-2295, AS-3001, VA5-5282\" \/>\n<meta name=\"robots\" content=\"index, follow, max-snippet:-1, max-image-preview:large, max-video-preview:-1\" \/>\n<link rel=\"canonical\" href=\"https:\/\/vzduchovetlmice.sk\/cs\/produkty\/predni-vzduchovy-mech-mercedes-benz-e-class-w211-s211-4matic\/\" \/>\n<meta property=\"og:locale\" content=\"cs_CZ\" \/>\n<meta property=\"og:type\" content=\"article\" \/>\n<meta property=\"og:title\" content=\"P\u0159edn\u00ed vzduchov\u00fd m\u011bch Mercedes Benz E-class W211\/S211 - 4Matic\" \/>\n<meta property=\"og:description\" content=\"Nov\u00fd p\u0159edn\u00ed vzduchov\u00fd me\u010dh Mercedes Benz E-class W211\/S211 (2002-2009) 4Matic (4WD), Airmatic. V\u010detn\u011b v\u0161ech t\u011bsn\u011bn\u00ed a p\u0159\u00edslu\u0161enstv\u00ed. Pneumatick\u00fd m\u011bch je stejn\u00fd pro pravou i levou stranu. Ur\u010den pro modely se syst\u00e9mem AIRMATIC a tak\u00e9 modely AMG.\u00a0OEM: A2113209513, 2113209513, A2113201938, A2113209613, 2113201938, A211320951389, 211320951389, A211320951338, A2113202713, 2113202713, A211320193838, 211320193838, A211320193889, 211320193889, A211320951360, A211320951380, A211320951388, A211320271338, A211320193860, A211320193880, A211320193888, 211320951338, 211320951360, 211320951380, 211320951388, 211320271338, 211320193860, 211320193880, 211320193888, 2113209613, A2113202038, 2113202038, A211320961389, 211320961389, A2113202813, 2113202813, A211320203838, A211320203889, A211320203860, A211320203880, A211320203888, 211320961338, 211320961360, 211320961380, 211320961388, 211320281338, 211320203838, 211320203860, 211320203880, 211320203888, 211320203889, A211320961388, A211320961380, A211320961338, A211320961360, A211320281338, 44-181680, AS-2294, AS-3000, 44-181666, VA5-528, AS-2295, AS-3001, VA5-5282\" \/>\n<meta property=\"og:url\" content=\"https:\/\/vzduchovetlmice.sk\/cs\/produkty\/predni-vzduchovy-mech-mercedes-benz-e-class-w211-s211-4matic\/\" \/>\n<meta property=\"og:site_name\" content=\"VzduchoveTlmice.sk\" \/>\n<meta property=\"article:modified_time\" content=\"2025-11-18T11:45:41+00:00\" \/>\n<meta name=\"twitter:card\" content=\"summary_large_image\" \/>\n<meta name=\"twitter:label1\" content=\"Odhadovan\u00e1 doba \u010dten\u00ed\" \/>\n\t<meta name=\"twitter:data1\" content=\"1 minuta\" \/>\n<script type=\"application\/ld+json\" class=\"yoast-schema-graph\">{\"@context\":\"https:\/\/schema.org\",\"@graph\":[{\"@type\":\"WebPage\",\"@id\":\"https:\/\/vzduchovetlmice.sk\/cs\/produkty\/predni-vzduchovy-mech-mercedes-benz-e-class-w211-s211-4matic\/\",\"url\":\"https:\/\/vzduchovetlmice.sk\/cs\/produkty\/predni-vzduchovy-mech-mercedes-benz-e-class-w211-s211-4matic\/\",\"name\":\"P\u0159edn\u00ed vzduchov\u00fd m\u011bch Mercedes Benz E-class W211 - 4Matic\",\"isPartOf\":{\"@id\":\"https:\/\/vzduchovetlmice.sk\/#website\"},\"datePublished\":\"2025-07-19T14:01:37+00:00\",\"dateModified\":\"2025-11-18T11:45:41+00:00\",\"description\":\"Nov\u00fd p\u0159edn\u00ed vzduchov\u00fd me\u010dh Mercedes Benz E-class W211\/S211 (2002-2009) 4Matic (4WD), Airmatic. V\u010detn\u011b v\u0161ech t\u011bsn\u011bn\u00ed a p\u0159\u00edslu\u0161enstv\u00ed. Pneumatick\u00fd m\u011bch je stejn\u00fd pro pravou i levou stranu. Ur\u010den pro modely se syst\u00e9mem AIRMATIC a tak\u00e9 modely AMG.\u00a0OEM: A2113209513, 2113209513, A2113201938, A2113209613, 2113201938, A211320951389, 211320951389, A211320951338, A2113202713, 2113202713, A211320193838, 211320193838, A211320193889, 211320193889, A211320951360, A211320951380, A211320951388, A211320271338, A211320193860, A211320193880, A211320193888, 211320951338, 211320951360, 211320951380, 211320951388, 211320271338, 211320193860, 211320193880, 211320193888, 2113209613, A2113202038, 2113202038, A211320961389, 211320961389, A2113202813, 2113202813, A211320203838, A211320203889, A211320203860, A211320203880, A211320203888, 211320961338, 211320961360, 211320961380, 211320961388, 211320281338, 211320203838, 211320203860, 211320203880, 211320203888, 211320203889, A211320961388, A211320961380, A211320961338, A211320961360, A211320281338, 44-181680, AS-2294, AS-3000, 44-181666, VA5-528, AS-2295, AS-3001, VA5-5282\",\"breadcrumb\":{\"@id\":\"https:\/\/vzduchovetlmice.sk\/cs\/produkty\/predni-vzduchovy-mech-mercedes-benz-e-class-w211-s211-4matic\/#breadcrumb\"},\"inLanguage\":\"cs\",\"potentialAction\":[{\"@type\":\"ReadAction\",\"target\":[\"https:\/\/vzduchovetlmice.sk\/cs\/produkty\/predni-vzduchovy-mech-mercedes-benz-e-class-w211-s211-4matic\/\"]}]},{\"@type\":\"BreadcrumbList\",\"@id\":\"https:\/\/vzduchovetlmice.sk\/cs\/produkty\/predni-vzduchovy-mech-mercedes-benz-e-class-w211-s211-4matic\/#breadcrumb\",\"itemListElement\":[{\"@type\":\"ListItem\",\"position\":1,\"name\":\"Domovsk\u00e1 str\u00e1nka\",\"item\":\"https:\/\/vzduchovetlmice.sk\/\"},{\"@type\":\"ListItem\",\"position\":2,\"name\":\"Obchod\",\"item\":\"https:\/\/vzduchovetlmice.sk\/obchod\/\"},{\"@type\":\"ListItem\",\"position\":3,\"name\":\"P\u0159edn\u00ed vzduchov\u00fd m\u011bch Mercedes Benz E-class W211\/S211 &#8211; 4Matic\"}]},{\"@type\":\"WebSite\",\"@id\":\"https:\/\/vzduchovetlmice.sk\/#website\",\"url\":\"https:\/\/vzduchovetlmice.sk\/\",\"name\":\"VzduchoveTlmice.sk\",\"description\":\"predaj dielov pre vzduchov\u00fd podvozok\",\"potentialAction\":[{\"@type\":\"SearchAction\",\"target\":{\"@type\":\"EntryPoint\",\"urlTemplate\":\"https:\/\/vzduchovetlmice.sk\/?s={search_term_string}\"},\"query-input\":{\"@type\":\"PropertyValueSpecification\",\"valueRequired\":true,\"valueName\":\"search_term_string\"}}],\"inLanguage\":\"cs\"}]}<\/script>\n<!-- \/ Yoast SEO Premium plugin. -->","yoast_head_json":{"title":"P\u0159edn\u00ed vzduchov\u00fd m\u011bch Mercedes Benz E-class W211 - 4Matic","description":"Nov\u00fd p\u0159edn\u00ed vzduchov\u00fd me\u010dh Mercedes Benz E-class W211\/S211 (2002-2009) 4Matic (4WD), Airmatic. V\u010detn\u011b v\u0161ech t\u011bsn\u011bn\u00ed a p\u0159\u00edslu\u0161enstv\u00ed. Pneumatick\u00fd m\u011bch je stejn\u00fd pro pravou i levou stranu. Ur\u010den pro modely se syst\u00e9mem AIRMATIC a tak\u00e9 modely AMG.\u00a0OEM: A2113209513, 2113209513, A2113201938, A2113209613, 2113201938, A211320951389, 211320951389, A211320951338, A2113202713, 2113202713, A211320193838, 211320193838, A211320193889, 211320193889, A211320951360, A211320951380, A211320951388, A211320271338, A211320193860, A211320193880, A211320193888, 211320951338, 211320951360, 211320951380, 211320951388, 211320271338, 211320193860, 211320193880, 211320193888, 2113209613, A2113202038, 2113202038, A211320961389, 211320961389, A2113202813, 2113202813, A211320203838, A211320203889, A211320203860, A211320203880, A211320203888, 211320961338, 211320961360, 211320961380, 211320961388, 211320281338, 211320203838, 211320203860, 211320203880, 211320203888, 211320203889, A211320961388, A211320961380, A211320961338, A211320961360, A211320281338, 44-181680, AS-2294, AS-3000, 44-181666, VA5-528, AS-2295, AS-3001, VA5-5282","robots":{"index":"index","follow":"follow","max-snippet":"max-snippet:-1","max-image-preview":"max-image-preview:large","max-video-preview":"max-video-preview:-1"},"canonical":"https:\/\/vzduchovetlmice.sk\/cs\/produkty\/predni-vzduchovy-mech-mercedes-benz-e-class-w211-s211-4matic\/","og_locale":"cs_CZ","og_type":"article","og_title":"P\u0159edn\u00ed vzduchov\u00fd m\u011bch Mercedes Benz E-class W211\/S211 - 4Matic","og_description":"Nov\u00fd p\u0159edn\u00ed vzduchov\u00fd me\u010dh Mercedes Benz E-class W211\/S211 (2002-2009) 4Matic (4WD), Airmatic. V\u010detn\u011b v\u0161ech t\u011bsn\u011bn\u00ed a p\u0159\u00edslu\u0161enstv\u00ed. Pneumatick\u00fd m\u011bch je stejn\u00fd pro pravou i levou stranu. Ur\u010den pro modely se syst\u00e9mem AIRMATIC a tak\u00e9 modely AMG.\u00a0OEM: A2113209513, 2113209513, A2113201938, A2113209613, 2113201938, A211320951389, 211320951389, A211320951338, A2113202713, 2113202713, A211320193838, 211320193838, A211320193889, 211320193889, A211320951360, A211320951380, A211320951388, A211320271338, A211320193860, A211320193880, A211320193888, 211320951338, 211320951360, 211320951380, 211320951388, 211320271338, 211320193860, 211320193880, 211320193888, 2113209613, A2113202038, 2113202038, A211320961389, 211320961389, A2113202813, 2113202813, A211320203838, A211320203889, A211320203860, A211320203880, A211320203888, 211320961338, 211320961360, 211320961380, 211320961388, 211320281338, 211320203838, 211320203860, 211320203880, 211320203888, 211320203889, A211320961388, A211320961380, A211320961338, A211320961360, A211320281338, 44-181680, AS-2294, AS-3000, 44-181666, VA5-528, AS-2295, AS-3001, VA5-5282","og_url":"https:\/\/vzduchovetlmice.sk\/cs\/produkty\/predni-vzduchovy-mech-mercedes-benz-e-class-w211-s211-4matic\/","og_site_name":"VzduchoveTlmice.sk","article_modified_time":"2025-11-18T11:45:41+00:00","twitter_card":"summary_large_image","twitter_misc":{"Odhadovan\u00e1 doba \u010dten\u00ed":"1 minuta"},"schema":{"@context":"https:\/\/schema.org","@graph":[{"@type":"WebPage","@id":"https:\/\/vzduchovetlmice.sk\/cs\/produkty\/predni-vzduchovy-mech-mercedes-benz-e-class-w211-s211-4matic\/","url":"https:\/\/vzduchovetlmice.sk\/cs\/produkty\/predni-vzduchovy-mech-mercedes-benz-e-class-w211-s211-4matic\/","name":"P\u0159edn\u00ed vzduchov\u00fd m\u011bch Mercedes Benz E-class W211 - 4Matic","isPartOf":{"@id":"https:\/\/vzduchovetlmice.sk\/#website"},"datePublished":"2025-07-19T14:01:37+00:00","dateModified":"2025-11-18T11:45:41+00:00","description":"Nov\u00fd p\u0159edn\u00ed vzduchov\u00fd me\u010dh Mercedes Benz E-class W211\/S211 (2002-2009) 4Matic (4WD), Airmatic. V\u010detn\u011b v\u0161ech t\u011bsn\u011bn\u00ed a p\u0159\u00edslu\u0161enstv\u00ed. Pneumatick\u00fd m\u011bch je stejn\u00fd pro pravou i levou stranu. Ur\u010den pro modely se syst\u00e9mem AIRMATIC a tak\u00e9 modely AMG.\u00a0OEM: A2113209513, 2113209513, A2113201938, A2113209613, 2113201938, A211320951389, 211320951389, A211320951338, A2113202713, 2113202713, A211320193838, 211320193838, A211320193889, 211320193889, A211320951360, A211320951380, A211320951388, A211320271338, A211320193860, A211320193880, A211320193888, 211320951338, 211320951360, 211320951380, 211320951388, 211320271338, 211320193860, 211320193880, 211320193888, 2113209613, A2113202038, 2113202038, A211320961389, 211320961389, A2113202813, 2113202813, A211320203838, A211320203889, A211320203860, A211320203880, A211320203888, 211320961338, 211320961360, 211320961380, 211320961388, 211320281338, 211320203838, 211320203860, 211320203880, 211320203888, 211320203889, A211320961388, A211320961380, A211320961338, A211320961360, A211320281338, 44-181680, AS-2294, AS-3000, 44-181666, VA5-528, AS-2295, AS-3001, VA5-5282","breadcrumb":{"@id":"https:\/\/vzduchovetlmice.sk\/cs\/produkty\/predni-vzduchovy-mech-mercedes-benz-e-class-w211-s211-4matic\/#breadcrumb"},"inLanguage":"cs","potentialAction":[{"@type":"ReadAction","target":["https:\/\/vzduchovetlmice.sk\/cs\/produkty\/predni-vzduchovy-mech-mercedes-benz-e-class-w211-s211-4matic\/"]}]},{"@type":"BreadcrumbList","@id":"https:\/\/vzduchovetlmice.sk\/cs\/produkty\/predni-vzduchovy-mech-mercedes-benz-e-class-w211-s211-4matic\/#breadcrumb","itemListElement":[{"@type":"ListItem","position":1,"name":"Domovsk\u00e1 str\u00e1nka","item":"https:\/\/vzduchovetlmice.sk\/"},{"@type":"ListItem","position":2,"name":"Obchod","item":"https:\/\/vzduchovetlmice.sk\/obchod\/"},{"@type":"ListItem","position":3,"name":"P\u0159edn\u00ed vzduchov\u00fd m\u011bch Mercedes Benz E-class W211\/S211 &#8211; 4Matic"}]},{"@type":"WebSite","@id":"https:\/\/vzduchovetlmice.sk\/#website","url":"https:\/\/vzduchovetlmice.sk\/","name":"VzduchoveTlmice.sk","description":"predaj dielov pre vzduchov\u00fd podvozok","potentialAction":[{"@type":"SearchAction","target":{"@type":"EntryPoint","urlTemplate":"https:\/\/vzduchovetlmice.sk\/?s={search_term_string}"},"query-input":{"@type":"PropertyValueSpecification","valueRequired":true,"valueName":"search_term_string"}}],"inLanguage":"cs"}]}},"_links":{"self":[{"href":"https:\/\/vzduchovetlmice.sk\/cs\/wp-json\/wp\/v2\/product\/101547","targetHints":{"allow":["GET"]}}],"collection":[{"href":"https:\/\/vzduchovetlmice.sk\/cs\/wp-json\/wp\/v2\/product"}],"about":[{"href":"https:\/\/vzduchovetlmice.sk\/cs\/wp-json\/wp\/v2\/types\/product"}],"wp:attachment":[{"href":"https:\/\/vzduchovetlmice.sk\/cs\/wp-json\/wp\/v2\/media?parent=101547"}],"wp:term":[{"taxonomy":"product_brand","embeddable":true,"href":"https:\/\/vzduchovetlmice.sk\/cs\/wp-json\/wp\/v2\/product_brand?post=101547"},{"taxonomy":"product_cat","embeddable":true,"href":"https:\/\/vzduchovetlmice.sk\/cs\/wp-json\/wp\/v2\/product_cat?post=101547"},{"taxonomy":"product_tag","embeddable":true,"href":"https:\/\/vzduchovetlmice.sk\/cs\/wp-json\/wp\/v2\/product_tag?post=101547"}],"curies":[{"name":"wp","href":"https:\/\/api.w.org\/{rel}","templated":true}]}}