{"id":101549,"date":"2025-07-19T15:43:17","date_gmt":"2025-07-19T15:43:17","guid":{"rendered":"https:\/\/vzduchovetlmice.sk\/?post_type=product&#038;p=101549"},"modified":"2025-11-18T11:43:19","modified_gmt":"2025-11-18T11:43:19","slug":"zadni-levy-vzduchovy-mech-mercedes-benz-cls-class-c219","status":"publish","type":"product","link":"https:\/\/vzduchovetlmice.sk\/cs\/produkty\/zadni-levy-vzduchovy-mech-mercedes-benz-cls-class-c219\/","title":{"rendered":"Zadn\u00ed lev\u00fd vzduchov\u00fd m\u011bch Mercedes Benz CLS-class C219"},"content":{"rendered":"<h3><strong>Dal\u0161\u00ed informace:<\/strong><\/h3>\n<p>Nov\u00fd zadn\u00ed lev\u00fd vzduchov\u00fd m\u011bch na Mercedes Benz CLS-class C219 (2004 \u2013 2011) s n\u00e1dr\u017ekou &#8211; 3 pin konektor.<\/p>\n<p>Sou\u010d\u00e1st\u00ed balen\u00ed je i nov\u00fd plastov\u00fd dr\u017e\u00e1k vaku &#8211; A2113280058 (A 211 328 00 58).<\/p>\n<p>Ur\u010den pro modely se syst\u00e9mem AIRMATIC a tak\u00e9 modely AMG.<\/p>\n<h4><strong>Origin\u00e1ln\u00ed v\u00fdrobn\u00ed \u010d\u00edsla (OEM): <\/strong><\/h4>\n<p>A2113200725, A2113201525, A211320072580, A211320152580, A 2113200725, A 2113201525, A 211320072580, A 211320152580, 2113200725, 2113201525, 211320072580, 211320152580, 40-076614, 40-116402, KLF-7661, 40-076676, KLF-7667, KLF-B640<\/p>\n","protected":false},"excerpt":{"rendered":"<p><strong>Zna\u010dka: <\/strong>Mercedes Benz<\/p>\n<p><strong>Model:<\/strong> CLS -class C219 (2004 \u2013 2011)<\/p>\n<p><strong>Typ:<\/strong> RWD, AMG, Airmatic, s n\u00e1dr\u017ekou, 3 Pin -ov\u00fd konektor<\/p>\n<p><strong>Poloha: <\/strong>Zadn\u00ed n\u00e1prava vlevo<\/p>\n<p><strong>V\u00fdrobce: <\/strong>OEM<\/p>\n<p><strong>Stav:\u00a0<\/strong>Nov\u00e9<\/p>\n<p><strong>Z\u00e1ruka:\u00a0<\/strong>2 roky<\/p>\n<p><strong>Dostupnost:<\/strong>\u00a0<span style=\"color: #00ff00;\"><strong>Skladem<\/strong><\/span><\/p>\n","protected":false},"featured_media":0,"template":"","meta":{"_et_pb_use_builder":"","_et_pb_old_content":"","_et_gb_content_width":""},"product_brand":[52],"product_cat":[568,333],"product_tag":[],"class_list":{"0":"post-101549","1":"product","2":"type-product","3":"status-publish","5":"product_brand-mercedes-benz","6":"product_cat-cls-c219-2004-2011-cs","7":"product_cat-mercedes-benz-cs","9":"first","10":"instock","11":"shipping-taxable","12":"purchasable","13":"product-type-simple"},"yoast_head":"<!-- This site is optimized with the Yoast SEO Premium plugin v24.9 (Yoast SEO v27.1.1) - https:\/\/yoast.com\/product\/yoast-seo-premium-wordpress\/ -->\n<title>Zadn\u00ed lev\u00fd vzduchov\u00fd m\u011bch Mercedes Benz CLS-class C219<\/title>\n<meta name=\"description\" content=\"Nov\u00fd zadn\u00ed lev\u00fd vzduchov\u00fd m\u011bch na Mercedes Benz CLS-class C219 (2004 \u2013 2011) s n\u00e1dr\u017ekou - 3 pin konektor. Sou\u010d\u00e1st\u00ed balen\u00ed je i nov\u00fd plastov\u00fd dr\u017e\u00e1k vaku - A2113280058 (A 211 328 00 58). Ur\u010den pro modely se syst\u00e9mem AIRMATIC a tak\u00e9 modely AMG.\u00a0OEM: A2113200725, A2113201525, A211320072580, A211320152580, A 2113200725, A 2113201525, A 211320072580, A 211320152580, 2113200725, 2113201525, 211320072580, 211320152580, 40-076614, 40-116402, KLF-7661, 40-076676, KLF-7667, KLF-B640\" \/>\n<meta name=\"robots\" content=\"index, follow, max-snippet:-1, max-image-preview:large, max-video-preview:-1\" \/>\n<link rel=\"canonical\" href=\"https:\/\/vzduchovetlmice.sk\/cs\/produkty\/zadni-levy-vzduchovy-mech-mercedes-benz-cls-class-c219\/\" \/>\n<meta property=\"og:locale\" content=\"cs_CZ\" \/>\n<meta property=\"og:type\" content=\"article\" \/>\n<meta property=\"og:title\" content=\"Zadn\u00ed lev\u00fd vzduchov\u00fd m\u011bch Mercedes Benz CLS-class C219\" \/>\n<meta property=\"og:description\" content=\"Nov\u00fd zadn\u00ed lev\u00fd vzduchov\u00fd m\u011bch na Mercedes Benz CLS-class C219 (2004 \u2013 2011) s n\u00e1dr\u017ekou - 3 pin konektor. Sou\u010d\u00e1st\u00ed balen\u00ed je i nov\u00fd plastov\u00fd dr\u017e\u00e1k vaku - A2113280058 (A 211 328 00 58). Ur\u010den pro modely se syst\u00e9mem AIRMATIC a tak\u00e9 modely AMG.\u00a0OEM: A2113200725, A2113201525, A211320072580, A211320152580, A 2113200725, A 2113201525, A 211320072580, A 211320152580, 2113200725, 2113201525, 211320072580, 211320152580, 40-076614, 40-116402, KLF-7661, 40-076676, KLF-7667, KLF-B640\" \/>\n<meta property=\"og:url\" content=\"https:\/\/vzduchovetlmice.sk\/cs\/produkty\/zadni-levy-vzduchovy-mech-mercedes-benz-cls-class-c219\/\" \/>\n<meta property=\"og:site_name\" content=\"VzduchoveTlmice.sk\" \/>\n<meta property=\"article:modified_time\" content=\"2025-11-18T11:43:19+00:00\" \/>\n<meta name=\"twitter:card\" content=\"summary_large_image\" \/>\n<meta name=\"twitter:label1\" content=\"Odhadovan\u00e1 doba \u010dten\u00ed\" \/>\n\t<meta name=\"twitter:data1\" content=\"1 minuta\" \/>\n<script type=\"application\/ld+json\" class=\"yoast-schema-graph\">{\"@context\":\"https:\/\/schema.org\",\"@graph\":[{\"@type\":\"WebPage\",\"@id\":\"https:\/\/vzduchovetlmice.sk\/cs\/produkty\/zadni-levy-vzduchovy-mech-mercedes-benz-cls-class-c219\/\",\"url\":\"https:\/\/vzduchovetlmice.sk\/cs\/produkty\/zadni-levy-vzduchovy-mech-mercedes-benz-cls-class-c219\/\",\"name\":\"Zadn\u00ed lev\u00fd vzduchov\u00fd m\u011bch Mercedes Benz CLS-class C219\",\"isPartOf\":{\"@id\":\"https:\/\/vzduchovetlmice.sk\/#website\"},\"datePublished\":\"2025-07-19T15:43:17+00:00\",\"dateModified\":\"2025-11-18T11:43:19+00:00\",\"description\":\"Nov\u00fd zadn\u00ed lev\u00fd vzduchov\u00fd m\u011bch na Mercedes Benz CLS-class C219 (2004 \u2013 2011) s n\u00e1dr\u017ekou - 3 pin konektor. Sou\u010d\u00e1st\u00ed balen\u00ed je i nov\u00fd plastov\u00fd dr\u017e\u00e1k vaku - A2113280058 (A 211 328 00 58). Ur\u010den pro modely se syst\u00e9mem AIRMATIC a tak\u00e9 modely AMG.\u00a0OEM: A2113200725, A2113201525, A211320072580, A211320152580, A 2113200725, A 2113201525, A 211320072580, A 211320152580, 2113200725, 2113201525, 211320072580, 211320152580, 40-076614, 40-116402, KLF-7661, 40-076676, KLF-7667, KLF-B640\",\"breadcrumb\":{\"@id\":\"https:\/\/vzduchovetlmice.sk\/cs\/produkty\/zadni-levy-vzduchovy-mech-mercedes-benz-cls-class-c219\/#breadcrumb\"},\"inLanguage\":\"cs\",\"potentialAction\":[{\"@type\":\"ReadAction\",\"target\":[\"https:\/\/vzduchovetlmice.sk\/cs\/produkty\/zadni-levy-vzduchovy-mech-mercedes-benz-cls-class-c219\/\"]}]},{\"@type\":\"BreadcrumbList\",\"@id\":\"https:\/\/vzduchovetlmice.sk\/cs\/produkty\/zadni-levy-vzduchovy-mech-mercedes-benz-cls-class-c219\/#breadcrumb\",\"itemListElement\":[{\"@type\":\"ListItem\",\"position\":1,\"name\":\"Domovsk\u00e1 str\u00e1nka\",\"item\":\"https:\/\/vzduchovetlmice.sk\/\"},{\"@type\":\"ListItem\",\"position\":2,\"name\":\"Obchod\",\"item\":\"https:\/\/vzduchovetlmice.sk\/obchod\/\"},{\"@type\":\"ListItem\",\"position\":3,\"name\":\"Zadn\u00ed lev\u00fd vzduchov\u00fd m\u011bch Mercedes Benz CLS-class C219\"}]},{\"@type\":\"WebSite\",\"@id\":\"https:\/\/vzduchovetlmice.sk\/#website\",\"url\":\"https:\/\/vzduchovetlmice.sk\/\",\"name\":\"VzduchoveTlmice.sk\",\"description\":\"predaj dielov pre vzduchov\u00fd podvozok\",\"potentialAction\":[{\"@type\":\"SearchAction\",\"target\":{\"@type\":\"EntryPoint\",\"urlTemplate\":\"https:\/\/vzduchovetlmice.sk\/?s={search_term_string}\"},\"query-input\":{\"@type\":\"PropertyValueSpecification\",\"valueRequired\":true,\"valueName\":\"search_term_string\"}}],\"inLanguage\":\"cs\"}]}<\/script>\n<!-- \/ Yoast SEO Premium plugin. -->","yoast_head_json":{"title":"Zadn\u00ed lev\u00fd vzduchov\u00fd m\u011bch Mercedes Benz CLS-class C219","description":"Nov\u00fd zadn\u00ed lev\u00fd vzduchov\u00fd m\u011bch na Mercedes Benz CLS-class C219 (2004 \u2013 2011) s n\u00e1dr\u017ekou - 3 pin konektor. Sou\u010d\u00e1st\u00ed balen\u00ed je i nov\u00fd plastov\u00fd dr\u017e\u00e1k vaku - A2113280058 (A 211 328 00 58). Ur\u010den pro modely se syst\u00e9mem AIRMATIC a tak\u00e9 modely AMG.\u00a0OEM: A2113200725, A2113201525, A211320072580, A211320152580, A 2113200725, A 2113201525, A 211320072580, A 211320152580, 2113200725, 2113201525, 211320072580, 211320152580, 40-076614, 40-116402, KLF-7661, 40-076676, KLF-7667, KLF-B640","robots":{"index":"index","follow":"follow","max-snippet":"max-snippet:-1","max-image-preview":"max-image-preview:large","max-video-preview":"max-video-preview:-1"},"canonical":"https:\/\/vzduchovetlmice.sk\/cs\/produkty\/zadni-levy-vzduchovy-mech-mercedes-benz-cls-class-c219\/","og_locale":"cs_CZ","og_type":"article","og_title":"Zadn\u00ed lev\u00fd vzduchov\u00fd m\u011bch Mercedes Benz CLS-class C219","og_description":"Nov\u00fd zadn\u00ed lev\u00fd vzduchov\u00fd m\u011bch na Mercedes Benz CLS-class C219 (2004 \u2013 2011) s n\u00e1dr\u017ekou - 3 pin konektor. Sou\u010d\u00e1st\u00ed balen\u00ed je i nov\u00fd plastov\u00fd dr\u017e\u00e1k vaku - A2113280058 (A 211 328 00 58). Ur\u010den pro modely se syst\u00e9mem AIRMATIC a tak\u00e9 modely AMG.\u00a0OEM: A2113200725, A2113201525, A211320072580, A211320152580, A 2113200725, A 2113201525, A 211320072580, A 211320152580, 2113200725, 2113201525, 211320072580, 211320152580, 40-076614, 40-116402, KLF-7661, 40-076676, KLF-7667, KLF-B640","og_url":"https:\/\/vzduchovetlmice.sk\/cs\/produkty\/zadni-levy-vzduchovy-mech-mercedes-benz-cls-class-c219\/","og_site_name":"VzduchoveTlmice.sk","article_modified_time":"2025-11-18T11:43:19+00:00","twitter_card":"summary_large_image","twitter_misc":{"Odhadovan\u00e1 doba \u010dten\u00ed":"1 minuta"},"schema":{"@context":"https:\/\/schema.org","@graph":[{"@type":"WebPage","@id":"https:\/\/vzduchovetlmice.sk\/cs\/produkty\/zadni-levy-vzduchovy-mech-mercedes-benz-cls-class-c219\/","url":"https:\/\/vzduchovetlmice.sk\/cs\/produkty\/zadni-levy-vzduchovy-mech-mercedes-benz-cls-class-c219\/","name":"Zadn\u00ed lev\u00fd vzduchov\u00fd m\u011bch Mercedes Benz CLS-class C219","isPartOf":{"@id":"https:\/\/vzduchovetlmice.sk\/#website"},"datePublished":"2025-07-19T15:43:17+00:00","dateModified":"2025-11-18T11:43:19+00:00","description":"Nov\u00fd zadn\u00ed lev\u00fd vzduchov\u00fd m\u011bch na Mercedes Benz CLS-class C219 (2004 \u2013 2011) s n\u00e1dr\u017ekou - 3 pin konektor. Sou\u010d\u00e1st\u00ed balen\u00ed je i nov\u00fd plastov\u00fd dr\u017e\u00e1k vaku - A2113280058 (A 211 328 00 58). Ur\u010den pro modely se syst\u00e9mem AIRMATIC a tak\u00e9 modely AMG.\u00a0OEM: A2113200725, A2113201525, A211320072580, A211320152580, A 2113200725, A 2113201525, A 211320072580, A 211320152580, 2113200725, 2113201525, 211320072580, 211320152580, 40-076614, 40-116402, KLF-7661, 40-076676, KLF-7667, KLF-B640","breadcrumb":{"@id":"https:\/\/vzduchovetlmice.sk\/cs\/produkty\/zadni-levy-vzduchovy-mech-mercedes-benz-cls-class-c219\/#breadcrumb"},"inLanguage":"cs","potentialAction":[{"@type":"ReadAction","target":["https:\/\/vzduchovetlmice.sk\/cs\/produkty\/zadni-levy-vzduchovy-mech-mercedes-benz-cls-class-c219\/"]}]},{"@type":"BreadcrumbList","@id":"https:\/\/vzduchovetlmice.sk\/cs\/produkty\/zadni-levy-vzduchovy-mech-mercedes-benz-cls-class-c219\/#breadcrumb","itemListElement":[{"@type":"ListItem","position":1,"name":"Domovsk\u00e1 str\u00e1nka","item":"https:\/\/vzduchovetlmice.sk\/"},{"@type":"ListItem","position":2,"name":"Obchod","item":"https:\/\/vzduchovetlmice.sk\/obchod\/"},{"@type":"ListItem","position":3,"name":"Zadn\u00ed lev\u00fd vzduchov\u00fd m\u011bch Mercedes Benz CLS-class C219"}]},{"@type":"WebSite","@id":"https:\/\/vzduchovetlmice.sk\/#website","url":"https:\/\/vzduchovetlmice.sk\/","name":"VzduchoveTlmice.sk","description":"predaj dielov pre vzduchov\u00fd podvozok","potentialAction":[{"@type":"SearchAction","target":{"@type":"EntryPoint","urlTemplate":"https:\/\/vzduchovetlmice.sk\/?s={search_term_string}"},"query-input":{"@type":"PropertyValueSpecification","valueRequired":true,"valueName":"search_term_string"}}],"inLanguage":"cs"}]}},"_links":{"self":[{"href":"https:\/\/vzduchovetlmice.sk\/cs\/wp-json\/wp\/v2\/product\/101549","targetHints":{"allow":["GET"]}}],"collection":[{"href":"https:\/\/vzduchovetlmice.sk\/cs\/wp-json\/wp\/v2\/product"}],"about":[{"href":"https:\/\/vzduchovetlmice.sk\/cs\/wp-json\/wp\/v2\/types\/product"}],"wp:attachment":[{"href":"https:\/\/vzduchovetlmice.sk\/cs\/wp-json\/wp\/v2\/media?parent=101549"}],"wp:term":[{"taxonomy":"product_brand","embeddable":true,"href":"https:\/\/vzduchovetlmice.sk\/cs\/wp-json\/wp\/v2\/product_brand?post=101549"},{"taxonomy":"product_cat","embeddable":true,"href":"https:\/\/vzduchovetlmice.sk\/cs\/wp-json\/wp\/v2\/product_cat?post=101549"},{"taxonomy":"product_tag","embeddable":true,"href":"https:\/\/vzduchovetlmice.sk\/cs\/wp-json\/wp\/v2\/product_tag?post=101549"}],"curies":[{"name":"wp","href":"https:\/\/api.w.org\/{rel}","templated":true}]}}