{"id":101582,"date":"2025-07-21T17:16:56","date_gmt":"2025-07-21T17:16:56","guid":{"rendered":"https:\/\/vzduchovetlmice.sk\/?post_type=product&#038;p=101582"},"modified":"2025-11-17T18:14:46","modified_gmt":"2025-11-17T18:14:46","slug":"vzduchovy-kompresor-podvozku-amk-mercedes-benz-s-class-w222","status":"publish","type":"product","link":"https:\/\/vzduchovetlmice.sk\/cs\/produkty\/vzduchovy-kompresor-podvozku-amk-mercedes-benz-s-class-w222\/","title":{"rendered":"Vzduchov\u00fd kompresor podvozku Mercedes Benz S-class W222\/C217 &#8211; AMK"},"content":{"rendered":"<h3><strong>Dal\u0161\u00ed informace:<\/strong><\/h3>\n<p>Nov\u00fd vzduchov\u00fd kompresor podvozku Mercedes Benz S-class W222\/V222\/X222 (2013-2020), Mercedes Benz S-class Coupe C217 (2014-2020) a Mercedes Benz S-class Cabriolet A217 (2014-2020) Airmatic.<\/p>\n<p>Jedn\u00e1 se o origin\u00e1ln\u00ed d\u00edl dod\u00e1van\u00fd do prvov\u00fdroby (AMK &#8211; Made in Germany).<\/p>\n<p>Vhodn\u00fd tak\u00e9 pro verzi AMG.<\/p>\n<ul>\n<li>bez teplotn\u00edho \u010didla<\/li>\n<li>v\u010detn\u011b vzduchov\u00e9ho filtru<\/li>\n<\/ul>\n<h4><strong>Origin\u00e1ln\u00ed v\u00fdrobn\u00ed \u010d\u00edsla (OEM): <\/strong><\/h4>\n<p>A0993200104, A 0993200104, 0993200104, A2223200504, A 2223200504, 2223200504 , A2223200604, A 2223200604, 2223200604, AMK A2712, P-3282, AMK A2191, AMK A1897-1<\/p>\n","protected":false},"excerpt":{"rendered":"<p><strong>Zna\u010dka: <\/strong>Mercedes Benz<\/p>\n<p><strong>Model:<\/strong> S -class W222\/ V222\/ X222 (2013 \u2013 2020), S -class Coupe C217 (2014 \u2013 2020), S -class Cabriolet A217 (2014 \u2013 2020)<\/p>\n<p><strong>Typ:<\/strong> RWD, 4Matic, AMG, Airmatic<\/p>\n<p><strong>V\u00fdrobce: <\/strong>AMK\u00a0\u2013 Made in Germany<\/p>\n<p><strong>Stav:\u00a0<\/strong>Nov\u00e9<\/p>\n<p><strong>Z\u00e1ruka:\u00a0<\/strong>2 roky<\/p>\n<p><strong>Dostupnost:<\/strong>\u00a0<span style=\"color: #00ff00;\"><strong>Skladem<\/strong><\/span><\/p>\n","protected":false},"featured_media":103192,"template":"","meta":{"_et_pb_use_builder":"","_et_pb_old_content":"","_et_gb_content_width":""},"product_brand":[52],"product_cat":[333,579],"product_tag":[],"class_list":{"0":"post-101582","1":"product","2":"type-product","3":"status-publish","4":"has-post-thumbnail","6":"product_brand-mercedes-benz","7":"product_cat-mercedes-benz-cs","8":"product_cat-s-w222-c217-2013-2020-cs","10":"first","11":"instock","12":"shipping-taxable","13":"purchasable","14":"product-type-simple"},"yoast_head":"<!-- This site is optimized with the Yoast SEO Premium plugin v24.9 (Yoast SEO v27.1.1) - https:\/\/yoast.com\/product\/yoast-seo-premium-wordpress\/ -->\n<title>Vzduchov\u00fd kompresor podvozku Mercedes Benz S - W222 - AMK<\/title>\n<meta name=\"description\" content=\"Nov\u00fd vzduchov\u00fd kompresor podvozku Mercedes Benz S-class W222\/V222\/X222 (2013-2020), Mercedes Benz S-class Coupe C217 (2014-2020) a Mercedes Benz S-class Cabriolet A217 (2014-2020) Airmatic. Jedn\u00e1 se o origin\u00e1ln\u00ed d\u00edl dod\u00e1van\u00fd do prvov\u00fdroby (AMK - Made in Germany). Vhodn\u00fd tak\u00e9 pro verzi AMG.\u00a0OEM: A0993200104, A 0993200104, 0993200104, A2223200504, A 2223200504, 2223200504 , A2223200604, A 2223200604, 2223200604, AMK A2712, P-3282, AMK A2191, AMK A1897-1\" \/>\n<meta name=\"robots\" content=\"index, follow, max-snippet:-1, max-image-preview:large, max-video-preview:-1\" \/>\n<link rel=\"canonical\" href=\"https:\/\/vzduchovetlmice.sk\/cs\/produkty\/vzduchovy-kompresor-podvozku-amk-mercedes-benz-s-class-w222\/\" \/>\n<meta property=\"og:locale\" content=\"cs_CZ\" \/>\n<meta property=\"og:type\" content=\"article\" \/>\n<meta property=\"og:title\" content=\"Vzduchov\u00fd kompresor podvozku Mercedes Benz S-class W222\/C217 - AMK\" \/>\n<meta property=\"og:description\" content=\"Nov\u00fd vzduchov\u00fd kompresor podvozku Mercedes Benz S-class W222\/V222\/X222 (2013-2020), Mercedes Benz S-class Coupe C217 (2014-2020) a Mercedes Benz S-class Cabriolet A217 (2014-2020) Airmatic. Jedn\u00e1 se o origin\u00e1ln\u00ed d\u00edl dod\u00e1van\u00fd do prvov\u00fdroby (AMK - Made in Germany). Vhodn\u00fd tak\u00e9 pro verzi AMG.\u00a0OEM: A0993200104, A 0993200104, 0993200104, A2223200504, A 2223200504, 2223200504 , A2223200604, A 2223200604, 2223200604, AMK A2712, P-3282, AMK A2191, AMK A1897-1\" \/>\n<meta property=\"og:url\" content=\"https:\/\/vzduchovetlmice.sk\/cs\/produkty\/vzduchovy-kompresor-podvozku-amk-mercedes-benz-s-class-w222\/\" \/>\n<meta property=\"og:site_name\" content=\"VzduchoveTlmice.sk\" \/>\n<meta property=\"article:modified_time\" content=\"2025-11-17T18:14:46+00:00\" \/>\n<meta property=\"og:image\" content=\"https:\/\/vzduchovetlmice.sk\/wp-content\/uploads\/2025\/07\/Vzduchovy-kompresor-podvozku-Mercedes-Benz-S-class-W222-C217-AMK-A0993200104-A-0993200104-0993200104-A2223200504.jpg\" \/>\n\t<meta property=\"og:image:width\" content=\"1000\" \/>\n\t<meta property=\"og:image:height\" content=\"1000\" \/>\n\t<meta property=\"og:image:type\" content=\"image\/jpeg\" \/>\n<meta name=\"twitter:card\" content=\"summary_large_image\" \/>\n<meta name=\"twitter:label1\" content=\"Odhadovan\u00e1 doba \u010dten\u00ed\" \/>\n\t<meta name=\"twitter:data1\" content=\"1 minuta\" \/>\n<script type=\"application\/ld+json\" class=\"yoast-schema-graph\">{\"@context\":\"https:\/\/schema.org\",\"@graph\":[{\"@type\":\"WebPage\",\"@id\":\"https:\/\/vzduchovetlmice.sk\/cs\/produkty\/vzduchovy-kompresor-podvozku-amk-mercedes-benz-s-class-w222\/\",\"url\":\"https:\/\/vzduchovetlmice.sk\/cs\/produkty\/vzduchovy-kompresor-podvozku-amk-mercedes-benz-s-class-w222\/\",\"name\":\"Vzduchov\u00fd kompresor podvozku Mercedes Benz S - W222 - AMK\",\"isPartOf\":{\"@id\":\"https:\/\/vzduchovetlmice.sk\/#website\"},\"primaryImageOfPage\":{\"@id\":\"https:\/\/vzduchovetlmice.sk\/cs\/produkty\/vzduchovy-kompresor-podvozku-amk-mercedes-benz-s-class-w222\/#primaryimage\"},\"image\":{\"@id\":\"https:\/\/vzduchovetlmice.sk\/cs\/produkty\/vzduchovy-kompresor-podvozku-amk-mercedes-benz-s-class-w222\/#primaryimage\"},\"thumbnailUrl\":\"https:\/\/vzduchovetlmice.sk\/wp-content\/uploads\/2025\/07\/Vzduchovy-kompresor-podvozku-Mercedes-Benz-S-class-W222-C217-AMK-A0993200104-A-0993200104-0993200104-A2223200504.jpg\",\"datePublished\":\"2025-07-21T17:16:56+00:00\",\"dateModified\":\"2025-11-17T18:14:46+00:00\",\"description\":\"Nov\u00fd vzduchov\u00fd kompresor podvozku Mercedes Benz S-class W222\/V222\/X222 (2013-2020), Mercedes Benz S-class Coupe C217 (2014-2020) a Mercedes Benz S-class Cabriolet A217 (2014-2020) Airmatic. Jedn\u00e1 se o origin\u00e1ln\u00ed d\u00edl dod\u00e1van\u00fd do prvov\u00fdroby (AMK - Made in Germany). Vhodn\u00fd tak\u00e9 pro verzi AMG.\u00a0OEM: A0993200104, A 0993200104, 0993200104, A2223200504, A 2223200504, 2223200504 , A2223200604, A 2223200604, 2223200604, AMK A2712, P-3282, AMK A2191, AMK A1897-1\",\"breadcrumb\":{\"@id\":\"https:\/\/vzduchovetlmice.sk\/cs\/produkty\/vzduchovy-kompresor-podvozku-amk-mercedes-benz-s-class-w222\/#breadcrumb\"},\"inLanguage\":\"cs\",\"potentialAction\":[{\"@type\":\"ReadAction\",\"target\":[\"https:\/\/vzduchovetlmice.sk\/cs\/produkty\/vzduchovy-kompresor-podvozku-amk-mercedes-benz-s-class-w222\/\"]}]},{\"@type\":\"ImageObject\",\"inLanguage\":\"cs\",\"@id\":\"https:\/\/vzduchovetlmice.sk\/cs\/produkty\/vzduchovy-kompresor-podvozku-amk-mercedes-benz-s-class-w222\/#primaryimage\",\"url\":\"https:\/\/vzduchovetlmice.sk\/wp-content\/uploads\/2025\/07\/Vzduchovy-kompresor-podvozku-Mercedes-Benz-S-class-W222-C217-AMK-A0993200104-A-0993200104-0993200104-A2223200504.jpg\",\"contentUrl\":\"https:\/\/vzduchovetlmice.sk\/wp-content\/uploads\/2025\/07\/Vzduchovy-kompresor-podvozku-Mercedes-Benz-S-class-W222-C217-AMK-A0993200104-A-0993200104-0993200104-A2223200504.jpg\",\"width\":1000,\"height\":1000,\"caption\":\"Vzduchov\u00fd kompresor podvozku Mercedes Benz S-class W222, C217 , AMK, A0993200104, A 0993200104, 0993200104, A2223200504\"},{\"@type\":\"BreadcrumbList\",\"@id\":\"https:\/\/vzduchovetlmice.sk\/cs\/produkty\/vzduchovy-kompresor-podvozku-amk-mercedes-benz-s-class-w222\/#breadcrumb\",\"itemListElement\":[{\"@type\":\"ListItem\",\"position\":1,\"name\":\"Domovsk\u00e1 str\u00e1nka\",\"item\":\"https:\/\/vzduchovetlmice.sk\/\"},{\"@type\":\"ListItem\",\"position\":2,\"name\":\"Obchod\",\"item\":\"https:\/\/vzduchovetlmice.sk\/obchod\/\"},{\"@type\":\"ListItem\",\"position\":3,\"name\":\"Vzduchov\u00fd kompresor podvozku Mercedes Benz S-class W222\/C217 &#8211; AMK\"}]},{\"@type\":\"WebSite\",\"@id\":\"https:\/\/vzduchovetlmice.sk\/#website\",\"url\":\"https:\/\/vzduchovetlmice.sk\/\",\"name\":\"VzduchoveTlmice.sk\",\"description\":\"predaj dielov pre vzduchov\u00fd podvozok\",\"potentialAction\":[{\"@type\":\"SearchAction\",\"target\":{\"@type\":\"EntryPoint\",\"urlTemplate\":\"https:\/\/vzduchovetlmice.sk\/?s={search_term_string}\"},\"query-input\":{\"@type\":\"PropertyValueSpecification\",\"valueRequired\":true,\"valueName\":\"search_term_string\"}}],\"inLanguage\":\"cs\"}]}<\/script>\n<!-- \/ Yoast SEO Premium plugin. -->","yoast_head_json":{"title":"Vzduchov\u00fd kompresor podvozku Mercedes Benz S - W222 - AMK","description":"Nov\u00fd vzduchov\u00fd kompresor podvozku Mercedes Benz S-class W222\/V222\/X222 (2013-2020), Mercedes Benz S-class Coupe C217 (2014-2020) a Mercedes Benz S-class Cabriolet A217 (2014-2020) Airmatic. Jedn\u00e1 se o origin\u00e1ln\u00ed d\u00edl dod\u00e1van\u00fd do prvov\u00fdroby (AMK - Made in Germany). Vhodn\u00fd tak\u00e9 pro verzi AMG.\u00a0OEM: A0993200104, A 0993200104, 0993200104, A2223200504, A 2223200504, 2223200504 , A2223200604, A 2223200604, 2223200604, AMK A2712, P-3282, AMK A2191, AMK A1897-1","robots":{"index":"index","follow":"follow","max-snippet":"max-snippet:-1","max-image-preview":"max-image-preview:large","max-video-preview":"max-video-preview:-1"},"canonical":"https:\/\/vzduchovetlmice.sk\/cs\/produkty\/vzduchovy-kompresor-podvozku-amk-mercedes-benz-s-class-w222\/","og_locale":"cs_CZ","og_type":"article","og_title":"Vzduchov\u00fd kompresor podvozku Mercedes Benz S-class W222\/C217 - AMK","og_description":"Nov\u00fd vzduchov\u00fd kompresor podvozku Mercedes Benz S-class W222\/V222\/X222 (2013-2020), Mercedes Benz S-class Coupe C217 (2014-2020) a Mercedes Benz S-class Cabriolet A217 (2014-2020) Airmatic. Jedn\u00e1 se o origin\u00e1ln\u00ed d\u00edl dod\u00e1van\u00fd do prvov\u00fdroby (AMK - Made in Germany). Vhodn\u00fd tak\u00e9 pro verzi AMG.\u00a0OEM: A0993200104, A 0993200104, 0993200104, A2223200504, A 2223200504, 2223200504 , A2223200604, A 2223200604, 2223200604, AMK A2712, P-3282, AMK A2191, AMK A1897-1","og_url":"https:\/\/vzduchovetlmice.sk\/cs\/produkty\/vzduchovy-kompresor-podvozku-amk-mercedes-benz-s-class-w222\/","og_site_name":"VzduchoveTlmice.sk","article_modified_time":"2025-11-17T18:14:46+00:00","og_image":[{"width":1000,"height":1000,"url":"https:\/\/vzduchovetlmice.sk\/wp-content\/uploads\/2025\/07\/Vzduchovy-kompresor-podvozku-Mercedes-Benz-S-class-W222-C217-AMK-A0993200104-A-0993200104-0993200104-A2223200504.jpg","type":"image\/jpeg"}],"twitter_card":"summary_large_image","twitter_misc":{"Odhadovan\u00e1 doba \u010dten\u00ed":"1 minuta"},"schema":{"@context":"https:\/\/schema.org","@graph":[{"@type":"WebPage","@id":"https:\/\/vzduchovetlmice.sk\/cs\/produkty\/vzduchovy-kompresor-podvozku-amk-mercedes-benz-s-class-w222\/","url":"https:\/\/vzduchovetlmice.sk\/cs\/produkty\/vzduchovy-kompresor-podvozku-amk-mercedes-benz-s-class-w222\/","name":"Vzduchov\u00fd kompresor podvozku Mercedes Benz S - W222 - AMK","isPartOf":{"@id":"https:\/\/vzduchovetlmice.sk\/#website"},"primaryImageOfPage":{"@id":"https:\/\/vzduchovetlmice.sk\/cs\/produkty\/vzduchovy-kompresor-podvozku-amk-mercedes-benz-s-class-w222\/#primaryimage"},"image":{"@id":"https:\/\/vzduchovetlmice.sk\/cs\/produkty\/vzduchovy-kompresor-podvozku-amk-mercedes-benz-s-class-w222\/#primaryimage"},"thumbnailUrl":"https:\/\/vzduchovetlmice.sk\/wp-content\/uploads\/2025\/07\/Vzduchovy-kompresor-podvozku-Mercedes-Benz-S-class-W222-C217-AMK-A0993200104-A-0993200104-0993200104-A2223200504.jpg","datePublished":"2025-07-21T17:16:56+00:00","dateModified":"2025-11-17T18:14:46+00:00","description":"Nov\u00fd vzduchov\u00fd kompresor podvozku Mercedes Benz S-class W222\/V222\/X222 (2013-2020), Mercedes Benz S-class Coupe C217 (2014-2020) a Mercedes Benz S-class Cabriolet A217 (2014-2020) Airmatic. Jedn\u00e1 se o origin\u00e1ln\u00ed d\u00edl dod\u00e1van\u00fd do prvov\u00fdroby (AMK - Made in Germany). Vhodn\u00fd tak\u00e9 pro verzi AMG.\u00a0OEM: A0993200104, A 0993200104, 0993200104, A2223200504, A 2223200504, 2223200504 , A2223200604, A 2223200604, 2223200604, AMK A2712, P-3282, AMK A2191, AMK A1897-1","breadcrumb":{"@id":"https:\/\/vzduchovetlmice.sk\/cs\/produkty\/vzduchovy-kompresor-podvozku-amk-mercedes-benz-s-class-w222\/#breadcrumb"},"inLanguage":"cs","potentialAction":[{"@type":"ReadAction","target":["https:\/\/vzduchovetlmice.sk\/cs\/produkty\/vzduchovy-kompresor-podvozku-amk-mercedes-benz-s-class-w222\/"]}]},{"@type":"ImageObject","inLanguage":"cs","@id":"https:\/\/vzduchovetlmice.sk\/cs\/produkty\/vzduchovy-kompresor-podvozku-amk-mercedes-benz-s-class-w222\/#primaryimage","url":"https:\/\/vzduchovetlmice.sk\/wp-content\/uploads\/2025\/07\/Vzduchovy-kompresor-podvozku-Mercedes-Benz-S-class-W222-C217-AMK-A0993200104-A-0993200104-0993200104-A2223200504.jpg","contentUrl":"https:\/\/vzduchovetlmice.sk\/wp-content\/uploads\/2025\/07\/Vzduchovy-kompresor-podvozku-Mercedes-Benz-S-class-W222-C217-AMK-A0993200104-A-0993200104-0993200104-A2223200504.jpg","width":1000,"height":1000,"caption":"Vzduchov\u00fd kompresor podvozku Mercedes Benz S-class W222, C217 , AMK, A0993200104, A 0993200104, 0993200104, A2223200504"},{"@type":"BreadcrumbList","@id":"https:\/\/vzduchovetlmice.sk\/cs\/produkty\/vzduchovy-kompresor-podvozku-amk-mercedes-benz-s-class-w222\/#breadcrumb","itemListElement":[{"@type":"ListItem","position":1,"name":"Domovsk\u00e1 str\u00e1nka","item":"https:\/\/vzduchovetlmice.sk\/"},{"@type":"ListItem","position":2,"name":"Obchod","item":"https:\/\/vzduchovetlmice.sk\/obchod\/"},{"@type":"ListItem","position":3,"name":"Vzduchov\u00fd kompresor podvozku Mercedes Benz S-class W222\/C217 &#8211; AMK"}]},{"@type":"WebSite","@id":"https:\/\/vzduchovetlmice.sk\/#website","url":"https:\/\/vzduchovetlmice.sk\/","name":"VzduchoveTlmice.sk","description":"predaj dielov pre vzduchov\u00fd podvozok","potentialAction":[{"@type":"SearchAction","target":{"@type":"EntryPoint","urlTemplate":"https:\/\/vzduchovetlmice.sk\/?s={search_term_string}"},"query-input":{"@type":"PropertyValueSpecification","valueRequired":true,"valueName":"search_term_string"}}],"inLanguage":"cs"}]}},"_links":{"self":[{"href":"https:\/\/vzduchovetlmice.sk\/cs\/wp-json\/wp\/v2\/product\/101582","targetHints":{"allow":["GET"]}}],"collection":[{"href":"https:\/\/vzduchovetlmice.sk\/cs\/wp-json\/wp\/v2\/product"}],"about":[{"href":"https:\/\/vzduchovetlmice.sk\/cs\/wp-json\/wp\/v2\/types\/product"}],"wp:featuredmedia":[{"embeddable":true,"href":"https:\/\/vzduchovetlmice.sk\/cs\/wp-json\/wp\/v2\/media\/103192"}],"wp:attachment":[{"href":"https:\/\/vzduchovetlmice.sk\/cs\/wp-json\/wp\/v2\/media?parent=101582"}],"wp:term":[{"taxonomy":"product_brand","embeddable":true,"href":"https:\/\/vzduchovetlmice.sk\/cs\/wp-json\/wp\/v2\/product_brand?post=101582"},{"taxonomy":"product_cat","embeddable":true,"href":"https:\/\/vzduchovetlmice.sk\/cs\/wp-json\/wp\/v2\/product_cat?post=101582"},{"taxonomy":"product_tag","embeddable":true,"href":"https:\/\/vzduchovetlmice.sk\/cs\/wp-json\/wp\/v2\/product_tag?post=101582"}],"curies":[{"name":"wp","href":"https:\/\/api.w.org\/{rel}","templated":true}]}}