{"id":101584,"date":"2025-07-21T17:31:47","date_gmt":"2025-07-21T17:31:47","guid":{"rendered":"https:\/\/vzduchovetlmice.sk\/?post_type=product&#038;p=101584"},"modified":"2025-11-17T18:01:18","modified_gmt":"2025-11-17T18:01:18","slug":"zadni-levy-vzduchovy-tlumic-mercedes-benz-s-class-w222-c217","status":"publish","type":"product","link":"https:\/\/vzduchovetlmice.sk\/cs\/produkty\/zadni-levy-vzduchovy-tlumic-mercedes-benz-s-class-w222-c217\/","title":{"rendered":"Zadn\u00ed lev\u00fd vzduchov\u00fd tlumi\u010d Mercedes Benz S-class W222\/C217"},"content":{"rendered":"<h3><strong>Dal\u0161\u00ed informace:<\/strong><\/h3>\n<p>Nov\u00fd zadn\u00ed lev\u00fd vzduchov\u00fd tlumi\u010d pro Mercedes Benz S-class W222\/V222\/X222 (2013\u20132020), Mercedes Benz S-class Coupe C217 (2014\u20132020) a Mercedes Benz S-class Cabriolet A217 (2014\u20132020) &#8211; AIRMATIC dopln\u011bn o syst\u00e9m Adaptive Dumping Control.<\/p>\n<p>Tak\u00e9 vhodn\u00fd i pro modely AMG.<\/p>\n<h4><strong>Origin\u00e1ln\u00ed v\u00fdrobn\u00ed \u010d\u00edsla (OEM): <\/strong><\/h4>\n<p>A2223207313, A222320731389, A2223202900, A222320290089, A2223205313, A2223205901, A 2223207313, A 222320731389, A 2223202900, A 222320290089, A 2223205313, A 2223205901, 2223207313, 222320731389, 2223202900, 222320290089, 2223205313, 2223205901, 44-239985, AS-3361<\/p>\n<div class=\"product-position-wrapper\">\n<div class=\"product-position icon-car-stroke front-right front-left\">\n<p>&nbsp;<\/p>\n<\/div>\n<\/div>\n","protected":false},"excerpt":{"rendered":"<p><strong>Zna\u010dka: <\/strong>Mercedes Benz<\/p>\n<p><strong>Model:<\/strong> S -class W222\/ V222\/ X222 (2013 \u2013 2020), S -class Coupe C217 (2014 \u2013 2020), S -class Cabriolet A217 (2014 \u2013 2020)<\/p>\n<p><strong>Typ:<\/strong> RWD, 4Matic (4WD), AMG, Airmatic<\/p>\n<p><strong>Poloha: <\/strong>Zadn\u00ed n\u00e1prava v\u013eavo<\/p>\n<p><strong>V\u00fdrobce: <\/strong>OEM<\/p>\n<p><strong>Stav:\u00a0<\/strong>Nov\u00e9<\/p>\n<p><strong>Z\u00e1ruka:\u00a0<\/strong>2 roky<\/p>\n<p><strong>Dostupnost:<\/strong> <span style=\"color: #00ff00;\"><b>Skladem<\/b><\/span><\/p>\n","protected":false},"featured_media":103177,"template":"","meta":{"_et_pb_use_builder":"","_et_pb_old_content":"","_et_gb_content_width":""},"product_brand":[52],"product_cat":[333,579],"product_tag":[],"class_list":{"0":"post-101584","1":"product","2":"type-product","3":"status-publish","4":"has-post-thumbnail","6":"product_brand-mercedes-benz","7":"product_cat-mercedes-benz-cs","8":"product_cat-s-w222-c217-2013-2020-cs","10":"first","11":"instock","12":"shipping-taxable","13":"purchasable","14":"product-type-simple"},"yoast_head":"<!-- This site is optimized with the Yoast SEO Premium plugin v24.9 (Yoast SEO v27.1.1) - https:\/\/yoast.com\/product\/yoast-seo-premium-wordpress\/ -->\n<title>Zadn\u00ed lev\u00fd vzduchov\u00fd tlumi\u010d Mercedes Benz S-class W222\/C217<\/title>\n<meta name=\"description\" content=\"Nov\u00fd zadn\u00ed lev\u00fd vzduchov\u00fd tlumi\u010d pro Mercedes Benz S-class W222\/V222\/X222 (2013\u20132020), Mercedes Benz S-class Coupe C217 (2014\u20132020) a Mercedes Benz S-class Cabriolet A217 (2014\u20132020) - AIRMATIC dopln\u011bn o syst\u00e9m Adaptive Dumping Control. \u00a0OEM: A2223207313, A222320731389, A2223202900, A222320290089, A2223205313, A2223205901, A 2223207313, A 222320731389, A 2223202900, A 222320290089, A 2223205313, A 2223205901, 2223207313, 222320731389, 2223202900, 222320290089, 2223205313, 2223205901, 44-239985, AS-3361\" \/>\n<meta name=\"robots\" content=\"index, follow, max-snippet:-1, max-image-preview:large, max-video-preview:-1\" \/>\n<link rel=\"canonical\" href=\"https:\/\/vzduchovetlmice.sk\/cs\/produkty\/zadni-levy-vzduchovy-tlumic-mercedes-benz-s-class-w222-c217\/\" \/>\n<meta property=\"og:locale\" content=\"cs_CZ\" \/>\n<meta property=\"og:type\" content=\"article\" \/>\n<meta property=\"og:title\" content=\"Zadn\u00ed lev\u00fd vzduchov\u00fd tlumi\u010d Mercedes Benz S-class W222\/C217\" \/>\n<meta property=\"og:description\" content=\"Nov\u00fd zadn\u00ed lev\u00fd vzduchov\u00fd tlumi\u010d pro Mercedes Benz S-class W222\/V222\/X222 (2013\u20132020), Mercedes Benz S-class Coupe C217 (2014\u20132020) a Mercedes Benz S-class Cabriolet A217 (2014\u20132020) - AIRMATIC dopln\u011bn o syst\u00e9m Adaptive Dumping Control. \u00a0OEM: A2223207313, A222320731389, A2223202900, A222320290089, A2223205313, A2223205901, A 2223207313, A 222320731389, A 2223202900, A 222320290089, A 2223205313, A 2223205901, 2223207313, 222320731389, 2223202900, 222320290089, 2223205313, 2223205901, 44-239985, AS-3361\" \/>\n<meta property=\"og:url\" content=\"https:\/\/vzduchovetlmice.sk\/cs\/produkty\/zadni-levy-vzduchovy-tlumic-mercedes-benz-s-class-w222-c217\/\" \/>\n<meta property=\"og:site_name\" content=\"VzduchoveTlmice.sk\" \/>\n<meta property=\"article:modified_time\" content=\"2025-11-17T18:01:18+00:00\" \/>\n<meta property=\"og:image\" content=\"https:\/\/vzduchovetlmice.sk\/wp-content\/uploads\/2025\/07\/Zadny-lavy-vzduchovy-tlmic-Mercedes-Benz-S-class-W222-C217-A2223207313-A222320731389-A2223202900-A222320290089-A2223205313.jpg\" \/>\n\t<meta property=\"og:image:width\" content=\"1000\" \/>\n\t<meta property=\"og:image:height\" content=\"1000\" \/>\n\t<meta property=\"og:image:type\" content=\"image\/jpeg\" \/>\n<meta name=\"twitter:card\" content=\"summary_large_image\" \/>\n<meta name=\"twitter:label1\" content=\"Odhadovan\u00e1 doba \u010dten\u00ed\" \/>\n\t<meta name=\"twitter:data1\" content=\"1 minuta\" \/>\n<script type=\"application\/ld+json\" class=\"yoast-schema-graph\">{\"@context\":\"https:\/\/schema.org\",\"@graph\":[{\"@type\":\"WebPage\",\"@id\":\"https:\/\/vzduchovetlmice.sk\/cs\/produkty\/zadni-levy-vzduchovy-tlumic-mercedes-benz-s-class-w222-c217\/\",\"url\":\"https:\/\/vzduchovetlmice.sk\/cs\/produkty\/zadni-levy-vzduchovy-tlumic-mercedes-benz-s-class-w222-c217\/\",\"name\":\"Zadn\u00ed lev\u00fd vzduchov\u00fd tlumi\u010d Mercedes Benz S-class W222\/C217\",\"isPartOf\":{\"@id\":\"https:\/\/vzduchovetlmice.sk\/#website\"},\"primaryImageOfPage\":{\"@id\":\"https:\/\/vzduchovetlmice.sk\/cs\/produkty\/zadni-levy-vzduchovy-tlumic-mercedes-benz-s-class-w222-c217\/#primaryimage\"},\"image\":{\"@id\":\"https:\/\/vzduchovetlmice.sk\/cs\/produkty\/zadni-levy-vzduchovy-tlumic-mercedes-benz-s-class-w222-c217\/#primaryimage\"},\"thumbnailUrl\":\"https:\/\/vzduchovetlmice.sk\/wp-content\/uploads\/2025\/07\/Zadny-lavy-vzduchovy-tlmic-Mercedes-Benz-S-class-W222-C217-A2223207313-A222320731389-A2223202900-A222320290089-A2223205313.jpg\",\"datePublished\":\"2025-07-21T17:31:47+00:00\",\"dateModified\":\"2025-11-17T18:01:18+00:00\",\"description\":\"Nov\u00fd zadn\u00ed lev\u00fd vzduchov\u00fd tlumi\u010d pro Mercedes Benz S-class W222\/V222\/X222 (2013\u20132020), Mercedes Benz S-class Coupe C217 (2014\u20132020) a Mercedes Benz S-class Cabriolet A217 (2014\u20132020) - AIRMATIC dopln\u011bn o syst\u00e9m Adaptive Dumping Control. \u00a0OEM: A2223207313, A222320731389, A2223202900, A222320290089, A2223205313, A2223205901, A 2223207313, A 222320731389, A 2223202900, A 222320290089, A 2223205313, A 2223205901, 2223207313, 222320731389, 2223202900, 222320290089, 2223205313, 2223205901, 44-239985, AS-3361\",\"breadcrumb\":{\"@id\":\"https:\/\/vzduchovetlmice.sk\/cs\/produkty\/zadni-levy-vzduchovy-tlumic-mercedes-benz-s-class-w222-c217\/#breadcrumb\"},\"inLanguage\":\"cs\",\"potentialAction\":[{\"@type\":\"ReadAction\",\"target\":[\"https:\/\/vzduchovetlmice.sk\/cs\/produkty\/zadni-levy-vzduchovy-tlumic-mercedes-benz-s-class-w222-c217\/\"]}]},{\"@type\":\"ImageObject\",\"inLanguage\":\"cs\",\"@id\":\"https:\/\/vzduchovetlmice.sk\/cs\/produkty\/zadni-levy-vzduchovy-tlumic-mercedes-benz-s-class-w222-c217\/#primaryimage\",\"url\":\"https:\/\/vzduchovetlmice.sk\/wp-content\/uploads\/2025\/07\/Zadny-lavy-vzduchovy-tlmic-Mercedes-Benz-S-class-W222-C217-A2223207313-A222320731389-A2223202900-A222320290089-A2223205313.jpg\",\"contentUrl\":\"https:\/\/vzduchovetlmice.sk\/wp-content\/uploads\/2025\/07\/Zadny-lavy-vzduchovy-tlmic-Mercedes-Benz-S-class-W222-C217-A2223207313-A222320731389-A2223202900-A222320290089-A2223205313.jpg\",\"width\":1000,\"height\":1000,\"caption\":\"Zadn\u00fd \u013eav\u00fd vzduchov\u00fd tlmi\u010d Mercedes Benz S-class W222, C217, A2223207313, A222320731389, A2223202900, A222320290089, A2223205313\"},{\"@type\":\"BreadcrumbList\",\"@id\":\"https:\/\/vzduchovetlmice.sk\/cs\/produkty\/zadni-levy-vzduchovy-tlumic-mercedes-benz-s-class-w222-c217\/#breadcrumb\",\"itemListElement\":[{\"@type\":\"ListItem\",\"position\":1,\"name\":\"Domovsk\u00e1 str\u00e1nka\",\"item\":\"https:\/\/vzduchovetlmice.sk\/\"},{\"@type\":\"ListItem\",\"position\":2,\"name\":\"Obchod\",\"item\":\"https:\/\/vzduchovetlmice.sk\/obchod\/\"},{\"@type\":\"ListItem\",\"position\":3,\"name\":\"Zadn\u00ed lev\u00fd vzduchov\u00fd tlumi\u010d Mercedes Benz S-class W222\/C217\"}]},{\"@type\":\"WebSite\",\"@id\":\"https:\/\/vzduchovetlmice.sk\/#website\",\"url\":\"https:\/\/vzduchovetlmice.sk\/\",\"name\":\"VzduchoveTlmice.sk\",\"description\":\"predaj dielov pre vzduchov\u00fd podvozok\",\"potentialAction\":[{\"@type\":\"SearchAction\",\"target\":{\"@type\":\"EntryPoint\",\"urlTemplate\":\"https:\/\/vzduchovetlmice.sk\/?s={search_term_string}\"},\"query-input\":{\"@type\":\"PropertyValueSpecification\",\"valueRequired\":true,\"valueName\":\"search_term_string\"}}],\"inLanguage\":\"cs\"}]}<\/script>\n<!-- \/ Yoast SEO Premium plugin. -->","yoast_head_json":{"title":"Zadn\u00ed lev\u00fd vzduchov\u00fd tlumi\u010d Mercedes Benz S-class W222\/C217","description":"Nov\u00fd zadn\u00ed lev\u00fd vzduchov\u00fd tlumi\u010d pro Mercedes Benz S-class W222\/V222\/X222 (2013\u20132020), Mercedes Benz S-class Coupe C217 (2014\u20132020) a Mercedes Benz S-class Cabriolet A217 (2014\u20132020) - AIRMATIC dopln\u011bn o syst\u00e9m Adaptive Dumping Control. \u00a0OEM: A2223207313, A222320731389, A2223202900, A222320290089, A2223205313, A2223205901, A 2223207313, A 222320731389, A 2223202900, A 222320290089, A 2223205313, A 2223205901, 2223207313, 222320731389, 2223202900, 222320290089, 2223205313, 2223205901, 44-239985, AS-3361","robots":{"index":"index","follow":"follow","max-snippet":"max-snippet:-1","max-image-preview":"max-image-preview:large","max-video-preview":"max-video-preview:-1"},"canonical":"https:\/\/vzduchovetlmice.sk\/cs\/produkty\/zadni-levy-vzduchovy-tlumic-mercedes-benz-s-class-w222-c217\/","og_locale":"cs_CZ","og_type":"article","og_title":"Zadn\u00ed lev\u00fd vzduchov\u00fd tlumi\u010d Mercedes Benz S-class W222\/C217","og_description":"Nov\u00fd zadn\u00ed lev\u00fd vzduchov\u00fd tlumi\u010d pro Mercedes Benz S-class W222\/V222\/X222 (2013\u20132020), Mercedes Benz S-class Coupe C217 (2014\u20132020) a Mercedes Benz S-class Cabriolet A217 (2014\u20132020) - AIRMATIC dopln\u011bn o syst\u00e9m Adaptive Dumping Control. \u00a0OEM: A2223207313, A222320731389, A2223202900, A222320290089, A2223205313, A2223205901, A 2223207313, A 222320731389, A 2223202900, A 222320290089, A 2223205313, A 2223205901, 2223207313, 222320731389, 2223202900, 222320290089, 2223205313, 2223205901, 44-239985, AS-3361","og_url":"https:\/\/vzduchovetlmice.sk\/cs\/produkty\/zadni-levy-vzduchovy-tlumic-mercedes-benz-s-class-w222-c217\/","og_site_name":"VzduchoveTlmice.sk","article_modified_time":"2025-11-17T18:01:18+00:00","og_image":[{"width":1000,"height":1000,"url":"https:\/\/vzduchovetlmice.sk\/wp-content\/uploads\/2025\/07\/Zadny-lavy-vzduchovy-tlmic-Mercedes-Benz-S-class-W222-C217-A2223207313-A222320731389-A2223202900-A222320290089-A2223205313.jpg","type":"image\/jpeg"}],"twitter_card":"summary_large_image","twitter_misc":{"Odhadovan\u00e1 doba \u010dten\u00ed":"1 minuta"},"schema":{"@context":"https:\/\/schema.org","@graph":[{"@type":"WebPage","@id":"https:\/\/vzduchovetlmice.sk\/cs\/produkty\/zadni-levy-vzduchovy-tlumic-mercedes-benz-s-class-w222-c217\/","url":"https:\/\/vzduchovetlmice.sk\/cs\/produkty\/zadni-levy-vzduchovy-tlumic-mercedes-benz-s-class-w222-c217\/","name":"Zadn\u00ed lev\u00fd vzduchov\u00fd tlumi\u010d Mercedes Benz S-class W222\/C217","isPartOf":{"@id":"https:\/\/vzduchovetlmice.sk\/#website"},"primaryImageOfPage":{"@id":"https:\/\/vzduchovetlmice.sk\/cs\/produkty\/zadni-levy-vzduchovy-tlumic-mercedes-benz-s-class-w222-c217\/#primaryimage"},"image":{"@id":"https:\/\/vzduchovetlmice.sk\/cs\/produkty\/zadni-levy-vzduchovy-tlumic-mercedes-benz-s-class-w222-c217\/#primaryimage"},"thumbnailUrl":"https:\/\/vzduchovetlmice.sk\/wp-content\/uploads\/2025\/07\/Zadny-lavy-vzduchovy-tlmic-Mercedes-Benz-S-class-W222-C217-A2223207313-A222320731389-A2223202900-A222320290089-A2223205313.jpg","datePublished":"2025-07-21T17:31:47+00:00","dateModified":"2025-11-17T18:01:18+00:00","description":"Nov\u00fd zadn\u00ed lev\u00fd vzduchov\u00fd tlumi\u010d pro Mercedes Benz S-class W222\/V222\/X222 (2013\u20132020), Mercedes Benz S-class Coupe C217 (2014\u20132020) a Mercedes Benz S-class Cabriolet A217 (2014\u20132020) - AIRMATIC dopln\u011bn o syst\u00e9m Adaptive Dumping Control. \u00a0OEM: A2223207313, A222320731389, A2223202900, A222320290089, A2223205313, A2223205901, A 2223207313, A 222320731389, A 2223202900, A 222320290089, A 2223205313, A 2223205901, 2223207313, 222320731389, 2223202900, 222320290089, 2223205313, 2223205901, 44-239985, AS-3361","breadcrumb":{"@id":"https:\/\/vzduchovetlmice.sk\/cs\/produkty\/zadni-levy-vzduchovy-tlumic-mercedes-benz-s-class-w222-c217\/#breadcrumb"},"inLanguage":"cs","potentialAction":[{"@type":"ReadAction","target":["https:\/\/vzduchovetlmice.sk\/cs\/produkty\/zadni-levy-vzduchovy-tlumic-mercedes-benz-s-class-w222-c217\/"]}]},{"@type":"ImageObject","inLanguage":"cs","@id":"https:\/\/vzduchovetlmice.sk\/cs\/produkty\/zadni-levy-vzduchovy-tlumic-mercedes-benz-s-class-w222-c217\/#primaryimage","url":"https:\/\/vzduchovetlmice.sk\/wp-content\/uploads\/2025\/07\/Zadny-lavy-vzduchovy-tlmic-Mercedes-Benz-S-class-W222-C217-A2223207313-A222320731389-A2223202900-A222320290089-A2223205313.jpg","contentUrl":"https:\/\/vzduchovetlmice.sk\/wp-content\/uploads\/2025\/07\/Zadny-lavy-vzduchovy-tlmic-Mercedes-Benz-S-class-W222-C217-A2223207313-A222320731389-A2223202900-A222320290089-A2223205313.jpg","width":1000,"height":1000,"caption":"Zadn\u00fd \u013eav\u00fd vzduchov\u00fd tlmi\u010d Mercedes Benz S-class W222, C217, A2223207313, A222320731389, A2223202900, A222320290089, A2223205313"},{"@type":"BreadcrumbList","@id":"https:\/\/vzduchovetlmice.sk\/cs\/produkty\/zadni-levy-vzduchovy-tlumic-mercedes-benz-s-class-w222-c217\/#breadcrumb","itemListElement":[{"@type":"ListItem","position":1,"name":"Domovsk\u00e1 str\u00e1nka","item":"https:\/\/vzduchovetlmice.sk\/"},{"@type":"ListItem","position":2,"name":"Obchod","item":"https:\/\/vzduchovetlmice.sk\/obchod\/"},{"@type":"ListItem","position":3,"name":"Zadn\u00ed lev\u00fd vzduchov\u00fd tlumi\u010d Mercedes Benz S-class W222\/C217"}]},{"@type":"WebSite","@id":"https:\/\/vzduchovetlmice.sk\/#website","url":"https:\/\/vzduchovetlmice.sk\/","name":"VzduchoveTlmice.sk","description":"predaj dielov pre vzduchov\u00fd podvozok","potentialAction":[{"@type":"SearchAction","target":{"@type":"EntryPoint","urlTemplate":"https:\/\/vzduchovetlmice.sk\/?s={search_term_string}"},"query-input":{"@type":"PropertyValueSpecification","valueRequired":true,"valueName":"search_term_string"}}],"inLanguage":"cs"}]}},"_links":{"self":[{"href":"https:\/\/vzduchovetlmice.sk\/cs\/wp-json\/wp\/v2\/product\/101584","targetHints":{"allow":["GET"]}}],"collection":[{"href":"https:\/\/vzduchovetlmice.sk\/cs\/wp-json\/wp\/v2\/product"}],"about":[{"href":"https:\/\/vzduchovetlmice.sk\/cs\/wp-json\/wp\/v2\/types\/product"}],"wp:featuredmedia":[{"embeddable":true,"href":"https:\/\/vzduchovetlmice.sk\/cs\/wp-json\/wp\/v2\/media\/103177"}],"wp:attachment":[{"href":"https:\/\/vzduchovetlmice.sk\/cs\/wp-json\/wp\/v2\/media?parent=101584"}],"wp:term":[{"taxonomy":"product_brand","embeddable":true,"href":"https:\/\/vzduchovetlmice.sk\/cs\/wp-json\/wp\/v2\/product_brand?post=101584"},{"taxonomy":"product_cat","embeddable":true,"href":"https:\/\/vzduchovetlmice.sk\/cs\/wp-json\/wp\/v2\/product_cat?post=101584"},{"taxonomy":"product_tag","embeddable":true,"href":"https:\/\/vzduchovetlmice.sk\/cs\/wp-json\/wp\/v2\/product_tag?post=101584"}],"curies":[{"name":"wp","href":"https:\/\/api.w.org\/{rel}","templated":true}]}}