{"id":101592,"date":"2025-07-21T18:16:51","date_gmt":"2025-07-21T18:16:51","guid":{"rendered":"https:\/\/vzduchovetlmice.sk\/?post_type=product&#038;p=101592"},"modified":"2025-11-17T16:21:05","modified_gmt":"2025-11-17T16:21:05","slug":"predni-vzduchovy-mech-mercedes-benz-s-class-w222-c217-4matic","status":"publish","type":"product","link":"https:\/\/vzduchovetlmice.sk\/cs\/produkty\/predni-vzduchovy-mech-mercedes-benz-s-class-w222-c217-4matic\/","title":{"rendered":"P\u0159edn\u00ed vzduchov\u00fd m\u011bch Mercedes Benz S-class W222\/C217 &#8211; 4Matic"},"content":{"rendered":"<h3><strong>Dal\u0161\u00ed informace:<\/strong><\/h3>\n<p>Nov\u00fd p\u0159edn\u00ed vzduchov\u00fd m\u011bch pro Mercedes Benz S-class W222\/V222\/X222 (2013-2020), Mercedes Benz S-class Coupe C217 (2014-2020) a Mercedes Benz S-class Cabriolet A217 (2014-2020) Airmatic &#8211; 4Matic.<\/p>\n<p>Vhodn\u00fd i pro modely AMG.<\/p>\n<p>Pneumatick\u00fd m\u011bch je stejn\u00fd pro levou i pravou stranu.<\/p>\n<h4><strong>Origin\u00e1ln\u00ed v\u00fdrobn\u00ed \u010d\u00edsla (OEM): <\/strong><\/h4>\n<p>A2223208213, 2223208213, A2223208113, 2223204913, 2223206313, A2223206313, 2223206413, A2223206413, 222320210089, A2223202100,\u00a0 2223202100, A2223204913, 222320811389, 222320821389, 2223205013, A2223205013, A2223202200, 2223202200, 222320220089, 2223208113, 44-240011, 44-240004, AS-3367, AS-3366<\/p>\n","protected":false},"excerpt":{"rendered":"<p><strong>Zna\u010dka: <\/strong>Mercedes Benz<\/p>\n<p><strong>Model:<\/strong> S -class W222\/ V222\/ X222 (2013 \u2013 2020), S -class Coupe C217 (2014 \u2013 2020), S -class Cabriolet A217 (2014 \u2013 2020)<\/p>\n<p><strong>Typ:<\/strong> 4Matic (4WD), AMG, Airmatic<\/p>\n<p><strong>Poloha: <\/strong>P\u0159edn\u00ed n\u00e1prava vpravo\/vlevo<\/p>\n<p><strong>V\u00fdrobce: <\/strong>OEM<\/p>\n<p><strong>Stav:\u00a0<\/strong>Nov\u00e9<\/p>\n<p><strong>Z\u00e1ruka:\u00a0<\/strong>2 roky<\/p>\n<p><strong>Dostupnost:<\/strong>\u00a0<span style=\"color: #00ff00;\"><strong>Skladem<\/strong><\/span><\/p>\n","protected":false},"featured_media":103171,"template":"","meta":{"_et_pb_use_builder":"","_et_pb_old_content":"","_et_gb_content_width":""},"product_brand":[52],"product_cat":[333,579],"product_tag":[],"class_list":{"0":"post-101592","1":"product","2":"type-product","3":"status-publish","4":"has-post-thumbnail","6":"product_brand-mercedes-benz","7":"product_cat-mercedes-benz-cs","8":"product_cat-s-w222-c217-2013-2020-cs","10":"first","11":"instock","12":"shipping-taxable","13":"purchasable","14":"product-type-simple"},"yoast_head":"<!-- This site is optimized with the Yoast SEO Premium plugin v24.9 (Yoast SEO v27.1.1) - https:\/\/yoast.com\/product\/yoast-seo-premium-wordpress\/ -->\n<title>P\u0159edn\u00ed vzduchov\u00fd m\u011bch Mercedes Benz S-class W222 - 4Matic<\/title>\n<meta name=\"description\" content=\"Nov\u00fd p\u0159edn\u00ed vzduchov\u00fd m\u011bch pro Mercedes Benz S-class W222\/V222\/X222 (2013-2020), Mercedes Benz S-class Coupe C217 (2014-2020) a Mercedes Benz S-class Cabriolet A217 (2014-2020) Airmatic - 4Matic. Vhodn\u00fd i pro modely AMG. OEM: A2223208213, 2223208213, A2223208113, 2223204913, 2223206313, A2223206313, 2223206413, A2223206413, 222320210089, A2223202100,\u00a0 2223202100, A2223204913, 222320811389, 222320821389, 2223205013, A2223205013, A2223202200, 2223202200, 222320220089, 2223208113, 44-240011, 44-240004, AS-3367, AS-3366\" \/>\n<meta name=\"robots\" content=\"index, follow, max-snippet:-1, max-image-preview:large, max-video-preview:-1\" \/>\n<link rel=\"canonical\" href=\"https:\/\/vzduchovetlmice.sk\/produkty\/predny-vzduchovy-vankus-mercedes-benz-s-class-w222-c217-4matic\/\" \/>\n<meta property=\"og:locale\" content=\"cs_CZ\" \/>\n<meta property=\"og:type\" content=\"article\" \/>\n<meta property=\"og:title\" content=\"P\u0159edn\u00ed vzduchov\u00fd m\u011bch Mercedes Benz S-class W222\/C217 - 4Matic\" \/>\n<meta property=\"og:description\" content=\"Nov\u00fd p\u0159edn\u00ed vzduchov\u00fd m\u011bch pro Mercedes Benz S-class W222\/V222\/X222 (2013-2020), Mercedes Benz S-class Coupe C217 (2014-2020) a Mercedes Benz S-class Cabriolet A217 (2014-2020) Airmatic - 4Matic. Vhodn\u00fd i pro modely AMG. OEM: A2223208213, 2223208213, A2223208113, 2223204913, 2223206313, A2223206313, 2223206413, A2223206413, 222320210089, A2223202100,\u00a0 2223202100, A2223204913, 222320811389, 222320821389, 2223205013, A2223205013, A2223202200, 2223202200, 222320220089, 2223208113, 44-240011, 44-240004, AS-3367, AS-3366\" \/>\n<meta property=\"og:url\" content=\"https:\/\/vzduchovetlmice.sk\/produkty\/predny-vzduchovy-vankus-mercedes-benz-s-class-w222-c217-4matic\/\" \/>\n<meta property=\"og:site_name\" content=\"VzduchoveTlmice.sk\" \/>\n<meta property=\"article:modified_time\" content=\"2025-11-17T16:21:05+00:00\" \/>\n<meta name=\"twitter:card\" content=\"summary_large_image\" \/>\n<meta name=\"twitter:label1\" content=\"Odhadovan\u00e1 doba \u010dten\u00ed\" \/>\n\t<meta name=\"twitter:data1\" content=\"1 minuta\" \/>\n<script type=\"application\/ld+json\" class=\"yoast-schema-graph\">{\"@context\":\"https:\/\/schema.org\",\"@graph\":[{\"@type\":\"WebPage\",\"@id\":\"https:\/\/vzduchovetlmice.sk\/produkty\/predny-vzduchovy-vankus-mercedes-benz-s-class-w222-c217-4matic\/\",\"url\":\"https:\/\/vzduchovetlmice.sk\/produkty\/predny-vzduchovy-vankus-mercedes-benz-s-class-w222-c217-4matic\/\",\"name\":\"P\u0159edn\u00ed vzduchov\u00fd m\u011bch Mercedes Benz S-class W222 - 4Matic\",\"isPartOf\":{\"@id\":\"https:\/\/vzduchovetlmice.sk\/#website\"},\"primaryImageOfPage\":{\"@id\":\"https:\/\/vzduchovetlmice.sk\/produkty\/predny-vzduchovy-vankus-mercedes-benz-s-class-w222-c217-4matic\/#primaryimage\"},\"image\":{\"@id\":\"https:\/\/vzduchovetlmice.sk\/produkty\/predny-vzduchovy-vankus-mercedes-benz-s-class-w222-c217-4matic\/#primaryimage\"},\"thumbnailUrl\":\"https:\/\/vzduchovetlmice.sk\/wp-content\/uploads\/2025\/07\/Predny-vzduchovy-vankus-Mercedes-Benz-S-class-W222-C217-4Matic-4WD-A2223208213-2223208213-A2223208113-2223204913-2223206313-A2223206313-2223206413.jpg\",\"datePublished\":\"2025-07-21T18:16:51+00:00\",\"dateModified\":\"2025-11-17T16:21:05+00:00\",\"description\":\"Nov\u00fd p\u0159edn\u00ed vzduchov\u00fd m\u011bch pro Mercedes Benz S-class W222\/V222\/X222 (2013-2020), Mercedes Benz S-class Coupe C217 (2014-2020) a Mercedes Benz S-class Cabriolet A217 (2014-2020) Airmatic - 4Matic. Vhodn\u00fd i pro modely AMG. OEM: A2223208213, 2223208213, A2223208113, 2223204913, 2223206313, A2223206313, 2223206413, A2223206413, 222320210089, A2223202100,\u00a0 2223202100, A2223204913, 222320811389, 222320821389, 2223205013, A2223205013, A2223202200, 2223202200, 222320220089, 2223208113, 44-240011, 44-240004, AS-3367, AS-3366\",\"breadcrumb\":{\"@id\":\"https:\/\/vzduchovetlmice.sk\/produkty\/predny-vzduchovy-vankus-mercedes-benz-s-class-w222-c217-4matic\/#breadcrumb\"},\"inLanguage\":\"cs\",\"potentialAction\":[{\"@type\":\"ReadAction\",\"target\":[\"https:\/\/vzduchovetlmice.sk\/produkty\/predny-vzduchovy-vankus-mercedes-benz-s-class-w222-c217-4matic\/\"]}]},{\"@type\":\"ImageObject\",\"inLanguage\":\"cs\",\"@id\":\"https:\/\/vzduchovetlmice.sk\/produkty\/predny-vzduchovy-vankus-mercedes-benz-s-class-w222-c217-4matic\/#primaryimage\",\"url\":\"https:\/\/vzduchovetlmice.sk\/wp-content\/uploads\/2025\/07\/Predny-vzduchovy-vankus-Mercedes-Benz-S-class-W222-C217-4Matic-4WD-A2223208213-2223208213-A2223208113-2223204913-2223206313-A2223206313-2223206413.jpg\",\"contentUrl\":\"https:\/\/vzduchovetlmice.sk\/wp-content\/uploads\/2025\/07\/Predny-vzduchovy-vankus-Mercedes-Benz-S-class-W222-C217-4Matic-4WD-A2223208213-2223208213-A2223208113-2223204913-2223206313-A2223206313-2223206413.jpg\",\"width\":1000,\"height\":1000,\"caption\":\"Predn\u00fd vzduchov\u00fd vank\u00fa\u0161 Mercedes Benz S-class W222, C217, 4Matic, 4WD, A2223208213, 2223208213, A2223208113, 2223204913, 2223206313, A2223206313, 2223206413\"},{\"@type\":\"BreadcrumbList\",\"@id\":\"https:\/\/vzduchovetlmice.sk\/produkty\/predny-vzduchovy-vankus-mercedes-benz-s-class-w222-c217-4matic\/#breadcrumb\",\"itemListElement\":[{\"@type\":\"ListItem\",\"position\":1,\"name\":\"Domovsk\u00e1 str\u00e1nka\",\"item\":\"https:\/\/vzduchovetlmice.sk\/\"},{\"@type\":\"ListItem\",\"position\":2,\"name\":\"Obchod\",\"item\":\"https:\/\/vzduchovetlmice.sk\/obchod\/\"},{\"@type\":\"ListItem\",\"position\":3,\"name\":\"P\u0159edn\u00ed vzduchov\u00fd m\u011bch Mercedes Benz S-class W222\/C217 &#8211; 4Matic\"}]},{\"@type\":\"WebSite\",\"@id\":\"https:\/\/vzduchovetlmice.sk\/#website\",\"url\":\"https:\/\/vzduchovetlmice.sk\/\",\"name\":\"VzduchoveTlmice.sk\",\"description\":\"predaj dielov pre vzduchov\u00fd podvozok\",\"potentialAction\":[{\"@type\":\"SearchAction\",\"target\":{\"@type\":\"EntryPoint\",\"urlTemplate\":\"https:\/\/vzduchovetlmice.sk\/?s={search_term_string}\"},\"query-input\":{\"@type\":\"PropertyValueSpecification\",\"valueRequired\":true,\"valueName\":\"search_term_string\"}}],\"inLanguage\":\"cs\"}]}<\/script>\n<!-- \/ Yoast SEO Premium plugin. -->","yoast_head_json":{"title":"P\u0159edn\u00ed vzduchov\u00fd m\u011bch Mercedes Benz S-class W222 - 4Matic","description":"Nov\u00fd p\u0159edn\u00ed vzduchov\u00fd m\u011bch pro Mercedes Benz S-class W222\/V222\/X222 (2013-2020), Mercedes Benz S-class Coupe C217 (2014-2020) a Mercedes Benz S-class Cabriolet A217 (2014-2020) Airmatic - 4Matic. Vhodn\u00fd i pro modely AMG. OEM: A2223208213, 2223208213, A2223208113, 2223204913, 2223206313, A2223206313, 2223206413, A2223206413, 222320210089, A2223202100,\u00a0 2223202100, A2223204913, 222320811389, 222320821389, 2223205013, A2223205013, A2223202200, 2223202200, 222320220089, 2223208113, 44-240011, 44-240004, AS-3367, AS-3366","robots":{"index":"index","follow":"follow","max-snippet":"max-snippet:-1","max-image-preview":"max-image-preview:large","max-video-preview":"max-video-preview:-1"},"canonical":"https:\/\/vzduchovetlmice.sk\/produkty\/predny-vzduchovy-vankus-mercedes-benz-s-class-w222-c217-4matic\/","og_locale":"cs_CZ","og_type":"article","og_title":"P\u0159edn\u00ed vzduchov\u00fd m\u011bch Mercedes Benz S-class W222\/C217 - 4Matic","og_description":"Nov\u00fd p\u0159edn\u00ed vzduchov\u00fd m\u011bch pro Mercedes Benz S-class W222\/V222\/X222 (2013-2020), Mercedes Benz S-class Coupe C217 (2014-2020) a Mercedes Benz S-class Cabriolet A217 (2014-2020) Airmatic - 4Matic. Vhodn\u00fd i pro modely AMG. OEM: A2223208213, 2223208213, A2223208113, 2223204913, 2223206313, A2223206313, 2223206413, A2223206413, 222320210089, A2223202100,\u00a0 2223202100, A2223204913, 222320811389, 222320821389, 2223205013, A2223205013, A2223202200, 2223202200, 222320220089, 2223208113, 44-240011, 44-240004, AS-3367, AS-3366","og_url":"https:\/\/vzduchovetlmice.sk\/produkty\/predny-vzduchovy-vankus-mercedes-benz-s-class-w222-c217-4matic\/","og_site_name":"VzduchoveTlmice.sk","article_modified_time":"2025-11-17T16:21:05+00:00","twitter_card":"summary_large_image","twitter_misc":{"Odhadovan\u00e1 doba \u010dten\u00ed":"1 minuta"},"schema":{"@context":"https:\/\/schema.org","@graph":[{"@type":"WebPage","@id":"https:\/\/vzduchovetlmice.sk\/produkty\/predny-vzduchovy-vankus-mercedes-benz-s-class-w222-c217-4matic\/","url":"https:\/\/vzduchovetlmice.sk\/produkty\/predny-vzduchovy-vankus-mercedes-benz-s-class-w222-c217-4matic\/","name":"P\u0159edn\u00ed vzduchov\u00fd m\u011bch Mercedes Benz S-class W222 - 4Matic","isPartOf":{"@id":"https:\/\/vzduchovetlmice.sk\/#website"},"primaryImageOfPage":{"@id":"https:\/\/vzduchovetlmice.sk\/produkty\/predny-vzduchovy-vankus-mercedes-benz-s-class-w222-c217-4matic\/#primaryimage"},"image":{"@id":"https:\/\/vzduchovetlmice.sk\/produkty\/predny-vzduchovy-vankus-mercedes-benz-s-class-w222-c217-4matic\/#primaryimage"},"thumbnailUrl":"https:\/\/vzduchovetlmice.sk\/wp-content\/uploads\/2025\/07\/Predny-vzduchovy-vankus-Mercedes-Benz-S-class-W222-C217-4Matic-4WD-A2223208213-2223208213-A2223208113-2223204913-2223206313-A2223206313-2223206413.jpg","datePublished":"2025-07-21T18:16:51+00:00","dateModified":"2025-11-17T16:21:05+00:00","description":"Nov\u00fd p\u0159edn\u00ed vzduchov\u00fd m\u011bch pro Mercedes Benz S-class W222\/V222\/X222 (2013-2020), Mercedes Benz S-class Coupe C217 (2014-2020) a Mercedes Benz S-class Cabriolet A217 (2014-2020) Airmatic - 4Matic. Vhodn\u00fd i pro modely AMG. OEM: A2223208213, 2223208213, A2223208113, 2223204913, 2223206313, A2223206313, 2223206413, A2223206413, 222320210089, A2223202100,\u00a0 2223202100, A2223204913, 222320811389, 222320821389, 2223205013, A2223205013, A2223202200, 2223202200, 222320220089, 2223208113, 44-240011, 44-240004, AS-3367, AS-3366","breadcrumb":{"@id":"https:\/\/vzduchovetlmice.sk\/produkty\/predny-vzduchovy-vankus-mercedes-benz-s-class-w222-c217-4matic\/#breadcrumb"},"inLanguage":"cs","potentialAction":[{"@type":"ReadAction","target":["https:\/\/vzduchovetlmice.sk\/produkty\/predny-vzduchovy-vankus-mercedes-benz-s-class-w222-c217-4matic\/"]}]},{"@type":"ImageObject","inLanguage":"cs","@id":"https:\/\/vzduchovetlmice.sk\/produkty\/predny-vzduchovy-vankus-mercedes-benz-s-class-w222-c217-4matic\/#primaryimage","url":"https:\/\/vzduchovetlmice.sk\/wp-content\/uploads\/2025\/07\/Predny-vzduchovy-vankus-Mercedes-Benz-S-class-W222-C217-4Matic-4WD-A2223208213-2223208213-A2223208113-2223204913-2223206313-A2223206313-2223206413.jpg","contentUrl":"https:\/\/vzduchovetlmice.sk\/wp-content\/uploads\/2025\/07\/Predny-vzduchovy-vankus-Mercedes-Benz-S-class-W222-C217-4Matic-4WD-A2223208213-2223208213-A2223208113-2223204913-2223206313-A2223206313-2223206413.jpg","width":1000,"height":1000,"caption":"Predn\u00fd vzduchov\u00fd vank\u00fa\u0161 Mercedes Benz S-class W222, C217, 4Matic, 4WD, A2223208213, 2223208213, A2223208113, 2223204913, 2223206313, A2223206313, 2223206413"},{"@type":"BreadcrumbList","@id":"https:\/\/vzduchovetlmice.sk\/produkty\/predny-vzduchovy-vankus-mercedes-benz-s-class-w222-c217-4matic\/#breadcrumb","itemListElement":[{"@type":"ListItem","position":1,"name":"Domovsk\u00e1 str\u00e1nka","item":"https:\/\/vzduchovetlmice.sk\/"},{"@type":"ListItem","position":2,"name":"Obchod","item":"https:\/\/vzduchovetlmice.sk\/obchod\/"},{"@type":"ListItem","position":3,"name":"P\u0159edn\u00ed vzduchov\u00fd m\u011bch Mercedes Benz S-class W222\/C217 &#8211; 4Matic"}]},{"@type":"WebSite","@id":"https:\/\/vzduchovetlmice.sk\/#website","url":"https:\/\/vzduchovetlmice.sk\/","name":"VzduchoveTlmice.sk","description":"predaj dielov pre vzduchov\u00fd podvozok","potentialAction":[{"@type":"SearchAction","target":{"@type":"EntryPoint","urlTemplate":"https:\/\/vzduchovetlmice.sk\/?s={search_term_string}"},"query-input":{"@type":"PropertyValueSpecification","valueRequired":true,"valueName":"search_term_string"}}],"inLanguage":"cs"}]}},"_links":{"self":[{"href":"https:\/\/vzduchovetlmice.sk\/cs\/wp-json\/wp\/v2\/product\/101592","targetHints":{"allow":["GET"]}}],"collection":[{"href":"https:\/\/vzduchovetlmice.sk\/cs\/wp-json\/wp\/v2\/product"}],"about":[{"href":"https:\/\/vzduchovetlmice.sk\/cs\/wp-json\/wp\/v2\/types\/product"}],"wp:featuredmedia":[{"embeddable":true,"href":"https:\/\/vzduchovetlmice.sk\/cs\/wp-json\/wp\/v2\/media\/103171"}],"wp:attachment":[{"href":"https:\/\/vzduchovetlmice.sk\/cs\/wp-json\/wp\/v2\/media?parent=101592"}],"wp:term":[{"taxonomy":"product_brand","embeddable":true,"href":"https:\/\/vzduchovetlmice.sk\/cs\/wp-json\/wp\/v2\/product_brand?post=101592"},{"taxonomy":"product_cat","embeddable":true,"href":"https:\/\/vzduchovetlmice.sk\/cs\/wp-json\/wp\/v2\/product_cat?post=101592"},{"taxonomy":"product_tag","embeddable":true,"href":"https:\/\/vzduchovetlmice.sk\/cs\/wp-json\/wp\/v2\/product_tag?post=101592"}],"curies":[{"name":"wp","href":"https:\/\/api.w.org\/{rel}","templated":true}]}}