{"id":101628,"date":"2025-07-25T13:10:29","date_gmt":"2025-07-25T13:10:29","guid":{"rendered":"https:\/\/vzduchovetlmice.sk\/?post_type=product&#038;p=101628"},"modified":"2026-01-15T17:17:01","modified_gmt":"2026-01-15T17:17:01","slug":"zadni-samonivelacni-tlumic-chevrolet-captiva-original-gm","status":"publish","type":"product","link":"https:\/\/vzduchovetlmice.sk\/cs\/produkty\/zadni-samonivelacni-tlumic-chevrolet-captiva-original-gm\/","title":{"rendered":"Zadn\u00ed samonivela\u010dn\u00ed tlumi\u010d Chevrolet Captiva \u2013 Origin\u00e1l GM"},"content":{"rendered":"<h3><strong>Dal\u0161\u00ed informace:<\/strong><\/h3>\n<p>Nov\u00fd zadn\u00ed samonivela\u010dn\u00ed tlumi\u010d pru\u017een\u00ed Chevrolet Captiva C100\/C140 (2006 \u2013 ).<\/p>\n<p>Jedn\u00e1 se o origin\u00e1ln\u00ed tlumi\u010d p\u00e9rov\u00e1n\u00ed Chevrolet &#8211; General Motors &#8222;GM&#8220; (prvov\u00fdroba).<\/p>\n<p>Tlumi\u010d je stejn\u00fd pro pravou i levou stranu a prod\u00e1v\u00e1 se bez pru\u017einy (jako na fotce).<\/p>\n<h4><strong>Origin\u00e1ln\u00ed v\u00fdrobn\u00ed \u010d\u00edsla (OEM): <\/strong><\/h4>\n<p>25995944, 96863973, 96626242, 25995942, 20924216<\/p>\n<div class=\"product-position-wrapper\">\n<div class=\"product-position icon-car-stroke front-right front-left\">\n<p>&nbsp;<\/p>\n<\/div>\n<\/div>\n","protected":false},"excerpt":{"rendered":"<p><strong>Zna\u010dka: <\/strong>Chevrolet<\/p>\n<p><strong>Model:<\/strong> Chevrolet Captiva C100\/C140 (2006 \u2013 )<\/p>\n<p><strong>Typ:<\/strong> Samonivela\u010dn\u00ed \/ Nivomat \/ Self leveling<\/p>\n<p><strong>Poloha: <\/strong>Zadn\u00ed n\u00e1prava vpravo\/vlevo<\/p>\n<p><strong>V\u00fdrobce: <\/strong>Chevrolet\/GM<\/p>\n<p><strong>Stav:\u00a0<\/strong>Nov\u00e9<\/p>\n<p><strong>Z\u00e1ruka:\u00a0<\/strong>2 roky<\/p>\n<p><strong>Dostupnost:<\/strong> <span style=\"color: #00ff00;\"><b>Skladem<\/b><\/span><\/p>\n","protected":false},"featured_media":103068,"template":"","meta":{"_et_pb_use_builder":"","_et_pb_old_content":"","_et_gb_content_width":""},"product_brand":[489],"product_cat":[554],"product_tag":[],"class_list":{"0":"post-101628","1":"product","2":"type-product","3":"status-publish","4":"has-post-thumbnail","6":"product_brand-chevrolet","7":"product_cat-chevrolet-cs","9":"first","10":"instock","11":"shipping-taxable","12":"purchasable","13":"product-type-simple"},"yoast_head":"<!-- This site is optimized with the Yoast SEO Premium plugin v24.9 (Yoast SEO v27.1.1) - https:\/\/yoast.com\/product\/yoast-seo-premium-wordpress\/ -->\n<title>Zadn\u00ed samonivela\u010dn\u00ed tlumi\u010d Chevrolet Captiva \u2013 Origin\u00e1l GM<\/title>\n<meta name=\"description\" content=\"Nov\u00fd zadn\u00ed samonivela\u010dn\u00ed tlumi\u010d pru\u017een\u00ed Chevrolet Captiva C100\/C140 (2006 \u2013 ). Jedn\u00e1 se o origin\u00e1ln\u00ed tlumi\u010d p\u00e9rov\u00e1n\u00ed Chevrolet - General Motors &quot;GM&quot; (prvov\u00fdroba). OEM: 25995944, 96863973, 96626242, 25995942, 20924216. Nivomat, Self Leveling, Self Levelizer\" \/>\n<meta name=\"robots\" content=\"index, follow, max-snippet:-1, max-image-preview:large, max-video-preview:-1\" \/>\n<link rel=\"canonical\" href=\"https:\/\/vzduchovetlmice.sk\/cs\/produkty\/zadni-samonivelacni-tlumic-chevrolet-captiva-original-gm\/\" \/>\n<meta property=\"og:locale\" content=\"cs_CZ\" \/>\n<meta property=\"og:type\" content=\"article\" \/>\n<meta property=\"og:title\" content=\"Zadn\u00ed samonivela\u010dn\u00ed tlumi\u010d Chevrolet Captiva \u2013 Origin\u00e1l GM\" \/>\n<meta property=\"og:description\" content=\"Nov\u00fd zadn\u00ed samonivela\u010dn\u00ed tlumi\u010d pru\u017een\u00ed Chevrolet Captiva C100\/C140 (2006 \u2013 ). Jedn\u00e1 se o origin\u00e1ln\u00ed tlumi\u010d p\u00e9rov\u00e1n\u00ed Chevrolet - General Motors &quot;GM&quot; (prvov\u00fdroba). OEM: 25995944, 96863973, 96626242, 25995942, 20924216. Nivomat, Self Leveling, Self Levelizer\" \/>\n<meta property=\"og:url\" content=\"https:\/\/vzduchovetlmice.sk\/cs\/produkty\/zadni-samonivelacni-tlumic-chevrolet-captiva-original-gm\/\" \/>\n<meta property=\"og:site_name\" content=\"VzduchoveTlmice.sk\" \/>\n<meta property=\"article:modified_time\" content=\"2026-01-15T17:17:01+00:00\" \/>\n<meta property=\"og:image\" content=\"https:\/\/vzduchovetlmice.sk\/wp-content\/uploads\/2025\/07\/Zadny-samonivelacny-tlmic-Chevrolet-Captiva-\u2013-Original-GM-25995944-96863973-96626242-25995942-20924216.jpg\" \/>\n\t<meta property=\"og:image:width\" content=\"1000\" \/>\n\t<meta property=\"og:image:height\" content=\"1000\" \/>\n\t<meta property=\"og:image:type\" content=\"image\/jpeg\" \/>\n<meta name=\"twitter:card\" content=\"summary_large_image\" \/>\n<meta name=\"twitter:label1\" content=\"Odhadovan\u00e1 doba \u010dten\u00ed\" \/>\n\t<meta name=\"twitter:data1\" content=\"1 minuta\" \/>\n<script type=\"application\/ld+json\" class=\"yoast-schema-graph\">{\"@context\":\"https:\/\/schema.org\",\"@graph\":[{\"@type\":\"WebPage\",\"@id\":\"https:\/\/vzduchovetlmice.sk\/cs\/produkty\/zadni-samonivelacni-tlumic-chevrolet-captiva-original-gm\/\",\"url\":\"https:\/\/vzduchovetlmice.sk\/cs\/produkty\/zadni-samonivelacni-tlumic-chevrolet-captiva-original-gm\/\",\"name\":\"Zadn\u00ed samonivela\u010dn\u00ed tlumi\u010d Chevrolet Captiva \u2013 Origin\u00e1l GM\",\"isPartOf\":{\"@id\":\"https:\/\/vzduchovetlmice.sk\/#website\"},\"primaryImageOfPage\":{\"@id\":\"https:\/\/vzduchovetlmice.sk\/cs\/produkty\/zadni-samonivelacni-tlumic-chevrolet-captiva-original-gm\/#primaryimage\"},\"image\":{\"@id\":\"https:\/\/vzduchovetlmice.sk\/cs\/produkty\/zadni-samonivelacni-tlumic-chevrolet-captiva-original-gm\/#primaryimage\"},\"thumbnailUrl\":\"https:\/\/vzduchovetlmice.sk\/wp-content\/uploads\/2025\/07\/Zadny-samonivelacny-tlmic-Chevrolet-Captiva-\u2013-Original-GM-25995944-96863973-96626242-25995942-20924216.jpg\",\"datePublished\":\"2025-07-25T13:10:29+00:00\",\"dateModified\":\"2026-01-15T17:17:01+00:00\",\"description\":\"Nov\u00fd zadn\u00ed samonivela\u010dn\u00ed tlumi\u010d pru\u017een\u00ed Chevrolet Captiva C100\/C140 (2006 \u2013 ). Jedn\u00e1 se o origin\u00e1ln\u00ed tlumi\u010d p\u00e9rov\u00e1n\u00ed Chevrolet - General Motors \\\"GM\\\" (prvov\u00fdroba). OEM: 25995944, 96863973, 96626242, 25995942, 20924216. Nivomat, Self Leveling, Self Levelizer\",\"breadcrumb\":{\"@id\":\"https:\/\/vzduchovetlmice.sk\/cs\/produkty\/zadni-samonivelacni-tlumic-chevrolet-captiva-original-gm\/#breadcrumb\"},\"inLanguage\":\"cs\",\"potentialAction\":[{\"@type\":\"ReadAction\",\"target\":[\"https:\/\/vzduchovetlmice.sk\/cs\/produkty\/zadni-samonivelacni-tlumic-chevrolet-captiva-original-gm\/\"]}]},{\"@type\":\"ImageObject\",\"inLanguage\":\"cs\",\"@id\":\"https:\/\/vzduchovetlmice.sk\/cs\/produkty\/zadni-samonivelacni-tlumic-chevrolet-captiva-original-gm\/#primaryimage\",\"url\":\"https:\/\/vzduchovetlmice.sk\/wp-content\/uploads\/2025\/07\/Zadny-samonivelacny-tlmic-Chevrolet-Captiva-\u2013-Original-GM-25995944-96863973-96626242-25995942-20924216.jpg\",\"contentUrl\":\"https:\/\/vzduchovetlmice.sk\/wp-content\/uploads\/2025\/07\/Zadny-samonivelacny-tlmic-Chevrolet-Captiva-\u2013-Original-GM-25995944-96863973-96626242-25995942-20924216.jpg\",\"width\":1000,\"height\":1000,\"caption\":\"Zadn\u00fd samonivela\u010dn\u00fd tlmi\u010d Chevrolet Captiva \u2013 Origin\u00e1l GM, 25995944, 96863973, 96626242, 25995942, 20924216\"},{\"@type\":\"BreadcrumbList\",\"@id\":\"https:\/\/vzduchovetlmice.sk\/cs\/produkty\/zadni-samonivelacni-tlumic-chevrolet-captiva-original-gm\/#breadcrumb\",\"itemListElement\":[{\"@type\":\"ListItem\",\"position\":1,\"name\":\"Domovsk\u00e1 str\u00e1nka\",\"item\":\"https:\/\/vzduchovetlmice.sk\/\"},{\"@type\":\"ListItem\",\"position\":2,\"name\":\"Obchod\",\"item\":\"https:\/\/vzduchovetlmice.sk\/obchod\/\"},{\"@type\":\"ListItem\",\"position\":3,\"name\":\"Zadn\u00ed samonivela\u010dn\u00ed tlumi\u010d Chevrolet Captiva \u2013 Origin\u00e1l GM\"}]},{\"@type\":\"WebSite\",\"@id\":\"https:\/\/vzduchovetlmice.sk\/#website\",\"url\":\"https:\/\/vzduchovetlmice.sk\/\",\"name\":\"VzduchoveTlmice.sk\",\"description\":\"predaj dielov pre vzduchov\u00fd podvozok\",\"potentialAction\":[{\"@type\":\"SearchAction\",\"target\":{\"@type\":\"EntryPoint\",\"urlTemplate\":\"https:\/\/vzduchovetlmice.sk\/?s={search_term_string}\"},\"query-input\":{\"@type\":\"PropertyValueSpecification\",\"valueRequired\":true,\"valueName\":\"search_term_string\"}}],\"inLanguage\":\"cs\"}]}<\/script>\n<!-- \/ Yoast SEO Premium plugin. -->","yoast_head_json":{"title":"Zadn\u00ed samonivela\u010dn\u00ed tlumi\u010d Chevrolet Captiva \u2013 Origin\u00e1l GM","description":"Nov\u00fd zadn\u00ed samonivela\u010dn\u00ed tlumi\u010d pru\u017een\u00ed Chevrolet Captiva C100\/C140 (2006 \u2013 ). Jedn\u00e1 se o origin\u00e1ln\u00ed tlumi\u010d p\u00e9rov\u00e1n\u00ed Chevrolet - General Motors \"GM\" (prvov\u00fdroba). OEM: 25995944, 96863973, 96626242, 25995942, 20924216. Nivomat, Self Leveling, Self Levelizer","robots":{"index":"index","follow":"follow","max-snippet":"max-snippet:-1","max-image-preview":"max-image-preview:large","max-video-preview":"max-video-preview:-1"},"canonical":"https:\/\/vzduchovetlmice.sk\/cs\/produkty\/zadni-samonivelacni-tlumic-chevrolet-captiva-original-gm\/","og_locale":"cs_CZ","og_type":"article","og_title":"Zadn\u00ed samonivela\u010dn\u00ed tlumi\u010d Chevrolet Captiva \u2013 Origin\u00e1l GM","og_description":"Nov\u00fd zadn\u00ed samonivela\u010dn\u00ed tlumi\u010d pru\u017een\u00ed Chevrolet Captiva C100\/C140 (2006 \u2013 ). Jedn\u00e1 se o origin\u00e1ln\u00ed tlumi\u010d p\u00e9rov\u00e1n\u00ed Chevrolet - General Motors \"GM\" (prvov\u00fdroba). OEM: 25995944, 96863973, 96626242, 25995942, 20924216. Nivomat, Self Leveling, Self Levelizer","og_url":"https:\/\/vzduchovetlmice.sk\/cs\/produkty\/zadni-samonivelacni-tlumic-chevrolet-captiva-original-gm\/","og_site_name":"VzduchoveTlmice.sk","article_modified_time":"2026-01-15T17:17:01+00:00","og_image":[{"width":1000,"height":1000,"url":"https:\/\/vzduchovetlmice.sk\/wp-content\/uploads\/2025\/07\/Zadny-samonivelacny-tlmic-Chevrolet-Captiva-\u2013-Original-GM-25995944-96863973-96626242-25995942-20924216.jpg","type":"image\/jpeg"}],"twitter_card":"summary_large_image","twitter_misc":{"Odhadovan\u00e1 doba \u010dten\u00ed":"1 minuta"},"schema":{"@context":"https:\/\/schema.org","@graph":[{"@type":"WebPage","@id":"https:\/\/vzduchovetlmice.sk\/cs\/produkty\/zadni-samonivelacni-tlumic-chevrolet-captiva-original-gm\/","url":"https:\/\/vzduchovetlmice.sk\/cs\/produkty\/zadni-samonivelacni-tlumic-chevrolet-captiva-original-gm\/","name":"Zadn\u00ed samonivela\u010dn\u00ed tlumi\u010d Chevrolet Captiva \u2013 Origin\u00e1l GM","isPartOf":{"@id":"https:\/\/vzduchovetlmice.sk\/#website"},"primaryImageOfPage":{"@id":"https:\/\/vzduchovetlmice.sk\/cs\/produkty\/zadni-samonivelacni-tlumic-chevrolet-captiva-original-gm\/#primaryimage"},"image":{"@id":"https:\/\/vzduchovetlmice.sk\/cs\/produkty\/zadni-samonivelacni-tlumic-chevrolet-captiva-original-gm\/#primaryimage"},"thumbnailUrl":"https:\/\/vzduchovetlmice.sk\/wp-content\/uploads\/2025\/07\/Zadny-samonivelacny-tlmic-Chevrolet-Captiva-\u2013-Original-GM-25995944-96863973-96626242-25995942-20924216.jpg","datePublished":"2025-07-25T13:10:29+00:00","dateModified":"2026-01-15T17:17:01+00:00","description":"Nov\u00fd zadn\u00ed samonivela\u010dn\u00ed tlumi\u010d pru\u017een\u00ed Chevrolet Captiva C100\/C140 (2006 \u2013 ). Jedn\u00e1 se o origin\u00e1ln\u00ed tlumi\u010d p\u00e9rov\u00e1n\u00ed Chevrolet - General Motors \"GM\" (prvov\u00fdroba). OEM: 25995944, 96863973, 96626242, 25995942, 20924216. Nivomat, Self Leveling, Self Levelizer","breadcrumb":{"@id":"https:\/\/vzduchovetlmice.sk\/cs\/produkty\/zadni-samonivelacni-tlumic-chevrolet-captiva-original-gm\/#breadcrumb"},"inLanguage":"cs","potentialAction":[{"@type":"ReadAction","target":["https:\/\/vzduchovetlmice.sk\/cs\/produkty\/zadni-samonivelacni-tlumic-chevrolet-captiva-original-gm\/"]}]},{"@type":"ImageObject","inLanguage":"cs","@id":"https:\/\/vzduchovetlmice.sk\/cs\/produkty\/zadni-samonivelacni-tlumic-chevrolet-captiva-original-gm\/#primaryimage","url":"https:\/\/vzduchovetlmice.sk\/wp-content\/uploads\/2025\/07\/Zadny-samonivelacny-tlmic-Chevrolet-Captiva-\u2013-Original-GM-25995944-96863973-96626242-25995942-20924216.jpg","contentUrl":"https:\/\/vzduchovetlmice.sk\/wp-content\/uploads\/2025\/07\/Zadny-samonivelacny-tlmic-Chevrolet-Captiva-\u2013-Original-GM-25995944-96863973-96626242-25995942-20924216.jpg","width":1000,"height":1000,"caption":"Zadn\u00fd samonivela\u010dn\u00fd tlmi\u010d Chevrolet Captiva \u2013 Origin\u00e1l GM, 25995944, 96863973, 96626242, 25995942, 20924216"},{"@type":"BreadcrumbList","@id":"https:\/\/vzduchovetlmice.sk\/cs\/produkty\/zadni-samonivelacni-tlumic-chevrolet-captiva-original-gm\/#breadcrumb","itemListElement":[{"@type":"ListItem","position":1,"name":"Domovsk\u00e1 str\u00e1nka","item":"https:\/\/vzduchovetlmice.sk\/"},{"@type":"ListItem","position":2,"name":"Obchod","item":"https:\/\/vzduchovetlmice.sk\/obchod\/"},{"@type":"ListItem","position":3,"name":"Zadn\u00ed samonivela\u010dn\u00ed tlumi\u010d Chevrolet Captiva \u2013 Origin\u00e1l GM"}]},{"@type":"WebSite","@id":"https:\/\/vzduchovetlmice.sk\/#website","url":"https:\/\/vzduchovetlmice.sk\/","name":"VzduchoveTlmice.sk","description":"predaj dielov pre vzduchov\u00fd podvozok","potentialAction":[{"@type":"SearchAction","target":{"@type":"EntryPoint","urlTemplate":"https:\/\/vzduchovetlmice.sk\/?s={search_term_string}"},"query-input":{"@type":"PropertyValueSpecification","valueRequired":true,"valueName":"search_term_string"}}],"inLanguage":"cs"}]}},"_links":{"self":[{"href":"https:\/\/vzduchovetlmice.sk\/cs\/wp-json\/wp\/v2\/product\/101628","targetHints":{"allow":["GET"]}}],"collection":[{"href":"https:\/\/vzduchovetlmice.sk\/cs\/wp-json\/wp\/v2\/product"}],"about":[{"href":"https:\/\/vzduchovetlmice.sk\/cs\/wp-json\/wp\/v2\/types\/product"}],"wp:featuredmedia":[{"embeddable":true,"href":"https:\/\/vzduchovetlmice.sk\/cs\/wp-json\/wp\/v2\/media\/103068"}],"wp:attachment":[{"href":"https:\/\/vzduchovetlmice.sk\/cs\/wp-json\/wp\/v2\/media?parent=101628"}],"wp:term":[{"taxonomy":"product_brand","embeddable":true,"href":"https:\/\/vzduchovetlmice.sk\/cs\/wp-json\/wp\/v2\/product_brand?post=101628"},{"taxonomy":"product_cat","embeddable":true,"href":"https:\/\/vzduchovetlmice.sk\/cs\/wp-json\/wp\/v2\/product_cat?post=101628"},{"taxonomy":"product_tag","embeddable":true,"href":"https:\/\/vzduchovetlmice.sk\/cs\/wp-json\/wp\/v2\/product_tag?post=101628"}],"curies":[{"name":"wp","href":"https:\/\/api.w.org\/{rel}","templated":true}]}}