{"id":101645,"date":"2025-07-25T14:52:28","date_gmt":"2025-07-25T14:52:28","guid":{"rendered":"https:\/\/vzduchovetlmice.sk\/?post_type=product&#038;p=101645"},"modified":"2026-01-15T16:47:05","modified_gmt":"2026-01-15T16:47:05","slug":"predni-vzduchovy-tlumic-bentley-bentayga-original","status":"publish","type":"product","link":"https:\/\/vzduchovetlmice.sk\/cs\/produkty\/predni-vzduchovy-tlumic-bentley-bentayga-original\/","title":{"rendered":"P\u0159edn\u00ed vzduchov\u00fd tlumi\u010d Bentley Bentayga \u2013 Origin\u00e1l"},"content":{"rendered":"<h3><strong>Dal\u0161\u00ed informace:<\/strong><\/h3>\n<p>Nov\u00fd p\u0159edn\u00ed vzduchov\u00fd tlumi\u010d p\u00e9rov\u00e1n\u00ed Bentley Bentayga 4V1 (2015-).<\/p>\n<p>Jedn\u00e1 se o origin\u00e1ln\u00ed tlumi\u010d od Bentley (Vibracoustic &#8211; prvov\u00fdroba).<\/p>\n<p>Tlumi\u010d pru\u017een\u00ed je stejn\u00fd pro pravou i levou stranu.<\/p>\n<h4><strong>Origin\u00e1ln\u00ed v\u00fdrobn\u00ed \u010d\u00edsla (OEM): <\/strong><\/h4>\n<p>4M0616039AD, 4M0616039AC, 4M0616039AE, 4M0616039BF, 4M0616039AT, 4M0616039BD, 4M0616039BB, 4M0616040AD, 4M0616040AC, 4M0 616 039 AD, 4M0 616 039 AC, 4M0 616 039 AE, 4M0 616039 BF, 4M0 616 039 AT, 4M0 616 039 BD, 4M0 616 039 BB, 4M0 616 040 AD, 4M0 616 040 AC<\/p>\n","protected":false},"excerpt":{"rendered":"<p><strong>Zna\u010dka: <\/strong>Bentley<\/p>\n<p><strong>Model:<\/strong> Bentley Bentayga 4V1 (2015 -)<\/p>\n<p><strong>Poloha: <\/strong>P\u0159edn\u00ed n\u00e1prava vpravo\/vlevo<\/p>\n<p><strong>Typ:<\/strong> s CDC<\/p>\n<p><strong>V\u00fdrobce: <\/strong>Vibracoustic \u2013 Made in Germany<\/p>\n<p><strong>Stav:\u00a0<\/strong>Nov\u00e9<\/p>\n<p><strong>Z\u00e1ruka:\u00a0<\/strong>2 roky<\/p>\n<p><strong>Dostupnost:<\/strong>\u00a0<span style=\"color: #00ff00;\"><strong>Skladem<\/strong><\/span><\/p>\n","protected":false},"featured_media":103038,"template":"","meta":{"_et_pb_use_builder":"","_et_pb_old_content":"","_et_gb_content_width":""},"product_brand":[483],"product_cat":[602,542],"product_tag":[],"class_list":{"0":"post-101645","1":"product","2":"type-product","3":"status-publish","4":"has-post-thumbnail","6":"product_brand-bentley","7":"product_cat-bentayga-4v1-2015-2024-cs","8":"product_cat-bentley-cs","10":"first","11":"instock","12":"shipping-taxable","13":"purchasable","14":"product-type-simple"},"yoast_head":"<!-- This site is optimized with the Yoast SEO Premium plugin v24.9 (Yoast SEO v27.1.1) - https:\/\/yoast.com\/product\/yoast-seo-premium-wordpress\/ -->\n<title>P\u0159edn\u00ed vzduchov\u00fd tlumi\u010d Bentley Bentayga \u2013 Origin\u00e1l<\/title>\n<meta name=\"description\" content=\"Nov\u00fd p\u0159edn\u00ed vzduchov\u00fd tlumi\u010d p\u00e9rov\u00e1n\u00ed Bentley Bentayga 4V1 (2015-). Jedn\u00e1 se o origin\u00e1ln\u00ed tlumi\u010d od Bentley (Vibracoustic - prvov\u00fdroba). OEM: 4M0616039AD, 4M0616039AC, 4M0616039AE, 4M0616039BF, 4M0616039AT, 4M0616039BD, 4M0616039BB, 4M0616040AD, 4M0616040AC, 4M0 616 039 AD, 4M0 616 039 AC, 4M0 616 039 AE, 4M0 616039 BF, 4M0 616 039 AT, 4M0 616 039 BD, 4M0 616 039 BB, 4M0 616 040 AD, 4M0 616 040 AC\" \/>\n<meta name=\"robots\" content=\"index, follow, max-snippet:-1, max-image-preview:large, max-video-preview:-1\" \/>\n<link rel=\"canonical\" href=\"https:\/\/vzduchovetlmice.sk\/cs\/produkty\/predni-vzduchovy-tlumic-bentley-bentayga-original\/\" \/>\n<meta property=\"og:locale\" content=\"cs_CZ\" \/>\n<meta property=\"og:type\" content=\"article\" \/>\n<meta property=\"og:title\" content=\"P\u0159edn\u00ed vzduchov\u00fd tlumi\u010d Bentley Bentayga \u2013 Origin\u00e1l\" \/>\n<meta property=\"og:description\" content=\"Nov\u00fd p\u0159edn\u00ed vzduchov\u00fd tlumi\u010d p\u00e9rov\u00e1n\u00ed Bentley Bentayga 4V1 (2015-). Jedn\u00e1 se o origin\u00e1ln\u00ed tlumi\u010d od Bentley (Vibracoustic - prvov\u00fdroba). OEM: 4M0616039AD, 4M0616039AC, 4M0616039AE, 4M0616039BF, 4M0616039AT, 4M0616039BD, 4M0616039BB, 4M0616040AD, 4M0616040AC, 4M0 616 039 AD, 4M0 616 039 AC, 4M0 616 039 AE, 4M0 616039 BF, 4M0 616 039 AT, 4M0 616 039 BD, 4M0 616 039 BB, 4M0 616 040 AD, 4M0 616 040 AC\" \/>\n<meta property=\"og:url\" content=\"https:\/\/vzduchovetlmice.sk\/cs\/produkty\/predni-vzduchovy-tlumic-bentley-bentayga-original\/\" \/>\n<meta property=\"og:site_name\" content=\"VzduchoveTlmice.sk\" \/>\n<meta property=\"article:modified_time\" content=\"2026-01-15T16:47:05+00:00\" \/>\n<meta property=\"og:image\" content=\"https:\/\/vzduchovetlmice.sk\/wp-content\/uploads\/2025\/07\/Predny-vzduchovy-tlmic-Bentley-Bentayga-\u2013-Original-Bentley-4M0616039AD-4M0616039AC-4M0616039AE-4M0616039BF-4M0616039AT.jpg\" \/>\n\t<meta property=\"og:image:width\" content=\"1000\" \/>\n\t<meta property=\"og:image:height\" content=\"1000\" \/>\n\t<meta property=\"og:image:type\" content=\"image\/jpeg\" \/>\n<meta name=\"twitter:card\" content=\"summary_large_image\" \/>\n<meta name=\"twitter:label1\" content=\"Odhadovan\u00e1 doba \u010dten\u00ed\" \/>\n\t<meta name=\"twitter:data1\" content=\"1 minuta\" \/>\n<script type=\"application\/ld+json\" class=\"yoast-schema-graph\">{\"@context\":\"https:\/\/schema.org\",\"@graph\":[{\"@type\":\"WebPage\",\"@id\":\"https:\/\/vzduchovetlmice.sk\/cs\/produkty\/predni-vzduchovy-tlumic-bentley-bentayga-original\/\",\"url\":\"https:\/\/vzduchovetlmice.sk\/cs\/produkty\/predni-vzduchovy-tlumic-bentley-bentayga-original\/\",\"name\":\"P\u0159edn\u00ed vzduchov\u00fd tlumi\u010d Bentley Bentayga \u2013 Origin\u00e1l\",\"isPartOf\":{\"@id\":\"https:\/\/vzduchovetlmice.sk\/#website\"},\"primaryImageOfPage\":{\"@id\":\"https:\/\/vzduchovetlmice.sk\/cs\/produkty\/predni-vzduchovy-tlumic-bentley-bentayga-original\/#primaryimage\"},\"image\":{\"@id\":\"https:\/\/vzduchovetlmice.sk\/cs\/produkty\/predni-vzduchovy-tlumic-bentley-bentayga-original\/#primaryimage\"},\"thumbnailUrl\":\"https:\/\/vzduchovetlmice.sk\/wp-content\/uploads\/2025\/07\/Predny-vzduchovy-tlmic-Bentley-Bentayga-\u2013-Original-Bentley-4M0616039AD-4M0616039AC-4M0616039AE-4M0616039BF-4M0616039AT.jpg\",\"datePublished\":\"2025-07-25T14:52:28+00:00\",\"dateModified\":\"2026-01-15T16:47:05+00:00\",\"description\":\"Nov\u00fd p\u0159edn\u00ed vzduchov\u00fd tlumi\u010d p\u00e9rov\u00e1n\u00ed Bentley Bentayga 4V1 (2015-). Jedn\u00e1 se o origin\u00e1ln\u00ed tlumi\u010d od Bentley (Vibracoustic - prvov\u00fdroba). OEM: 4M0616039AD, 4M0616039AC, 4M0616039AE, 4M0616039BF, 4M0616039AT, 4M0616039BD, 4M0616039BB, 4M0616040AD, 4M0616040AC, 4M0 616 039 AD, 4M0 616 039 AC, 4M0 616 039 AE, 4M0 616039 BF, 4M0 616 039 AT, 4M0 616 039 BD, 4M0 616 039 BB, 4M0 616 040 AD, 4M0 616 040 AC\",\"breadcrumb\":{\"@id\":\"https:\/\/vzduchovetlmice.sk\/cs\/produkty\/predni-vzduchovy-tlumic-bentley-bentayga-original\/#breadcrumb\"},\"inLanguage\":\"cs\",\"potentialAction\":[{\"@type\":\"ReadAction\",\"target\":[\"https:\/\/vzduchovetlmice.sk\/cs\/produkty\/predni-vzduchovy-tlumic-bentley-bentayga-original\/\"]}]},{\"@type\":\"ImageObject\",\"inLanguage\":\"cs\",\"@id\":\"https:\/\/vzduchovetlmice.sk\/cs\/produkty\/predni-vzduchovy-tlumic-bentley-bentayga-original\/#primaryimage\",\"url\":\"https:\/\/vzduchovetlmice.sk\/wp-content\/uploads\/2025\/07\/Predny-vzduchovy-tlmic-Bentley-Bentayga-\u2013-Original-Bentley-4M0616039AD-4M0616039AC-4M0616039AE-4M0616039BF-4M0616039AT.jpg\",\"contentUrl\":\"https:\/\/vzduchovetlmice.sk\/wp-content\/uploads\/2025\/07\/Predny-vzduchovy-tlmic-Bentley-Bentayga-\u2013-Original-Bentley-4M0616039AD-4M0616039AC-4M0616039AE-4M0616039BF-4M0616039AT.jpg\",\"width\":1000,\"height\":1000,\"caption\":\"Predn\u00fd vzduchov\u00fd tlmi\u010d Bentley Bentayga \u2013 Origin\u00e1l Bentley, 4M0616039AD, 4M0616039AC, 4M0616039AE, 4M0616039BF, 4M0616039AT\"},{\"@type\":\"BreadcrumbList\",\"@id\":\"https:\/\/vzduchovetlmice.sk\/cs\/produkty\/predni-vzduchovy-tlumic-bentley-bentayga-original\/#breadcrumb\",\"itemListElement\":[{\"@type\":\"ListItem\",\"position\":1,\"name\":\"Domovsk\u00e1 str\u00e1nka\",\"item\":\"https:\/\/vzduchovetlmice.sk\/\"},{\"@type\":\"ListItem\",\"position\":2,\"name\":\"Obchod\",\"item\":\"https:\/\/vzduchovetlmice.sk\/obchod\/\"},{\"@type\":\"ListItem\",\"position\":3,\"name\":\"P\u0159edn\u00ed vzduchov\u00fd tlumi\u010d Bentley Bentayga \u2013 Origin\u00e1l\"}]},{\"@type\":\"WebSite\",\"@id\":\"https:\/\/vzduchovetlmice.sk\/#website\",\"url\":\"https:\/\/vzduchovetlmice.sk\/\",\"name\":\"VzduchoveTlmice.sk\",\"description\":\"predaj dielov pre vzduchov\u00fd podvozok\",\"potentialAction\":[{\"@type\":\"SearchAction\",\"target\":{\"@type\":\"EntryPoint\",\"urlTemplate\":\"https:\/\/vzduchovetlmice.sk\/?s={search_term_string}\"},\"query-input\":{\"@type\":\"PropertyValueSpecification\",\"valueRequired\":true,\"valueName\":\"search_term_string\"}}],\"inLanguage\":\"cs\"}]}<\/script>\n<!-- \/ Yoast SEO Premium plugin. -->","yoast_head_json":{"title":"P\u0159edn\u00ed vzduchov\u00fd tlumi\u010d Bentley Bentayga \u2013 Origin\u00e1l","description":"Nov\u00fd p\u0159edn\u00ed vzduchov\u00fd tlumi\u010d p\u00e9rov\u00e1n\u00ed Bentley Bentayga 4V1 (2015-). Jedn\u00e1 se o origin\u00e1ln\u00ed tlumi\u010d od Bentley (Vibracoustic - prvov\u00fdroba). OEM: 4M0616039AD, 4M0616039AC, 4M0616039AE, 4M0616039BF, 4M0616039AT, 4M0616039BD, 4M0616039BB, 4M0616040AD, 4M0616040AC, 4M0 616 039 AD, 4M0 616 039 AC, 4M0 616 039 AE, 4M0 616039 BF, 4M0 616 039 AT, 4M0 616 039 BD, 4M0 616 039 BB, 4M0 616 040 AD, 4M0 616 040 AC","robots":{"index":"index","follow":"follow","max-snippet":"max-snippet:-1","max-image-preview":"max-image-preview:large","max-video-preview":"max-video-preview:-1"},"canonical":"https:\/\/vzduchovetlmice.sk\/cs\/produkty\/predni-vzduchovy-tlumic-bentley-bentayga-original\/","og_locale":"cs_CZ","og_type":"article","og_title":"P\u0159edn\u00ed vzduchov\u00fd tlumi\u010d Bentley Bentayga \u2013 Origin\u00e1l","og_description":"Nov\u00fd p\u0159edn\u00ed vzduchov\u00fd tlumi\u010d p\u00e9rov\u00e1n\u00ed Bentley Bentayga 4V1 (2015-). Jedn\u00e1 se o origin\u00e1ln\u00ed tlumi\u010d od Bentley (Vibracoustic - prvov\u00fdroba). OEM: 4M0616039AD, 4M0616039AC, 4M0616039AE, 4M0616039BF, 4M0616039AT, 4M0616039BD, 4M0616039BB, 4M0616040AD, 4M0616040AC, 4M0 616 039 AD, 4M0 616 039 AC, 4M0 616 039 AE, 4M0 616039 BF, 4M0 616 039 AT, 4M0 616 039 BD, 4M0 616 039 BB, 4M0 616 040 AD, 4M0 616 040 AC","og_url":"https:\/\/vzduchovetlmice.sk\/cs\/produkty\/predni-vzduchovy-tlumic-bentley-bentayga-original\/","og_site_name":"VzduchoveTlmice.sk","article_modified_time":"2026-01-15T16:47:05+00:00","og_image":[{"width":1000,"height":1000,"url":"https:\/\/vzduchovetlmice.sk\/wp-content\/uploads\/2025\/07\/Predny-vzduchovy-tlmic-Bentley-Bentayga-\u2013-Original-Bentley-4M0616039AD-4M0616039AC-4M0616039AE-4M0616039BF-4M0616039AT.jpg","type":"image\/jpeg"}],"twitter_card":"summary_large_image","twitter_misc":{"Odhadovan\u00e1 doba \u010dten\u00ed":"1 minuta"},"schema":{"@context":"https:\/\/schema.org","@graph":[{"@type":"WebPage","@id":"https:\/\/vzduchovetlmice.sk\/cs\/produkty\/predni-vzduchovy-tlumic-bentley-bentayga-original\/","url":"https:\/\/vzduchovetlmice.sk\/cs\/produkty\/predni-vzduchovy-tlumic-bentley-bentayga-original\/","name":"P\u0159edn\u00ed vzduchov\u00fd tlumi\u010d Bentley Bentayga \u2013 Origin\u00e1l","isPartOf":{"@id":"https:\/\/vzduchovetlmice.sk\/#website"},"primaryImageOfPage":{"@id":"https:\/\/vzduchovetlmice.sk\/cs\/produkty\/predni-vzduchovy-tlumic-bentley-bentayga-original\/#primaryimage"},"image":{"@id":"https:\/\/vzduchovetlmice.sk\/cs\/produkty\/predni-vzduchovy-tlumic-bentley-bentayga-original\/#primaryimage"},"thumbnailUrl":"https:\/\/vzduchovetlmice.sk\/wp-content\/uploads\/2025\/07\/Predny-vzduchovy-tlmic-Bentley-Bentayga-\u2013-Original-Bentley-4M0616039AD-4M0616039AC-4M0616039AE-4M0616039BF-4M0616039AT.jpg","datePublished":"2025-07-25T14:52:28+00:00","dateModified":"2026-01-15T16:47:05+00:00","description":"Nov\u00fd p\u0159edn\u00ed vzduchov\u00fd tlumi\u010d p\u00e9rov\u00e1n\u00ed Bentley Bentayga 4V1 (2015-). Jedn\u00e1 se o origin\u00e1ln\u00ed tlumi\u010d od Bentley (Vibracoustic - prvov\u00fdroba). OEM: 4M0616039AD, 4M0616039AC, 4M0616039AE, 4M0616039BF, 4M0616039AT, 4M0616039BD, 4M0616039BB, 4M0616040AD, 4M0616040AC, 4M0 616 039 AD, 4M0 616 039 AC, 4M0 616 039 AE, 4M0 616039 BF, 4M0 616 039 AT, 4M0 616 039 BD, 4M0 616 039 BB, 4M0 616 040 AD, 4M0 616 040 AC","breadcrumb":{"@id":"https:\/\/vzduchovetlmice.sk\/cs\/produkty\/predni-vzduchovy-tlumic-bentley-bentayga-original\/#breadcrumb"},"inLanguage":"cs","potentialAction":[{"@type":"ReadAction","target":["https:\/\/vzduchovetlmice.sk\/cs\/produkty\/predni-vzduchovy-tlumic-bentley-bentayga-original\/"]}]},{"@type":"ImageObject","inLanguage":"cs","@id":"https:\/\/vzduchovetlmice.sk\/cs\/produkty\/predni-vzduchovy-tlumic-bentley-bentayga-original\/#primaryimage","url":"https:\/\/vzduchovetlmice.sk\/wp-content\/uploads\/2025\/07\/Predny-vzduchovy-tlmic-Bentley-Bentayga-\u2013-Original-Bentley-4M0616039AD-4M0616039AC-4M0616039AE-4M0616039BF-4M0616039AT.jpg","contentUrl":"https:\/\/vzduchovetlmice.sk\/wp-content\/uploads\/2025\/07\/Predny-vzduchovy-tlmic-Bentley-Bentayga-\u2013-Original-Bentley-4M0616039AD-4M0616039AC-4M0616039AE-4M0616039BF-4M0616039AT.jpg","width":1000,"height":1000,"caption":"Predn\u00fd vzduchov\u00fd tlmi\u010d Bentley Bentayga \u2013 Origin\u00e1l Bentley, 4M0616039AD, 4M0616039AC, 4M0616039AE, 4M0616039BF, 4M0616039AT"},{"@type":"BreadcrumbList","@id":"https:\/\/vzduchovetlmice.sk\/cs\/produkty\/predni-vzduchovy-tlumic-bentley-bentayga-original\/#breadcrumb","itemListElement":[{"@type":"ListItem","position":1,"name":"Domovsk\u00e1 str\u00e1nka","item":"https:\/\/vzduchovetlmice.sk\/"},{"@type":"ListItem","position":2,"name":"Obchod","item":"https:\/\/vzduchovetlmice.sk\/obchod\/"},{"@type":"ListItem","position":3,"name":"P\u0159edn\u00ed vzduchov\u00fd tlumi\u010d Bentley Bentayga \u2013 Origin\u00e1l"}]},{"@type":"WebSite","@id":"https:\/\/vzduchovetlmice.sk\/#website","url":"https:\/\/vzduchovetlmice.sk\/","name":"VzduchoveTlmice.sk","description":"predaj dielov pre vzduchov\u00fd podvozok","potentialAction":[{"@type":"SearchAction","target":{"@type":"EntryPoint","urlTemplate":"https:\/\/vzduchovetlmice.sk\/?s={search_term_string}"},"query-input":{"@type":"PropertyValueSpecification","valueRequired":true,"valueName":"search_term_string"}}],"inLanguage":"cs"}]}},"_links":{"self":[{"href":"https:\/\/vzduchovetlmice.sk\/cs\/wp-json\/wp\/v2\/product\/101645","targetHints":{"allow":["GET"]}}],"collection":[{"href":"https:\/\/vzduchovetlmice.sk\/cs\/wp-json\/wp\/v2\/product"}],"about":[{"href":"https:\/\/vzduchovetlmice.sk\/cs\/wp-json\/wp\/v2\/types\/product"}],"wp:featuredmedia":[{"embeddable":true,"href":"https:\/\/vzduchovetlmice.sk\/cs\/wp-json\/wp\/v2\/media\/103038"}],"wp:attachment":[{"href":"https:\/\/vzduchovetlmice.sk\/cs\/wp-json\/wp\/v2\/media?parent=101645"}],"wp:term":[{"taxonomy":"product_brand","embeddable":true,"href":"https:\/\/vzduchovetlmice.sk\/cs\/wp-json\/wp\/v2\/product_brand?post=101645"},{"taxonomy":"product_cat","embeddable":true,"href":"https:\/\/vzduchovetlmice.sk\/cs\/wp-json\/wp\/v2\/product_cat?post=101645"},{"taxonomy":"product_tag","embeddable":true,"href":"https:\/\/vzduchovetlmice.sk\/cs\/wp-json\/wp\/v2\/product_tag?post=101645"}],"curies":[{"name":"wp","href":"https:\/\/api.w.org\/{rel}","templated":true}]}}