{"id":101647,"date":"2025-07-25T14:57:14","date_gmt":"2025-07-25T14:57:14","guid":{"rendered":"https:\/\/vzduchovetlmice.sk\/?post_type=product&#038;p=101647"},"modified":"2026-01-15T16:45:40","modified_gmt":"2026-01-15T16:45:40","slug":"zadni-vzduchovy-tlumic-bentley-bentayga-damptronic","status":"publish","type":"product","link":"https:\/\/vzduchovetlmice.sk\/cs\/produkty\/zadni-vzduchovy-tlumic-bentley-bentayga-damptronic\/","title":{"rendered":"Zadn\u00ed vzduchov\u00fd tlumi\u010d Bentley Bentayga \u2013 DampTronic"},"content":{"rendered":"<h3><strong>Dal\u0161\u00ed informace:<\/strong><\/h3>\n<p>Nov\u00fd zadn\u00ed vzduchov\u00fd tlumi\u010d Bentley Bentayga 4V1 (2015 -) se syst\u00e9mem DampTronic (elektronick\u00fd ovl\u00e1dan\u00fd tlumi\u010d).<\/p>\n<p>Tlumi\u010d pru\u017een\u00ed je stejn\u00fd pro pravou i levou stranu.<\/p>\n<h4><strong>Origin\u00e1ln\u00ed v\u00fdrobn\u00ed \u010d\u00edsla (OEM): <\/strong><\/h4>\n<p>4M0616031AG, 4M0616031AE, 4M0616031S, 4M0616031T, 4M0513021AC, 4M0513021AG, 4M0616031AJ, 4M0616031AS, 4M0616031AK, 4M0616031AD, 4M0616031AF, 4M0616031AB, 4M0616031AC, 4M0616031BA, 4M0616031, 4M0513021, 4M0 616 031 AG, 4M0 616 031 AE, 4M0 616 031 S, 4M0 616 031 T, 4M0 513 021 AC, 4M0 513 021 AG, 4M0 616 031 AJ, 4M0 616 031 AS, 4M0 616 031 AK, 4M0 616 031 AD, 4M0 616 031 AF, 4M0 616 031 AB, 4M0 616 031 AC, 4M0 616 031 BA, 4M0 616 031, 4M0 513 021<\/p>\n","protected":false},"excerpt":{"rendered":"<p><strong>Zna\u010dka: <\/strong>Bentley<\/p>\n<p><strong>Model:<\/strong> Bentley Bentayga 4V1 (2015 -)<\/p>\n<p><strong>Typ:<\/strong> s CDC<\/p>\n<p><strong>Poloha: <\/strong>Zadn\u00ed n\u00e1prava vlevo\/vpravo<\/p>\n<p><strong>V\u00fdrobce: <\/strong>OEM<\/p>\n<p><strong>Stav:\u00a0<\/strong>Nov\u00e9<\/p>\n<p><strong>Z\u00e1ruka:\u00a0<\/strong>2 roky<\/p>\n<p><strong>Dostupnost:<\/strong> <span style=\"color: #00ff00;\"><strong>Skladem<\/strong><\/span><\/p>\n","protected":false},"featured_media":103054,"template":"","meta":{"_et_pb_use_builder":"","_et_pb_old_content":"","_et_gb_content_width":""},"product_brand":[483],"product_cat":[602,542],"product_tag":[],"class_list":{"0":"post-101647","1":"product","2":"type-product","3":"status-publish","4":"has-post-thumbnail","6":"product_brand-bentley","7":"product_cat-bentayga-4v1-2015-2024-cs","8":"product_cat-bentley-cs","10":"first","11":"instock","12":"shipping-taxable","13":"purchasable","14":"product-type-simple"},"yoast_head":"<!-- This site is optimized with the Yoast SEO Premium plugin v24.9 (Yoast SEO v27.1.1) - https:\/\/yoast.com\/product\/yoast-seo-premium-wordpress\/ -->\n<title>Zadn\u00ed vzduchov\u00fd tlumi\u010d Bentley Bentayga \u2013 DampTronic<\/title>\n<meta name=\"description\" content=\"Nov\u00fd zadn\u00ed vzduchov\u00fd tlumi\u010d Bentley Bentayga 4V1 (2015 -) se syst\u00e9mem DampTronic (elektronick\u00fd ovl\u00e1dan\u00fd tlumi\u010d). Tlumi\u010d pru\u017een\u00ed je stejn\u00fd pro pravou i levou stranu. OEM: 4M0616031AG, 4M0616031AE, 4M0616031S, 4M0616031T, 4M0513021AC, 4M0513021AG, 4M0616031AJ, 4M0616031AS, 4M0616031AK, 4M0616031AD, 4M0616031AF, 4M0616031AB, 4M0616031AC, 4M0616031BA, 4M0616031, 4M0513021, 4M0 616 031 AG, 4M0 616 031 AE, 4M0 616 031 S, 4M0 616 031 T, 4M0 513 021 AC, 4M0 513 021 AG, 4M0 616 031 AJ, 4M0 616 031 AS, 4M0 616 031 AK, 4M0 616 031 AD, 4M0 616 031 AF, 4M0 616 031 AB, 4M0 616 031 AC, 4M0 616 031 BA, 4M0 616 031, 4M0 513 021\" \/>\n<meta name=\"robots\" content=\"index, follow, max-snippet:-1, max-image-preview:large, max-video-preview:-1\" \/>\n<link rel=\"canonical\" href=\"https:\/\/vzduchovetlmice.sk\/cs\/produkty\/zadni-vzduchovy-tlumic-bentley-bentayga-damptronic\/\" \/>\n<meta property=\"og:locale\" content=\"cs_CZ\" \/>\n<meta property=\"og:type\" content=\"article\" \/>\n<meta property=\"og:title\" content=\"Zadn\u00ed vzduchov\u00fd tlumi\u010d Bentley Bentayga \u2013 DampTronic\" \/>\n<meta property=\"og:description\" content=\"Nov\u00fd zadn\u00ed vzduchov\u00fd tlumi\u010d Bentley Bentayga 4V1 (2015 -) se syst\u00e9mem DampTronic (elektronick\u00fd ovl\u00e1dan\u00fd tlumi\u010d). Tlumi\u010d pru\u017een\u00ed je stejn\u00fd pro pravou i levou stranu. OEM: 4M0616031AG, 4M0616031AE, 4M0616031S, 4M0616031T, 4M0513021AC, 4M0513021AG, 4M0616031AJ, 4M0616031AS, 4M0616031AK, 4M0616031AD, 4M0616031AF, 4M0616031AB, 4M0616031AC, 4M0616031BA, 4M0616031, 4M0513021, 4M0 616 031 AG, 4M0 616 031 AE, 4M0 616 031 S, 4M0 616 031 T, 4M0 513 021 AC, 4M0 513 021 AG, 4M0 616 031 AJ, 4M0 616 031 AS, 4M0 616 031 AK, 4M0 616 031 AD, 4M0 616 031 AF, 4M0 616 031 AB, 4M0 616 031 AC, 4M0 616 031 BA, 4M0 616 031, 4M0 513 021\" \/>\n<meta property=\"og:url\" content=\"https:\/\/vzduchovetlmice.sk\/cs\/produkty\/zadni-vzduchovy-tlumic-bentley-bentayga-damptronic\/\" \/>\n<meta property=\"og:site_name\" content=\"VzduchoveTlmice.sk\" \/>\n<meta property=\"article:modified_time\" content=\"2026-01-15T16:45:40+00:00\" \/>\n<meta property=\"og:image\" content=\"https:\/\/vzduchovetlmice.sk\/wp-content\/uploads\/2025\/07\/Zadny-vzduchovy-tlmic-Bentley-Bentayga-\u2013-DampTronic-4M0616031AG-4M0616031AE-4M0616031S-4M0616031T-4M0513021AC-4M0513021AG-4M0616031AJ-4M0616031AS-4M0616031AK.jpg\" \/>\n\t<meta property=\"og:image:width\" content=\"1000\" \/>\n\t<meta property=\"og:image:height\" content=\"1000\" \/>\n\t<meta property=\"og:image:type\" content=\"image\/jpeg\" \/>\n<meta name=\"twitter:card\" content=\"summary_large_image\" \/>\n<meta name=\"twitter:label1\" content=\"Odhadovan\u00e1 doba \u010dten\u00ed\" \/>\n\t<meta name=\"twitter:data1\" content=\"1 minuta\" \/>\n<script type=\"application\/ld+json\" class=\"yoast-schema-graph\">{\"@context\":\"https:\/\/schema.org\",\"@graph\":[{\"@type\":\"WebPage\",\"@id\":\"https:\/\/vzduchovetlmice.sk\/cs\/produkty\/zadni-vzduchovy-tlumic-bentley-bentayga-damptronic\/\",\"url\":\"https:\/\/vzduchovetlmice.sk\/cs\/produkty\/zadni-vzduchovy-tlumic-bentley-bentayga-damptronic\/\",\"name\":\"Zadn\u00ed vzduchov\u00fd tlumi\u010d Bentley Bentayga \u2013 DampTronic\",\"isPartOf\":{\"@id\":\"https:\/\/vzduchovetlmice.sk\/#website\"},\"primaryImageOfPage\":{\"@id\":\"https:\/\/vzduchovetlmice.sk\/cs\/produkty\/zadni-vzduchovy-tlumic-bentley-bentayga-damptronic\/#primaryimage\"},\"image\":{\"@id\":\"https:\/\/vzduchovetlmice.sk\/cs\/produkty\/zadni-vzduchovy-tlumic-bentley-bentayga-damptronic\/#primaryimage\"},\"thumbnailUrl\":\"https:\/\/vzduchovetlmice.sk\/wp-content\/uploads\/2025\/07\/Zadny-vzduchovy-tlmic-Bentley-Bentayga-\u2013-DampTronic-4M0616031AG-4M0616031AE-4M0616031S-4M0616031T-4M0513021AC-4M0513021AG-4M0616031AJ-4M0616031AS-4M0616031AK.jpg\",\"datePublished\":\"2025-07-25T14:57:14+00:00\",\"dateModified\":\"2026-01-15T16:45:40+00:00\",\"description\":\"Nov\u00fd zadn\u00ed vzduchov\u00fd tlumi\u010d Bentley Bentayga 4V1 (2015 -) se syst\u00e9mem DampTronic (elektronick\u00fd ovl\u00e1dan\u00fd tlumi\u010d). Tlumi\u010d pru\u017een\u00ed je stejn\u00fd pro pravou i levou stranu. OEM: 4M0616031AG, 4M0616031AE, 4M0616031S, 4M0616031T, 4M0513021AC, 4M0513021AG, 4M0616031AJ, 4M0616031AS, 4M0616031AK, 4M0616031AD, 4M0616031AF, 4M0616031AB, 4M0616031AC, 4M0616031BA, 4M0616031, 4M0513021, 4M0 616 031 AG, 4M0 616 031 AE, 4M0 616 031 S, 4M0 616 031 T, 4M0 513 021 AC, 4M0 513 021 AG, 4M0 616 031 AJ, 4M0 616 031 AS, 4M0 616 031 AK, 4M0 616 031 AD, 4M0 616 031 AF, 4M0 616 031 AB, 4M0 616 031 AC, 4M0 616 031 BA, 4M0 616 031, 4M0 513 021\",\"breadcrumb\":{\"@id\":\"https:\/\/vzduchovetlmice.sk\/cs\/produkty\/zadni-vzduchovy-tlumic-bentley-bentayga-damptronic\/#breadcrumb\"},\"inLanguage\":\"cs\",\"potentialAction\":[{\"@type\":\"ReadAction\",\"target\":[\"https:\/\/vzduchovetlmice.sk\/cs\/produkty\/zadni-vzduchovy-tlumic-bentley-bentayga-damptronic\/\"]}]},{\"@type\":\"ImageObject\",\"inLanguage\":\"cs\",\"@id\":\"https:\/\/vzduchovetlmice.sk\/cs\/produkty\/zadni-vzduchovy-tlumic-bentley-bentayga-damptronic\/#primaryimage\",\"url\":\"https:\/\/vzduchovetlmice.sk\/wp-content\/uploads\/2025\/07\/Zadny-vzduchovy-tlmic-Bentley-Bentayga-\u2013-DampTronic-4M0616031AG-4M0616031AE-4M0616031S-4M0616031T-4M0513021AC-4M0513021AG-4M0616031AJ-4M0616031AS-4M0616031AK.jpg\",\"contentUrl\":\"https:\/\/vzduchovetlmice.sk\/wp-content\/uploads\/2025\/07\/Zadny-vzduchovy-tlmic-Bentley-Bentayga-\u2013-DampTronic-4M0616031AG-4M0616031AE-4M0616031S-4M0616031T-4M0513021AC-4M0513021AG-4M0616031AJ-4M0616031AS-4M0616031AK.jpg\",\"width\":1000,\"height\":1000,\"caption\":\"Zadn\u00fd vzduchov\u00fd tlmi\u010d Bentley Bentayga \u2013 DampTronic, 4M0616031AG, 4M0616031AE, 4M0616031S, 4M0616031T, 4M0513021AC, 4M0513021AG, 4M0616031AJ, 4M0616031AS, 4M0616031AK\"},{\"@type\":\"BreadcrumbList\",\"@id\":\"https:\/\/vzduchovetlmice.sk\/cs\/produkty\/zadni-vzduchovy-tlumic-bentley-bentayga-damptronic\/#breadcrumb\",\"itemListElement\":[{\"@type\":\"ListItem\",\"position\":1,\"name\":\"Domovsk\u00e1 str\u00e1nka\",\"item\":\"https:\/\/vzduchovetlmice.sk\/\"},{\"@type\":\"ListItem\",\"position\":2,\"name\":\"Obchod\",\"item\":\"https:\/\/vzduchovetlmice.sk\/obchod\/\"},{\"@type\":\"ListItem\",\"position\":3,\"name\":\"Zadn\u00ed vzduchov\u00fd tlumi\u010d Bentley Bentayga \u2013 DampTronic\"}]},{\"@type\":\"WebSite\",\"@id\":\"https:\/\/vzduchovetlmice.sk\/#website\",\"url\":\"https:\/\/vzduchovetlmice.sk\/\",\"name\":\"VzduchoveTlmice.sk\",\"description\":\"predaj dielov pre vzduchov\u00fd podvozok\",\"potentialAction\":[{\"@type\":\"SearchAction\",\"target\":{\"@type\":\"EntryPoint\",\"urlTemplate\":\"https:\/\/vzduchovetlmice.sk\/?s={search_term_string}\"},\"query-input\":{\"@type\":\"PropertyValueSpecification\",\"valueRequired\":true,\"valueName\":\"search_term_string\"}}],\"inLanguage\":\"cs\"}]}<\/script>\n<!-- \/ Yoast SEO Premium plugin. -->","yoast_head_json":{"title":"Zadn\u00ed vzduchov\u00fd tlumi\u010d Bentley Bentayga \u2013 DampTronic","description":"Nov\u00fd zadn\u00ed vzduchov\u00fd tlumi\u010d Bentley Bentayga 4V1 (2015 -) se syst\u00e9mem DampTronic (elektronick\u00fd ovl\u00e1dan\u00fd tlumi\u010d). Tlumi\u010d pru\u017een\u00ed je stejn\u00fd pro pravou i levou stranu. OEM: 4M0616031AG, 4M0616031AE, 4M0616031S, 4M0616031T, 4M0513021AC, 4M0513021AG, 4M0616031AJ, 4M0616031AS, 4M0616031AK, 4M0616031AD, 4M0616031AF, 4M0616031AB, 4M0616031AC, 4M0616031BA, 4M0616031, 4M0513021, 4M0 616 031 AG, 4M0 616 031 AE, 4M0 616 031 S, 4M0 616 031 T, 4M0 513 021 AC, 4M0 513 021 AG, 4M0 616 031 AJ, 4M0 616 031 AS, 4M0 616 031 AK, 4M0 616 031 AD, 4M0 616 031 AF, 4M0 616 031 AB, 4M0 616 031 AC, 4M0 616 031 BA, 4M0 616 031, 4M0 513 021","robots":{"index":"index","follow":"follow","max-snippet":"max-snippet:-1","max-image-preview":"max-image-preview:large","max-video-preview":"max-video-preview:-1"},"canonical":"https:\/\/vzduchovetlmice.sk\/cs\/produkty\/zadni-vzduchovy-tlumic-bentley-bentayga-damptronic\/","og_locale":"cs_CZ","og_type":"article","og_title":"Zadn\u00ed vzduchov\u00fd tlumi\u010d Bentley Bentayga \u2013 DampTronic","og_description":"Nov\u00fd zadn\u00ed vzduchov\u00fd tlumi\u010d Bentley Bentayga 4V1 (2015 -) se syst\u00e9mem DampTronic (elektronick\u00fd ovl\u00e1dan\u00fd tlumi\u010d). Tlumi\u010d pru\u017een\u00ed je stejn\u00fd pro pravou i levou stranu. OEM: 4M0616031AG, 4M0616031AE, 4M0616031S, 4M0616031T, 4M0513021AC, 4M0513021AG, 4M0616031AJ, 4M0616031AS, 4M0616031AK, 4M0616031AD, 4M0616031AF, 4M0616031AB, 4M0616031AC, 4M0616031BA, 4M0616031, 4M0513021, 4M0 616 031 AG, 4M0 616 031 AE, 4M0 616 031 S, 4M0 616 031 T, 4M0 513 021 AC, 4M0 513 021 AG, 4M0 616 031 AJ, 4M0 616 031 AS, 4M0 616 031 AK, 4M0 616 031 AD, 4M0 616 031 AF, 4M0 616 031 AB, 4M0 616 031 AC, 4M0 616 031 BA, 4M0 616 031, 4M0 513 021","og_url":"https:\/\/vzduchovetlmice.sk\/cs\/produkty\/zadni-vzduchovy-tlumic-bentley-bentayga-damptronic\/","og_site_name":"VzduchoveTlmice.sk","article_modified_time":"2026-01-15T16:45:40+00:00","og_image":[{"width":1000,"height":1000,"url":"https:\/\/vzduchovetlmice.sk\/wp-content\/uploads\/2025\/07\/Zadny-vzduchovy-tlmic-Bentley-Bentayga-\u2013-DampTronic-4M0616031AG-4M0616031AE-4M0616031S-4M0616031T-4M0513021AC-4M0513021AG-4M0616031AJ-4M0616031AS-4M0616031AK.jpg","type":"image\/jpeg"}],"twitter_card":"summary_large_image","twitter_misc":{"Odhadovan\u00e1 doba \u010dten\u00ed":"1 minuta"},"schema":{"@context":"https:\/\/schema.org","@graph":[{"@type":"WebPage","@id":"https:\/\/vzduchovetlmice.sk\/cs\/produkty\/zadni-vzduchovy-tlumic-bentley-bentayga-damptronic\/","url":"https:\/\/vzduchovetlmice.sk\/cs\/produkty\/zadni-vzduchovy-tlumic-bentley-bentayga-damptronic\/","name":"Zadn\u00ed vzduchov\u00fd tlumi\u010d Bentley Bentayga \u2013 DampTronic","isPartOf":{"@id":"https:\/\/vzduchovetlmice.sk\/#website"},"primaryImageOfPage":{"@id":"https:\/\/vzduchovetlmice.sk\/cs\/produkty\/zadni-vzduchovy-tlumic-bentley-bentayga-damptronic\/#primaryimage"},"image":{"@id":"https:\/\/vzduchovetlmice.sk\/cs\/produkty\/zadni-vzduchovy-tlumic-bentley-bentayga-damptronic\/#primaryimage"},"thumbnailUrl":"https:\/\/vzduchovetlmice.sk\/wp-content\/uploads\/2025\/07\/Zadny-vzduchovy-tlmic-Bentley-Bentayga-\u2013-DampTronic-4M0616031AG-4M0616031AE-4M0616031S-4M0616031T-4M0513021AC-4M0513021AG-4M0616031AJ-4M0616031AS-4M0616031AK.jpg","datePublished":"2025-07-25T14:57:14+00:00","dateModified":"2026-01-15T16:45:40+00:00","description":"Nov\u00fd zadn\u00ed vzduchov\u00fd tlumi\u010d Bentley Bentayga 4V1 (2015 -) se syst\u00e9mem DampTronic (elektronick\u00fd ovl\u00e1dan\u00fd tlumi\u010d). Tlumi\u010d pru\u017een\u00ed je stejn\u00fd pro pravou i levou stranu. OEM: 4M0616031AG, 4M0616031AE, 4M0616031S, 4M0616031T, 4M0513021AC, 4M0513021AG, 4M0616031AJ, 4M0616031AS, 4M0616031AK, 4M0616031AD, 4M0616031AF, 4M0616031AB, 4M0616031AC, 4M0616031BA, 4M0616031, 4M0513021, 4M0 616 031 AG, 4M0 616 031 AE, 4M0 616 031 S, 4M0 616 031 T, 4M0 513 021 AC, 4M0 513 021 AG, 4M0 616 031 AJ, 4M0 616 031 AS, 4M0 616 031 AK, 4M0 616 031 AD, 4M0 616 031 AF, 4M0 616 031 AB, 4M0 616 031 AC, 4M0 616 031 BA, 4M0 616 031, 4M0 513 021","breadcrumb":{"@id":"https:\/\/vzduchovetlmice.sk\/cs\/produkty\/zadni-vzduchovy-tlumic-bentley-bentayga-damptronic\/#breadcrumb"},"inLanguage":"cs","potentialAction":[{"@type":"ReadAction","target":["https:\/\/vzduchovetlmice.sk\/cs\/produkty\/zadni-vzduchovy-tlumic-bentley-bentayga-damptronic\/"]}]},{"@type":"ImageObject","inLanguage":"cs","@id":"https:\/\/vzduchovetlmice.sk\/cs\/produkty\/zadni-vzduchovy-tlumic-bentley-bentayga-damptronic\/#primaryimage","url":"https:\/\/vzduchovetlmice.sk\/wp-content\/uploads\/2025\/07\/Zadny-vzduchovy-tlmic-Bentley-Bentayga-\u2013-DampTronic-4M0616031AG-4M0616031AE-4M0616031S-4M0616031T-4M0513021AC-4M0513021AG-4M0616031AJ-4M0616031AS-4M0616031AK.jpg","contentUrl":"https:\/\/vzduchovetlmice.sk\/wp-content\/uploads\/2025\/07\/Zadny-vzduchovy-tlmic-Bentley-Bentayga-\u2013-DampTronic-4M0616031AG-4M0616031AE-4M0616031S-4M0616031T-4M0513021AC-4M0513021AG-4M0616031AJ-4M0616031AS-4M0616031AK.jpg","width":1000,"height":1000,"caption":"Zadn\u00fd vzduchov\u00fd tlmi\u010d Bentley Bentayga \u2013 DampTronic, 4M0616031AG, 4M0616031AE, 4M0616031S, 4M0616031T, 4M0513021AC, 4M0513021AG, 4M0616031AJ, 4M0616031AS, 4M0616031AK"},{"@type":"BreadcrumbList","@id":"https:\/\/vzduchovetlmice.sk\/cs\/produkty\/zadni-vzduchovy-tlumic-bentley-bentayga-damptronic\/#breadcrumb","itemListElement":[{"@type":"ListItem","position":1,"name":"Domovsk\u00e1 str\u00e1nka","item":"https:\/\/vzduchovetlmice.sk\/"},{"@type":"ListItem","position":2,"name":"Obchod","item":"https:\/\/vzduchovetlmice.sk\/obchod\/"},{"@type":"ListItem","position":3,"name":"Zadn\u00ed vzduchov\u00fd tlumi\u010d Bentley Bentayga \u2013 DampTronic"}]},{"@type":"WebSite","@id":"https:\/\/vzduchovetlmice.sk\/#website","url":"https:\/\/vzduchovetlmice.sk\/","name":"VzduchoveTlmice.sk","description":"predaj dielov pre vzduchov\u00fd podvozok","potentialAction":[{"@type":"SearchAction","target":{"@type":"EntryPoint","urlTemplate":"https:\/\/vzduchovetlmice.sk\/?s={search_term_string}"},"query-input":{"@type":"PropertyValueSpecification","valueRequired":true,"valueName":"search_term_string"}}],"inLanguage":"cs"}]}},"_links":{"self":[{"href":"https:\/\/vzduchovetlmice.sk\/cs\/wp-json\/wp\/v2\/product\/101647","targetHints":{"allow":["GET"]}}],"collection":[{"href":"https:\/\/vzduchovetlmice.sk\/cs\/wp-json\/wp\/v2\/product"}],"about":[{"href":"https:\/\/vzduchovetlmice.sk\/cs\/wp-json\/wp\/v2\/types\/product"}],"wp:featuredmedia":[{"embeddable":true,"href":"https:\/\/vzduchovetlmice.sk\/cs\/wp-json\/wp\/v2\/media\/103054"}],"wp:attachment":[{"href":"https:\/\/vzduchovetlmice.sk\/cs\/wp-json\/wp\/v2\/media?parent=101647"}],"wp:term":[{"taxonomy":"product_brand","embeddable":true,"href":"https:\/\/vzduchovetlmice.sk\/cs\/wp-json\/wp\/v2\/product_brand?post=101647"},{"taxonomy":"product_cat","embeddable":true,"href":"https:\/\/vzduchovetlmice.sk\/cs\/wp-json\/wp\/v2\/product_cat?post=101647"},{"taxonomy":"product_tag","embeddable":true,"href":"https:\/\/vzduchovetlmice.sk\/cs\/wp-json\/wp\/v2\/product_tag?post=101647"}],"curies":[{"name":"wp","href":"https:\/\/api.w.org\/{rel}","templated":true}]}}