{"id":101653,"date":"2025-07-28T13:24:31","date_gmt":"2025-07-28T13:24:31","guid":{"rendered":"https:\/\/vzduchovetlmice.sk\/?post_type=product&#038;p=101653"},"modified":"2025-11-17T10:59:01","modified_gmt":"2025-11-17T10:59:01","slug":"zadni-vzduchovy-mech-jeep-grand-cherokee-wk2","status":"publish","type":"product","link":"https:\/\/vzduchovetlmice.sk\/cs\/produkty\/zadni-vzduchovy-mech-jeep-grand-cherokee-wk2\/","title":{"rendered":"Zadn\u00ed vzduchov\u00fd m\u011bch Jeep Grand Cherokee WK2"},"content":{"rendered":"<h3><strong>Dal\u0161\u00ed informace:<\/strong><\/h3>\n<p>Nov\u00fd zadn\u00ed vzduchov\u00fd m\u011bch na Jeep Grand Cherokee WK2 (2010 \u2013 2021).<\/p>\n<p>Pneumatick\u00fd m\u011bch je stejn\u00fd pro levou i pravou stranu.<\/p>\n<h4><strong>Origin\u00e1ln\u00ed v\u00fdrobn\u00ed \u010d\u00edsla (OEM): <\/strong><\/h4>\n<p>68029912AF, 68029912AE, 68029911AB, 68029912AD, 68029912A, 68029912AC, K68029912AF, K68029912AE, K68029911AB, K68029912AC, K68029912AD, 68258354AA, 68258354AB, 68258354AC, 68258355AA, 68258355AB, K68258354AA, K68258354AB, K68258354AC, K68258355AA, K68258355AB, 949-750, A-3010, AS-7062, 4J8000A, 177C-15-R<\/p>\n","protected":false},"excerpt":{"rendered":"<p><strong>Zna\u010dka: <\/strong>Jeep<\/p>\n<p><strong>Model:<\/strong> Jeep Grand Cherokee WK2 (2010 \u2013 2021)<\/p>\n<p><strong>Poloha: <\/strong>Zadn\u00ed n\u00e1prava vpravo\/vlevo<\/p>\n<p><strong>V\u00fdrobce: <\/strong>OEM<\/p>\n<p><strong>Stav:\u00a0<\/strong>Nov\u00e9<\/p>\n<p><strong>Z\u00e1ruka:\u00a0<\/strong>2 roky<\/p>\n<p><strong>Dostupnost:<\/strong>\u00a0<span style=\"color: #00ff00;\"><strong>Skladem<\/strong><\/span><\/p>\n","protected":false},"featured_media":101898,"template":"","meta":{"_et_pb_use_builder":"","_et_pb_old_content":"","_et_gb_content_width":""},"product_brand":[494],"product_cat":[503,502],"product_tag":[],"class_list":{"0":"post-101653","1":"product","2":"type-product","3":"status-publish","4":"has-post-thumbnail","6":"product_brand-jeep","7":"product_cat-grand-cherokee-wk2-2010-2021-cs","8":"product_cat-jeep-cs","10":"first","11":"instock","12":"shipping-taxable","13":"purchasable","14":"product-type-simple"},"yoast_head":"<!-- This site is optimized with the Yoast SEO Premium plugin v24.9 (Yoast SEO v27.1.1) - https:\/\/yoast.com\/product\/yoast-seo-premium-wordpress\/ -->\n<title>Zadn\u00ed vzduchov\u00fd m\u011bch Jeep Grand Cherokee WK2<\/title>\n<meta name=\"description\" content=\"Nov\u00fd zadn\u00ed vzduchov\u00fd m\u011bch na Jeep Grand Cherokee WK2 (2010 \u2013 2021). Pneumatick\u00fd m\u011bch je stejn\u00fd pro levou i pravou stranu. OEM: 68029912AF, 68029912AE, 68029911AB, 68029912AD, 68029912A, 68029912AC, K68029912AF, K68029912AE, K68029911AB, K68029912AC, K68029912AD, 68258354AA, 68258354AB, 68258354AC, 68258355AA, 68258355AB, K68258354AA, K68258354AB, K68258354AC, K68258355AA, K68258355AB, 949-750, A-3010, AS-7062, 4J8000A, 177C-15-R\" \/>\n<meta name=\"robots\" content=\"index, follow, max-snippet:-1, max-image-preview:large, max-video-preview:-1\" \/>\n<link rel=\"canonical\" href=\"https:\/\/vzduchovetlmice.sk\/cs\/produkty\/zadni-vzduchovy-mech-jeep-grand-cherokee-wk2\/\" \/>\n<meta property=\"og:locale\" content=\"cs_CZ\" \/>\n<meta property=\"og:type\" content=\"article\" \/>\n<meta property=\"og:title\" content=\"Zadn\u00ed vzduchov\u00fd m\u011bch Jeep Grand Cherokee WK2\" \/>\n<meta property=\"og:description\" content=\"Nov\u00fd zadn\u00ed vzduchov\u00fd m\u011bch na Jeep Grand Cherokee WK2 (2010 \u2013 2021). Pneumatick\u00fd m\u011bch je stejn\u00fd pro levou i pravou stranu. OEM: 68029912AF, 68029912AE, 68029911AB, 68029912AD, 68029912A, 68029912AC, K68029912AF, K68029912AE, K68029911AB, K68029912AC, K68029912AD, 68258354AA, 68258354AB, 68258354AC, 68258355AA, 68258355AB, K68258354AA, K68258354AB, K68258354AC, K68258355AA, K68258355AB, 949-750, A-3010, AS-7062, 4J8000A, 177C-15-R\" \/>\n<meta property=\"og:url\" content=\"https:\/\/vzduchovetlmice.sk\/cs\/produkty\/zadni-vzduchovy-mech-jeep-grand-cherokee-wk2\/\" \/>\n<meta property=\"og:site_name\" content=\"VzduchoveTlmice.sk\" \/>\n<meta property=\"article:modified_time\" content=\"2025-11-17T10:59:01+00:00\" \/>\n<meta property=\"og:image\" content=\"https:\/\/vzduchovetlmice.sk\/wp-content\/uploads\/2025\/07\/Zadny-vzduchovy-vankus-Jeep-Grand-Cherokee-WK2-68029912AF-68029912AE-68029911AB-68029912AD-68029912A-68029912AC-K68029912AF-K68029912AE.jpg\" \/>\n\t<meta property=\"og:image:width\" content=\"1000\" \/>\n\t<meta property=\"og:image:height\" content=\"1000\" \/>\n\t<meta property=\"og:image:type\" content=\"image\/jpeg\" \/>\n<meta name=\"twitter:card\" content=\"summary_large_image\" \/>\n<meta name=\"twitter:label1\" content=\"Odhadovan\u00e1 doba \u010dten\u00ed\" \/>\n\t<meta name=\"twitter:data1\" content=\"1 minuta\" \/>\n<script type=\"application\/ld+json\" class=\"yoast-schema-graph\">{\"@context\":\"https:\/\/schema.org\",\"@graph\":[{\"@type\":\"WebPage\",\"@id\":\"https:\/\/vzduchovetlmice.sk\/cs\/produkty\/zadni-vzduchovy-mech-jeep-grand-cherokee-wk2\/\",\"url\":\"https:\/\/vzduchovetlmice.sk\/cs\/produkty\/zadni-vzduchovy-mech-jeep-grand-cherokee-wk2\/\",\"name\":\"Zadn\u00ed vzduchov\u00fd m\u011bch Jeep Grand Cherokee WK2\",\"isPartOf\":{\"@id\":\"https:\/\/vzduchovetlmice.sk\/#website\"},\"primaryImageOfPage\":{\"@id\":\"https:\/\/vzduchovetlmice.sk\/cs\/produkty\/zadni-vzduchovy-mech-jeep-grand-cherokee-wk2\/#primaryimage\"},\"image\":{\"@id\":\"https:\/\/vzduchovetlmice.sk\/cs\/produkty\/zadni-vzduchovy-mech-jeep-grand-cherokee-wk2\/#primaryimage\"},\"thumbnailUrl\":\"https:\/\/vzduchovetlmice.sk\/wp-content\/uploads\/2025\/07\/Zadny-vzduchovy-vankus-Jeep-Grand-Cherokee-WK2-68029912AF-68029912AE-68029911AB-68029912AD-68029912A-68029912AC-K68029912AF-K68029912AE.jpg\",\"datePublished\":\"2025-07-28T13:24:31+00:00\",\"dateModified\":\"2025-11-17T10:59:01+00:00\",\"description\":\"Nov\u00fd zadn\u00ed vzduchov\u00fd m\u011bch na Jeep Grand Cherokee WK2 (2010 \u2013 2021). Pneumatick\u00fd m\u011bch je stejn\u00fd pro levou i pravou stranu. OEM: 68029912AF, 68029912AE, 68029911AB, 68029912AD, 68029912A, 68029912AC, K68029912AF, K68029912AE, K68029911AB, K68029912AC, K68029912AD, 68258354AA, 68258354AB, 68258354AC, 68258355AA, 68258355AB, K68258354AA, K68258354AB, K68258354AC, K68258355AA, K68258355AB, 949-750, A-3010, AS-7062, 4J8000A, 177C-15-R\",\"breadcrumb\":{\"@id\":\"https:\/\/vzduchovetlmice.sk\/cs\/produkty\/zadni-vzduchovy-mech-jeep-grand-cherokee-wk2\/#breadcrumb\"},\"inLanguage\":\"cs\",\"potentialAction\":[{\"@type\":\"ReadAction\",\"target\":[\"https:\/\/vzduchovetlmice.sk\/cs\/produkty\/zadni-vzduchovy-mech-jeep-grand-cherokee-wk2\/\"]}]},{\"@type\":\"ImageObject\",\"inLanguage\":\"cs\",\"@id\":\"https:\/\/vzduchovetlmice.sk\/cs\/produkty\/zadni-vzduchovy-mech-jeep-grand-cherokee-wk2\/#primaryimage\",\"url\":\"https:\/\/vzduchovetlmice.sk\/wp-content\/uploads\/2025\/07\/Zadny-vzduchovy-vankus-Jeep-Grand-Cherokee-WK2-68029912AF-68029912AE-68029911AB-68029912AD-68029912A-68029912AC-K68029912AF-K68029912AE.jpg\",\"contentUrl\":\"https:\/\/vzduchovetlmice.sk\/wp-content\/uploads\/2025\/07\/Zadny-vzduchovy-vankus-Jeep-Grand-Cherokee-WK2-68029912AF-68029912AE-68029911AB-68029912AD-68029912A-68029912AC-K68029912AF-K68029912AE.jpg\",\"width\":1000,\"height\":1000,\"caption\":\"Zadn\u00fd vzduchov\u00fd vank\u00fa\u0161 Jeep Grand Cherokee WK2, 68029912AF, 68029912AE, 68029911AB, 68029912AD, 68029912A, 68029912AC, K68029912AF, K68029912AE\"},{\"@type\":\"BreadcrumbList\",\"@id\":\"https:\/\/vzduchovetlmice.sk\/cs\/produkty\/zadni-vzduchovy-mech-jeep-grand-cherokee-wk2\/#breadcrumb\",\"itemListElement\":[{\"@type\":\"ListItem\",\"position\":1,\"name\":\"Domovsk\u00e1 str\u00e1nka\",\"item\":\"https:\/\/vzduchovetlmice.sk\/\"},{\"@type\":\"ListItem\",\"position\":2,\"name\":\"Obchod\",\"item\":\"https:\/\/vzduchovetlmice.sk\/obchod\/\"},{\"@type\":\"ListItem\",\"position\":3,\"name\":\"Zadn\u00ed vzduchov\u00fd m\u011bch Jeep Grand Cherokee WK2\"}]},{\"@type\":\"WebSite\",\"@id\":\"https:\/\/vzduchovetlmice.sk\/#website\",\"url\":\"https:\/\/vzduchovetlmice.sk\/\",\"name\":\"VzduchoveTlmice.sk\",\"description\":\"predaj dielov pre vzduchov\u00fd podvozok\",\"potentialAction\":[{\"@type\":\"SearchAction\",\"target\":{\"@type\":\"EntryPoint\",\"urlTemplate\":\"https:\/\/vzduchovetlmice.sk\/?s={search_term_string}\"},\"query-input\":{\"@type\":\"PropertyValueSpecification\",\"valueRequired\":true,\"valueName\":\"search_term_string\"}}],\"inLanguage\":\"cs\"}]}<\/script>\n<!-- \/ Yoast SEO Premium plugin. -->","yoast_head_json":{"title":"Zadn\u00ed vzduchov\u00fd m\u011bch Jeep Grand Cherokee WK2","description":"Nov\u00fd zadn\u00ed vzduchov\u00fd m\u011bch na Jeep Grand Cherokee WK2 (2010 \u2013 2021). Pneumatick\u00fd m\u011bch je stejn\u00fd pro levou i pravou stranu. OEM: 68029912AF, 68029912AE, 68029911AB, 68029912AD, 68029912A, 68029912AC, K68029912AF, K68029912AE, K68029911AB, K68029912AC, K68029912AD, 68258354AA, 68258354AB, 68258354AC, 68258355AA, 68258355AB, K68258354AA, K68258354AB, K68258354AC, K68258355AA, K68258355AB, 949-750, A-3010, AS-7062, 4J8000A, 177C-15-R","robots":{"index":"index","follow":"follow","max-snippet":"max-snippet:-1","max-image-preview":"max-image-preview:large","max-video-preview":"max-video-preview:-1"},"canonical":"https:\/\/vzduchovetlmice.sk\/cs\/produkty\/zadni-vzduchovy-mech-jeep-grand-cherokee-wk2\/","og_locale":"cs_CZ","og_type":"article","og_title":"Zadn\u00ed vzduchov\u00fd m\u011bch Jeep Grand Cherokee WK2","og_description":"Nov\u00fd zadn\u00ed vzduchov\u00fd m\u011bch na Jeep Grand Cherokee WK2 (2010 \u2013 2021). Pneumatick\u00fd m\u011bch je stejn\u00fd pro levou i pravou stranu. OEM: 68029912AF, 68029912AE, 68029911AB, 68029912AD, 68029912A, 68029912AC, K68029912AF, K68029912AE, K68029911AB, K68029912AC, K68029912AD, 68258354AA, 68258354AB, 68258354AC, 68258355AA, 68258355AB, K68258354AA, K68258354AB, K68258354AC, K68258355AA, K68258355AB, 949-750, A-3010, AS-7062, 4J8000A, 177C-15-R","og_url":"https:\/\/vzduchovetlmice.sk\/cs\/produkty\/zadni-vzduchovy-mech-jeep-grand-cherokee-wk2\/","og_site_name":"VzduchoveTlmice.sk","article_modified_time":"2025-11-17T10:59:01+00:00","og_image":[{"width":1000,"height":1000,"url":"https:\/\/vzduchovetlmice.sk\/wp-content\/uploads\/2025\/07\/Zadny-vzduchovy-vankus-Jeep-Grand-Cherokee-WK2-68029912AF-68029912AE-68029911AB-68029912AD-68029912A-68029912AC-K68029912AF-K68029912AE.jpg","type":"image\/jpeg"}],"twitter_card":"summary_large_image","twitter_misc":{"Odhadovan\u00e1 doba \u010dten\u00ed":"1 minuta"},"schema":{"@context":"https:\/\/schema.org","@graph":[{"@type":"WebPage","@id":"https:\/\/vzduchovetlmice.sk\/cs\/produkty\/zadni-vzduchovy-mech-jeep-grand-cherokee-wk2\/","url":"https:\/\/vzduchovetlmice.sk\/cs\/produkty\/zadni-vzduchovy-mech-jeep-grand-cherokee-wk2\/","name":"Zadn\u00ed vzduchov\u00fd m\u011bch Jeep Grand Cherokee WK2","isPartOf":{"@id":"https:\/\/vzduchovetlmice.sk\/#website"},"primaryImageOfPage":{"@id":"https:\/\/vzduchovetlmice.sk\/cs\/produkty\/zadni-vzduchovy-mech-jeep-grand-cherokee-wk2\/#primaryimage"},"image":{"@id":"https:\/\/vzduchovetlmice.sk\/cs\/produkty\/zadni-vzduchovy-mech-jeep-grand-cherokee-wk2\/#primaryimage"},"thumbnailUrl":"https:\/\/vzduchovetlmice.sk\/wp-content\/uploads\/2025\/07\/Zadny-vzduchovy-vankus-Jeep-Grand-Cherokee-WK2-68029912AF-68029912AE-68029911AB-68029912AD-68029912A-68029912AC-K68029912AF-K68029912AE.jpg","datePublished":"2025-07-28T13:24:31+00:00","dateModified":"2025-11-17T10:59:01+00:00","description":"Nov\u00fd zadn\u00ed vzduchov\u00fd m\u011bch na Jeep Grand Cherokee WK2 (2010 \u2013 2021). Pneumatick\u00fd m\u011bch je stejn\u00fd pro levou i pravou stranu. OEM: 68029912AF, 68029912AE, 68029911AB, 68029912AD, 68029912A, 68029912AC, K68029912AF, K68029912AE, K68029911AB, K68029912AC, K68029912AD, 68258354AA, 68258354AB, 68258354AC, 68258355AA, 68258355AB, K68258354AA, K68258354AB, K68258354AC, K68258355AA, K68258355AB, 949-750, A-3010, AS-7062, 4J8000A, 177C-15-R","breadcrumb":{"@id":"https:\/\/vzduchovetlmice.sk\/cs\/produkty\/zadni-vzduchovy-mech-jeep-grand-cherokee-wk2\/#breadcrumb"},"inLanguage":"cs","potentialAction":[{"@type":"ReadAction","target":["https:\/\/vzduchovetlmice.sk\/cs\/produkty\/zadni-vzduchovy-mech-jeep-grand-cherokee-wk2\/"]}]},{"@type":"ImageObject","inLanguage":"cs","@id":"https:\/\/vzduchovetlmice.sk\/cs\/produkty\/zadni-vzduchovy-mech-jeep-grand-cherokee-wk2\/#primaryimage","url":"https:\/\/vzduchovetlmice.sk\/wp-content\/uploads\/2025\/07\/Zadny-vzduchovy-vankus-Jeep-Grand-Cherokee-WK2-68029912AF-68029912AE-68029911AB-68029912AD-68029912A-68029912AC-K68029912AF-K68029912AE.jpg","contentUrl":"https:\/\/vzduchovetlmice.sk\/wp-content\/uploads\/2025\/07\/Zadny-vzduchovy-vankus-Jeep-Grand-Cherokee-WK2-68029912AF-68029912AE-68029911AB-68029912AD-68029912A-68029912AC-K68029912AF-K68029912AE.jpg","width":1000,"height":1000,"caption":"Zadn\u00fd vzduchov\u00fd vank\u00fa\u0161 Jeep Grand Cherokee WK2, 68029912AF, 68029912AE, 68029911AB, 68029912AD, 68029912A, 68029912AC, K68029912AF, K68029912AE"},{"@type":"BreadcrumbList","@id":"https:\/\/vzduchovetlmice.sk\/cs\/produkty\/zadni-vzduchovy-mech-jeep-grand-cherokee-wk2\/#breadcrumb","itemListElement":[{"@type":"ListItem","position":1,"name":"Domovsk\u00e1 str\u00e1nka","item":"https:\/\/vzduchovetlmice.sk\/"},{"@type":"ListItem","position":2,"name":"Obchod","item":"https:\/\/vzduchovetlmice.sk\/obchod\/"},{"@type":"ListItem","position":3,"name":"Zadn\u00ed vzduchov\u00fd m\u011bch Jeep Grand Cherokee WK2"}]},{"@type":"WebSite","@id":"https:\/\/vzduchovetlmice.sk\/#website","url":"https:\/\/vzduchovetlmice.sk\/","name":"VzduchoveTlmice.sk","description":"predaj dielov pre vzduchov\u00fd podvozok","potentialAction":[{"@type":"SearchAction","target":{"@type":"EntryPoint","urlTemplate":"https:\/\/vzduchovetlmice.sk\/?s={search_term_string}"},"query-input":{"@type":"PropertyValueSpecification","valueRequired":true,"valueName":"search_term_string"}}],"inLanguage":"cs"}]}},"_links":{"self":[{"href":"https:\/\/vzduchovetlmice.sk\/cs\/wp-json\/wp\/v2\/product\/101653","targetHints":{"allow":["GET"]}}],"collection":[{"href":"https:\/\/vzduchovetlmice.sk\/cs\/wp-json\/wp\/v2\/product"}],"about":[{"href":"https:\/\/vzduchovetlmice.sk\/cs\/wp-json\/wp\/v2\/types\/product"}],"wp:featuredmedia":[{"embeddable":true,"href":"https:\/\/vzduchovetlmice.sk\/cs\/wp-json\/wp\/v2\/media\/101898"}],"wp:attachment":[{"href":"https:\/\/vzduchovetlmice.sk\/cs\/wp-json\/wp\/v2\/media?parent=101653"}],"wp:term":[{"taxonomy":"product_brand","embeddable":true,"href":"https:\/\/vzduchovetlmice.sk\/cs\/wp-json\/wp\/v2\/product_brand?post=101653"},{"taxonomy":"product_cat","embeddable":true,"href":"https:\/\/vzduchovetlmice.sk\/cs\/wp-json\/wp\/v2\/product_cat?post=101653"},{"taxonomy":"product_tag","embeddable":true,"href":"https:\/\/vzduchovetlmice.sk\/cs\/wp-json\/wp\/v2\/product_tag?post=101653"}],"curies":[{"name":"wp","href":"https:\/\/api.w.org\/{rel}","templated":true}]}}