{"id":101661,"date":"2025-07-28T15:57:37","date_gmt":"2025-07-28T15:57:37","guid":{"rendered":"https:\/\/vzduchovetlmice.sk\/?post_type=product&#038;p=101661"},"modified":"2025-11-16T17:58:32","modified_gmt":"2025-11-16T17:58:32","slug":"predni-vzduchovy-mech-bentley-continental-gt-gtc-flying-spur","status":"publish","type":"product","link":"https:\/\/vzduchovetlmice.sk\/cs\/produkty\/predni-vzduchovy-mech-bentley-continental-gt-gtc-flying-spur\/","title":{"rendered":"P\u0159edn\u00ed vzduchov\u00fd m\u011bch Bentley Continental GT\/ GTC\/ Flying Spur"},"content":{"rendered":"<h3><strong>Dal\u0161\u00ed informace:<\/strong><\/h3>\n<p>Nov\u00fd p\u0159edn\u00ed vzduchov\u00fd m\u011bch Bentley Continental Flying Spur 3W (2005\u20132013), Bentley Continental GT 3W (2003\u20132018) a Bentley Continental GTC 3W (2006\u20132018).<\/p>\n<p>V\u010detn\u011b v\u0161ech t\u011bsn\u011bn\u00ed a p\u0159\u00edslu\u0161enstv\u00ed.<\/p>\n<p>Pneumatick\u00fd m\u011bch je stejn\u00fd pro pravou i levou stranu.<\/p>\n<p>&nbsp;<\/p>\n<h4><strong>Origin\u00e1ln\u00ed v\u00fdrobn\u00ed \u010d\u00edsla (OEM): <\/strong><\/h4>\n<div class=\"col-xs-6 col-sm-3 ng-scope\" data-ng-repeat=\"code in oem.Codes track by $index\">3W0616039, 3W0616039C, 3W0616039D, 3W0616039H, 3W0616039J, 3W0616039K, 3W0616039M, 3W5616039, 3W5616039C, 3W5616039D, 3W5616039E, 3W5616039K, 3W5616039L, 3W5616039M, 3W7616039, 3W7616039E, 3W7616039F, 3W7616039G, 3W7616039J, 3W7616039K, 3W7616039L, 3W7616039M, 3W7810654, 3W7810654A, 3W8616039, 3W8616039B, 3W8616039C, 3W8616039E, 3W8616039F, 3W8616039G, 3W8616039H, 3W8616039K, 3W8616039L, 4W0616039, 4W0616039B, 4W0616039C, 4W0616039D,\u00a03W0616040, 3W0616040C, 3W0616040D, 3W0616040H, 3W0616040J, 3W0616040K, 3W0616040M, 3W5616040, 3W5616040C, 3W5616040D, 3W5616040E, 3W5616040K, 3W5616040L, 3W5616040M, 3W7616040, 3W7616040E, 3W7616040F, 3W7616040G, 3W7616040J, 3W7616040K, 3W7616040L, 3W7616040M, 3W7810654, 3W7810654A, 3W8616040, 3W8616040B, 3W8616040C, 3W8616040E, 3W8616040F, 3W8616040G, 3W8616040H, 3W8616040K, 3W8616040L, 4W0616040, 4W0616040B, 4W0616040C, 4W0616040D<\/div>\n<div data-ng-repeat=\"code in oem.Codes track by $index\"><\/div>\n","protected":false},"excerpt":{"rendered":"<p><strong>Zna\u010dka: <\/strong>Bentley<\/p>\n<p><strong>Model:<\/strong> Bentley Continental Flying Spur 3W (2005 \u2013 2013), Bentley Continental GT 3W (2003 \u2013 2018), Bentley Continental GTC 3W (2006 \u2013 2018)<\/p>\n<p><strong>Typ:<\/strong> 2WD, AWD<\/p>\n<p><strong>Poloha: <\/strong>P\u0159edn\u00ed n\u00e1prava vpravo\/vlevo<\/p>\n<p><strong>V\u00fdrobce: <\/strong>OEM<\/p>\n<p><strong>Stav:\u00a0<\/strong>Nov\u00e9<\/p>\n<p><strong>Z\u00e1ruka:\u00a0<\/strong>2 roky<\/p>\n<p><strong>Dostupnost:<\/strong>\u00a0<span style=\"color: #00ff00;\"><strong>Skladem<\/strong><\/span><\/p>\n","protected":false},"featured_media":0,"template":"","meta":{"_et_pb_use_builder":"","_et_pb_old_content":"","_et_gb_content_width":""},"product_brand":[483],"product_cat":[542,603,604,605],"product_tag":[],"class_list":{"0":"post-101661","1":"product","2":"type-product","3":"status-publish","5":"product_brand-bentley","6":"product_cat-bentley-cs","7":"product_cat-continental-flying-spur-3w-2005-2013-cs","8":"product_cat-continental-gt-3w-2003-2018-cs","9":"product_cat-continental-gtc-3w-2006-2018-cs","11":"first","12":"instock","13":"shipping-taxable","14":"purchasable","15":"product-type-simple"},"yoast_head":"<!-- This site is optimized with the Yoast SEO Premium plugin v24.9 (Yoast SEO v27.1.1) - https:\/\/yoast.com\/product\/yoast-seo-premium-wordpress\/ -->\n<title>P\u0159edn\u00ed vzduchov\u00fd m\u011bch Bentley Continental GT\/ GTC\/ Flying Spur<\/title>\n<meta name=\"description\" content=\"Nov\u00fd p\u0159edn\u00ed vzduchov\u00fd m\u011bch Bentley Continental Flying Spur 3W (2005\u20132013), Bentley Continental GT 3W (2003\u20132018) a Bentley Continental GTC 3W (2006\u20132018). V\u010detn\u011b v\u0161ech t\u011bsn\u011bn\u00ed a p\u0159\u00edslu\u0161enstv\u00ed. Pneumatick\u00fd m\u011bch je stejn\u00fd pro pravou i levou stranu. OEM: 3W0616039, 3W0616039C, 3W0616039D, 3W0616039H, 3W0616039J, 3W0616039K, 3W0616039M, 3W5616039, 3W5616039C, 3W5616039D, 3W5616039E, 3W5616039K, 3W5616039L, 3W5616039M, 3W7616039, 3W7616039E, 3W7616039F, 3W7616039G, 3W7616039J, 3W7616039K, 3W7616039L, 3W7616039M, 3W7810654, 3W7810654A, 3W8616039, 3W8616039B, 3W8616039C, 3W8616039E, 3W8616039F, 3W8616039G, 3W8616039H, 3W8616039K, 3W8616039L, 4W0616039, 4W0616039B, 4W0616039C, 4W0616039D,\u00a03W0616040, 3W0616040C, 3W0616040D, 3W0616040H, 3W0616040J, 3W0616040K, 3W0616040M, 3W5616040, 3W5616040C, 3W5616040D, 3W5616040E, 3W5616040K, 3W5616040L, 3W5616040M, 3W7616040, 3W7616040E, 3W7616040F, 3W7616040G, 3W7616040J, 3W7616040K, 3W7616040L, 3W7616040M, 3W7810654, 3W7810654A, 3W8616040, 3W8616040B, 3W8616040C, 3W8616040E, 3W8616040F, 3W8616040G, 3W8616040H, 3W8616040K, 3W8616040L, 4W0616040, 4W0616040B, 4W0616040C, 4W0616040D\" \/>\n<meta name=\"robots\" content=\"index, follow, max-snippet:-1, max-image-preview:large, max-video-preview:-1\" \/>\n<link rel=\"canonical\" href=\"https:\/\/vzduchovetlmice.sk\/cs\/produkty\/predni-vzduchovy-mech-bentley-continental-gt-gtc-flying-spur\/\" \/>\n<meta property=\"og:locale\" content=\"cs_CZ\" \/>\n<meta property=\"og:type\" content=\"article\" \/>\n<meta property=\"og:title\" content=\"P\u0159edn\u00ed vzduchov\u00fd m\u011bch Bentley Continental GT\/ GTC\/ Flying Spur\" \/>\n<meta property=\"og:description\" content=\"Nov\u00fd p\u0159edn\u00ed vzduchov\u00fd m\u011bch Bentley Continental Flying Spur 3W (2005\u20132013), Bentley Continental GT 3W (2003\u20132018) a Bentley Continental GTC 3W (2006\u20132018). V\u010detn\u011b v\u0161ech t\u011bsn\u011bn\u00ed a p\u0159\u00edslu\u0161enstv\u00ed. Pneumatick\u00fd m\u011bch je stejn\u00fd pro pravou i levou stranu. OEM: 3W0616039, 3W0616039C, 3W0616039D, 3W0616039H, 3W0616039J, 3W0616039K, 3W0616039M, 3W5616039, 3W5616039C, 3W5616039D, 3W5616039E, 3W5616039K, 3W5616039L, 3W5616039M, 3W7616039, 3W7616039E, 3W7616039F, 3W7616039G, 3W7616039J, 3W7616039K, 3W7616039L, 3W7616039M, 3W7810654, 3W7810654A, 3W8616039, 3W8616039B, 3W8616039C, 3W8616039E, 3W8616039F, 3W8616039G, 3W8616039H, 3W8616039K, 3W8616039L, 4W0616039, 4W0616039B, 4W0616039C, 4W0616039D,\u00a03W0616040, 3W0616040C, 3W0616040D, 3W0616040H, 3W0616040J, 3W0616040K, 3W0616040M, 3W5616040, 3W5616040C, 3W5616040D, 3W5616040E, 3W5616040K, 3W5616040L, 3W5616040M, 3W7616040, 3W7616040E, 3W7616040F, 3W7616040G, 3W7616040J, 3W7616040K, 3W7616040L, 3W7616040M, 3W7810654, 3W7810654A, 3W8616040, 3W8616040B, 3W8616040C, 3W8616040E, 3W8616040F, 3W8616040G, 3W8616040H, 3W8616040K, 3W8616040L, 4W0616040, 4W0616040B, 4W0616040C, 4W0616040D\" \/>\n<meta property=\"og:url\" content=\"https:\/\/vzduchovetlmice.sk\/cs\/produkty\/predni-vzduchovy-mech-bentley-continental-gt-gtc-flying-spur\/\" \/>\n<meta property=\"og:site_name\" content=\"VzduchoveTlmice.sk\" \/>\n<meta property=\"article:modified_time\" content=\"2025-11-16T17:58:32+00:00\" \/>\n<meta name=\"twitter:card\" content=\"summary_large_image\" \/>\n<meta name=\"twitter:label1\" content=\"Odhadovan\u00e1 doba \u010dten\u00ed\" \/>\n\t<meta name=\"twitter:data1\" content=\"1 minuta\" \/>\n<script type=\"application\/ld+json\" class=\"yoast-schema-graph\">{\"@context\":\"https:\/\/schema.org\",\"@graph\":[{\"@type\":\"WebPage\",\"@id\":\"https:\/\/vzduchovetlmice.sk\/cs\/produkty\/predni-vzduchovy-mech-bentley-continental-gt-gtc-flying-spur\/\",\"url\":\"https:\/\/vzduchovetlmice.sk\/cs\/produkty\/predni-vzduchovy-mech-bentley-continental-gt-gtc-flying-spur\/\",\"name\":\"P\u0159edn\u00ed vzduchov\u00fd m\u011bch Bentley Continental GT\/ GTC\/ Flying Spur\",\"isPartOf\":{\"@id\":\"https:\/\/vzduchovetlmice.sk\/#website\"},\"datePublished\":\"2025-07-28T15:57:37+00:00\",\"dateModified\":\"2025-11-16T17:58:32+00:00\",\"description\":\"Nov\u00fd p\u0159edn\u00ed vzduchov\u00fd m\u011bch Bentley Continental Flying Spur 3W (2005\u20132013), Bentley Continental GT 3W (2003\u20132018) a Bentley Continental GTC 3W (2006\u20132018). V\u010detn\u011b v\u0161ech t\u011bsn\u011bn\u00ed a p\u0159\u00edslu\u0161enstv\u00ed. Pneumatick\u00fd m\u011bch je stejn\u00fd pro pravou i levou stranu. OEM: 3W0616039, 3W0616039C, 3W0616039D, 3W0616039H, 3W0616039J, 3W0616039K, 3W0616039M, 3W5616039, 3W5616039C, 3W5616039D, 3W5616039E, 3W5616039K, 3W5616039L, 3W5616039M, 3W7616039, 3W7616039E, 3W7616039F, 3W7616039G, 3W7616039J, 3W7616039K, 3W7616039L, 3W7616039M, 3W7810654, 3W7810654A, 3W8616039, 3W8616039B, 3W8616039C, 3W8616039E, 3W8616039F, 3W8616039G, 3W8616039H, 3W8616039K, 3W8616039L, 4W0616039, 4W0616039B, 4W0616039C, 4W0616039D,\u00a03W0616040, 3W0616040C, 3W0616040D, 3W0616040H, 3W0616040J, 3W0616040K, 3W0616040M, 3W5616040, 3W5616040C, 3W5616040D, 3W5616040E, 3W5616040K, 3W5616040L, 3W5616040M, 3W7616040, 3W7616040E, 3W7616040F, 3W7616040G, 3W7616040J, 3W7616040K, 3W7616040L, 3W7616040M, 3W7810654, 3W7810654A, 3W8616040, 3W8616040B, 3W8616040C, 3W8616040E, 3W8616040F, 3W8616040G, 3W8616040H, 3W8616040K, 3W8616040L, 4W0616040, 4W0616040B, 4W0616040C, 4W0616040D\",\"breadcrumb\":{\"@id\":\"https:\/\/vzduchovetlmice.sk\/cs\/produkty\/predni-vzduchovy-mech-bentley-continental-gt-gtc-flying-spur\/#breadcrumb\"},\"inLanguage\":\"cs\",\"potentialAction\":[{\"@type\":\"ReadAction\",\"target\":[\"https:\/\/vzduchovetlmice.sk\/cs\/produkty\/predni-vzduchovy-mech-bentley-continental-gt-gtc-flying-spur\/\"]}]},{\"@type\":\"BreadcrumbList\",\"@id\":\"https:\/\/vzduchovetlmice.sk\/cs\/produkty\/predni-vzduchovy-mech-bentley-continental-gt-gtc-flying-spur\/#breadcrumb\",\"itemListElement\":[{\"@type\":\"ListItem\",\"position\":1,\"name\":\"Domovsk\u00e1 str\u00e1nka\",\"item\":\"https:\/\/vzduchovetlmice.sk\/\"},{\"@type\":\"ListItem\",\"position\":2,\"name\":\"Obchod\",\"item\":\"https:\/\/vzduchovetlmice.sk\/obchod\/\"},{\"@type\":\"ListItem\",\"position\":3,\"name\":\"P\u0159edn\u00ed vzduchov\u00fd m\u011bch Bentley Continental GT\/ GTC\/ Flying Spur\"}]},{\"@type\":\"WebSite\",\"@id\":\"https:\/\/vzduchovetlmice.sk\/#website\",\"url\":\"https:\/\/vzduchovetlmice.sk\/\",\"name\":\"VzduchoveTlmice.sk\",\"description\":\"predaj dielov pre vzduchov\u00fd podvozok\",\"potentialAction\":[{\"@type\":\"SearchAction\",\"target\":{\"@type\":\"EntryPoint\",\"urlTemplate\":\"https:\/\/vzduchovetlmice.sk\/?s={search_term_string}\"},\"query-input\":{\"@type\":\"PropertyValueSpecification\",\"valueRequired\":true,\"valueName\":\"search_term_string\"}}],\"inLanguage\":\"cs\"}]}<\/script>\n<!-- \/ Yoast SEO Premium plugin. -->","yoast_head_json":{"title":"P\u0159edn\u00ed vzduchov\u00fd m\u011bch Bentley Continental GT\/ GTC\/ Flying Spur","description":"Nov\u00fd p\u0159edn\u00ed vzduchov\u00fd m\u011bch Bentley Continental Flying Spur 3W (2005\u20132013), Bentley Continental GT 3W (2003\u20132018) a Bentley Continental GTC 3W (2006\u20132018). V\u010detn\u011b v\u0161ech t\u011bsn\u011bn\u00ed a p\u0159\u00edslu\u0161enstv\u00ed. Pneumatick\u00fd m\u011bch je stejn\u00fd pro pravou i levou stranu. OEM: 3W0616039, 3W0616039C, 3W0616039D, 3W0616039H, 3W0616039J, 3W0616039K, 3W0616039M, 3W5616039, 3W5616039C, 3W5616039D, 3W5616039E, 3W5616039K, 3W5616039L, 3W5616039M, 3W7616039, 3W7616039E, 3W7616039F, 3W7616039G, 3W7616039J, 3W7616039K, 3W7616039L, 3W7616039M, 3W7810654, 3W7810654A, 3W8616039, 3W8616039B, 3W8616039C, 3W8616039E, 3W8616039F, 3W8616039G, 3W8616039H, 3W8616039K, 3W8616039L, 4W0616039, 4W0616039B, 4W0616039C, 4W0616039D,\u00a03W0616040, 3W0616040C, 3W0616040D, 3W0616040H, 3W0616040J, 3W0616040K, 3W0616040M, 3W5616040, 3W5616040C, 3W5616040D, 3W5616040E, 3W5616040K, 3W5616040L, 3W5616040M, 3W7616040, 3W7616040E, 3W7616040F, 3W7616040G, 3W7616040J, 3W7616040K, 3W7616040L, 3W7616040M, 3W7810654, 3W7810654A, 3W8616040, 3W8616040B, 3W8616040C, 3W8616040E, 3W8616040F, 3W8616040G, 3W8616040H, 3W8616040K, 3W8616040L, 4W0616040, 4W0616040B, 4W0616040C, 4W0616040D","robots":{"index":"index","follow":"follow","max-snippet":"max-snippet:-1","max-image-preview":"max-image-preview:large","max-video-preview":"max-video-preview:-1"},"canonical":"https:\/\/vzduchovetlmice.sk\/cs\/produkty\/predni-vzduchovy-mech-bentley-continental-gt-gtc-flying-spur\/","og_locale":"cs_CZ","og_type":"article","og_title":"P\u0159edn\u00ed vzduchov\u00fd m\u011bch Bentley Continental GT\/ GTC\/ Flying Spur","og_description":"Nov\u00fd p\u0159edn\u00ed vzduchov\u00fd m\u011bch Bentley Continental Flying Spur 3W (2005\u20132013), Bentley Continental GT 3W (2003\u20132018) a Bentley Continental GTC 3W (2006\u20132018). V\u010detn\u011b v\u0161ech t\u011bsn\u011bn\u00ed a p\u0159\u00edslu\u0161enstv\u00ed. Pneumatick\u00fd m\u011bch je stejn\u00fd pro pravou i levou stranu. OEM: 3W0616039, 3W0616039C, 3W0616039D, 3W0616039H, 3W0616039J, 3W0616039K, 3W0616039M, 3W5616039, 3W5616039C, 3W5616039D, 3W5616039E, 3W5616039K, 3W5616039L, 3W5616039M, 3W7616039, 3W7616039E, 3W7616039F, 3W7616039G, 3W7616039J, 3W7616039K, 3W7616039L, 3W7616039M, 3W7810654, 3W7810654A, 3W8616039, 3W8616039B, 3W8616039C, 3W8616039E, 3W8616039F, 3W8616039G, 3W8616039H, 3W8616039K, 3W8616039L, 4W0616039, 4W0616039B, 4W0616039C, 4W0616039D,\u00a03W0616040, 3W0616040C, 3W0616040D, 3W0616040H, 3W0616040J, 3W0616040K, 3W0616040M, 3W5616040, 3W5616040C, 3W5616040D, 3W5616040E, 3W5616040K, 3W5616040L, 3W5616040M, 3W7616040, 3W7616040E, 3W7616040F, 3W7616040G, 3W7616040J, 3W7616040K, 3W7616040L, 3W7616040M, 3W7810654, 3W7810654A, 3W8616040, 3W8616040B, 3W8616040C, 3W8616040E, 3W8616040F, 3W8616040G, 3W8616040H, 3W8616040K, 3W8616040L, 4W0616040, 4W0616040B, 4W0616040C, 4W0616040D","og_url":"https:\/\/vzduchovetlmice.sk\/cs\/produkty\/predni-vzduchovy-mech-bentley-continental-gt-gtc-flying-spur\/","og_site_name":"VzduchoveTlmice.sk","article_modified_time":"2025-11-16T17:58:32+00:00","twitter_card":"summary_large_image","twitter_misc":{"Odhadovan\u00e1 doba \u010dten\u00ed":"1 minuta"},"schema":{"@context":"https:\/\/schema.org","@graph":[{"@type":"WebPage","@id":"https:\/\/vzduchovetlmice.sk\/cs\/produkty\/predni-vzduchovy-mech-bentley-continental-gt-gtc-flying-spur\/","url":"https:\/\/vzduchovetlmice.sk\/cs\/produkty\/predni-vzduchovy-mech-bentley-continental-gt-gtc-flying-spur\/","name":"P\u0159edn\u00ed vzduchov\u00fd m\u011bch Bentley Continental GT\/ GTC\/ Flying Spur","isPartOf":{"@id":"https:\/\/vzduchovetlmice.sk\/#website"},"datePublished":"2025-07-28T15:57:37+00:00","dateModified":"2025-11-16T17:58:32+00:00","description":"Nov\u00fd p\u0159edn\u00ed vzduchov\u00fd m\u011bch Bentley Continental Flying Spur 3W (2005\u20132013), Bentley Continental GT 3W (2003\u20132018) a Bentley Continental GTC 3W (2006\u20132018). V\u010detn\u011b v\u0161ech t\u011bsn\u011bn\u00ed a p\u0159\u00edslu\u0161enstv\u00ed. Pneumatick\u00fd m\u011bch je stejn\u00fd pro pravou i levou stranu. OEM: 3W0616039, 3W0616039C, 3W0616039D, 3W0616039H, 3W0616039J, 3W0616039K, 3W0616039M, 3W5616039, 3W5616039C, 3W5616039D, 3W5616039E, 3W5616039K, 3W5616039L, 3W5616039M, 3W7616039, 3W7616039E, 3W7616039F, 3W7616039G, 3W7616039J, 3W7616039K, 3W7616039L, 3W7616039M, 3W7810654, 3W7810654A, 3W8616039, 3W8616039B, 3W8616039C, 3W8616039E, 3W8616039F, 3W8616039G, 3W8616039H, 3W8616039K, 3W8616039L, 4W0616039, 4W0616039B, 4W0616039C, 4W0616039D,\u00a03W0616040, 3W0616040C, 3W0616040D, 3W0616040H, 3W0616040J, 3W0616040K, 3W0616040M, 3W5616040, 3W5616040C, 3W5616040D, 3W5616040E, 3W5616040K, 3W5616040L, 3W5616040M, 3W7616040, 3W7616040E, 3W7616040F, 3W7616040G, 3W7616040J, 3W7616040K, 3W7616040L, 3W7616040M, 3W7810654, 3W7810654A, 3W8616040, 3W8616040B, 3W8616040C, 3W8616040E, 3W8616040F, 3W8616040G, 3W8616040H, 3W8616040K, 3W8616040L, 4W0616040, 4W0616040B, 4W0616040C, 4W0616040D","breadcrumb":{"@id":"https:\/\/vzduchovetlmice.sk\/cs\/produkty\/predni-vzduchovy-mech-bentley-continental-gt-gtc-flying-spur\/#breadcrumb"},"inLanguage":"cs","potentialAction":[{"@type":"ReadAction","target":["https:\/\/vzduchovetlmice.sk\/cs\/produkty\/predni-vzduchovy-mech-bentley-continental-gt-gtc-flying-spur\/"]}]},{"@type":"BreadcrumbList","@id":"https:\/\/vzduchovetlmice.sk\/cs\/produkty\/predni-vzduchovy-mech-bentley-continental-gt-gtc-flying-spur\/#breadcrumb","itemListElement":[{"@type":"ListItem","position":1,"name":"Domovsk\u00e1 str\u00e1nka","item":"https:\/\/vzduchovetlmice.sk\/"},{"@type":"ListItem","position":2,"name":"Obchod","item":"https:\/\/vzduchovetlmice.sk\/obchod\/"},{"@type":"ListItem","position":3,"name":"P\u0159edn\u00ed vzduchov\u00fd m\u011bch Bentley Continental GT\/ GTC\/ Flying Spur"}]},{"@type":"WebSite","@id":"https:\/\/vzduchovetlmice.sk\/#website","url":"https:\/\/vzduchovetlmice.sk\/","name":"VzduchoveTlmice.sk","description":"predaj dielov pre vzduchov\u00fd podvozok","potentialAction":[{"@type":"SearchAction","target":{"@type":"EntryPoint","urlTemplate":"https:\/\/vzduchovetlmice.sk\/?s={search_term_string}"},"query-input":{"@type":"PropertyValueSpecification","valueRequired":true,"valueName":"search_term_string"}}],"inLanguage":"cs"}]}},"_links":{"self":[{"href":"https:\/\/vzduchovetlmice.sk\/cs\/wp-json\/wp\/v2\/product\/101661","targetHints":{"allow":["GET"]}}],"collection":[{"href":"https:\/\/vzduchovetlmice.sk\/cs\/wp-json\/wp\/v2\/product"}],"about":[{"href":"https:\/\/vzduchovetlmice.sk\/cs\/wp-json\/wp\/v2\/types\/product"}],"wp:attachment":[{"href":"https:\/\/vzduchovetlmice.sk\/cs\/wp-json\/wp\/v2\/media?parent=101661"}],"wp:term":[{"taxonomy":"product_brand","embeddable":true,"href":"https:\/\/vzduchovetlmice.sk\/cs\/wp-json\/wp\/v2\/product_brand?post=101661"},{"taxonomy":"product_cat","embeddable":true,"href":"https:\/\/vzduchovetlmice.sk\/cs\/wp-json\/wp\/v2\/product_cat?post=101661"},{"taxonomy":"product_tag","embeddable":true,"href":"https:\/\/vzduchovetlmice.sk\/cs\/wp-json\/wp\/v2\/product_tag?post=101661"}],"curies":[{"name":"wp","href":"https:\/\/api.w.org\/{rel}","templated":true}]}}