{"id":101667,"date":"2025-07-28T16:48:30","date_gmt":"2025-07-28T16:48:30","guid":{"rendered":"https:\/\/vzduchovetlmice.sk\/?post_type=product&#038;p=101667"},"modified":"2025-11-16T17:56:07","modified_gmt":"2025-11-16T17:56:07","slug":"predni-vzduchovy-mech-volkswagen-phaeton","status":"publish","type":"product","link":"https:\/\/vzduchovetlmice.sk\/cs\/produkty\/predni-vzduchovy-mech-volkswagen-phaeton\/","title":{"rendered":"P\u0159edn\u00ed vzduchov\u00fd m\u011bch Volkswagen Phaeton"},"content":{"rendered":"<h3><strong>Dal\u0161\u00ed informace:<\/strong><\/h3>\n<p>Nov\u00fd p\u0159edn\u00ed vzduchov\u00fd m\u011bch Volkswagen (VW) Phaeton 3D_ (2002 \u2013 2016).<\/p>\n<p>V\u010detn\u011b v\u0161ech t\u011bsn\u011bn\u00ed a p\u0159\u00edslu\u0161enstv\u00ed.<\/p>\n<p>Pneumatick\u00fd m\u011bch je stejn\u00fd pro pravou i levou stranu.<\/p>\n<p>&nbsp;<\/p>\n<h4><strong>Origin\u00e1ln\u00ed v\u00fdrobn\u00ed \u010d\u00edsla (OEM): <\/strong><\/h4>\n<div class=\"col-xs-6 col-sm-3 ng-scope\" data-ng-repeat=\"code in oem.Codes track by $index\">3D0616040, 3D0616040AA, 3D0616040AB, 3D0616040AC, 3D0616040AD, 3D0616040G, 3D0616040L, 3D0616040M, 3D0616040N, 3D0616040P, 3D0616040Q, 3D0616040S, 3D0616040T, 3D5616040, 3D7616040, 3D0616039, 3D0616039AA, 3D0616039AB, 3D0616039AC, 3D0616039AD, 3D0616039G, 3D0616039L, 3D0616039M, 3D0616039N, 3D0616039P, 3D0616039Q, 3D0616039S, 3D0616039T, 3D5616039, 3D7616039<\/div>\n<div data-ng-repeat=\"code in oem.Codes track by $index\"><\/div>\n","protected":false},"excerpt":{"rendered":"<p><strong>Zna\u010dka: <\/strong>Volkswagen (VW)<\/p>\n<p><strong>Model:<\/strong> Phaeton 3D_ (2002 \u2013 2016)<\/p>\n<p><strong>Typ:<\/strong> 2WD, AWD, 4Motion<\/p>\n<p><strong>Poloha: <\/strong>P\u0159edn\u00ed n\u00e1prava vpravo\/vlevo<\/p>\n<p><strong>V\u00fdrobce: <\/strong>OEM<\/p>\n<p><strong>Stav:\u00a0<\/strong>Nov\u00e9<\/p>\n<p><strong>Z\u00e1ruka:\u00a0<\/strong>2 roky<\/p>\n<p><strong>Dostupnost:<\/strong>\u00a0<span style=\"color: #00ff00;\"><strong>Skladem<\/strong><\/span><\/p>\n","protected":false},"featured_media":0,"template":"","meta":{"_et_pb_use_builder":"","_et_pb_old_content":"","_et_gb_content_width":""},"product_brand":[471],"product_cat":[523,526],"product_tag":[],"class_list":{"0":"post-101667","1":"product","2":"type-product","3":"status-publish","5":"product_brand-volkswagen","6":"product_cat-phaeton-3d-2002-2016-cs","7":"product_cat-volkswagen-cs","9":"first","10":"instock","11":"shipping-taxable","12":"purchasable","13":"product-type-simple"},"yoast_head":"<!-- This site is optimized with the Yoast SEO Premium plugin v24.9 (Yoast SEO v27.1.1) - https:\/\/yoast.com\/product\/yoast-seo-premium-wordpress\/ -->\n<title>P\u0159edn\u00ed vzduchov\u00fd m\u011bch Volkswagen Phaeton<\/title>\n<meta name=\"description\" content=\"Nov\u00fd p\u0159edn\u00ed vzduchov\u00fd m\u011bch Volkswagen (VW) Phaeton 3D_ (2002 \u2013 2016). V\u010detn\u011b v\u0161ech t\u011bsn\u011bn\u00ed a p\u0159\u00edslu\u0161enstv\u00ed. Pneumatick\u00fd m\u011bch je stejn\u00fd pro pravou i levou stranu. OEM: 3D0616040, 3D0616040AA, 3D0616040AB, 3D0616040AC, 3D0616040AD, 3D0616040G, 3D0616040L, 3D0616040M, 3D0616040N, 3D0616040P, 3D0616040Q, 3D0616040S, 3D0616040T, 3D5616040, 3D7616040, 3D0616039, 3D0616039AA, 3D0616039AB, 3D0616039AC, 3D0616039AD, 3D0616039G, 3D0616039L, 3D0616039M, 3D0616039N, 3D0616039P, 3D0616039Q, 3D0616039S, 3D0616039T, 3D5616039, 3D7616039\" \/>\n<meta name=\"robots\" content=\"index, follow, max-snippet:-1, max-image-preview:large, max-video-preview:-1\" \/>\n<link rel=\"canonical\" href=\"https:\/\/vzduchovetlmice.sk\/cs\/produkty\/predni-vzduchovy-mech-volkswagen-phaeton\/\" \/>\n<meta property=\"og:locale\" content=\"cs_CZ\" \/>\n<meta property=\"og:type\" content=\"article\" \/>\n<meta property=\"og:title\" content=\"P\u0159edn\u00ed vzduchov\u00fd m\u011bch Volkswagen Phaeton\" \/>\n<meta property=\"og:description\" content=\"Nov\u00fd p\u0159edn\u00ed vzduchov\u00fd m\u011bch Volkswagen (VW) Phaeton 3D_ (2002 \u2013 2016). V\u010detn\u011b v\u0161ech t\u011bsn\u011bn\u00ed a p\u0159\u00edslu\u0161enstv\u00ed. Pneumatick\u00fd m\u011bch je stejn\u00fd pro pravou i levou stranu. OEM: 3D0616040, 3D0616040AA, 3D0616040AB, 3D0616040AC, 3D0616040AD, 3D0616040G, 3D0616040L, 3D0616040M, 3D0616040N, 3D0616040P, 3D0616040Q, 3D0616040S, 3D0616040T, 3D5616040, 3D7616040, 3D0616039, 3D0616039AA, 3D0616039AB, 3D0616039AC, 3D0616039AD, 3D0616039G, 3D0616039L, 3D0616039M, 3D0616039N, 3D0616039P, 3D0616039Q, 3D0616039S, 3D0616039T, 3D5616039, 3D7616039\" \/>\n<meta property=\"og:url\" content=\"https:\/\/vzduchovetlmice.sk\/cs\/produkty\/predni-vzduchovy-mech-volkswagen-phaeton\/\" \/>\n<meta property=\"og:site_name\" content=\"VzduchoveTlmice.sk\" \/>\n<meta property=\"article:modified_time\" content=\"2025-11-16T17:56:07+00:00\" \/>\n<meta name=\"twitter:card\" content=\"summary_large_image\" \/>\n<meta name=\"twitter:label1\" content=\"Odhadovan\u00e1 doba \u010dten\u00ed\" \/>\n\t<meta name=\"twitter:data1\" content=\"1 minuta\" \/>\n<script type=\"application\/ld+json\" class=\"yoast-schema-graph\">{\"@context\":\"https:\/\/schema.org\",\"@graph\":[{\"@type\":\"WebPage\",\"@id\":\"https:\/\/vzduchovetlmice.sk\/cs\/produkty\/predni-vzduchovy-mech-volkswagen-phaeton\/\",\"url\":\"https:\/\/vzduchovetlmice.sk\/cs\/produkty\/predni-vzduchovy-mech-volkswagen-phaeton\/\",\"name\":\"P\u0159edn\u00ed vzduchov\u00fd m\u011bch Volkswagen Phaeton\",\"isPartOf\":{\"@id\":\"https:\/\/vzduchovetlmice.sk\/#website\"},\"datePublished\":\"2025-07-28T16:48:30+00:00\",\"dateModified\":\"2025-11-16T17:56:07+00:00\",\"description\":\"Nov\u00fd p\u0159edn\u00ed vzduchov\u00fd m\u011bch Volkswagen (VW) Phaeton 3D_ (2002 \u2013 2016). V\u010detn\u011b v\u0161ech t\u011bsn\u011bn\u00ed a p\u0159\u00edslu\u0161enstv\u00ed. Pneumatick\u00fd m\u011bch je stejn\u00fd pro pravou i levou stranu. OEM: 3D0616040, 3D0616040AA, 3D0616040AB, 3D0616040AC, 3D0616040AD, 3D0616040G, 3D0616040L, 3D0616040M, 3D0616040N, 3D0616040P, 3D0616040Q, 3D0616040S, 3D0616040T, 3D5616040, 3D7616040, 3D0616039, 3D0616039AA, 3D0616039AB, 3D0616039AC, 3D0616039AD, 3D0616039G, 3D0616039L, 3D0616039M, 3D0616039N, 3D0616039P, 3D0616039Q, 3D0616039S, 3D0616039T, 3D5616039, 3D7616039\",\"breadcrumb\":{\"@id\":\"https:\/\/vzduchovetlmice.sk\/cs\/produkty\/predni-vzduchovy-mech-volkswagen-phaeton\/#breadcrumb\"},\"inLanguage\":\"cs\",\"potentialAction\":[{\"@type\":\"ReadAction\",\"target\":[\"https:\/\/vzduchovetlmice.sk\/cs\/produkty\/predni-vzduchovy-mech-volkswagen-phaeton\/\"]}]},{\"@type\":\"BreadcrumbList\",\"@id\":\"https:\/\/vzduchovetlmice.sk\/cs\/produkty\/predni-vzduchovy-mech-volkswagen-phaeton\/#breadcrumb\",\"itemListElement\":[{\"@type\":\"ListItem\",\"position\":1,\"name\":\"Domovsk\u00e1 str\u00e1nka\",\"item\":\"https:\/\/vzduchovetlmice.sk\/\"},{\"@type\":\"ListItem\",\"position\":2,\"name\":\"Obchod\",\"item\":\"https:\/\/vzduchovetlmice.sk\/obchod\/\"},{\"@type\":\"ListItem\",\"position\":3,\"name\":\"P\u0159edn\u00ed vzduchov\u00fd m\u011bch Volkswagen Phaeton\"}]},{\"@type\":\"WebSite\",\"@id\":\"https:\/\/vzduchovetlmice.sk\/#website\",\"url\":\"https:\/\/vzduchovetlmice.sk\/\",\"name\":\"VzduchoveTlmice.sk\",\"description\":\"predaj dielov pre vzduchov\u00fd podvozok\",\"potentialAction\":[{\"@type\":\"SearchAction\",\"target\":{\"@type\":\"EntryPoint\",\"urlTemplate\":\"https:\/\/vzduchovetlmice.sk\/?s={search_term_string}\"},\"query-input\":{\"@type\":\"PropertyValueSpecification\",\"valueRequired\":true,\"valueName\":\"search_term_string\"}}],\"inLanguage\":\"cs\"}]}<\/script>\n<!-- \/ Yoast SEO Premium plugin. -->","yoast_head_json":{"title":"P\u0159edn\u00ed vzduchov\u00fd m\u011bch Volkswagen Phaeton","description":"Nov\u00fd p\u0159edn\u00ed vzduchov\u00fd m\u011bch Volkswagen (VW) Phaeton 3D_ (2002 \u2013 2016). V\u010detn\u011b v\u0161ech t\u011bsn\u011bn\u00ed a p\u0159\u00edslu\u0161enstv\u00ed. Pneumatick\u00fd m\u011bch je stejn\u00fd pro pravou i levou stranu. OEM: 3D0616040, 3D0616040AA, 3D0616040AB, 3D0616040AC, 3D0616040AD, 3D0616040G, 3D0616040L, 3D0616040M, 3D0616040N, 3D0616040P, 3D0616040Q, 3D0616040S, 3D0616040T, 3D5616040, 3D7616040, 3D0616039, 3D0616039AA, 3D0616039AB, 3D0616039AC, 3D0616039AD, 3D0616039G, 3D0616039L, 3D0616039M, 3D0616039N, 3D0616039P, 3D0616039Q, 3D0616039S, 3D0616039T, 3D5616039, 3D7616039","robots":{"index":"index","follow":"follow","max-snippet":"max-snippet:-1","max-image-preview":"max-image-preview:large","max-video-preview":"max-video-preview:-1"},"canonical":"https:\/\/vzduchovetlmice.sk\/cs\/produkty\/predni-vzduchovy-mech-volkswagen-phaeton\/","og_locale":"cs_CZ","og_type":"article","og_title":"P\u0159edn\u00ed vzduchov\u00fd m\u011bch Volkswagen Phaeton","og_description":"Nov\u00fd p\u0159edn\u00ed vzduchov\u00fd m\u011bch Volkswagen (VW) Phaeton 3D_ (2002 \u2013 2016). V\u010detn\u011b v\u0161ech t\u011bsn\u011bn\u00ed a p\u0159\u00edslu\u0161enstv\u00ed. Pneumatick\u00fd m\u011bch je stejn\u00fd pro pravou i levou stranu. OEM: 3D0616040, 3D0616040AA, 3D0616040AB, 3D0616040AC, 3D0616040AD, 3D0616040G, 3D0616040L, 3D0616040M, 3D0616040N, 3D0616040P, 3D0616040Q, 3D0616040S, 3D0616040T, 3D5616040, 3D7616040, 3D0616039, 3D0616039AA, 3D0616039AB, 3D0616039AC, 3D0616039AD, 3D0616039G, 3D0616039L, 3D0616039M, 3D0616039N, 3D0616039P, 3D0616039Q, 3D0616039S, 3D0616039T, 3D5616039, 3D7616039","og_url":"https:\/\/vzduchovetlmice.sk\/cs\/produkty\/predni-vzduchovy-mech-volkswagen-phaeton\/","og_site_name":"VzduchoveTlmice.sk","article_modified_time":"2025-11-16T17:56:07+00:00","twitter_card":"summary_large_image","twitter_misc":{"Odhadovan\u00e1 doba \u010dten\u00ed":"1 minuta"},"schema":{"@context":"https:\/\/schema.org","@graph":[{"@type":"WebPage","@id":"https:\/\/vzduchovetlmice.sk\/cs\/produkty\/predni-vzduchovy-mech-volkswagen-phaeton\/","url":"https:\/\/vzduchovetlmice.sk\/cs\/produkty\/predni-vzduchovy-mech-volkswagen-phaeton\/","name":"P\u0159edn\u00ed vzduchov\u00fd m\u011bch Volkswagen Phaeton","isPartOf":{"@id":"https:\/\/vzduchovetlmice.sk\/#website"},"datePublished":"2025-07-28T16:48:30+00:00","dateModified":"2025-11-16T17:56:07+00:00","description":"Nov\u00fd p\u0159edn\u00ed vzduchov\u00fd m\u011bch Volkswagen (VW) Phaeton 3D_ (2002 \u2013 2016). V\u010detn\u011b v\u0161ech t\u011bsn\u011bn\u00ed a p\u0159\u00edslu\u0161enstv\u00ed. Pneumatick\u00fd m\u011bch je stejn\u00fd pro pravou i levou stranu. OEM: 3D0616040, 3D0616040AA, 3D0616040AB, 3D0616040AC, 3D0616040AD, 3D0616040G, 3D0616040L, 3D0616040M, 3D0616040N, 3D0616040P, 3D0616040Q, 3D0616040S, 3D0616040T, 3D5616040, 3D7616040, 3D0616039, 3D0616039AA, 3D0616039AB, 3D0616039AC, 3D0616039AD, 3D0616039G, 3D0616039L, 3D0616039M, 3D0616039N, 3D0616039P, 3D0616039Q, 3D0616039S, 3D0616039T, 3D5616039, 3D7616039","breadcrumb":{"@id":"https:\/\/vzduchovetlmice.sk\/cs\/produkty\/predni-vzduchovy-mech-volkswagen-phaeton\/#breadcrumb"},"inLanguage":"cs","potentialAction":[{"@type":"ReadAction","target":["https:\/\/vzduchovetlmice.sk\/cs\/produkty\/predni-vzduchovy-mech-volkswagen-phaeton\/"]}]},{"@type":"BreadcrumbList","@id":"https:\/\/vzduchovetlmice.sk\/cs\/produkty\/predni-vzduchovy-mech-volkswagen-phaeton\/#breadcrumb","itemListElement":[{"@type":"ListItem","position":1,"name":"Domovsk\u00e1 str\u00e1nka","item":"https:\/\/vzduchovetlmice.sk\/"},{"@type":"ListItem","position":2,"name":"Obchod","item":"https:\/\/vzduchovetlmice.sk\/obchod\/"},{"@type":"ListItem","position":3,"name":"P\u0159edn\u00ed vzduchov\u00fd m\u011bch Volkswagen Phaeton"}]},{"@type":"WebSite","@id":"https:\/\/vzduchovetlmice.sk\/#website","url":"https:\/\/vzduchovetlmice.sk\/","name":"VzduchoveTlmice.sk","description":"predaj dielov pre vzduchov\u00fd podvozok","potentialAction":[{"@type":"SearchAction","target":{"@type":"EntryPoint","urlTemplate":"https:\/\/vzduchovetlmice.sk\/?s={search_term_string}"},"query-input":{"@type":"PropertyValueSpecification","valueRequired":true,"valueName":"search_term_string"}}],"inLanguage":"cs"}]}},"_links":{"self":[{"href":"https:\/\/vzduchovetlmice.sk\/cs\/wp-json\/wp\/v2\/product\/101667","targetHints":{"allow":["GET"]}}],"collection":[{"href":"https:\/\/vzduchovetlmice.sk\/cs\/wp-json\/wp\/v2\/product"}],"about":[{"href":"https:\/\/vzduchovetlmice.sk\/cs\/wp-json\/wp\/v2\/types\/product"}],"wp:attachment":[{"href":"https:\/\/vzduchovetlmice.sk\/cs\/wp-json\/wp\/v2\/media?parent=101667"}],"wp:term":[{"taxonomy":"product_brand","embeddable":true,"href":"https:\/\/vzduchovetlmice.sk\/cs\/wp-json\/wp\/v2\/product_brand?post=101667"},{"taxonomy":"product_cat","embeddable":true,"href":"https:\/\/vzduchovetlmice.sk\/cs\/wp-json\/wp\/v2\/product_cat?post=101667"},{"taxonomy":"product_tag","embeddable":true,"href":"https:\/\/vzduchovetlmice.sk\/cs\/wp-json\/wp\/v2\/product_tag?post=101667"}],"curies":[{"name":"wp","href":"https:\/\/api.w.org\/{rel}","templated":true}]}}