{"id":101673,"date":"2025-07-28T17:27:49","date_gmt":"2025-07-28T17:27:49","guid":{"rendered":"https:\/\/vzduchovetlmice.sk\/?post_type=product&#038;p=101673"},"modified":"2025-10-20T18:23:14","modified_gmt":"2025-10-20T18:23:14","slug":"ventilovy-blok-volkswagen-phaeton-original-vw","status":"publish","type":"product","link":"https:\/\/vzduchovetlmice.sk\/cs\/produkty\/ventilovy-blok-volkswagen-phaeton-original-vw\/","title":{"rendered":"Ventilov\u00fd blok Volkswagen Phaeton \u2013 Origin\u00e1l VW"},"content":{"rendered":"<h3><strong>Dal\u0161\u00ed informace:<\/strong><\/h3>\n<p>Nov\u00e1 ventilov\u00e1 jednotka (blok) vzduchov\u00e9ho kompresoru podvozku pro Volkswagen (VW) Phaeton 3D_ (2002 \u2013 2016).<\/p>\n<p>Jedn\u00e1 se o origin\u00e1ln\u00ed d\u00edl dod\u00e1van\u00fd do prvov\u00fdroby (RAPA \u2013 prvov\u00fdroba).<\/p>\n<h4><strong>Origin\u00e1ln\u00ed v\u00fdrobn\u00ed \u010d\u00edsla (OEM): <\/strong><\/h4>\n<p>3D0616013, 3D0 616 013, 3D0616013A, 3D0 616 013 A, 3D0616013B, 3D0 616 013 B, 3D0616013C, 3D0 616 013 C, RAPA,\u00a0 LF16, LF16S<\/p>\n","protected":false},"excerpt":{"rendered":"<p><strong>Zna\u010dka: <\/strong>Volkswagen (VW)<\/p>\n<p><strong>Model:<\/strong> Phaeton 3D_ (2002 \u2013 2016)<\/p>\n<p><strong>V\u00fdrobce: <\/strong>RAPA &#8211; Made in Germany<\/p>\n<p><strong>Stav: <\/strong>Nov\u00e9<\/p>\n<p><strong>Z\u00e1ruka: <\/strong>2 roky<\/p>\n<p><strong>Dostupnost:<\/strong> <span style=\"color: #00ff00;\"><strong>Skladem<\/strong><\/span><\/p>\n","protected":false},"featured_media":101858,"template":"","meta":{"_et_pb_use_builder":"","_et_pb_old_content":"","_et_gb_content_width":""},"product_brand":[471],"product_cat":[16],"product_tag":[],"class_list":{"0":"post-101673","1":"product","2":"type-product","3":"status-publish","4":"has-post-thumbnail","6":"product_brand-volkswagen","7":"product_cat-univerzalne-diely","9":"first","10":"instock","11":"shipping-taxable","12":"purchasable","13":"product-type-simple"},"yoast_head":"<!-- This site is optimized with the Yoast SEO Premium plugin v24.9 (Yoast SEO v27.1.1) - https:\/\/yoast.com\/product\/yoast-seo-premium-wordpress\/ -->\n<title>Ventilov\u00fd blok Volkswagen Phaeton \u2013 Origin\u00e1l VW<\/title>\n<meta name=\"description\" content=\"Nov\u00e1 ventilov\u00e1 jednotka (blok) vzduchov\u00e9ho kompresoru podvozku pro Volkswagen (VW) Phaeton 3D_ (2002 \u2013 2016). Jedn\u00e1 se o origin\u00e1ln\u00ed d\u00edl dod\u00e1van\u00fd do prvov\u00fdroby (RAPA \u2013 prvov\u00fdroba). OEM: 3D0616013, 3D0 616 013, 3D0616013A, 3D0 616 013 A, 3D0616013B, 3D0 616 013 B, 3D0616013C, 3D0 616 013 C, RAPA, LF16, LF16S\" \/>\n<meta name=\"robots\" content=\"index, follow, max-snippet:-1, max-image-preview:large, max-video-preview:-1\" \/>\n<link rel=\"canonical\" href=\"https:\/\/vzduchovetlmice.sk\/cs\/produkty\/ventilovy-blok-volkswagen-phaeton-original-vw\/\" \/>\n<meta property=\"og:locale\" content=\"cs_CZ\" \/>\n<meta property=\"og:type\" content=\"article\" \/>\n<meta property=\"og:title\" content=\"Ventilov\u00fd blok Volkswagen Phaeton \u2013 Origin\u00e1l VW\" \/>\n<meta property=\"og:description\" content=\"Nov\u00e1 ventilov\u00e1 jednotka (blok) vzduchov\u00e9ho kompresoru podvozku pro Volkswagen (VW) Phaeton 3D_ (2002 \u2013 2016). Jedn\u00e1 se o origin\u00e1ln\u00ed d\u00edl dod\u00e1van\u00fd do prvov\u00fdroby (RAPA \u2013 prvov\u00fdroba). OEM: 3D0616013, 3D0 616 013, 3D0616013A, 3D0 616 013 A, 3D0616013B, 3D0 616 013 B, 3D0616013C, 3D0 616 013 C, RAPA, LF16, LF16S\" \/>\n<meta property=\"og:url\" content=\"https:\/\/vzduchovetlmice.sk\/cs\/produkty\/ventilovy-blok-volkswagen-phaeton-original-vw\/\" \/>\n<meta property=\"og:site_name\" content=\"VzduchoveTlmice.sk\" \/>\n<meta property=\"article:modified_time\" content=\"2025-10-20T18:23:14+00:00\" \/>\n<meta property=\"og:image\" content=\"https:\/\/vzduchovetlmice.sk\/wp-content\/uploads\/2025\/07\/Ventilova-jednotka-Volkswagen-Phaeton-\u2013-Original-VW-3D0616013-3D0-616-013-3D0616013A-3D0-616-013-A.jpg\" \/>\n\t<meta property=\"og:image:width\" content=\"1000\" \/>\n\t<meta property=\"og:image:height\" content=\"1000\" \/>\n\t<meta property=\"og:image:type\" content=\"image\/jpeg\" \/>\n<meta name=\"twitter:card\" content=\"summary_large_image\" \/>\n<meta name=\"twitter:label1\" content=\"Odhadovan\u00e1 doba \u010dten\u00ed\" \/>\n\t<meta name=\"twitter:data1\" content=\"1 minuta\" \/>\n<script type=\"application\/ld+json\" class=\"yoast-schema-graph\">{\"@context\":\"https:\/\/schema.org\",\"@graph\":[{\"@type\":\"WebPage\",\"@id\":\"https:\/\/vzduchovetlmice.sk\/cs\/produkty\/ventilovy-blok-volkswagen-phaeton-original-vw\/\",\"url\":\"https:\/\/vzduchovetlmice.sk\/cs\/produkty\/ventilovy-blok-volkswagen-phaeton-original-vw\/\",\"name\":\"Ventilov\u00fd blok Volkswagen Phaeton \u2013 Origin\u00e1l VW\",\"isPartOf\":{\"@id\":\"https:\/\/vzduchovetlmice.sk\/#website\"},\"primaryImageOfPage\":{\"@id\":\"https:\/\/vzduchovetlmice.sk\/cs\/produkty\/ventilovy-blok-volkswagen-phaeton-original-vw\/#primaryimage\"},\"image\":{\"@id\":\"https:\/\/vzduchovetlmice.sk\/cs\/produkty\/ventilovy-blok-volkswagen-phaeton-original-vw\/#primaryimage\"},\"thumbnailUrl\":\"https:\/\/vzduchovetlmice.sk\/wp-content\/uploads\/2025\/07\/Ventilova-jednotka-Volkswagen-Phaeton-\u2013-Original-VW-3D0616013-3D0-616-013-3D0616013A-3D0-616-013-A.jpg\",\"datePublished\":\"2025-07-28T17:27:49+00:00\",\"dateModified\":\"2025-10-20T18:23:14+00:00\",\"description\":\"Nov\u00e1 ventilov\u00e1 jednotka (blok) vzduchov\u00e9ho kompresoru podvozku pro Volkswagen (VW) Phaeton 3D_ (2002 \u2013 2016). Jedn\u00e1 se o origin\u00e1ln\u00ed d\u00edl dod\u00e1van\u00fd do prvov\u00fdroby (RAPA \u2013 prvov\u00fdroba). OEM: 3D0616013, 3D0 616 013, 3D0616013A, 3D0 616 013 A, 3D0616013B, 3D0 616 013 B, 3D0616013C, 3D0 616 013 C, RAPA, LF16, LF16S\",\"breadcrumb\":{\"@id\":\"https:\/\/vzduchovetlmice.sk\/cs\/produkty\/ventilovy-blok-volkswagen-phaeton-original-vw\/#breadcrumb\"},\"inLanguage\":\"cs\",\"potentialAction\":[{\"@type\":\"ReadAction\",\"target\":[\"https:\/\/vzduchovetlmice.sk\/cs\/produkty\/ventilovy-blok-volkswagen-phaeton-original-vw\/\"]}]},{\"@type\":\"ImageObject\",\"inLanguage\":\"cs\",\"@id\":\"https:\/\/vzduchovetlmice.sk\/cs\/produkty\/ventilovy-blok-volkswagen-phaeton-original-vw\/#primaryimage\",\"url\":\"https:\/\/vzduchovetlmice.sk\/wp-content\/uploads\/2025\/07\/Ventilova-jednotka-Volkswagen-Phaeton-\u2013-Original-VW-3D0616013-3D0-616-013-3D0616013A-3D0-616-013-A.jpg\",\"contentUrl\":\"https:\/\/vzduchovetlmice.sk\/wp-content\/uploads\/2025\/07\/Ventilova-jednotka-Volkswagen-Phaeton-\u2013-Original-VW-3D0616013-3D0-616-013-3D0616013A-3D0-616-013-A.jpg\",\"width\":1000,\"height\":1000,\"caption\":\"Ventilov\u00e1 jednotka Volkswagen Phaeton \u2013 Origin\u00e1l VW, 3D0616013, 3D0 616 013, 3D0616013A, 3D0 616 013 A\"},{\"@type\":\"BreadcrumbList\",\"@id\":\"https:\/\/vzduchovetlmice.sk\/cs\/produkty\/ventilovy-blok-volkswagen-phaeton-original-vw\/#breadcrumb\",\"itemListElement\":[{\"@type\":\"ListItem\",\"position\":1,\"name\":\"Domovsk\u00e1 str\u00e1nka\",\"item\":\"https:\/\/vzduchovetlmice.sk\/\"},{\"@type\":\"ListItem\",\"position\":2,\"name\":\"Obchod\",\"item\":\"https:\/\/vzduchovetlmice.sk\/obchod\/\"},{\"@type\":\"ListItem\",\"position\":3,\"name\":\"Ventilov\u00fd blok Volkswagen Phaeton \u2013 Origin\u00e1l VW\"}]},{\"@type\":\"WebSite\",\"@id\":\"https:\/\/vzduchovetlmice.sk\/#website\",\"url\":\"https:\/\/vzduchovetlmice.sk\/\",\"name\":\"VzduchoveTlmice.sk\",\"description\":\"predaj dielov pre vzduchov\u00fd podvozok\",\"potentialAction\":[{\"@type\":\"SearchAction\",\"target\":{\"@type\":\"EntryPoint\",\"urlTemplate\":\"https:\/\/vzduchovetlmice.sk\/?s={search_term_string}\"},\"query-input\":{\"@type\":\"PropertyValueSpecification\",\"valueRequired\":true,\"valueName\":\"search_term_string\"}}],\"inLanguage\":\"cs\"}]}<\/script>\n<!-- \/ Yoast SEO Premium plugin. -->","yoast_head_json":{"title":"Ventilov\u00fd blok Volkswagen Phaeton \u2013 Origin\u00e1l VW","description":"Nov\u00e1 ventilov\u00e1 jednotka (blok) vzduchov\u00e9ho kompresoru podvozku pro Volkswagen (VW) Phaeton 3D_ (2002 \u2013 2016). Jedn\u00e1 se o origin\u00e1ln\u00ed d\u00edl dod\u00e1van\u00fd do prvov\u00fdroby (RAPA \u2013 prvov\u00fdroba). OEM: 3D0616013, 3D0 616 013, 3D0616013A, 3D0 616 013 A, 3D0616013B, 3D0 616 013 B, 3D0616013C, 3D0 616 013 C, RAPA, LF16, LF16S","robots":{"index":"index","follow":"follow","max-snippet":"max-snippet:-1","max-image-preview":"max-image-preview:large","max-video-preview":"max-video-preview:-1"},"canonical":"https:\/\/vzduchovetlmice.sk\/cs\/produkty\/ventilovy-blok-volkswagen-phaeton-original-vw\/","og_locale":"cs_CZ","og_type":"article","og_title":"Ventilov\u00fd blok Volkswagen Phaeton \u2013 Origin\u00e1l VW","og_description":"Nov\u00e1 ventilov\u00e1 jednotka (blok) vzduchov\u00e9ho kompresoru podvozku pro Volkswagen (VW) Phaeton 3D_ (2002 \u2013 2016). Jedn\u00e1 se o origin\u00e1ln\u00ed d\u00edl dod\u00e1van\u00fd do prvov\u00fdroby (RAPA \u2013 prvov\u00fdroba). OEM: 3D0616013, 3D0 616 013, 3D0616013A, 3D0 616 013 A, 3D0616013B, 3D0 616 013 B, 3D0616013C, 3D0 616 013 C, RAPA, LF16, LF16S","og_url":"https:\/\/vzduchovetlmice.sk\/cs\/produkty\/ventilovy-blok-volkswagen-phaeton-original-vw\/","og_site_name":"VzduchoveTlmice.sk","article_modified_time":"2025-10-20T18:23:14+00:00","og_image":[{"width":1000,"height":1000,"url":"https:\/\/vzduchovetlmice.sk\/wp-content\/uploads\/2025\/07\/Ventilova-jednotka-Volkswagen-Phaeton-\u2013-Original-VW-3D0616013-3D0-616-013-3D0616013A-3D0-616-013-A.jpg","type":"image\/jpeg"}],"twitter_card":"summary_large_image","twitter_misc":{"Odhadovan\u00e1 doba \u010dten\u00ed":"1 minuta"},"schema":{"@context":"https:\/\/schema.org","@graph":[{"@type":"WebPage","@id":"https:\/\/vzduchovetlmice.sk\/cs\/produkty\/ventilovy-blok-volkswagen-phaeton-original-vw\/","url":"https:\/\/vzduchovetlmice.sk\/cs\/produkty\/ventilovy-blok-volkswagen-phaeton-original-vw\/","name":"Ventilov\u00fd blok Volkswagen Phaeton \u2013 Origin\u00e1l VW","isPartOf":{"@id":"https:\/\/vzduchovetlmice.sk\/#website"},"primaryImageOfPage":{"@id":"https:\/\/vzduchovetlmice.sk\/cs\/produkty\/ventilovy-blok-volkswagen-phaeton-original-vw\/#primaryimage"},"image":{"@id":"https:\/\/vzduchovetlmice.sk\/cs\/produkty\/ventilovy-blok-volkswagen-phaeton-original-vw\/#primaryimage"},"thumbnailUrl":"https:\/\/vzduchovetlmice.sk\/wp-content\/uploads\/2025\/07\/Ventilova-jednotka-Volkswagen-Phaeton-\u2013-Original-VW-3D0616013-3D0-616-013-3D0616013A-3D0-616-013-A.jpg","datePublished":"2025-07-28T17:27:49+00:00","dateModified":"2025-10-20T18:23:14+00:00","description":"Nov\u00e1 ventilov\u00e1 jednotka (blok) vzduchov\u00e9ho kompresoru podvozku pro Volkswagen (VW) Phaeton 3D_ (2002 \u2013 2016). Jedn\u00e1 se o origin\u00e1ln\u00ed d\u00edl dod\u00e1van\u00fd do prvov\u00fdroby (RAPA \u2013 prvov\u00fdroba). OEM: 3D0616013, 3D0 616 013, 3D0616013A, 3D0 616 013 A, 3D0616013B, 3D0 616 013 B, 3D0616013C, 3D0 616 013 C, RAPA, LF16, LF16S","breadcrumb":{"@id":"https:\/\/vzduchovetlmice.sk\/cs\/produkty\/ventilovy-blok-volkswagen-phaeton-original-vw\/#breadcrumb"},"inLanguage":"cs","potentialAction":[{"@type":"ReadAction","target":["https:\/\/vzduchovetlmice.sk\/cs\/produkty\/ventilovy-blok-volkswagen-phaeton-original-vw\/"]}]},{"@type":"ImageObject","inLanguage":"cs","@id":"https:\/\/vzduchovetlmice.sk\/cs\/produkty\/ventilovy-blok-volkswagen-phaeton-original-vw\/#primaryimage","url":"https:\/\/vzduchovetlmice.sk\/wp-content\/uploads\/2025\/07\/Ventilova-jednotka-Volkswagen-Phaeton-\u2013-Original-VW-3D0616013-3D0-616-013-3D0616013A-3D0-616-013-A.jpg","contentUrl":"https:\/\/vzduchovetlmice.sk\/wp-content\/uploads\/2025\/07\/Ventilova-jednotka-Volkswagen-Phaeton-\u2013-Original-VW-3D0616013-3D0-616-013-3D0616013A-3D0-616-013-A.jpg","width":1000,"height":1000,"caption":"Ventilov\u00e1 jednotka Volkswagen Phaeton \u2013 Origin\u00e1l VW, 3D0616013, 3D0 616 013, 3D0616013A, 3D0 616 013 A"},{"@type":"BreadcrumbList","@id":"https:\/\/vzduchovetlmice.sk\/cs\/produkty\/ventilovy-blok-volkswagen-phaeton-original-vw\/#breadcrumb","itemListElement":[{"@type":"ListItem","position":1,"name":"Domovsk\u00e1 str\u00e1nka","item":"https:\/\/vzduchovetlmice.sk\/"},{"@type":"ListItem","position":2,"name":"Obchod","item":"https:\/\/vzduchovetlmice.sk\/obchod\/"},{"@type":"ListItem","position":3,"name":"Ventilov\u00fd blok Volkswagen Phaeton \u2013 Origin\u00e1l VW"}]},{"@type":"WebSite","@id":"https:\/\/vzduchovetlmice.sk\/#website","url":"https:\/\/vzduchovetlmice.sk\/","name":"VzduchoveTlmice.sk","description":"predaj dielov pre vzduchov\u00fd podvozok","potentialAction":[{"@type":"SearchAction","target":{"@type":"EntryPoint","urlTemplate":"https:\/\/vzduchovetlmice.sk\/?s={search_term_string}"},"query-input":{"@type":"PropertyValueSpecification","valueRequired":true,"valueName":"search_term_string"}}],"inLanguage":"cs"}]}},"_links":{"self":[{"href":"https:\/\/vzduchovetlmice.sk\/cs\/wp-json\/wp\/v2\/product\/101673","targetHints":{"allow":["GET"]}}],"collection":[{"href":"https:\/\/vzduchovetlmice.sk\/cs\/wp-json\/wp\/v2\/product"}],"about":[{"href":"https:\/\/vzduchovetlmice.sk\/cs\/wp-json\/wp\/v2\/types\/product"}],"wp:featuredmedia":[{"embeddable":true,"href":"https:\/\/vzduchovetlmice.sk\/cs\/wp-json\/wp\/v2\/media\/101858"}],"wp:attachment":[{"href":"https:\/\/vzduchovetlmice.sk\/cs\/wp-json\/wp\/v2\/media?parent=101673"}],"wp:term":[{"taxonomy":"product_brand","embeddable":true,"href":"https:\/\/vzduchovetlmice.sk\/cs\/wp-json\/wp\/v2\/product_brand?post=101673"},{"taxonomy":"product_cat","embeddable":true,"href":"https:\/\/vzduchovetlmice.sk\/cs\/wp-json\/wp\/v2\/product_cat?post=101673"},{"taxonomy":"product_tag","embeddable":true,"href":"https:\/\/vzduchovetlmice.sk\/cs\/wp-json\/wp\/v2\/product_tag?post=101673"}],"curies":[{"name":"wp","href":"https:\/\/api.w.org\/{rel}","templated":true}]}}