{"id":101675,"date":"2025-07-28T17:36:40","date_gmt":"2025-07-28T17:36:40","guid":{"rendered":"https:\/\/vzduchovetlmice.sk\/?post_type=product&#038;p=101675"},"modified":"2025-11-16T17:45:20","modified_gmt":"2025-11-16T17:45:20","slug":"ventilova-jednotka-bentley-continental-gt-gtc-flying-spur-original-bentley","status":"publish","type":"product","link":"https:\/\/vzduchovetlmice.sk\/cs\/produkty\/ventilova-jednotka-bentley-continental-gt-gtc-flying-spur-original-bentley\/","title":{"rendered":"Ventilov\u00e1 jednotka Bentley Continental GT\/ GTC\/ Flying Spur \u2013 Origin\u00e1l Bentley"},"content":{"rendered":"<h3><strong>Dal\u0161\u00ed informace:<\/strong><\/h3>\n<p>Nov\u00e1 ventilov\u00e1 jednotka (blok) vzduchov\u00e9ho kompresoru podvozku pro Bentley Continental Flying Spur 3W (2005\u20132013), Bentley Continental GT 3W (2003\u20132018) a Bentley Continental GTC 3W (2006\u20132018).<\/p>\n<p>Jedn\u00e1 se o origin\u00e1ln\u00ed d\u00edl dod\u00e1van\u00fd do prvov\u00fdroby (RAPA \u2013 prvov\u00fdroba).<\/p>\n<h4><strong>Origin\u00e1ln\u00ed v\u00fdrobn\u00ed \u010d\u00edsla (OEM): <\/strong><\/h4>\n<div id=\"after-product-details\" class=\"after-product-details ic_tabs_container\">\n<div id=\"product_description\" class=\"product-description ic_tab_content active\">\n<p>3D0616013, 3D0 616 013, 3D0616013A, 3D0 616 013 A, 3D0616013B, 3D0 616 013 B, 3D0616013C, 3D0 616 013 C, RAPA,\u00a0 LF16, LF16S<\/p>\n<\/div>\n<\/div>\n","protected":false},"excerpt":{"rendered":"<p><strong>Zna\u010dka:\u00a0<\/strong>Bentley<\/p>\n<p><strong>Model:<\/strong> Bentley Continental Flying Spur 3W (2005 \u2013 2013), Bentley Continental GT 3W (2003 \u2013 2018), Bentley Continental GTC 3W (2006 \u2013 2018)<\/p>\n<p><strong>V\u00fdrobce: <\/strong>RAPA \u2013 Made in Germany<\/p>\n<p><strong>Stav:\u00a0<\/strong>Nov\u00e9<\/p>\n<p><strong>Z\u00e1ruka:\u00a0<\/strong>2 roky<\/p>\n<p><strong>Dostupnost:<\/strong>\u00a0<span style=\"color: #00ff00;\"><strong>Skladem<\/strong><\/span><\/p>\n","protected":false},"featured_media":101864,"template":"","meta":{"_et_pb_use_builder":"","_et_pb_old_content":"","_et_gb_content_width":""},"product_brand":[483],"product_cat":[542,603,604,605],"product_tag":[],"class_list":{"0":"post-101675","1":"product","2":"type-product","3":"status-publish","4":"has-post-thumbnail","6":"product_brand-bentley","7":"product_cat-bentley-cs","8":"product_cat-continental-flying-spur-3w-2005-2013-cs","9":"product_cat-continental-gt-3w-2003-2018-cs","10":"product_cat-continental-gtc-3w-2006-2018-cs","12":"first","13":"instock","14":"shipping-taxable","15":"purchasable","16":"product-type-simple"},"yoast_head":"<!-- This site is optimized with the Yoast SEO Premium plugin v24.9 (Yoast SEO v27.1.1) - https:\/\/yoast.com\/product\/yoast-seo-premium-wordpress\/ -->\n<title>Ventilov\u00e1 jednotka Bentley Continental GT\/ Flying Spur \u2013 Origin\u00e1l<\/title>\n<meta name=\"description\" content=\"Nov\u00e1 ventilov\u00e1 jednotka (blok) vzduchov\u00e9ho kompresoru podvozku pro Bentley Continental Flying Spur 3W (2005\u20132013), Bentley Continental GT 3W (2003\u20132018) a Bentley Continental GTC 3W (2006\u20132018). Jedn\u00e1 se o origin\u00e1ln\u00ed d\u00edl dod\u00e1van\u00fd do prvov\u00fdroby (RAPA \u2013 prvov\u00fdroba). OEM: 3D0616013, 3D0 616 013, 3D0616013A, 3D0 616 013 A, 3D0616013B, 3D0 616 013 B, 3D0616013C, 3D0 616 013 C, RAPA,\u00a0 LF16, LF16S\" \/>\n<meta name=\"robots\" content=\"index, follow, max-snippet:-1, max-image-preview:large, max-video-preview:-1\" \/>\n<link rel=\"canonical\" href=\"https:\/\/vzduchovetlmice.sk\/cs\/produkty\/ventilova-jednotka-bentley-continental-gt-gtc-flying-spur-original-bentley\/\" \/>\n<meta property=\"og:locale\" content=\"cs_CZ\" \/>\n<meta property=\"og:type\" content=\"article\" \/>\n<meta property=\"og:title\" content=\"Ventilov\u00e1 jednotka Bentley Continental GT\/ GTC\/ Flying Spur \u2013 Origin\u00e1l Bentley\" \/>\n<meta property=\"og:description\" content=\"Nov\u00e1 ventilov\u00e1 jednotka (blok) vzduchov\u00e9ho kompresoru podvozku pro Bentley Continental Flying Spur 3W (2005\u20132013), Bentley Continental GT 3W (2003\u20132018) a Bentley Continental GTC 3W (2006\u20132018). Jedn\u00e1 se o origin\u00e1ln\u00ed d\u00edl dod\u00e1van\u00fd do prvov\u00fdroby (RAPA \u2013 prvov\u00fdroba). OEM: 3D0616013, 3D0 616 013, 3D0616013A, 3D0 616 013 A, 3D0616013B, 3D0 616 013 B, 3D0616013C, 3D0 616 013 C, RAPA,\u00a0 LF16, LF16S\" \/>\n<meta property=\"og:url\" content=\"https:\/\/vzduchovetlmice.sk\/cs\/produkty\/ventilova-jednotka-bentley-continental-gt-gtc-flying-spur-original-bentley\/\" \/>\n<meta property=\"og:site_name\" content=\"VzduchoveTlmice.sk\" \/>\n<meta property=\"article:modified_time\" content=\"2025-11-16T17:45:20+00:00\" \/>\n<meta property=\"og:image\" content=\"https:\/\/vzduchovetlmice.sk\/wp-content\/uploads\/2025\/07\/Ventilova-jednotka-Bentley-Continental-GT-GTC-Flying-Spur-\u2013-Original-Bentley-3D0616013-3D0-616-013-3D0616013A-3D0-616-013-A.jpg\" \/>\n\t<meta property=\"og:image:width\" content=\"1000\" \/>\n\t<meta property=\"og:image:height\" content=\"1000\" \/>\n\t<meta property=\"og:image:type\" content=\"image\/jpeg\" \/>\n<meta name=\"twitter:card\" content=\"summary_large_image\" \/>\n<meta name=\"twitter:label1\" content=\"Odhadovan\u00e1 doba \u010dten\u00ed\" \/>\n\t<meta name=\"twitter:data1\" content=\"1 minuta\" \/>\n<script type=\"application\/ld+json\" class=\"yoast-schema-graph\">{\"@context\":\"https:\/\/schema.org\",\"@graph\":[{\"@type\":\"WebPage\",\"@id\":\"https:\/\/vzduchovetlmice.sk\/cs\/produkty\/ventilova-jednotka-bentley-continental-gt-gtc-flying-spur-original-bentley\/\",\"url\":\"https:\/\/vzduchovetlmice.sk\/cs\/produkty\/ventilova-jednotka-bentley-continental-gt-gtc-flying-spur-original-bentley\/\",\"name\":\"Ventilov\u00e1 jednotka Bentley Continental GT\/ Flying Spur \u2013 Origin\u00e1l\",\"isPartOf\":{\"@id\":\"https:\/\/vzduchovetlmice.sk\/#website\"},\"primaryImageOfPage\":{\"@id\":\"https:\/\/vzduchovetlmice.sk\/cs\/produkty\/ventilova-jednotka-bentley-continental-gt-gtc-flying-spur-original-bentley\/#primaryimage\"},\"image\":{\"@id\":\"https:\/\/vzduchovetlmice.sk\/cs\/produkty\/ventilova-jednotka-bentley-continental-gt-gtc-flying-spur-original-bentley\/#primaryimage\"},\"thumbnailUrl\":\"https:\/\/vzduchovetlmice.sk\/wp-content\/uploads\/2025\/07\/Ventilova-jednotka-Bentley-Continental-GT-GTC-Flying-Spur-\u2013-Original-Bentley-3D0616013-3D0-616-013-3D0616013A-3D0-616-013-A.jpg\",\"datePublished\":\"2025-07-28T17:36:40+00:00\",\"dateModified\":\"2025-11-16T17:45:20+00:00\",\"description\":\"Nov\u00e1 ventilov\u00e1 jednotka (blok) vzduchov\u00e9ho kompresoru podvozku pro Bentley Continental Flying Spur 3W (2005\u20132013), Bentley Continental GT 3W (2003\u20132018) a Bentley Continental GTC 3W (2006\u20132018). Jedn\u00e1 se o origin\u00e1ln\u00ed d\u00edl dod\u00e1van\u00fd do prvov\u00fdroby (RAPA \u2013 prvov\u00fdroba). OEM: 3D0616013, 3D0 616 013, 3D0616013A, 3D0 616 013 A, 3D0616013B, 3D0 616 013 B, 3D0616013C, 3D0 616 013 C, RAPA,\u00a0 LF16, LF16S\",\"breadcrumb\":{\"@id\":\"https:\/\/vzduchovetlmice.sk\/cs\/produkty\/ventilova-jednotka-bentley-continental-gt-gtc-flying-spur-original-bentley\/#breadcrumb\"},\"inLanguage\":\"cs\",\"potentialAction\":[{\"@type\":\"ReadAction\",\"target\":[\"https:\/\/vzduchovetlmice.sk\/cs\/produkty\/ventilova-jednotka-bentley-continental-gt-gtc-flying-spur-original-bentley\/\"]}]},{\"@type\":\"ImageObject\",\"inLanguage\":\"cs\",\"@id\":\"https:\/\/vzduchovetlmice.sk\/cs\/produkty\/ventilova-jednotka-bentley-continental-gt-gtc-flying-spur-original-bentley\/#primaryimage\",\"url\":\"https:\/\/vzduchovetlmice.sk\/wp-content\/uploads\/2025\/07\/Ventilova-jednotka-Bentley-Continental-GT-GTC-Flying-Spur-\u2013-Original-Bentley-3D0616013-3D0-616-013-3D0616013A-3D0-616-013-A.jpg\",\"contentUrl\":\"https:\/\/vzduchovetlmice.sk\/wp-content\/uploads\/2025\/07\/Ventilova-jednotka-Bentley-Continental-GT-GTC-Flying-Spur-\u2013-Original-Bentley-3D0616013-3D0-616-013-3D0616013A-3D0-616-013-A.jpg\",\"width\":1000,\"height\":1000,\"caption\":\"Ventilov\u00e1 jednotka Bentley Continental GT, GTC, Flying Spur \u2013 Origin\u00e1l Bentley, 3D0616013, 3D0 616 013, 3D0616013A, 3D0 616 013 A\"},{\"@type\":\"BreadcrumbList\",\"@id\":\"https:\/\/vzduchovetlmice.sk\/cs\/produkty\/ventilova-jednotka-bentley-continental-gt-gtc-flying-spur-original-bentley\/#breadcrumb\",\"itemListElement\":[{\"@type\":\"ListItem\",\"position\":1,\"name\":\"Domovsk\u00e1 str\u00e1nka\",\"item\":\"https:\/\/vzduchovetlmice.sk\/\"},{\"@type\":\"ListItem\",\"position\":2,\"name\":\"Obchod\",\"item\":\"https:\/\/vzduchovetlmice.sk\/obchod\/\"},{\"@type\":\"ListItem\",\"position\":3,\"name\":\"Ventilov\u00e1 jednotka Bentley Continental GT\/ GTC\/ Flying Spur \u2013 Origin\u00e1l Bentley\"}]},{\"@type\":\"WebSite\",\"@id\":\"https:\/\/vzduchovetlmice.sk\/#website\",\"url\":\"https:\/\/vzduchovetlmice.sk\/\",\"name\":\"VzduchoveTlmice.sk\",\"description\":\"predaj dielov pre vzduchov\u00fd podvozok\",\"potentialAction\":[{\"@type\":\"SearchAction\",\"target\":{\"@type\":\"EntryPoint\",\"urlTemplate\":\"https:\/\/vzduchovetlmice.sk\/?s={search_term_string}\"},\"query-input\":{\"@type\":\"PropertyValueSpecification\",\"valueRequired\":true,\"valueName\":\"search_term_string\"}}],\"inLanguage\":\"cs\"}]}<\/script>\n<!-- \/ Yoast SEO Premium plugin. -->","yoast_head_json":{"title":"Ventilov\u00e1 jednotka Bentley Continental GT\/ Flying Spur \u2013 Origin\u00e1l","description":"Nov\u00e1 ventilov\u00e1 jednotka (blok) vzduchov\u00e9ho kompresoru podvozku pro Bentley Continental Flying Spur 3W (2005\u20132013), Bentley Continental GT 3W (2003\u20132018) a Bentley Continental GTC 3W (2006\u20132018). Jedn\u00e1 se o origin\u00e1ln\u00ed d\u00edl dod\u00e1van\u00fd do prvov\u00fdroby (RAPA \u2013 prvov\u00fdroba). OEM: 3D0616013, 3D0 616 013, 3D0616013A, 3D0 616 013 A, 3D0616013B, 3D0 616 013 B, 3D0616013C, 3D0 616 013 C, RAPA,\u00a0 LF16, LF16S","robots":{"index":"index","follow":"follow","max-snippet":"max-snippet:-1","max-image-preview":"max-image-preview:large","max-video-preview":"max-video-preview:-1"},"canonical":"https:\/\/vzduchovetlmice.sk\/cs\/produkty\/ventilova-jednotka-bentley-continental-gt-gtc-flying-spur-original-bentley\/","og_locale":"cs_CZ","og_type":"article","og_title":"Ventilov\u00e1 jednotka Bentley Continental GT\/ GTC\/ Flying Spur \u2013 Origin\u00e1l Bentley","og_description":"Nov\u00e1 ventilov\u00e1 jednotka (blok) vzduchov\u00e9ho kompresoru podvozku pro Bentley Continental Flying Spur 3W (2005\u20132013), Bentley Continental GT 3W (2003\u20132018) a Bentley Continental GTC 3W (2006\u20132018). Jedn\u00e1 se o origin\u00e1ln\u00ed d\u00edl dod\u00e1van\u00fd do prvov\u00fdroby (RAPA \u2013 prvov\u00fdroba). OEM: 3D0616013, 3D0 616 013, 3D0616013A, 3D0 616 013 A, 3D0616013B, 3D0 616 013 B, 3D0616013C, 3D0 616 013 C, RAPA,\u00a0 LF16, LF16S","og_url":"https:\/\/vzduchovetlmice.sk\/cs\/produkty\/ventilova-jednotka-bentley-continental-gt-gtc-flying-spur-original-bentley\/","og_site_name":"VzduchoveTlmice.sk","article_modified_time":"2025-11-16T17:45:20+00:00","og_image":[{"width":1000,"height":1000,"url":"https:\/\/vzduchovetlmice.sk\/wp-content\/uploads\/2025\/07\/Ventilova-jednotka-Bentley-Continental-GT-GTC-Flying-Spur-\u2013-Original-Bentley-3D0616013-3D0-616-013-3D0616013A-3D0-616-013-A.jpg","type":"image\/jpeg"}],"twitter_card":"summary_large_image","twitter_misc":{"Odhadovan\u00e1 doba \u010dten\u00ed":"1 minuta"},"schema":{"@context":"https:\/\/schema.org","@graph":[{"@type":"WebPage","@id":"https:\/\/vzduchovetlmice.sk\/cs\/produkty\/ventilova-jednotka-bentley-continental-gt-gtc-flying-spur-original-bentley\/","url":"https:\/\/vzduchovetlmice.sk\/cs\/produkty\/ventilova-jednotka-bentley-continental-gt-gtc-flying-spur-original-bentley\/","name":"Ventilov\u00e1 jednotka Bentley Continental GT\/ Flying Spur \u2013 Origin\u00e1l","isPartOf":{"@id":"https:\/\/vzduchovetlmice.sk\/#website"},"primaryImageOfPage":{"@id":"https:\/\/vzduchovetlmice.sk\/cs\/produkty\/ventilova-jednotka-bentley-continental-gt-gtc-flying-spur-original-bentley\/#primaryimage"},"image":{"@id":"https:\/\/vzduchovetlmice.sk\/cs\/produkty\/ventilova-jednotka-bentley-continental-gt-gtc-flying-spur-original-bentley\/#primaryimage"},"thumbnailUrl":"https:\/\/vzduchovetlmice.sk\/wp-content\/uploads\/2025\/07\/Ventilova-jednotka-Bentley-Continental-GT-GTC-Flying-Spur-\u2013-Original-Bentley-3D0616013-3D0-616-013-3D0616013A-3D0-616-013-A.jpg","datePublished":"2025-07-28T17:36:40+00:00","dateModified":"2025-11-16T17:45:20+00:00","description":"Nov\u00e1 ventilov\u00e1 jednotka (blok) vzduchov\u00e9ho kompresoru podvozku pro Bentley Continental Flying Spur 3W (2005\u20132013), Bentley Continental GT 3W (2003\u20132018) a Bentley Continental GTC 3W (2006\u20132018). Jedn\u00e1 se o origin\u00e1ln\u00ed d\u00edl dod\u00e1van\u00fd do prvov\u00fdroby (RAPA \u2013 prvov\u00fdroba). OEM: 3D0616013, 3D0 616 013, 3D0616013A, 3D0 616 013 A, 3D0616013B, 3D0 616 013 B, 3D0616013C, 3D0 616 013 C, RAPA,\u00a0 LF16, LF16S","breadcrumb":{"@id":"https:\/\/vzduchovetlmice.sk\/cs\/produkty\/ventilova-jednotka-bentley-continental-gt-gtc-flying-spur-original-bentley\/#breadcrumb"},"inLanguage":"cs","potentialAction":[{"@type":"ReadAction","target":["https:\/\/vzduchovetlmice.sk\/cs\/produkty\/ventilova-jednotka-bentley-continental-gt-gtc-flying-spur-original-bentley\/"]}]},{"@type":"ImageObject","inLanguage":"cs","@id":"https:\/\/vzduchovetlmice.sk\/cs\/produkty\/ventilova-jednotka-bentley-continental-gt-gtc-flying-spur-original-bentley\/#primaryimage","url":"https:\/\/vzduchovetlmice.sk\/wp-content\/uploads\/2025\/07\/Ventilova-jednotka-Bentley-Continental-GT-GTC-Flying-Spur-\u2013-Original-Bentley-3D0616013-3D0-616-013-3D0616013A-3D0-616-013-A.jpg","contentUrl":"https:\/\/vzduchovetlmice.sk\/wp-content\/uploads\/2025\/07\/Ventilova-jednotka-Bentley-Continental-GT-GTC-Flying-Spur-\u2013-Original-Bentley-3D0616013-3D0-616-013-3D0616013A-3D0-616-013-A.jpg","width":1000,"height":1000,"caption":"Ventilov\u00e1 jednotka Bentley Continental GT, GTC, Flying Spur \u2013 Origin\u00e1l Bentley, 3D0616013, 3D0 616 013, 3D0616013A, 3D0 616 013 A"},{"@type":"BreadcrumbList","@id":"https:\/\/vzduchovetlmice.sk\/cs\/produkty\/ventilova-jednotka-bentley-continental-gt-gtc-flying-spur-original-bentley\/#breadcrumb","itemListElement":[{"@type":"ListItem","position":1,"name":"Domovsk\u00e1 str\u00e1nka","item":"https:\/\/vzduchovetlmice.sk\/"},{"@type":"ListItem","position":2,"name":"Obchod","item":"https:\/\/vzduchovetlmice.sk\/obchod\/"},{"@type":"ListItem","position":3,"name":"Ventilov\u00e1 jednotka Bentley Continental GT\/ GTC\/ Flying Spur \u2013 Origin\u00e1l Bentley"}]},{"@type":"WebSite","@id":"https:\/\/vzduchovetlmice.sk\/#website","url":"https:\/\/vzduchovetlmice.sk\/","name":"VzduchoveTlmice.sk","description":"predaj dielov pre vzduchov\u00fd podvozok","potentialAction":[{"@type":"SearchAction","target":{"@type":"EntryPoint","urlTemplate":"https:\/\/vzduchovetlmice.sk\/?s={search_term_string}"},"query-input":{"@type":"PropertyValueSpecification","valueRequired":true,"valueName":"search_term_string"}}],"inLanguage":"cs"}]}},"_links":{"self":[{"href":"https:\/\/vzduchovetlmice.sk\/cs\/wp-json\/wp\/v2\/product\/101675","targetHints":{"allow":["GET"]}}],"collection":[{"href":"https:\/\/vzduchovetlmice.sk\/cs\/wp-json\/wp\/v2\/product"}],"about":[{"href":"https:\/\/vzduchovetlmice.sk\/cs\/wp-json\/wp\/v2\/types\/product"}],"wp:featuredmedia":[{"embeddable":true,"href":"https:\/\/vzduchovetlmice.sk\/cs\/wp-json\/wp\/v2\/media\/101864"}],"wp:attachment":[{"href":"https:\/\/vzduchovetlmice.sk\/cs\/wp-json\/wp\/v2\/media?parent=101675"}],"wp:term":[{"taxonomy":"product_brand","embeddable":true,"href":"https:\/\/vzduchovetlmice.sk\/cs\/wp-json\/wp\/v2\/product_brand?post=101675"},{"taxonomy":"product_cat","embeddable":true,"href":"https:\/\/vzduchovetlmice.sk\/cs\/wp-json\/wp\/v2\/product_cat?post=101675"},{"taxonomy":"product_tag","embeddable":true,"href":"https:\/\/vzduchovetlmice.sk\/cs\/wp-json\/wp\/v2\/product_tag?post=101675"}],"curies":[{"name":"wp","href":"https:\/\/api.w.org\/{rel}","templated":true}]}}