{"id":101722,"date":"2025-09-07T09:17:59","date_gmt":"2025-09-07T09:17:59","guid":{"rendered":"https:\/\/vzduchovetlmice.sk\/?post_type=product&#038;p=101722"},"modified":"2025-11-13T11:20:00","modified_gmt":"2025-11-13T11:20:00","slug":"oprava-vzduchoveho-kompresoru-podvozku-continental-na-vw-touareg-ii-porsche-cayenne-ii-porsche-panamera-a-jeep-grand-cherokee","status":"publish","type":"product","link":"https:\/\/vzduchovetlmice.sk\/cs\/produkty\/oprava-vzduchoveho-kompresoru-podvozku-continental-na-vw-touareg-ii-porsche-cayenne-ii-porsche-panamera-a-jeep-grand-cherokee\/","title":{"rendered":"Oprava vzduchov\u00e9ho kompresoru podvozku Continental na VW Touareg II, Porsche Cayenne II, Porsche Panamera a Jeep Grand Cherokee"},"content":{"rendered":"<h3><strong>Dal\u0161\u00ed informace:<\/strong><\/h3>\n<p>Oprava -repas vzduchov\u00e9ho kompresoru podvozku zna\u010dky CONTINENTAL na (VW) Volkswagen Touareg II 7P (2010-2018), Porsche Cayenne II 92A (2010-2017), Porsche Panamera I 970 (2009-2017) a Jeep Grand Cherokee WK2 (2010 \u2013 2021).<\/p>\n<p>Opravovat se bude V\u00e1\u0161 origin\u00e1ln\u00ed kompresor podvozku.<\/p>\n<h4><strong>Origin\u00e1ln\u00ed v\u00fdrobn\u00ed \u010d\u00edsla (OEM): <\/strong><\/h4>\n<p>7P0 698 007, 7P0 616 006, 7P0 698 007 A, 7P0 616 006 F, 7P0 698 007 B, 7P0 616 006 E, 7P0 698 007 D, 7P0 616 006 C, 7P0698007, 7P0616006, 7P0698007A, 7P0616006F, 7P0698007B, 7P0616006E, 7P0698007D, 7P0616006C, 68041137AF, 68041137AE, 68041137AC, 68041137AD, 68041137AG, 95835890100, 95835890101, 95835890102, 97035815111, 97035815110, 97035815109, 97035815108, 97035815107<\/p>\n","protected":false},"excerpt":{"rendered":"<p><strong>Zna\u010dka: <\/strong>Volkswagen, Porsche, Jeep<\/p>\n<p><strong>Model:<\/strong> Volkswagen Touareg II 7P (2010 \u2013 2018), Porsche Cayenne II 92A (2010 \u2013 2017), Porsche Panamera I 970 (2009 \u2013 2017), Jeep Grand Cherokee WK2 (2010 \u2013 2021)<\/p>\n<p><strong>Typ:<\/strong> 2WD, AWD<\/p>\n<p><strong>Stav: <\/strong>Profesion\u00e1ln\u00ed oprava &#8211; repas<\/p>\n<p><strong>Z\u00e1ruka: <\/strong>1 rok<\/p>\n<p><strong>Dostupnost:<\/strong>\u00a0<span style=\"color: #00ff00;\"><strong>Skladem <\/strong><span style=\"color: #000000;\">(doba opravy 1 a\u017e 2 dni)<\/span><\/span><\/p>\n","protected":false},"featured_media":0,"template":"","meta":{"_et_pb_use_builder":"","_et_pb_old_content":"","_et_gb_content_width":""},"product_brand":[494,469,471],"product_cat":[472,503,502,468,479,473,526],"product_tag":[],"class_list":{"0":"post-101722","1":"product","2":"type-product","3":"status-publish","5":"product_brand-jeep","6":"product_brand-porsche","7":"product_brand-volkswagen","8":"product_cat-cayenne-ii-92a-2010-2017-cs","9":"product_cat-grand-cherokee-wk2-2010-2021-cs","10":"product_cat-jeep-cs","11":"product_cat-panamera-i-970-2009-2017-cs","12":"product_cat-porsche-cs","13":"product_cat-touareg-ii-7p-2010-2018-cs","14":"product_cat-volkswagen-cs","16":"first","17":"instock","18":"shipping-taxable","19":"purchasable","20":"product-type-simple"},"yoast_head":"<!-- This site is optimized with the Yoast SEO Premium plugin v24.9 (Yoast SEO v27.1.1) - https:\/\/yoast.com\/product\/yoast-seo-premium-wordpress\/ -->\n<title>Oprava vzduchov\u00e9ho kompresoru podvozku na VW Touareg II<\/title>\n<meta name=\"description\" content=\"Oprava -repas vzduchov\u00e9ho kompresoru podvozku zna\u010dky CONTINENTAL na (VW) Volkswagen Touareg II 7P (2010-2018), Porsche Cayenne II 92A (2010-2017), Porsche Panamera I 970 (2009-2017) a Jeep Grand Cherokee WK2 (2010 \u2013 2021). OEM: 7P0 698 007, 7P0 616 006, 7P0 698 007 A, 7P0 616 006 F, 7P0 698 007 B, 7P0 616 006 E, 7P0 698 007 D, 7P0 616 006 C, 7P0698007, 7P0616006, 7P0698007A, 7P0616006F, 7P0698007B, 7P0616006E, 7P0698007D, 7P0616006C, 68041137AF, 68041137AE, 68041137AC, 68041137AD, 68041137AG, 95835890100, 95835890101, 95835890102, 97035815111, 97035815110, 97035815109, 97035815108, 97035815107\" \/>\n<meta name=\"robots\" content=\"index, follow, max-snippet:-1, max-image-preview:large, max-video-preview:-1\" \/>\n<link rel=\"canonical\" href=\"https:\/\/vzduchovetlmice.sk\/produkty\/oprava-vzduchoveho-kompresora-podvozku-continental-na-volkswagen-touareg-ii-porsche-cayenne-ii-porsche-panamera-jeep-grand-cherokee\/\" \/>\n<meta property=\"og:locale\" content=\"cs_CZ\" \/>\n<meta property=\"og:type\" content=\"article\" \/>\n<meta property=\"og:title\" content=\"Oprava vzduchov\u00e9ho kompresoru podvozku Continental na VW Touareg II, Porsche Cayenne II, Porsche Panamera a Jeep Grand Cherokee\" \/>\n<meta property=\"og:description\" content=\"Oprava -repas vzduchov\u00e9ho kompresoru podvozku zna\u010dky CONTINENTAL na (VW) Volkswagen Touareg II 7P (2010-2018), Porsche Cayenne II 92A (2010-2017), Porsche Panamera I 970 (2009-2017) a Jeep Grand Cherokee WK2 (2010 \u2013 2021). OEM: 7P0 698 007, 7P0 616 006, 7P0 698 007 A, 7P0 616 006 F, 7P0 698 007 B, 7P0 616 006 E, 7P0 698 007 D, 7P0 616 006 C, 7P0698007, 7P0616006, 7P0698007A, 7P0616006F, 7P0698007B, 7P0616006E, 7P0698007D, 7P0616006C, 68041137AF, 68041137AE, 68041137AC, 68041137AD, 68041137AG, 95835890100, 95835890101, 95835890102, 97035815111, 97035815110, 97035815109, 97035815108, 97035815107\" \/>\n<meta property=\"og:url\" content=\"https:\/\/vzduchovetlmice.sk\/produkty\/oprava-vzduchoveho-kompresora-podvozku-continental-na-volkswagen-touareg-ii-porsche-cayenne-ii-porsche-panamera-jeep-grand-cherokee\/\" \/>\n<meta property=\"og:site_name\" content=\"VzduchoveTlmice.sk\" \/>\n<meta property=\"article:modified_time\" content=\"2025-11-13T11:20:00+00:00\" \/>\n<meta name=\"twitter:card\" content=\"summary_large_image\" \/>\n<meta name=\"twitter:label1\" content=\"Odhadovan\u00e1 doba \u010dten\u00ed\" \/>\n\t<meta name=\"twitter:data1\" content=\"1 minuta\" \/>\n<script type=\"application\/ld+json\" class=\"yoast-schema-graph\">{\"@context\":\"https:\/\/schema.org\",\"@graph\":[{\"@type\":\"WebPage\",\"@id\":\"https:\/\/vzduchovetlmice.sk\/produkty\/oprava-vzduchoveho-kompresora-podvozku-continental-na-volkswagen-touareg-ii-porsche-cayenne-ii-porsche-panamera-jeep-grand-cherokee\/\",\"url\":\"https:\/\/vzduchovetlmice.sk\/produkty\/oprava-vzduchoveho-kompresora-podvozku-continental-na-volkswagen-touareg-ii-porsche-cayenne-ii-porsche-panamera-jeep-grand-cherokee\/\",\"name\":\"Oprava vzduchov\u00e9ho kompresoru podvozku na VW Touareg II\",\"isPartOf\":{\"@id\":\"https:\/\/vzduchovetlmice.sk\/#website\"},\"datePublished\":\"2025-09-07T09:17:59+00:00\",\"dateModified\":\"2025-11-13T11:20:00+00:00\",\"description\":\"Oprava -repas vzduchov\u00e9ho kompresoru podvozku zna\u010dky CONTINENTAL na (VW) Volkswagen Touareg II 7P (2010-2018), Porsche Cayenne II 92A (2010-2017), Porsche Panamera I 970 (2009-2017) a Jeep Grand Cherokee WK2 (2010 \u2013 2021). OEM: 7P0 698 007, 7P0 616 006, 7P0 698 007 A, 7P0 616 006 F, 7P0 698 007 B, 7P0 616 006 E, 7P0 698 007 D, 7P0 616 006 C, 7P0698007, 7P0616006, 7P0698007A, 7P0616006F, 7P0698007B, 7P0616006E, 7P0698007D, 7P0616006C, 68041137AF, 68041137AE, 68041137AC, 68041137AD, 68041137AG, 95835890100, 95835890101, 95835890102, 97035815111, 97035815110, 97035815109, 97035815108, 97035815107\",\"breadcrumb\":{\"@id\":\"https:\/\/vzduchovetlmice.sk\/produkty\/oprava-vzduchoveho-kompresora-podvozku-continental-na-volkswagen-touareg-ii-porsche-cayenne-ii-porsche-panamera-jeep-grand-cherokee\/#breadcrumb\"},\"inLanguage\":\"cs\",\"potentialAction\":[{\"@type\":\"ReadAction\",\"target\":[\"https:\/\/vzduchovetlmice.sk\/produkty\/oprava-vzduchoveho-kompresora-podvozku-continental-na-volkswagen-touareg-ii-porsche-cayenne-ii-porsche-panamera-jeep-grand-cherokee\/\"]}]},{\"@type\":\"BreadcrumbList\",\"@id\":\"https:\/\/vzduchovetlmice.sk\/produkty\/oprava-vzduchoveho-kompresora-podvozku-continental-na-volkswagen-touareg-ii-porsche-cayenne-ii-porsche-panamera-jeep-grand-cherokee\/#breadcrumb\",\"itemListElement\":[{\"@type\":\"ListItem\",\"position\":1,\"name\":\"Domovsk\u00e1 str\u00e1nka\",\"item\":\"https:\/\/vzduchovetlmice.sk\/\"},{\"@type\":\"ListItem\",\"position\":2,\"name\":\"Obchod\",\"item\":\"https:\/\/vzduchovetlmice.sk\/obchod\/\"},{\"@type\":\"ListItem\",\"position\":3,\"name\":\"Oprava vzduchov\u00e9ho kompresoru podvozku Continental na VW Touareg II, Porsche Cayenne II, Porsche Panamera a Jeep Grand Cherokee\"}]},{\"@type\":\"WebSite\",\"@id\":\"https:\/\/vzduchovetlmice.sk\/#website\",\"url\":\"https:\/\/vzduchovetlmice.sk\/\",\"name\":\"VzduchoveTlmice.sk\",\"description\":\"predaj dielov pre vzduchov\u00fd podvozok\",\"potentialAction\":[{\"@type\":\"SearchAction\",\"target\":{\"@type\":\"EntryPoint\",\"urlTemplate\":\"https:\/\/vzduchovetlmice.sk\/?s={search_term_string}\"},\"query-input\":{\"@type\":\"PropertyValueSpecification\",\"valueRequired\":true,\"valueName\":\"search_term_string\"}}],\"inLanguage\":\"cs\"}]}<\/script>\n<!-- \/ Yoast SEO Premium plugin. -->","yoast_head_json":{"title":"Oprava vzduchov\u00e9ho kompresoru podvozku na VW Touareg II","description":"Oprava -repas vzduchov\u00e9ho kompresoru podvozku zna\u010dky CONTINENTAL na (VW) Volkswagen Touareg II 7P (2010-2018), Porsche Cayenne II 92A (2010-2017), Porsche Panamera I 970 (2009-2017) a Jeep Grand Cherokee WK2 (2010 \u2013 2021). OEM: 7P0 698 007, 7P0 616 006, 7P0 698 007 A, 7P0 616 006 F, 7P0 698 007 B, 7P0 616 006 E, 7P0 698 007 D, 7P0 616 006 C, 7P0698007, 7P0616006, 7P0698007A, 7P0616006F, 7P0698007B, 7P0616006E, 7P0698007D, 7P0616006C, 68041137AF, 68041137AE, 68041137AC, 68041137AD, 68041137AG, 95835890100, 95835890101, 95835890102, 97035815111, 97035815110, 97035815109, 97035815108, 97035815107","robots":{"index":"index","follow":"follow","max-snippet":"max-snippet:-1","max-image-preview":"max-image-preview:large","max-video-preview":"max-video-preview:-1"},"canonical":"https:\/\/vzduchovetlmice.sk\/produkty\/oprava-vzduchoveho-kompresora-podvozku-continental-na-volkswagen-touareg-ii-porsche-cayenne-ii-porsche-panamera-jeep-grand-cherokee\/","og_locale":"cs_CZ","og_type":"article","og_title":"Oprava vzduchov\u00e9ho kompresoru podvozku Continental na VW Touareg II, Porsche Cayenne II, Porsche Panamera a Jeep Grand Cherokee","og_description":"Oprava -repas vzduchov\u00e9ho kompresoru podvozku zna\u010dky CONTINENTAL na (VW) Volkswagen Touareg II 7P (2010-2018), Porsche Cayenne II 92A (2010-2017), Porsche Panamera I 970 (2009-2017) a Jeep Grand Cherokee WK2 (2010 \u2013 2021). OEM: 7P0 698 007, 7P0 616 006, 7P0 698 007 A, 7P0 616 006 F, 7P0 698 007 B, 7P0 616 006 E, 7P0 698 007 D, 7P0 616 006 C, 7P0698007, 7P0616006, 7P0698007A, 7P0616006F, 7P0698007B, 7P0616006E, 7P0698007D, 7P0616006C, 68041137AF, 68041137AE, 68041137AC, 68041137AD, 68041137AG, 95835890100, 95835890101, 95835890102, 97035815111, 97035815110, 97035815109, 97035815108, 97035815107","og_url":"https:\/\/vzduchovetlmice.sk\/produkty\/oprava-vzduchoveho-kompresora-podvozku-continental-na-volkswagen-touareg-ii-porsche-cayenne-ii-porsche-panamera-jeep-grand-cherokee\/","og_site_name":"VzduchoveTlmice.sk","article_modified_time":"2025-11-13T11:20:00+00:00","twitter_card":"summary_large_image","twitter_misc":{"Odhadovan\u00e1 doba \u010dten\u00ed":"1 minuta"},"schema":{"@context":"https:\/\/schema.org","@graph":[{"@type":"WebPage","@id":"https:\/\/vzduchovetlmice.sk\/produkty\/oprava-vzduchoveho-kompresora-podvozku-continental-na-volkswagen-touareg-ii-porsche-cayenne-ii-porsche-panamera-jeep-grand-cherokee\/","url":"https:\/\/vzduchovetlmice.sk\/produkty\/oprava-vzduchoveho-kompresora-podvozku-continental-na-volkswagen-touareg-ii-porsche-cayenne-ii-porsche-panamera-jeep-grand-cherokee\/","name":"Oprava vzduchov\u00e9ho kompresoru podvozku na VW Touareg II","isPartOf":{"@id":"https:\/\/vzduchovetlmice.sk\/#website"},"datePublished":"2025-09-07T09:17:59+00:00","dateModified":"2025-11-13T11:20:00+00:00","description":"Oprava -repas vzduchov\u00e9ho kompresoru podvozku zna\u010dky CONTINENTAL na (VW) Volkswagen Touareg II 7P (2010-2018), Porsche Cayenne II 92A (2010-2017), Porsche Panamera I 970 (2009-2017) a Jeep Grand Cherokee WK2 (2010 \u2013 2021). OEM: 7P0 698 007, 7P0 616 006, 7P0 698 007 A, 7P0 616 006 F, 7P0 698 007 B, 7P0 616 006 E, 7P0 698 007 D, 7P0 616 006 C, 7P0698007, 7P0616006, 7P0698007A, 7P0616006F, 7P0698007B, 7P0616006E, 7P0698007D, 7P0616006C, 68041137AF, 68041137AE, 68041137AC, 68041137AD, 68041137AG, 95835890100, 95835890101, 95835890102, 97035815111, 97035815110, 97035815109, 97035815108, 97035815107","breadcrumb":{"@id":"https:\/\/vzduchovetlmice.sk\/produkty\/oprava-vzduchoveho-kompresora-podvozku-continental-na-volkswagen-touareg-ii-porsche-cayenne-ii-porsche-panamera-jeep-grand-cherokee\/#breadcrumb"},"inLanguage":"cs","potentialAction":[{"@type":"ReadAction","target":["https:\/\/vzduchovetlmice.sk\/produkty\/oprava-vzduchoveho-kompresora-podvozku-continental-na-volkswagen-touareg-ii-porsche-cayenne-ii-porsche-panamera-jeep-grand-cherokee\/"]}]},{"@type":"BreadcrumbList","@id":"https:\/\/vzduchovetlmice.sk\/produkty\/oprava-vzduchoveho-kompresora-podvozku-continental-na-volkswagen-touareg-ii-porsche-cayenne-ii-porsche-panamera-jeep-grand-cherokee\/#breadcrumb","itemListElement":[{"@type":"ListItem","position":1,"name":"Domovsk\u00e1 str\u00e1nka","item":"https:\/\/vzduchovetlmice.sk\/"},{"@type":"ListItem","position":2,"name":"Obchod","item":"https:\/\/vzduchovetlmice.sk\/obchod\/"},{"@type":"ListItem","position":3,"name":"Oprava vzduchov\u00e9ho kompresoru podvozku Continental na VW Touareg II, Porsche Cayenne II, Porsche Panamera a Jeep Grand Cherokee"}]},{"@type":"WebSite","@id":"https:\/\/vzduchovetlmice.sk\/#website","url":"https:\/\/vzduchovetlmice.sk\/","name":"VzduchoveTlmice.sk","description":"predaj dielov pre vzduchov\u00fd podvozok","potentialAction":[{"@type":"SearchAction","target":{"@type":"EntryPoint","urlTemplate":"https:\/\/vzduchovetlmice.sk\/?s={search_term_string}"},"query-input":{"@type":"PropertyValueSpecification","valueRequired":true,"valueName":"search_term_string"}}],"inLanguage":"cs"}]}},"_links":{"self":[{"href":"https:\/\/vzduchovetlmice.sk\/cs\/wp-json\/wp\/v2\/product\/101722","targetHints":{"allow":["GET"]}}],"collection":[{"href":"https:\/\/vzduchovetlmice.sk\/cs\/wp-json\/wp\/v2\/product"}],"about":[{"href":"https:\/\/vzduchovetlmice.sk\/cs\/wp-json\/wp\/v2\/types\/product"}],"wp:attachment":[{"href":"https:\/\/vzduchovetlmice.sk\/cs\/wp-json\/wp\/v2\/media?parent=101722"}],"wp:term":[{"taxonomy":"product_brand","embeddable":true,"href":"https:\/\/vzduchovetlmice.sk\/cs\/wp-json\/wp\/v2\/product_brand?post=101722"},{"taxonomy":"product_cat","embeddable":true,"href":"https:\/\/vzduchovetlmice.sk\/cs\/wp-json\/wp\/v2\/product_cat?post=101722"},{"taxonomy":"product_tag","embeddable":true,"href":"https:\/\/vzduchovetlmice.sk\/cs\/wp-json\/wp\/v2\/product_tag?post=101722"}],"curies":[{"name":"wp","href":"https:\/\/api.w.org\/{rel}","templated":true}]}}