{"id":101739,"date":"2025-09-07T12:45:38","date_gmt":"2025-09-07T12:45:38","guid":{"rendered":"https:\/\/vzduchovetlmice.sk\/?post_type=product&#038;p=101739"},"modified":"2025-11-13T10:56:59","modified_gmt":"2025-11-13T10:56:59","slug":"predni-elektronicky-tlumic-vw-passat-b8-arteon-s-dcc","status":"publish","type":"product","link":"https:\/\/vzduchovetlmice.sk\/cs\/produkty\/predni-elektronicky-tlumic-vw-passat-b8-arteon-s-dcc\/","title":{"rendered":"P\u0159edn\u00ed elektronick\u00fd tlumi\u010d VW Passat B8\/Arteon s DCC"},"content":{"rendered":"<h3><strong>Dal\u0161\u00ed informace:<\/strong><\/h3>\n<p>Nov\u00fd p\u0159edn\u00ed elektronick\u00fd tlumi\u010d pru\u017een\u00ed (VW) Volkswagen Passat B8 (2014\u20132024), Passat B8 Varianta (2014\u20132024), Passat B8 Alltrack Varianta (2015\u20132024), Arteon 3H_ (2017\u20132024) \u2013 ) se syst\u00e9mem DCC \u2013 aktivn\u00ed elektronick\u00fd tlumi\u010d (Adaptive Chassis Control).<\/p>\n<p>Elektronick\u00fd tlumi\u010d je stejn\u00fd pro pravou i levou stranu.<\/p>\n<p>Tlumi\u010d pru\u017een\u00ed se prod\u00e1v\u00e1 bez pru\u017einy (jako na fotce).<\/p>\n<h4><strong>Origin\u00e1ln\u00ed v\u00fdrobn\u00ed \u010d\u00edsla (OEM): <\/strong><\/h4>\n<p>5Q0413031FA, 5Q0413031AK, 3Q0413031AK, 3Q0413031BB, 3Q0413031BE, 3Q0413032, 3Q0413032A, 5Q0413031ED, 5Q0413031FK, 5Q0413031FL, 5Q0413031FM, 5Q0413031GH, 5Q0413031GM, 5Q0413031HN, 5Q0413032, 5QF413031AC, 5QF413032A, 23-254343, 23254343, C2516, C2516s, 23-238978, 23-254343, 23254343<\/p>\n<div class=\"product-position-wrapper\">\n<div class=\"product-position icon-car-stroke front-right front-left\">\n<p>&nbsp;<\/p>\n<\/div>\n<\/div>\n","protected":false},"excerpt":{"rendered":"<p><strong>Zna\u010dka: <\/strong>Volkswagen (VW)<\/p>\n<p><strong>Model:<\/strong> Passat B8 (2014 \u2013 2024), Passat B8 Variant (2014 \u2013 2024), Passat B8 Alltrack Variant (2015 \u2013 2024), Arteon 3H_ (2017 \u2013 2024) a Arteon Shooting Brake 3H_ (2020 \u2013 )<\/p>\n<p><strong>Typ:<\/strong> s DCC (Adaptive Chassis Control).<\/p>\n<p><strong>Poloha: <\/strong>P\u0159edn\u00ed n\u00e1prava vpravo\/vlevo<\/p>\n<p><strong>V\u00fdrobce: <\/strong>OEM<\/p>\n<p><strong>Stav:\u00a0<\/strong>Nov\u00e9<\/p>\n<p><strong>Z\u00e1ruka:\u00a0<\/strong>2 roky<\/p>\n<p><strong>Dostupnost:<\/strong> <span style=\"color: #00ff00;\"><b>Skladem<\/b><\/span><\/p>\n","protected":false},"featured_media":0,"template":"","meta":{"_et_pb_use_builder":"","_et_pb_old_content":"","_et_gb_content_width":""},"product_brand":[471],"product_cat":[526],"product_tag":[],"class_list":{"0":"post-101739","1":"product","2":"type-product","3":"status-publish","5":"product_brand-volkswagen","6":"product_cat-volkswagen-cs","8":"first","9":"instock","10":"shipping-taxable","11":"purchasable","12":"product-type-simple"},"yoast_head":"<!-- This site is optimized with the Yoast SEO Premium plugin v24.9 (Yoast SEO v27.1.1) - https:\/\/yoast.com\/product\/yoast-seo-premium-wordpress\/ -->\n<title>P\u0159edn\u00ed elektronick\u00fd tlumi\u010d VW Passat B8\/Arteon s DCC<\/title>\n<meta name=\"description\" content=\"Nov\u00fd p\u0159edn\u00ed elektronick\u00fd tlumi\u010d pru\u017een\u00ed (VW) Volkswagen Passat B8 (2014\u20132024), Passat B8 Varianta (2014\u20132024), Passat B8 Alltrack Varianta (2015\u20132024), Arteon 3H_ (2017\u20132024) \u2013 ) se syst\u00e9mem DCC \u2013 aktivn\u00ed elektronick\u00fd tlumi\u010d (Adaptive Chassis Control). OEM: 5Q0413031FA, 5Q0413031AK, 3Q0413031AK, 3Q0413031BB, 3Q0413031BE, 3Q0413032, 3Q0413032A, 5Q0413031ED, 5Q0413031FK, 5Q0413031FL, 5Q0413031FM, 5Q0413031GH, 5Q0413031GM, 5Q0413031HN, 5Q0413032, 5QF413031AC, 5QF413032A, 23-254343, 23254343, C2516, C2516s, 23-238978, 23-254343, 23254343\" \/>\n<meta name=\"robots\" content=\"index, follow, max-snippet:-1, max-image-preview:large, max-video-preview:-1\" \/>\n<link rel=\"canonical\" href=\"https:\/\/vzduchovetlmice.sk\/cs\/produkty\/predni-elektronicky-tlumic-vw-passat-b8-arteon-s-dcc\/\" \/>\n<meta property=\"og:locale\" content=\"cs_CZ\" \/>\n<meta property=\"og:type\" content=\"article\" \/>\n<meta property=\"og:title\" content=\"P\u0159edn\u00ed elektronick\u00fd tlumi\u010d VW Passat B8\/Arteon s DCC\" \/>\n<meta property=\"og:description\" content=\"Nov\u00fd p\u0159edn\u00ed elektronick\u00fd tlumi\u010d pru\u017een\u00ed (VW) Volkswagen Passat B8 (2014\u20132024), Passat B8 Varianta (2014\u20132024), Passat B8 Alltrack Varianta (2015\u20132024), Arteon 3H_ (2017\u20132024) \u2013 ) se syst\u00e9mem DCC \u2013 aktivn\u00ed elektronick\u00fd tlumi\u010d (Adaptive Chassis Control). OEM: 5Q0413031FA, 5Q0413031AK, 3Q0413031AK, 3Q0413031BB, 3Q0413031BE, 3Q0413032, 3Q0413032A, 5Q0413031ED, 5Q0413031FK, 5Q0413031FL, 5Q0413031FM, 5Q0413031GH, 5Q0413031GM, 5Q0413031HN, 5Q0413032, 5QF413031AC, 5QF413032A, 23-254343, 23254343, C2516, C2516s, 23-238978, 23-254343, 23254343\" \/>\n<meta property=\"og:url\" content=\"https:\/\/vzduchovetlmice.sk\/cs\/produkty\/predni-elektronicky-tlumic-vw-passat-b8-arteon-s-dcc\/\" \/>\n<meta property=\"og:site_name\" content=\"VzduchoveTlmice.sk\" \/>\n<meta property=\"article:modified_time\" content=\"2025-11-13T10:56:59+00:00\" \/>\n<meta name=\"twitter:card\" content=\"summary_large_image\" \/>\n<meta name=\"twitter:label1\" content=\"Odhadovan\u00e1 doba \u010dten\u00ed\" \/>\n\t<meta name=\"twitter:data1\" content=\"1 minuta\" \/>\n<script type=\"application\/ld+json\" class=\"yoast-schema-graph\">{\"@context\":\"https:\/\/schema.org\",\"@graph\":[{\"@type\":\"WebPage\",\"@id\":\"https:\/\/vzduchovetlmice.sk\/cs\/produkty\/predni-elektronicky-tlumic-vw-passat-b8-arteon-s-dcc\/\",\"url\":\"https:\/\/vzduchovetlmice.sk\/cs\/produkty\/predni-elektronicky-tlumic-vw-passat-b8-arteon-s-dcc\/\",\"name\":\"P\u0159edn\u00ed elektronick\u00fd tlumi\u010d VW Passat B8\/Arteon s DCC\",\"isPartOf\":{\"@id\":\"https:\/\/vzduchovetlmice.sk\/#website\"},\"datePublished\":\"2025-09-07T12:45:38+00:00\",\"dateModified\":\"2025-11-13T10:56:59+00:00\",\"description\":\"Nov\u00fd p\u0159edn\u00ed elektronick\u00fd tlumi\u010d pru\u017een\u00ed (VW) Volkswagen Passat B8 (2014\u20132024), Passat B8 Varianta (2014\u20132024), Passat B8 Alltrack Varianta (2015\u20132024), Arteon 3H_ (2017\u20132024) \u2013 ) se syst\u00e9mem DCC \u2013 aktivn\u00ed elektronick\u00fd tlumi\u010d (Adaptive Chassis Control). OEM: 5Q0413031FA, 5Q0413031AK, 3Q0413031AK, 3Q0413031BB, 3Q0413031BE, 3Q0413032, 3Q0413032A, 5Q0413031ED, 5Q0413031FK, 5Q0413031FL, 5Q0413031FM, 5Q0413031GH, 5Q0413031GM, 5Q0413031HN, 5Q0413032, 5QF413031AC, 5QF413032A, 23-254343, 23254343, C2516, C2516s, 23-238978, 23-254343, 23254343\",\"breadcrumb\":{\"@id\":\"https:\/\/vzduchovetlmice.sk\/cs\/produkty\/predni-elektronicky-tlumic-vw-passat-b8-arteon-s-dcc\/#breadcrumb\"},\"inLanguage\":\"cs\",\"potentialAction\":[{\"@type\":\"ReadAction\",\"target\":[\"https:\/\/vzduchovetlmice.sk\/cs\/produkty\/predni-elektronicky-tlumic-vw-passat-b8-arteon-s-dcc\/\"]}]},{\"@type\":\"BreadcrumbList\",\"@id\":\"https:\/\/vzduchovetlmice.sk\/cs\/produkty\/predni-elektronicky-tlumic-vw-passat-b8-arteon-s-dcc\/#breadcrumb\",\"itemListElement\":[{\"@type\":\"ListItem\",\"position\":1,\"name\":\"Domovsk\u00e1 str\u00e1nka\",\"item\":\"https:\/\/vzduchovetlmice.sk\/\"},{\"@type\":\"ListItem\",\"position\":2,\"name\":\"Obchod\",\"item\":\"https:\/\/vzduchovetlmice.sk\/obchod\/\"},{\"@type\":\"ListItem\",\"position\":3,\"name\":\"P\u0159edn\u00ed elektronick\u00fd tlumi\u010d VW Passat B8\/Arteon s DCC\"}]},{\"@type\":\"WebSite\",\"@id\":\"https:\/\/vzduchovetlmice.sk\/#website\",\"url\":\"https:\/\/vzduchovetlmice.sk\/\",\"name\":\"VzduchoveTlmice.sk\",\"description\":\"predaj dielov pre vzduchov\u00fd podvozok\",\"potentialAction\":[{\"@type\":\"SearchAction\",\"target\":{\"@type\":\"EntryPoint\",\"urlTemplate\":\"https:\/\/vzduchovetlmice.sk\/?s={search_term_string}\"},\"query-input\":{\"@type\":\"PropertyValueSpecification\",\"valueRequired\":true,\"valueName\":\"search_term_string\"}}],\"inLanguage\":\"cs\"}]}<\/script>\n<!-- \/ Yoast SEO Premium plugin. -->","yoast_head_json":{"title":"P\u0159edn\u00ed elektronick\u00fd tlumi\u010d VW Passat B8\/Arteon s DCC","description":"Nov\u00fd p\u0159edn\u00ed elektronick\u00fd tlumi\u010d pru\u017een\u00ed (VW) Volkswagen Passat B8 (2014\u20132024), Passat B8 Varianta (2014\u20132024), Passat B8 Alltrack Varianta (2015\u20132024), Arteon 3H_ (2017\u20132024) \u2013 ) se syst\u00e9mem DCC \u2013 aktivn\u00ed elektronick\u00fd tlumi\u010d (Adaptive Chassis Control). OEM: 5Q0413031FA, 5Q0413031AK, 3Q0413031AK, 3Q0413031BB, 3Q0413031BE, 3Q0413032, 3Q0413032A, 5Q0413031ED, 5Q0413031FK, 5Q0413031FL, 5Q0413031FM, 5Q0413031GH, 5Q0413031GM, 5Q0413031HN, 5Q0413032, 5QF413031AC, 5QF413032A, 23-254343, 23254343, C2516, C2516s, 23-238978, 23-254343, 23254343","robots":{"index":"index","follow":"follow","max-snippet":"max-snippet:-1","max-image-preview":"max-image-preview:large","max-video-preview":"max-video-preview:-1"},"canonical":"https:\/\/vzduchovetlmice.sk\/cs\/produkty\/predni-elektronicky-tlumic-vw-passat-b8-arteon-s-dcc\/","og_locale":"cs_CZ","og_type":"article","og_title":"P\u0159edn\u00ed elektronick\u00fd tlumi\u010d VW Passat B8\/Arteon s DCC","og_description":"Nov\u00fd p\u0159edn\u00ed elektronick\u00fd tlumi\u010d pru\u017een\u00ed (VW) Volkswagen Passat B8 (2014\u20132024), Passat B8 Varianta (2014\u20132024), Passat B8 Alltrack Varianta (2015\u20132024), Arteon 3H_ (2017\u20132024) \u2013 ) se syst\u00e9mem DCC \u2013 aktivn\u00ed elektronick\u00fd tlumi\u010d (Adaptive Chassis Control). OEM: 5Q0413031FA, 5Q0413031AK, 3Q0413031AK, 3Q0413031BB, 3Q0413031BE, 3Q0413032, 3Q0413032A, 5Q0413031ED, 5Q0413031FK, 5Q0413031FL, 5Q0413031FM, 5Q0413031GH, 5Q0413031GM, 5Q0413031HN, 5Q0413032, 5QF413031AC, 5QF413032A, 23-254343, 23254343, C2516, C2516s, 23-238978, 23-254343, 23254343","og_url":"https:\/\/vzduchovetlmice.sk\/cs\/produkty\/predni-elektronicky-tlumic-vw-passat-b8-arteon-s-dcc\/","og_site_name":"VzduchoveTlmice.sk","article_modified_time":"2025-11-13T10:56:59+00:00","twitter_card":"summary_large_image","twitter_misc":{"Odhadovan\u00e1 doba \u010dten\u00ed":"1 minuta"},"schema":{"@context":"https:\/\/schema.org","@graph":[{"@type":"WebPage","@id":"https:\/\/vzduchovetlmice.sk\/cs\/produkty\/predni-elektronicky-tlumic-vw-passat-b8-arteon-s-dcc\/","url":"https:\/\/vzduchovetlmice.sk\/cs\/produkty\/predni-elektronicky-tlumic-vw-passat-b8-arteon-s-dcc\/","name":"P\u0159edn\u00ed elektronick\u00fd tlumi\u010d VW Passat B8\/Arteon s DCC","isPartOf":{"@id":"https:\/\/vzduchovetlmice.sk\/#website"},"datePublished":"2025-09-07T12:45:38+00:00","dateModified":"2025-11-13T10:56:59+00:00","description":"Nov\u00fd p\u0159edn\u00ed elektronick\u00fd tlumi\u010d pru\u017een\u00ed (VW) Volkswagen Passat B8 (2014\u20132024), Passat B8 Varianta (2014\u20132024), Passat B8 Alltrack Varianta (2015\u20132024), Arteon 3H_ (2017\u20132024) \u2013 ) se syst\u00e9mem DCC \u2013 aktivn\u00ed elektronick\u00fd tlumi\u010d (Adaptive Chassis Control). OEM: 5Q0413031FA, 5Q0413031AK, 3Q0413031AK, 3Q0413031BB, 3Q0413031BE, 3Q0413032, 3Q0413032A, 5Q0413031ED, 5Q0413031FK, 5Q0413031FL, 5Q0413031FM, 5Q0413031GH, 5Q0413031GM, 5Q0413031HN, 5Q0413032, 5QF413031AC, 5QF413032A, 23-254343, 23254343, C2516, C2516s, 23-238978, 23-254343, 23254343","breadcrumb":{"@id":"https:\/\/vzduchovetlmice.sk\/cs\/produkty\/predni-elektronicky-tlumic-vw-passat-b8-arteon-s-dcc\/#breadcrumb"},"inLanguage":"cs","potentialAction":[{"@type":"ReadAction","target":["https:\/\/vzduchovetlmice.sk\/cs\/produkty\/predni-elektronicky-tlumic-vw-passat-b8-arteon-s-dcc\/"]}]},{"@type":"BreadcrumbList","@id":"https:\/\/vzduchovetlmice.sk\/cs\/produkty\/predni-elektronicky-tlumic-vw-passat-b8-arteon-s-dcc\/#breadcrumb","itemListElement":[{"@type":"ListItem","position":1,"name":"Domovsk\u00e1 str\u00e1nka","item":"https:\/\/vzduchovetlmice.sk\/"},{"@type":"ListItem","position":2,"name":"Obchod","item":"https:\/\/vzduchovetlmice.sk\/obchod\/"},{"@type":"ListItem","position":3,"name":"P\u0159edn\u00ed elektronick\u00fd tlumi\u010d VW Passat B8\/Arteon s DCC"}]},{"@type":"WebSite","@id":"https:\/\/vzduchovetlmice.sk\/#website","url":"https:\/\/vzduchovetlmice.sk\/","name":"VzduchoveTlmice.sk","description":"predaj dielov pre vzduchov\u00fd podvozok","potentialAction":[{"@type":"SearchAction","target":{"@type":"EntryPoint","urlTemplate":"https:\/\/vzduchovetlmice.sk\/?s={search_term_string}"},"query-input":{"@type":"PropertyValueSpecification","valueRequired":true,"valueName":"search_term_string"}}],"inLanguage":"cs"}]}},"_links":{"self":[{"href":"https:\/\/vzduchovetlmice.sk\/cs\/wp-json\/wp\/v2\/product\/101739","targetHints":{"allow":["GET"]}}],"collection":[{"href":"https:\/\/vzduchovetlmice.sk\/cs\/wp-json\/wp\/v2\/product"}],"about":[{"href":"https:\/\/vzduchovetlmice.sk\/cs\/wp-json\/wp\/v2\/types\/product"}],"wp:attachment":[{"href":"https:\/\/vzduchovetlmice.sk\/cs\/wp-json\/wp\/v2\/media?parent=101739"}],"wp:term":[{"taxonomy":"product_brand","embeddable":true,"href":"https:\/\/vzduchovetlmice.sk\/cs\/wp-json\/wp\/v2\/product_brand?post=101739"},{"taxonomy":"product_cat","embeddable":true,"href":"https:\/\/vzduchovetlmice.sk\/cs\/wp-json\/wp\/v2\/product_cat?post=101739"},{"taxonomy":"product_tag","embeddable":true,"href":"https:\/\/vzduchovetlmice.sk\/cs\/wp-json\/wp\/v2\/product_tag?post=101739"}],"curies":[{"name":"wp","href":"https:\/\/api.w.org\/{rel}","templated":true}]}}