{"id":101910,"date":"2025-09-08T19:54:21","date_gmt":"2025-09-08T19:54:21","guid":{"rendered":"https:\/\/vzduchovetlmice.sk\/?post_type=product&#038;p=101910"},"modified":"2025-11-17T11:05:58","modified_gmt":"2025-11-17T11:05:58","slug":"predni-pravy-vzduchovy-tlumic-jeep-grand-cherokee-wk2","status":"publish","type":"product","link":"https:\/\/vzduchovetlmice.sk\/cs\/produkty\/predni-pravy-vzduchovy-tlumic-jeep-grand-cherokee-wk2\/","title":{"rendered":"P\u0159edn\u00ed prav\u00fd vzduchov\u00fd tlumi\u010d Jeep Grand Cherokee WK2"},"content":{"rendered":"<h3><strong>Dal\u0161\u00ed informace:<\/strong><\/h3>\n<p>Nov\u00fd p\u0159edn\u00ed prav\u00fd vzduchov\u00fd tlumi\u010d na Jeep Grand Cherokee WK2 (2010 \u2013 2015).<\/p>\n<h4><strong>Origin\u00e1ln\u00ed v\u00fdrobn\u00ed \u010d\u00edsla (OEM): <\/strong><\/h4>\n<p>68029902AE, K68059904AE, K68029902AB, K68029902AC, K68029902AD, K68029902AE, K68029902AF, K68029902AH, K68059904AA, K68059904AB, K68059904AC, K68059904AD, 68059904AB, K68080194AA, K68080194AB, K68080194AC, K68231882AA, K68231882AB, K68231882AC, K68231884AA, K68231884AB, K68231884AC, 68231886AC, 68059904AD, 68059904AC, 68059904AE, 68029902AB, 68029902AC, 68029902AD, 68029902AH, 68080194AB, 68029902AA, 68059904AA, 68080194AC, 68231882AA, 68231882AB, 68231882AC, 68231884AC, 68231884AB, 68231884AA, 68231886AA, 68231886AB, K68029902AA, 68231888AA<\/p>\n","protected":false},"excerpt":{"rendered":"<p><strong>Zna\u010dka: <\/strong>Jeep<\/p>\n<p><strong>Model:<\/strong> Jeep Grand Cherokee WK2 (2010 \u2013 2015)<\/p>\n<p><strong>Poloha: <\/strong>p\u0159edn\u00ed n\u00e1prava vpravo<\/p>\n<p><strong>V\u00fdrobce: <\/strong>OEM<\/p>\n<p><strong>Stav: <\/strong>Nov\u00e9<\/p>\n<p><strong>Z\u00e1ruka: <\/strong>2 roky<\/p>\n<p><strong>Dostupnost:<\/strong> <span style=\"color: #00ff00;\"><strong>Skladem<\/strong><\/span><\/p>\n","protected":false},"featured_media":101921,"template":"","meta":{"_et_pb_use_builder":"","_et_pb_old_content":"","_et_gb_content_width":""},"product_brand":[494],"product_cat":[503,502],"product_tag":[],"class_list":{"0":"post-101910","1":"product","2":"type-product","3":"status-publish","4":"has-post-thumbnail","6":"product_brand-jeep","7":"product_cat-grand-cherokee-wk2-2010-2021-cs","8":"product_cat-jeep-cs","10":"first","11":"instock","12":"shipping-taxable","13":"purchasable","14":"product-type-simple"},"yoast_head":"<!-- This site is optimized with the Yoast SEO Premium plugin v24.9 (Yoast SEO v27.1.1) - https:\/\/yoast.com\/product\/yoast-seo-premium-wordpress\/ -->\n<title>P\u0159edn\u00ed prav\u00fd vzduchov\u00fd tlumi\u010d Jeep Grand Cherokee WK2<\/title>\n<meta name=\"description\" content=\"Nov\u00fd p\u0159edn\u00ed prav\u00fd vzduchov\u00fd tlumi\u010d na Jeep Grand Cherokee WK2 (2010 \u2013 2015). OEM: 68029902AE, K68059904AE, K68029902AB, K68029902AC, K68029902AD, K68029902AE, K68029902AF, K68029902AH, K68059904AA, K68059904AB, K68059904AC, K68059904AD, 68059904AB, K68080194AA, K68080194AB, K68080194AC, K68231882AA, K68231882AB, K68231882AC, K68231884AA, K68231884AB, K68231884AC, 68231886AC, 68059904AD, 68059904AC, 68059904AE, 68029902AB, 68029902AC, 68029902AD, 68029902AH, 68080194AB, 68029902AA, 68059904AA, 68080194AC, 68231882AA, 68231882AB, 68231882AC, 68231884AC, 68231884AB, 68231884AA, 68231886AA, 68231886AB, K68029902AA, 68231888AA\" \/>\n<meta name=\"robots\" content=\"index, follow, max-snippet:-1, max-image-preview:large, max-video-preview:-1\" \/>\n<link rel=\"canonical\" href=\"https:\/\/vzduchovetlmice.sk\/cs\/produkty\/predni-pravy-vzduchovy-tlumic-jeep-grand-cherokee-wk2\/\" \/>\n<meta property=\"og:locale\" content=\"cs_CZ\" \/>\n<meta property=\"og:type\" content=\"article\" \/>\n<meta property=\"og:title\" content=\"P\u0159edn\u00ed prav\u00fd vzduchov\u00fd tlumi\u010d Jeep Grand Cherokee WK2\" \/>\n<meta property=\"og:description\" content=\"Nov\u00fd p\u0159edn\u00ed prav\u00fd vzduchov\u00fd tlumi\u010d na Jeep Grand Cherokee WK2 (2010 \u2013 2015). OEM: 68029902AE, K68059904AE, K68029902AB, K68029902AC, K68029902AD, K68029902AE, K68029902AF, K68029902AH, K68059904AA, K68059904AB, K68059904AC, K68059904AD, 68059904AB, K68080194AA, K68080194AB, K68080194AC, K68231882AA, K68231882AB, K68231882AC, K68231884AA, K68231884AB, K68231884AC, 68231886AC, 68059904AD, 68059904AC, 68059904AE, 68029902AB, 68029902AC, 68029902AD, 68029902AH, 68080194AB, 68029902AA, 68059904AA, 68080194AC, 68231882AA, 68231882AB, 68231882AC, 68231884AC, 68231884AB, 68231884AA, 68231886AA, 68231886AB, K68029902AA, 68231888AA\" \/>\n<meta property=\"og:url\" content=\"https:\/\/vzduchovetlmice.sk\/cs\/produkty\/predni-pravy-vzduchovy-tlumic-jeep-grand-cherokee-wk2\/\" \/>\n<meta property=\"og:site_name\" content=\"VzduchoveTlmice.sk\" \/>\n<meta property=\"article:modified_time\" content=\"2025-11-17T11:05:58+00:00\" \/>\n<meta property=\"og:image\" content=\"https:\/\/vzduchovetlmice.sk\/wp-content\/uploads\/2025\/09\/Predny-pravy-vzduchovy-tlmic-Jeep-Grand-Cherokee-WK2-68029902AE-K68059904AE-K68029902AB-K68029902AC-K68029902AD-K68029902AE-K68029902AF-K68029902AH-K68059904AA.jpg\" \/>\n\t<meta property=\"og:image:width\" content=\"1000\" \/>\n\t<meta property=\"og:image:height\" content=\"1000\" \/>\n\t<meta property=\"og:image:type\" content=\"image\/jpeg\" \/>\n<meta name=\"twitter:card\" content=\"summary_large_image\" \/>\n<meta name=\"twitter:label1\" content=\"Odhadovan\u00e1 doba \u010dten\u00ed\" \/>\n\t<meta name=\"twitter:data1\" content=\"1 minuta\" \/>\n<script type=\"application\/ld+json\" class=\"yoast-schema-graph\">{\"@context\":\"https:\/\/schema.org\",\"@graph\":[{\"@type\":\"WebPage\",\"@id\":\"https:\/\/vzduchovetlmice.sk\/cs\/produkty\/predni-pravy-vzduchovy-tlumic-jeep-grand-cherokee-wk2\/\",\"url\":\"https:\/\/vzduchovetlmice.sk\/cs\/produkty\/predni-pravy-vzduchovy-tlumic-jeep-grand-cherokee-wk2\/\",\"name\":\"P\u0159edn\u00ed prav\u00fd vzduchov\u00fd tlumi\u010d Jeep Grand Cherokee WK2\",\"isPartOf\":{\"@id\":\"https:\/\/vzduchovetlmice.sk\/#website\"},\"primaryImageOfPage\":{\"@id\":\"https:\/\/vzduchovetlmice.sk\/cs\/produkty\/predni-pravy-vzduchovy-tlumic-jeep-grand-cherokee-wk2\/#primaryimage\"},\"image\":{\"@id\":\"https:\/\/vzduchovetlmice.sk\/cs\/produkty\/predni-pravy-vzduchovy-tlumic-jeep-grand-cherokee-wk2\/#primaryimage\"},\"thumbnailUrl\":\"https:\/\/vzduchovetlmice.sk\/wp-content\/uploads\/2025\/09\/Predny-pravy-vzduchovy-tlmic-Jeep-Grand-Cherokee-WK2-68029902AE-K68059904AE-K68029902AB-K68029902AC-K68029902AD-K68029902AE-K68029902AF-K68029902AH-K68059904AA.jpg\",\"datePublished\":\"2025-09-08T19:54:21+00:00\",\"dateModified\":\"2025-11-17T11:05:58+00:00\",\"description\":\"Nov\u00fd p\u0159edn\u00ed prav\u00fd vzduchov\u00fd tlumi\u010d na Jeep Grand Cherokee WK2 (2010 \u2013 2015). OEM: 68029902AE, K68059904AE, K68029902AB, K68029902AC, K68029902AD, K68029902AE, K68029902AF, K68029902AH, K68059904AA, K68059904AB, K68059904AC, K68059904AD, 68059904AB, K68080194AA, K68080194AB, K68080194AC, K68231882AA, K68231882AB, K68231882AC, K68231884AA, K68231884AB, K68231884AC, 68231886AC, 68059904AD, 68059904AC, 68059904AE, 68029902AB, 68029902AC, 68029902AD, 68029902AH, 68080194AB, 68029902AA, 68059904AA, 68080194AC, 68231882AA, 68231882AB, 68231882AC, 68231884AC, 68231884AB, 68231884AA, 68231886AA, 68231886AB, K68029902AA, 68231888AA\",\"breadcrumb\":{\"@id\":\"https:\/\/vzduchovetlmice.sk\/cs\/produkty\/predni-pravy-vzduchovy-tlumic-jeep-grand-cherokee-wk2\/#breadcrumb\"},\"inLanguage\":\"cs\",\"potentialAction\":[{\"@type\":\"ReadAction\",\"target\":[\"https:\/\/vzduchovetlmice.sk\/cs\/produkty\/predni-pravy-vzduchovy-tlumic-jeep-grand-cherokee-wk2\/\"]}]},{\"@type\":\"ImageObject\",\"inLanguage\":\"cs\",\"@id\":\"https:\/\/vzduchovetlmice.sk\/cs\/produkty\/predni-pravy-vzduchovy-tlumic-jeep-grand-cherokee-wk2\/#primaryimage\",\"url\":\"https:\/\/vzduchovetlmice.sk\/wp-content\/uploads\/2025\/09\/Predny-pravy-vzduchovy-tlmic-Jeep-Grand-Cherokee-WK2-68029902AE-K68059904AE-K68029902AB-K68029902AC-K68029902AD-K68029902AE-K68029902AF-K68029902AH-K68059904AA.jpg\",\"contentUrl\":\"https:\/\/vzduchovetlmice.sk\/wp-content\/uploads\/2025\/09\/Predny-pravy-vzduchovy-tlmic-Jeep-Grand-Cherokee-WK2-68029902AE-K68059904AE-K68029902AB-K68029902AC-K68029902AD-K68029902AE-K68029902AF-K68029902AH-K68059904AA.jpg\",\"width\":1000,\"height\":1000,\"caption\":\"Predn\u00fd prav\u00fd vzduchov\u00fd tlmi\u010d Jeep Grand Cherokee WK2, 68029902AE, K68059904AE, K68029902AB, K68029902AC, K68029902AD, K68029902AE, K68029902AF, K68029902AH, K68059904AA\"},{\"@type\":\"BreadcrumbList\",\"@id\":\"https:\/\/vzduchovetlmice.sk\/cs\/produkty\/predni-pravy-vzduchovy-tlumic-jeep-grand-cherokee-wk2\/#breadcrumb\",\"itemListElement\":[{\"@type\":\"ListItem\",\"position\":1,\"name\":\"Domovsk\u00e1 str\u00e1nka\",\"item\":\"https:\/\/vzduchovetlmice.sk\/\"},{\"@type\":\"ListItem\",\"position\":2,\"name\":\"Obchod\",\"item\":\"https:\/\/vzduchovetlmice.sk\/obchod\/\"},{\"@type\":\"ListItem\",\"position\":3,\"name\":\"P\u0159edn\u00ed prav\u00fd vzduchov\u00fd tlumi\u010d Jeep Grand Cherokee WK2\"}]},{\"@type\":\"WebSite\",\"@id\":\"https:\/\/vzduchovetlmice.sk\/#website\",\"url\":\"https:\/\/vzduchovetlmice.sk\/\",\"name\":\"VzduchoveTlmice.sk\",\"description\":\"predaj dielov pre vzduchov\u00fd podvozok\",\"potentialAction\":[{\"@type\":\"SearchAction\",\"target\":{\"@type\":\"EntryPoint\",\"urlTemplate\":\"https:\/\/vzduchovetlmice.sk\/?s={search_term_string}\"},\"query-input\":{\"@type\":\"PropertyValueSpecification\",\"valueRequired\":true,\"valueName\":\"search_term_string\"}}],\"inLanguage\":\"cs\"}]}<\/script>\n<!-- \/ Yoast SEO Premium plugin. -->","yoast_head_json":{"title":"P\u0159edn\u00ed prav\u00fd vzduchov\u00fd tlumi\u010d Jeep Grand Cherokee WK2","description":"Nov\u00fd p\u0159edn\u00ed prav\u00fd vzduchov\u00fd tlumi\u010d na Jeep Grand Cherokee WK2 (2010 \u2013 2015). OEM: 68029902AE, K68059904AE, K68029902AB, K68029902AC, K68029902AD, K68029902AE, K68029902AF, K68029902AH, K68059904AA, K68059904AB, K68059904AC, K68059904AD, 68059904AB, K68080194AA, K68080194AB, K68080194AC, K68231882AA, K68231882AB, K68231882AC, K68231884AA, K68231884AB, K68231884AC, 68231886AC, 68059904AD, 68059904AC, 68059904AE, 68029902AB, 68029902AC, 68029902AD, 68029902AH, 68080194AB, 68029902AA, 68059904AA, 68080194AC, 68231882AA, 68231882AB, 68231882AC, 68231884AC, 68231884AB, 68231884AA, 68231886AA, 68231886AB, K68029902AA, 68231888AA","robots":{"index":"index","follow":"follow","max-snippet":"max-snippet:-1","max-image-preview":"max-image-preview:large","max-video-preview":"max-video-preview:-1"},"canonical":"https:\/\/vzduchovetlmice.sk\/cs\/produkty\/predni-pravy-vzduchovy-tlumic-jeep-grand-cherokee-wk2\/","og_locale":"cs_CZ","og_type":"article","og_title":"P\u0159edn\u00ed prav\u00fd vzduchov\u00fd tlumi\u010d Jeep Grand Cherokee WK2","og_description":"Nov\u00fd p\u0159edn\u00ed prav\u00fd vzduchov\u00fd tlumi\u010d na Jeep Grand Cherokee WK2 (2010 \u2013 2015). OEM: 68029902AE, K68059904AE, K68029902AB, K68029902AC, K68029902AD, K68029902AE, K68029902AF, K68029902AH, K68059904AA, K68059904AB, K68059904AC, K68059904AD, 68059904AB, K68080194AA, K68080194AB, K68080194AC, K68231882AA, K68231882AB, K68231882AC, K68231884AA, K68231884AB, K68231884AC, 68231886AC, 68059904AD, 68059904AC, 68059904AE, 68029902AB, 68029902AC, 68029902AD, 68029902AH, 68080194AB, 68029902AA, 68059904AA, 68080194AC, 68231882AA, 68231882AB, 68231882AC, 68231884AC, 68231884AB, 68231884AA, 68231886AA, 68231886AB, K68029902AA, 68231888AA","og_url":"https:\/\/vzduchovetlmice.sk\/cs\/produkty\/predni-pravy-vzduchovy-tlumic-jeep-grand-cherokee-wk2\/","og_site_name":"VzduchoveTlmice.sk","article_modified_time":"2025-11-17T11:05:58+00:00","og_image":[{"width":1000,"height":1000,"url":"https:\/\/vzduchovetlmice.sk\/wp-content\/uploads\/2025\/09\/Predny-pravy-vzduchovy-tlmic-Jeep-Grand-Cherokee-WK2-68029902AE-K68059904AE-K68029902AB-K68029902AC-K68029902AD-K68029902AE-K68029902AF-K68029902AH-K68059904AA.jpg","type":"image\/jpeg"}],"twitter_card":"summary_large_image","twitter_misc":{"Odhadovan\u00e1 doba \u010dten\u00ed":"1 minuta"},"schema":{"@context":"https:\/\/schema.org","@graph":[{"@type":"WebPage","@id":"https:\/\/vzduchovetlmice.sk\/cs\/produkty\/predni-pravy-vzduchovy-tlumic-jeep-grand-cherokee-wk2\/","url":"https:\/\/vzduchovetlmice.sk\/cs\/produkty\/predni-pravy-vzduchovy-tlumic-jeep-grand-cherokee-wk2\/","name":"P\u0159edn\u00ed prav\u00fd vzduchov\u00fd tlumi\u010d Jeep Grand Cherokee WK2","isPartOf":{"@id":"https:\/\/vzduchovetlmice.sk\/#website"},"primaryImageOfPage":{"@id":"https:\/\/vzduchovetlmice.sk\/cs\/produkty\/predni-pravy-vzduchovy-tlumic-jeep-grand-cherokee-wk2\/#primaryimage"},"image":{"@id":"https:\/\/vzduchovetlmice.sk\/cs\/produkty\/predni-pravy-vzduchovy-tlumic-jeep-grand-cherokee-wk2\/#primaryimage"},"thumbnailUrl":"https:\/\/vzduchovetlmice.sk\/wp-content\/uploads\/2025\/09\/Predny-pravy-vzduchovy-tlmic-Jeep-Grand-Cherokee-WK2-68029902AE-K68059904AE-K68029902AB-K68029902AC-K68029902AD-K68029902AE-K68029902AF-K68029902AH-K68059904AA.jpg","datePublished":"2025-09-08T19:54:21+00:00","dateModified":"2025-11-17T11:05:58+00:00","description":"Nov\u00fd p\u0159edn\u00ed prav\u00fd vzduchov\u00fd tlumi\u010d na Jeep Grand Cherokee WK2 (2010 \u2013 2015). OEM: 68029902AE, K68059904AE, K68029902AB, K68029902AC, K68029902AD, K68029902AE, K68029902AF, K68029902AH, K68059904AA, K68059904AB, K68059904AC, K68059904AD, 68059904AB, K68080194AA, K68080194AB, K68080194AC, K68231882AA, K68231882AB, K68231882AC, K68231884AA, K68231884AB, K68231884AC, 68231886AC, 68059904AD, 68059904AC, 68059904AE, 68029902AB, 68029902AC, 68029902AD, 68029902AH, 68080194AB, 68029902AA, 68059904AA, 68080194AC, 68231882AA, 68231882AB, 68231882AC, 68231884AC, 68231884AB, 68231884AA, 68231886AA, 68231886AB, K68029902AA, 68231888AA","breadcrumb":{"@id":"https:\/\/vzduchovetlmice.sk\/cs\/produkty\/predni-pravy-vzduchovy-tlumic-jeep-grand-cherokee-wk2\/#breadcrumb"},"inLanguage":"cs","potentialAction":[{"@type":"ReadAction","target":["https:\/\/vzduchovetlmice.sk\/cs\/produkty\/predni-pravy-vzduchovy-tlumic-jeep-grand-cherokee-wk2\/"]}]},{"@type":"ImageObject","inLanguage":"cs","@id":"https:\/\/vzduchovetlmice.sk\/cs\/produkty\/predni-pravy-vzduchovy-tlumic-jeep-grand-cherokee-wk2\/#primaryimage","url":"https:\/\/vzduchovetlmice.sk\/wp-content\/uploads\/2025\/09\/Predny-pravy-vzduchovy-tlmic-Jeep-Grand-Cherokee-WK2-68029902AE-K68059904AE-K68029902AB-K68029902AC-K68029902AD-K68029902AE-K68029902AF-K68029902AH-K68059904AA.jpg","contentUrl":"https:\/\/vzduchovetlmice.sk\/wp-content\/uploads\/2025\/09\/Predny-pravy-vzduchovy-tlmic-Jeep-Grand-Cherokee-WK2-68029902AE-K68059904AE-K68029902AB-K68029902AC-K68029902AD-K68029902AE-K68029902AF-K68029902AH-K68059904AA.jpg","width":1000,"height":1000,"caption":"Predn\u00fd prav\u00fd vzduchov\u00fd tlmi\u010d Jeep Grand Cherokee WK2, 68029902AE, K68059904AE, K68029902AB, K68029902AC, K68029902AD, K68029902AE, K68029902AF, K68029902AH, K68059904AA"},{"@type":"BreadcrumbList","@id":"https:\/\/vzduchovetlmice.sk\/cs\/produkty\/predni-pravy-vzduchovy-tlumic-jeep-grand-cherokee-wk2\/#breadcrumb","itemListElement":[{"@type":"ListItem","position":1,"name":"Domovsk\u00e1 str\u00e1nka","item":"https:\/\/vzduchovetlmice.sk\/"},{"@type":"ListItem","position":2,"name":"Obchod","item":"https:\/\/vzduchovetlmice.sk\/obchod\/"},{"@type":"ListItem","position":3,"name":"P\u0159edn\u00ed prav\u00fd vzduchov\u00fd tlumi\u010d Jeep Grand Cherokee WK2"}]},{"@type":"WebSite","@id":"https:\/\/vzduchovetlmice.sk\/#website","url":"https:\/\/vzduchovetlmice.sk\/","name":"VzduchoveTlmice.sk","description":"predaj dielov pre vzduchov\u00fd podvozok","potentialAction":[{"@type":"SearchAction","target":{"@type":"EntryPoint","urlTemplate":"https:\/\/vzduchovetlmice.sk\/?s={search_term_string}"},"query-input":{"@type":"PropertyValueSpecification","valueRequired":true,"valueName":"search_term_string"}}],"inLanguage":"cs"}]}},"_links":{"self":[{"href":"https:\/\/vzduchovetlmice.sk\/cs\/wp-json\/wp\/v2\/product\/101910","targetHints":{"allow":["GET"]}}],"collection":[{"href":"https:\/\/vzduchovetlmice.sk\/cs\/wp-json\/wp\/v2\/product"}],"about":[{"href":"https:\/\/vzduchovetlmice.sk\/cs\/wp-json\/wp\/v2\/types\/product"}],"wp:featuredmedia":[{"embeddable":true,"href":"https:\/\/vzduchovetlmice.sk\/cs\/wp-json\/wp\/v2\/media\/101921"}],"wp:attachment":[{"href":"https:\/\/vzduchovetlmice.sk\/cs\/wp-json\/wp\/v2\/media?parent=101910"}],"wp:term":[{"taxonomy":"product_brand","embeddable":true,"href":"https:\/\/vzduchovetlmice.sk\/cs\/wp-json\/wp\/v2\/product_brand?post=101910"},{"taxonomy":"product_cat","embeddable":true,"href":"https:\/\/vzduchovetlmice.sk\/cs\/wp-json\/wp\/v2\/product_cat?post=101910"},{"taxonomy":"product_tag","embeddable":true,"href":"https:\/\/vzduchovetlmice.sk\/cs\/wp-json\/wp\/v2\/product_tag?post=101910"}],"curies":[{"name":"wp","href":"https:\/\/api.w.org\/{rel}","templated":true}]}}