{"id":102140,"date":"2025-10-18T09:59:34","date_gmt":"2025-10-18T09:59:34","guid":{"rendered":"https:\/\/vzduchovetlmice.sk\/?post_type=product&#038;p=102140"},"modified":"2025-10-20T12:25:34","modified_gmt":"2025-10-20T12:25:34","slug":"predni-vzduchovy-tlumic-porsche-macan-95b-original-porsche","status":"publish","type":"product","link":"https:\/\/vzduchovetlmice.sk\/cs\/produkty\/predni-vzduchovy-tlumic-porsche-macan-95b-original-porsche\/","title":{"rendered":"P\u0159edn\u00ed vzduchov\u00fd tlumi\u010d Porsche Macan 95B \u2013 Origin\u00e1l Porsche"},"content":{"rendered":"<h3><strong>Dal\u0161\u00ed informace:<\/strong><\/h3>\n<p>Nov\u00fd p\u0159edn\u00ed vzduchov\u00fd tlumi\u010d Porsche Macan 95B (2014 \u2013 2025). Jedn\u00e1 se o origin\u00e1ln\u00ed tlumi\u010d od Porsche (Vibracoustic &#8211; prvov\u00fdroba).<\/p>\n<p>Tlumi\u010d pru\u017een\u00ed je stejn\u00fd pro pravou i levou stranu.<\/p>\n<p>&nbsp;<\/p>\n<h4><strong>Origin\u00e1ln\u00ed v\u00fdrobn\u00ed \u010d\u00edsla (OEM): <\/strong><\/h4>\n<div class=\"additional-attributes-wrapper info\">\n<div>\n<p>95B616039, 95B616039B, 95B616039D, 95B616039T, 95B616039R, 95B616039G, 95B616039E, 95B616039C, 95B616039A, 45-249907<\/p>\n<\/div>\n<\/div>\n","protected":false},"excerpt":{"rendered":"<p><strong>Zna\u010dka: <\/strong>Porsche<\/p>\n<p><strong>Model:<\/strong> Porsche Macan 95B (2014 \u2013 2025)<\/p>\n<p><strong>TYP:<\/strong> s PASM<\/p>\n<p><strong>Um\u00edst\u011bn\u00ed:<\/strong> P\u0159edn\u00ed n\u00e1prava vlevo\/vpravo<\/p>\n<p><strong>V\u00fdrobce: <\/strong>Vibracoustic \u2013 Made in Germany<\/p>\n<p><strong>Stav: <\/strong>Nov\u00e9<\/p>\n<p><strong>Z\u00e1ruka: <\/strong>2 roky<\/p>\n<p><strong>Dostupnost:<\/strong> <span style=\"color: #00ff00;\"><strong>Skladem<\/strong><\/span><\/p>\n","protected":false},"featured_media":102142,"template":"","meta":{"_et_pb_use_builder":"","_et_pb_old_content":"","_et_gb_content_width":""},"product_brand":[469],"product_cat":[470,479],"product_tag":[],"class_list":{"0":"post-102140","1":"product","2":"type-product","3":"status-publish","4":"has-post-thumbnail","6":"product_brand-porsche","7":"product_cat-macan-95b-2014-2025-cs","8":"product_cat-porsche-cs","10":"first","11":"instock","12":"shipping-taxable","13":"purchasable","14":"product-type-simple"},"yoast_head":"<!-- This site is optimized with the Yoast SEO Premium plugin v24.9 (Yoast SEO v27.1.1) - https:\/\/yoast.com\/product\/yoast-seo-premium-wordpress\/ -->\n<title>P\u0159edn\u00ed vzduchov\u00fd tlumi\u010d Porsche Macan 95B \u2013 Origin\u00e1l Porsche<\/title>\n<meta name=\"description\" content=\"Nov\u00fd p\u0159edn\u00ed vzduchov\u00fd tlumi\u010d Porsche Macan 95B (2014 \u2013 2025). Jedn\u00e1 se o origin\u00e1ln\u00ed tlumi\u010d od Porsche (Vibracoustic - prvov\u00fdroba). OEM: 95B616039, 95B616039B, 95B616039D, 95B616039T, 95B616039R, 95B616039G, 95B616039E, 95B616039C, 95B616039A, 45-249907\" \/>\n<meta name=\"robots\" content=\"index, follow, max-snippet:-1, max-image-preview:large, max-video-preview:-1\" \/>\n<link rel=\"canonical\" href=\"https:\/\/vzduchovetlmice.sk\/cs\/produkty\/predni-vzduchovy-tlumic-porsche-macan-95b-original-porsche\/\" \/>\n<meta property=\"og:locale\" content=\"cs_CZ\" \/>\n<meta property=\"og:type\" content=\"article\" \/>\n<meta property=\"og:title\" content=\"P\u0159edn\u00ed vzduchov\u00fd tlumi\u010d Porsche Macan 95B \u2013 Origin\u00e1l Porsche\" \/>\n<meta property=\"og:description\" content=\"Nov\u00fd p\u0159edn\u00ed vzduchov\u00fd tlumi\u010d Porsche Macan 95B (2014 \u2013 2025). Jedn\u00e1 se o origin\u00e1ln\u00ed tlumi\u010d od Porsche (Vibracoustic - prvov\u00fdroba). OEM: 95B616039, 95B616039B, 95B616039D, 95B616039T, 95B616039R, 95B616039G, 95B616039E, 95B616039C, 95B616039A, 45-249907\" \/>\n<meta property=\"og:url\" content=\"https:\/\/vzduchovetlmice.sk\/cs\/produkty\/predni-vzduchovy-tlumic-porsche-macan-95b-original-porsche\/\" \/>\n<meta property=\"og:site_name\" content=\"VzduchoveTlmice.sk\" \/>\n<meta property=\"article:modified_time\" content=\"2025-10-20T12:25:34+00:00\" \/>\n<meta property=\"og:image\" content=\"https:\/\/vzduchovetlmice.sk\/wp-content\/uploads\/2025\/10\/Predny-vzduchovy-tlmic-Porsche-Macan-95B-\u2013-Original-Porsche-95B616039-95B616039B-95B616039D-95B616039T-95B616039R.jpg\" \/>\n\t<meta property=\"og:image:width\" content=\"1000\" \/>\n\t<meta property=\"og:image:height\" content=\"1000\" \/>\n\t<meta property=\"og:image:type\" content=\"image\/jpeg\" \/>\n<meta name=\"twitter:card\" content=\"summary_large_image\" \/>\n<meta name=\"twitter:label1\" content=\"Odhadovan\u00e1 doba \u010dten\u00ed\" \/>\n\t<meta name=\"twitter:data1\" content=\"1 minuta\" \/>\n<script type=\"application\/ld+json\" class=\"yoast-schema-graph\">{\"@context\":\"https:\/\/schema.org\",\"@graph\":[{\"@type\":\"WebPage\",\"@id\":\"https:\/\/vzduchovetlmice.sk\/cs\/produkty\/predni-vzduchovy-tlumic-porsche-macan-95b-original-porsche\/\",\"url\":\"https:\/\/vzduchovetlmice.sk\/cs\/produkty\/predni-vzduchovy-tlumic-porsche-macan-95b-original-porsche\/\",\"name\":\"P\u0159edn\u00ed vzduchov\u00fd tlumi\u010d Porsche Macan 95B \u2013 Origin\u00e1l Porsche\",\"isPartOf\":{\"@id\":\"https:\/\/vzduchovetlmice.sk\/#website\"},\"primaryImageOfPage\":{\"@id\":\"https:\/\/vzduchovetlmice.sk\/cs\/produkty\/predni-vzduchovy-tlumic-porsche-macan-95b-original-porsche\/#primaryimage\"},\"image\":{\"@id\":\"https:\/\/vzduchovetlmice.sk\/cs\/produkty\/predni-vzduchovy-tlumic-porsche-macan-95b-original-porsche\/#primaryimage\"},\"thumbnailUrl\":\"https:\/\/vzduchovetlmice.sk\/wp-content\/uploads\/2025\/10\/Predny-vzduchovy-tlmic-Porsche-Macan-95B-\u2013-Original-Porsche-95B616039-95B616039B-95B616039D-95B616039T-95B616039R.jpg\",\"datePublished\":\"2025-10-18T09:59:34+00:00\",\"dateModified\":\"2025-10-20T12:25:34+00:00\",\"description\":\"Nov\u00fd p\u0159edn\u00ed vzduchov\u00fd tlumi\u010d Porsche Macan 95B (2014 \u2013 2025). Jedn\u00e1 se o origin\u00e1ln\u00ed tlumi\u010d od Porsche (Vibracoustic - prvov\u00fdroba). OEM: 95B616039, 95B616039B, 95B616039D, 95B616039T, 95B616039R, 95B616039G, 95B616039E, 95B616039C, 95B616039A, 45-249907\",\"breadcrumb\":{\"@id\":\"https:\/\/vzduchovetlmice.sk\/cs\/produkty\/predni-vzduchovy-tlumic-porsche-macan-95b-original-porsche\/#breadcrumb\"},\"inLanguage\":\"cs\",\"potentialAction\":[{\"@type\":\"ReadAction\",\"target\":[\"https:\/\/vzduchovetlmice.sk\/cs\/produkty\/predni-vzduchovy-tlumic-porsche-macan-95b-original-porsche\/\"]}]},{\"@type\":\"ImageObject\",\"inLanguage\":\"cs\",\"@id\":\"https:\/\/vzduchovetlmice.sk\/cs\/produkty\/predni-vzduchovy-tlumic-porsche-macan-95b-original-porsche\/#primaryimage\",\"url\":\"https:\/\/vzduchovetlmice.sk\/wp-content\/uploads\/2025\/10\/Predny-vzduchovy-tlmic-Porsche-Macan-95B-\u2013-Original-Porsche-95B616039-95B616039B-95B616039D-95B616039T-95B616039R.jpg\",\"contentUrl\":\"https:\/\/vzduchovetlmice.sk\/wp-content\/uploads\/2025\/10\/Predny-vzduchovy-tlmic-Porsche-Macan-95B-\u2013-Original-Porsche-95B616039-95B616039B-95B616039D-95B616039T-95B616039R.jpg\",\"width\":1000,\"height\":1000,\"caption\":\"P\u0159edn\u00ed vzduchov\u00fd tlumi\u010d Porsche Macan 95B \u2013 Origin\u00e1l Porsche, 95B616039, 95B616039B, 95B616039D, 95B616039T, 95B616039R\"},{\"@type\":\"BreadcrumbList\",\"@id\":\"https:\/\/vzduchovetlmice.sk\/cs\/produkty\/predni-vzduchovy-tlumic-porsche-macan-95b-original-porsche\/#breadcrumb\",\"itemListElement\":[{\"@type\":\"ListItem\",\"position\":1,\"name\":\"Domovsk\u00e1 str\u00e1nka\",\"item\":\"https:\/\/vzduchovetlmice.sk\/\"},{\"@type\":\"ListItem\",\"position\":2,\"name\":\"Obchod\",\"item\":\"https:\/\/vzduchovetlmice.sk\/obchod\/\"},{\"@type\":\"ListItem\",\"position\":3,\"name\":\"P\u0159edn\u00ed vzduchov\u00fd tlumi\u010d Porsche Macan 95B \u2013 Origin\u00e1l Porsche\"}]},{\"@type\":\"WebSite\",\"@id\":\"https:\/\/vzduchovetlmice.sk\/#website\",\"url\":\"https:\/\/vzduchovetlmice.sk\/\",\"name\":\"VzduchoveTlmice.sk\",\"description\":\"predaj dielov pre vzduchov\u00fd podvozok\",\"potentialAction\":[{\"@type\":\"SearchAction\",\"target\":{\"@type\":\"EntryPoint\",\"urlTemplate\":\"https:\/\/vzduchovetlmice.sk\/?s={search_term_string}\"},\"query-input\":{\"@type\":\"PropertyValueSpecification\",\"valueRequired\":true,\"valueName\":\"search_term_string\"}}],\"inLanguage\":\"cs\"}]}<\/script>\n<!-- \/ Yoast SEO Premium plugin. -->","yoast_head_json":{"title":"P\u0159edn\u00ed vzduchov\u00fd tlumi\u010d Porsche Macan 95B \u2013 Origin\u00e1l Porsche","description":"Nov\u00fd p\u0159edn\u00ed vzduchov\u00fd tlumi\u010d Porsche Macan 95B (2014 \u2013 2025). Jedn\u00e1 se o origin\u00e1ln\u00ed tlumi\u010d od Porsche (Vibracoustic - prvov\u00fdroba). OEM: 95B616039, 95B616039B, 95B616039D, 95B616039T, 95B616039R, 95B616039G, 95B616039E, 95B616039C, 95B616039A, 45-249907","robots":{"index":"index","follow":"follow","max-snippet":"max-snippet:-1","max-image-preview":"max-image-preview:large","max-video-preview":"max-video-preview:-1"},"canonical":"https:\/\/vzduchovetlmice.sk\/cs\/produkty\/predni-vzduchovy-tlumic-porsche-macan-95b-original-porsche\/","og_locale":"cs_CZ","og_type":"article","og_title":"P\u0159edn\u00ed vzduchov\u00fd tlumi\u010d Porsche Macan 95B \u2013 Origin\u00e1l Porsche","og_description":"Nov\u00fd p\u0159edn\u00ed vzduchov\u00fd tlumi\u010d Porsche Macan 95B (2014 \u2013 2025). Jedn\u00e1 se o origin\u00e1ln\u00ed tlumi\u010d od Porsche (Vibracoustic - prvov\u00fdroba). OEM: 95B616039, 95B616039B, 95B616039D, 95B616039T, 95B616039R, 95B616039G, 95B616039E, 95B616039C, 95B616039A, 45-249907","og_url":"https:\/\/vzduchovetlmice.sk\/cs\/produkty\/predni-vzduchovy-tlumic-porsche-macan-95b-original-porsche\/","og_site_name":"VzduchoveTlmice.sk","article_modified_time":"2025-10-20T12:25:34+00:00","og_image":[{"width":1000,"height":1000,"url":"https:\/\/vzduchovetlmice.sk\/wp-content\/uploads\/2025\/10\/Predny-vzduchovy-tlmic-Porsche-Macan-95B-\u2013-Original-Porsche-95B616039-95B616039B-95B616039D-95B616039T-95B616039R.jpg","type":"image\/jpeg"}],"twitter_card":"summary_large_image","twitter_misc":{"Odhadovan\u00e1 doba \u010dten\u00ed":"1 minuta"},"schema":{"@context":"https:\/\/schema.org","@graph":[{"@type":"WebPage","@id":"https:\/\/vzduchovetlmice.sk\/cs\/produkty\/predni-vzduchovy-tlumic-porsche-macan-95b-original-porsche\/","url":"https:\/\/vzduchovetlmice.sk\/cs\/produkty\/predni-vzduchovy-tlumic-porsche-macan-95b-original-porsche\/","name":"P\u0159edn\u00ed vzduchov\u00fd tlumi\u010d Porsche Macan 95B \u2013 Origin\u00e1l Porsche","isPartOf":{"@id":"https:\/\/vzduchovetlmice.sk\/#website"},"primaryImageOfPage":{"@id":"https:\/\/vzduchovetlmice.sk\/cs\/produkty\/predni-vzduchovy-tlumic-porsche-macan-95b-original-porsche\/#primaryimage"},"image":{"@id":"https:\/\/vzduchovetlmice.sk\/cs\/produkty\/predni-vzduchovy-tlumic-porsche-macan-95b-original-porsche\/#primaryimage"},"thumbnailUrl":"https:\/\/vzduchovetlmice.sk\/wp-content\/uploads\/2025\/10\/Predny-vzduchovy-tlmic-Porsche-Macan-95B-\u2013-Original-Porsche-95B616039-95B616039B-95B616039D-95B616039T-95B616039R.jpg","datePublished":"2025-10-18T09:59:34+00:00","dateModified":"2025-10-20T12:25:34+00:00","description":"Nov\u00fd p\u0159edn\u00ed vzduchov\u00fd tlumi\u010d Porsche Macan 95B (2014 \u2013 2025). Jedn\u00e1 se o origin\u00e1ln\u00ed tlumi\u010d od Porsche (Vibracoustic - prvov\u00fdroba). OEM: 95B616039, 95B616039B, 95B616039D, 95B616039T, 95B616039R, 95B616039G, 95B616039E, 95B616039C, 95B616039A, 45-249907","breadcrumb":{"@id":"https:\/\/vzduchovetlmice.sk\/cs\/produkty\/predni-vzduchovy-tlumic-porsche-macan-95b-original-porsche\/#breadcrumb"},"inLanguage":"cs","potentialAction":[{"@type":"ReadAction","target":["https:\/\/vzduchovetlmice.sk\/cs\/produkty\/predni-vzduchovy-tlumic-porsche-macan-95b-original-porsche\/"]}]},{"@type":"ImageObject","inLanguage":"cs","@id":"https:\/\/vzduchovetlmice.sk\/cs\/produkty\/predni-vzduchovy-tlumic-porsche-macan-95b-original-porsche\/#primaryimage","url":"https:\/\/vzduchovetlmice.sk\/wp-content\/uploads\/2025\/10\/Predny-vzduchovy-tlmic-Porsche-Macan-95B-\u2013-Original-Porsche-95B616039-95B616039B-95B616039D-95B616039T-95B616039R.jpg","contentUrl":"https:\/\/vzduchovetlmice.sk\/wp-content\/uploads\/2025\/10\/Predny-vzduchovy-tlmic-Porsche-Macan-95B-\u2013-Original-Porsche-95B616039-95B616039B-95B616039D-95B616039T-95B616039R.jpg","width":1000,"height":1000,"caption":"P\u0159edn\u00ed vzduchov\u00fd tlumi\u010d Porsche Macan 95B \u2013 Origin\u00e1l Porsche, 95B616039, 95B616039B, 95B616039D, 95B616039T, 95B616039R"},{"@type":"BreadcrumbList","@id":"https:\/\/vzduchovetlmice.sk\/cs\/produkty\/predni-vzduchovy-tlumic-porsche-macan-95b-original-porsche\/#breadcrumb","itemListElement":[{"@type":"ListItem","position":1,"name":"Domovsk\u00e1 str\u00e1nka","item":"https:\/\/vzduchovetlmice.sk\/"},{"@type":"ListItem","position":2,"name":"Obchod","item":"https:\/\/vzduchovetlmice.sk\/obchod\/"},{"@type":"ListItem","position":3,"name":"P\u0159edn\u00ed vzduchov\u00fd tlumi\u010d Porsche Macan 95B \u2013 Origin\u00e1l Porsche"}]},{"@type":"WebSite","@id":"https:\/\/vzduchovetlmice.sk\/#website","url":"https:\/\/vzduchovetlmice.sk\/","name":"VzduchoveTlmice.sk","description":"predaj dielov pre vzduchov\u00fd podvozok","potentialAction":[{"@type":"SearchAction","target":{"@type":"EntryPoint","urlTemplate":"https:\/\/vzduchovetlmice.sk\/?s={search_term_string}"},"query-input":{"@type":"PropertyValueSpecification","valueRequired":true,"valueName":"search_term_string"}}],"inLanguage":"cs"}]}},"_links":{"self":[{"href":"https:\/\/vzduchovetlmice.sk\/cs\/wp-json\/wp\/v2\/product\/102140","targetHints":{"allow":["GET"]}}],"collection":[{"href":"https:\/\/vzduchovetlmice.sk\/cs\/wp-json\/wp\/v2\/product"}],"about":[{"href":"https:\/\/vzduchovetlmice.sk\/cs\/wp-json\/wp\/v2\/types\/product"}],"wp:featuredmedia":[{"embeddable":true,"href":"https:\/\/vzduchovetlmice.sk\/cs\/wp-json\/wp\/v2\/media\/102142"}],"wp:attachment":[{"href":"https:\/\/vzduchovetlmice.sk\/cs\/wp-json\/wp\/v2\/media?parent=102140"}],"wp:term":[{"taxonomy":"product_brand","embeddable":true,"href":"https:\/\/vzduchovetlmice.sk\/cs\/wp-json\/wp\/v2\/product_brand?post=102140"},{"taxonomy":"product_cat","embeddable":true,"href":"https:\/\/vzduchovetlmice.sk\/cs\/wp-json\/wp\/v2\/product_cat?post=102140"},{"taxonomy":"product_tag","embeddable":true,"href":"https:\/\/vzduchovetlmice.sk\/cs\/wp-json\/wp\/v2\/product_tag?post=102140"}],"curies":[{"name":"wp","href":"https:\/\/api.w.org\/{rel}","templated":true}]}}