{"id":102787,"date":"2025-11-21T14:42:35","date_gmt":"2025-11-21T14:42:35","guid":{"rendered":"https:\/\/vzduchovetlmice.sk\/?post_type=product&#038;p=102787"},"modified":"2026-02-06T11:25:53","modified_gmt":"2026-02-06T11:25:53","slug":"voss-konektor-4mm","status":"publish","type":"product","link":"https:\/\/vzduchovetlmice.sk\/cs\/produkty\/voss-konektor-4mm\/","title":{"rendered":"Voss konektor 4mm"},"content":{"rendered":"<h3><strong>Dal\u0161\u00ed informace:<\/strong><\/h3>\n<p>Nov\u00fd origin\u00e1ln\u00ed spojovac\u00ed kus pro potrub\u00ed vzduchov\u00fdch odpru\u017een\u00ed, vzduchov\u00fdch kompresor\u016f podvozku, tlumi\u010d\u016f, zav\u011b\u0161en\u00ed kol, vzduchov\u00fdch m\u011bchu, tlakov\u00e9 n\u00e1doby, p\u0159etlakov\u00fdch pojistn\u00fdch ventil\u016f a ventilov\u00fdch jednotek (ventilov\u00fdch blok\u016f).<\/p>\n<p>Ventil Voss je vhodn\u00fd pro potrub\u00ed o pr\u016fm\u011bru 4 mm.<\/p>\n<h4><strong>Origin\u00e1ln\u00ed v\u00fdrobn\u00ed \u010d\u00edsla (OEM): <\/strong><\/h4>\n<p>4B0616751, VS4B0616751, K2261, 4B0 616 751<\/p>\n","protected":false},"excerpt":{"rendered":"<p><strong>Zna\u010dka: <\/strong>Vhodn\u00fd pro v\u0161echny zna\u010dky automobil\u016f<\/p>\n<p><strong>Model:<\/strong> Vhodn\u00fd pro v\u0161echny modely<\/p>\n<p><strong>V\u00fdrobce: <\/strong>VOSS &#8211; prvov\u00fdroba (Made in Germany)<\/p>\n<p><strong>Stav:\u00a0<\/strong>Nov\u00e9<\/p>\n<p><strong>Z\u00e1ruka:\u00a0<\/strong>2 roky<\/p>\n<p><strong>Dostupnost:<\/strong>\u00a0<span style=\"color: #00ff00;\"><strong>Skladem<\/strong><\/span><\/p>\n","protected":false},"featured_media":103150,"template":"","meta":{"_et_pb_use_builder":"","_et_pb_old_content":"","_et_gb_content_width":""},"product_brand":[616],"product_cat":[541],"product_tag":[],"class_list":{"0":"post-102787","1":"product","2":"type-product","3":"status-publish","4":"has-post-thumbnail","6":"product_brand-univerzalne-diely","7":"product_cat-univerzalni-dily","9":"first","10":"instock","11":"shipping-taxable","12":"purchasable","13":"product-type-simple"},"yoast_head":"<!-- This site is optimized with the Yoast SEO Premium plugin v24.9 (Yoast SEO v27.1.1) - https:\/\/yoast.com\/product\/yoast-seo-premium-wordpress\/ -->\n<title>Voss konektor 4mm<\/title>\n<meta name=\"description\" content=\"Nov\u00fd origin\u00e1ln\u00ed spojovac\u00ed kus pro potrub\u00ed vzduchov\u00fdch odpru\u017een\u00ed, vzduchov\u00fdch kompresor\u016f podvozku, tlumi\u010d\u016f, zav\u011b\u0161en\u00ed kol, vzduchov\u00fdch m\u011bchu, tlakov\u00e9 n\u00e1doby, p\u0159etlakov\u00fdch pojistn\u00fdch ventil\u016f a ventilov\u00fdch jednotek (ventilov\u00fdch blok\u016f). Ventil Voss je vhodn\u00fd pro potrub\u00ed o pr\u016fm\u011bru 4 mm. Origin\u00e1ln\u00ed v\u00fdrobn\u00ed \u010d\u00edsla (OEM): 4B0616751, VS4B0616751, K2261, 4B0 616 751\" \/>\n<meta name=\"robots\" content=\"index, follow, max-snippet:-1, max-image-preview:large, max-video-preview:-1\" \/>\n<link rel=\"canonical\" href=\"https:\/\/vzduchovetlmice.sk\/cs\/produkty\/voss-konektor-4mm\/\" \/>\n<meta property=\"og:locale\" content=\"cs_CZ\" \/>\n<meta property=\"og:type\" content=\"article\" \/>\n<meta property=\"og:title\" content=\"Voss konektor 4mm\" \/>\n<meta property=\"og:description\" content=\"Nov\u00fd origin\u00e1ln\u00ed spojovac\u00ed kus pro potrub\u00ed vzduchov\u00fdch odpru\u017een\u00ed, vzduchov\u00fdch kompresor\u016f podvozku, tlumi\u010d\u016f, zav\u011b\u0161en\u00ed kol, vzduchov\u00fdch m\u011bchu, tlakov\u00e9 n\u00e1doby, p\u0159etlakov\u00fdch pojistn\u00fdch ventil\u016f a ventilov\u00fdch jednotek (ventilov\u00fdch blok\u016f). Ventil Voss je vhodn\u00fd pro potrub\u00ed o pr\u016fm\u011bru 4 mm. Origin\u00e1ln\u00ed v\u00fdrobn\u00ed \u010d\u00edsla (OEM): 4B0616751, VS4B0616751, K2261, 4B0 616 751\" \/>\n<meta property=\"og:url\" content=\"https:\/\/vzduchovetlmice.sk\/cs\/produkty\/voss-konektor-4mm\/\" \/>\n<meta property=\"og:site_name\" content=\"VzduchoveTlmice.sk\" \/>\n<meta property=\"article:modified_time\" content=\"2026-02-06T11:25:53+00:00\" \/>\n<meta property=\"og:image\" content=\"https:\/\/vzduchovetlmice.sk\/wp-content\/uploads\/2025\/11\/voss-konektor-4mm.jpg\" \/>\n\t<meta property=\"og:image:width\" content=\"1000\" \/>\n\t<meta property=\"og:image:height\" content=\"1000\" \/>\n\t<meta property=\"og:image:type\" content=\"image\/jpeg\" \/>\n<meta name=\"twitter:card\" content=\"summary_large_image\" \/>\n<meta name=\"twitter:label1\" content=\"Odhadovan\u00e1 doba \u010dten\u00ed\" \/>\n\t<meta name=\"twitter:data1\" content=\"1 minuta\" \/>\n<script type=\"application\/ld+json\" class=\"yoast-schema-graph\">{\"@context\":\"https:\/\/schema.org\",\"@graph\":[{\"@type\":\"WebPage\",\"@id\":\"https:\/\/vzduchovetlmice.sk\/cs\/produkty\/voss-konektor-4mm\/\",\"url\":\"https:\/\/vzduchovetlmice.sk\/cs\/produkty\/voss-konektor-4mm\/\",\"name\":\"Voss konektor 4mm\",\"isPartOf\":{\"@id\":\"https:\/\/vzduchovetlmice.sk\/#website\"},\"primaryImageOfPage\":{\"@id\":\"https:\/\/vzduchovetlmice.sk\/cs\/produkty\/voss-konektor-4mm\/#primaryimage\"},\"image\":{\"@id\":\"https:\/\/vzduchovetlmice.sk\/cs\/produkty\/voss-konektor-4mm\/#primaryimage\"},\"thumbnailUrl\":\"https:\/\/vzduchovetlmice.sk\/wp-content\/uploads\/2025\/11\/voss-konektor-4mm-4B0616751-VS4B0616751-K2261-4B0-616-751.jpg\",\"datePublished\":\"2025-11-21T14:42:35+00:00\",\"dateModified\":\"2026-02-06T11:25:53+00:00\",\"description\":\"Nov\u00fd origin\u00e1ln\u00ed spojovac\u00ed kus pro potrub\u00ed vzduchov\u00fdch odpru\u017een\u00ed, vzduchov\u00fdch kompresor\u016f podvozku, tlumi\u010d\u016f, zav\u011b\u0161en\u00ed kol, vzduchov\u00fdch m\u011bchu, tlakov\u00e9 n\u00e1doby, p\u0159etlakov\u00fdch pojistn\u00fdch ventil\u016f a ventilov\u00fdch jednotek (ventilov\u00fdch blok\u016f). Ventil Voss je vhodn\u00fd pro potrub\u00ed o pr\u016fm\u011bru 4 mm. Origin\u00e1ln\u00ed v\u00fdrobn\u00ed \u010d\u00edsla (OEM): 4B0616751, VS4B0616751, K2261, 4B0 616 751\",\"breadcrumb\":{\"@id\":\"https:\/\/vzduchovetlmice.sk\/cs\/produkty\/voss-konektor-4mm\/#breadcrumb\"},\"inLanguage\":\"cs\",\"potentialAction\":[{\"@type\":\"ReadAction\",\"target\":[\"https:\/\/vzduchovetlmice.sk\/cs\/produkty\/voss-konektor-4mm\/\"]}]},{\"@type\":\"ImageObject\",\"inLanguage\":\"cs\",\"@id\":\"https:\/\/vzduchovetlmice.sk\/cs\/produkty\/voss-konektor-4mm\/#primaryimage\",\"url\":\"https:\/\/vzduchovetlmice.sk\/wp-content\/uploads\/2025\/11\/voss-konektor-4mm-4B0616751-VS4B0616751-K2261-4B0-616-751.jpg\",\"contentUrl\":\"https:\/\/vzduchovetlmice.sk\/wp-content\/uploads\/2025\/11\/voss-konektor-4mm-4B0616751-VS4B0616751-K2261-4B0-616-751.jpg\",\"width\":1000,\"height\":1000,\"caption\":\"voss konektor 4mm, 4B0616751, VS4B0616751, K2261, 4B0 616 751\"},{\"@type\":\"BreadcrumbList\",\"@id\":\"https:\/\/vzduchovetlmice.sk\/cs\/produkty\/voss-konektor-4mm\/#breadcrumb\",\"itemListElement\":[{\"@type\":\"ListItem\",\"position\":1,\"name\":\"Domovsk\u00e1 str\u00e1nka\",\"item\":\"https:\/\/vzduchovetlmice.sk\/\"},{\"@type\":\"ListItem\",\"position\":2,\"name\":\"Obchod\",\"item\":\"https:\/\/vzduchovetlmice.sk\/obchod\/\"},{\"@type\":\"ListItem\",\"position\":3,\"name\":\"Voss konektor 4mm\"}]},{\"@type\":\"WebSite\",\"@id\":\"https:\/\/vzduchovetlmice.sk\/#website\",\"url\":\"https:\/\/vzduchovetlmice.sk\/\",\"name\":\"VzduchoveTlmice.sk\",\"description\":\"predaj dielov pre vzduchov\u00fd podvozok\",\"potentialAction\":[{\"@type\":\"SearchAction\",\"target\":{\"@type\":\"EntryPoint\",\"urlTemplate\":\"https:\/\/vzduchovetlmice.sk\/?s={search_term_string}\"},\"query-input\":{\"@type\":\"PropertyValueSpecification\",\"valueRequired\":true,\"valueName\":\"search_term_string\"}}],\"inLanguage\":\"cs\"}]}<\/script>\n<!-- \/ Yoast SEO Premium plugin. -->","yoast_head_json":{"title":"Voss konektor 4mm","description":"Nov\u00fd origin\u00e1ln\u00ed spojovac\u00ed kus pro potrub\u00ed vzduchov\u00fdch odpru\u017een\u00ed, vzduchov\u00fdch kompresor\u016f podvozku, tlumi\u010d\u016f, zav\u011b\u0161en\u00ed kol, vzduchov\u00fdch m\u011bchu, tlakov\u00e9 n\u00e1doby, p\u0159etlakov\u00fdch pojistn\u00fdch ventil\u016f a ventilov\u00fdch jednotek (ventilov\u00fdch blok\u016f). Ventil Voss je vhodn\u00fd pro potrub\u00ed o pr\u016fm\u011bru 4 mm. Origin\u00e1ln\u00ed v\u00fdrobn\u00ed \u010d\u00edsla (OEM): 4B0616751, VS4B0616751, K2261, 4B0 616 751","robots":{"index":"index","follow":"follow","max-snippet":"max-snippet:-1","max-image-preview":"max-image-preview:large","max-video-preview":"max-video-preview:-1"},"canonical":"https:\/\/vzduchovetlmice.sk\/cs\/produkty\/voss-konektor-4mm\/","og_locale":"cs_CZ","og_type":"article","og_title":"Voss konektor 4mm","og_description":"Nov\u00fd origin\u00e1ln\u00ed spojovac\u00ed kus pro potrub\u00ed vzduchov\u00fdch odpru\u017een\u00ed, vzduchov\u00fdch kompresor\u016f podvozku, tlumi\u010d\u016f, zav\u011b\u0161en\u00ed kol, vzduchov\u00fdch m\u011bchu, tlakov\u00e9 n\u00e1doby, p\u0159etlakov\u00fdch pojistn\u00fdch ventil\u016f a ventilov\u00fdch jednotek (ventilov\u00fdch blok\u016f). Ventil Voss je vhodn\u00fd pro potrub\u00ed o pr\u016fm\u011bru 4 mm. Origin\u00e1ln\u00ed v\u00fdrobn\u00ed \u010d\u00edsla (OEM): 4B0616751, VS4B0616751, K2261, 4B0 616 751","og_url":"https:\/\/vzduchovetlmice.sk\/cs\/produkty\/voss-konektor-4mm\/","og_site_name":"VzduchoveTlmice.sk","article_modified_time":"2026-02-06T11:25:53+00:00","og_image":[{"width":1000,"height":1000,"url":"https:\/\/vzduchovetlmice.sk\/wp-content\/uploads\/2025\/11\/voss-konektor-4mm.jpg","type":"image\/jpeg"}],"twitter_card":"summary_large_image","twitter_misc":{"Odhadovan\u00e1 doba \u010dten\u00ed":"1 minuta"},"schema":{"@context":"https:\/\/schema.org","@graph":[{"@type":"WebPage","@id":"https:\/\/vzduchovetlmice.sk\/cs\/produkty\/voss-konektor-4mm\/","url":"https:\/\/vzduchovetlmice.sk\/cs\/produkty\/voss-konektor-4mm\/","name":"Voss konektor 4mm","isPartOf":{"@id":"https:\/\/vzduchovetlmice.sk\/#website"},"primaryImageOfPage":{"@id":"https:\/\/vzduchovetlmice.sk\/cs\/produkty\/voss-konektor-4mm\/#primaryimage"},"image":{"@id":"https:\/\/vzduchovetlmice.sk\/cs\/produkty\/voss-konektor-4mm\/#primaryimage"},"thumbnailUrl":"https:\/\/vzduchovetlmice.sk\/wp-content\/uploads\/2025\/11\/voss-konektor-4mm-4B0616751-VS4B0616751-K2261-4B0-616-751.jpg","datePublished":"2025-11-21T14:42:35+00:00","dateModified":"2026-02-06T11:25:53+00:00","description":"Nov\u00fd origin\u00e1ln\u00ed spojovac\u00ed kus pro potrub\u00ed vzduchov\u00fdch odpru\u017een\u00ed, vzduchov\u00fdch kompresor\u016f podvozku, tlumi\u010d\u016f, zav\u011b\u0161en\u00ed kol, vzduchov\u00fdch m\u011bchu, tlakov\u00e9 n\u00e1doby, p\u0159etlakov\u00fdch pojistn\u00fdch ventil\u016f a ventilov\u00fdch jednotek (ventilov\u00fdch blok\u016f). Ventil Voss je vhodn\u00fd pro potrub\u00ed o pr\u016fm\u011bru 4 mm. Origin\u00e1ln\u00ed v\u00fdrobn\u00ed \u010d\u00edsla (OEM): 4B0616751, VS4B0616751, K2261, 4B0 616 751","breadcrumb":{"@id":"https:\/\/vzduchovetlmice.sk\/cs\/produkty\/voss-konektor-4mm\/#breadcrumb"},"inLanguage":"cs","potentialAction":[{"@type":"ReadAction","target":["https:\/\/vzduchovetlmice.sk\/cs\/produkty\/voss-konektor-4mm\/"]}]},{"@type":"ImageObject","inLanguage":"cs","@id":"https:\/\/vzduchovetlmice.sk\/cs\/produkty\/voss-konektor-4mm\/#primaryimage","url":"https:\/\/vzduchovetlmice.sk\/wp-content\/uploads\/2025\/11\/voss-konektor-4mm-4B0616751-VS4B0616751-K2261-4B0-616-751.jpg","contentUrl":"https:\/\/vzduchovetlmice.sk\/wp-content\/uploads\/2025\/11\/voss-konektor-4mm-4B0616751-VS4B0616751-K2261-4B0-616-751.jpg","width":1000,"height":1000,"caption":"voss konektor 4mm, 4B0616751, VS4B0616751, K2261, 4B0 616 751"},{"@type":"BreadcrumbList","@id":"https:\/\/vzduchovetlmice.sk\/cs\/produkty\/voss-konektor-4mm\/#breadcrumb","itemListElement":[{"@type":"ListItem","position":1,"name":"Domovsk\u00e1 str\u00e1nka","item":"https:\/\/vzduchovetlmice.sk\/"},{"@type":"ListItem","position":2,"name":"Obchod","item":"https:\/\/vzduchovetlmice.sk\/obchod\/"},{"@type":"ListItem","position":3,"name":"Voss konektor 4mm"}]},{"@type":"WebSite","@id":"https:\/\/vzduchovetlmice.sk\/#website","url":"https:\/\/vzduchovetlmice.sk\/","name":"VzduchoveTlmice.sk","description":"predaj dielov pre vzduchov\u00fd podvozok","potentialAction":[{"@type":"SearchAction","target":{"@type":"EntryPoint","urlTemplate":"https:\/\/vzduchovetlmice.sk\/?s={search_term_string}"},"query-input":{"@type":"PropertyValueSpecification","valueRequired":true,"valueName":"search_term_string"}}],"inLanguage":"cs"}]}},"_links":{"self":[{"href":"https:\/\/vzduchovetlmice.sk\/cs\/wp-json\/wp\/v2\/product\/102787","targetHints":{"allow":["GET"]}}],"collection":[{"href":"https:\/\/vzduchovetlmice.sk\/cs\/wp-json\/wp\/v2\/product"}],"about":[{"href":"https:\/\/vzduchovetlmice.sk\/cs\/wp-json\/wp\/v2\/types\/product"}],"wp:featuredmedia":[{"embeddable":true,"href":"https:\/\/vzduchovetlmice.sk\/cs\/wp-json\/wp\/v2\/media\/103150"}],"wp:attachment":[{"href":"https:\/\/vzduchovetlmice.sk\/cs\/wp-json\/wp\/v2\/media?parent=102787"}],"wp:term":[{"taxonomy":"product_brand","embeddable":true,"href":"https:\/\/vzduchovetlmice.sk\/cs\/wp-json\/wp\/v2\/product_brand?post=102787"},{"taxonomy":"product_cat","embeddable":true,"href":"https:\/\/vzduchovetlmice.sk\/cs\/wp-json\/wp\/v2\/product_cat?post=102787"},{"taxonomy":"product_tag","embeddable":true,"href":"https:\/\/vzduchovetlmice.sk\/cs\/wp-json\/wp\/v2\/product_tag?post=102787"}],"curies":[{"name":"wp","href":"https:\/\/api.w.org\/{rel}","templated":true}]}}