{"id":102879,"date":"2025-11-27T20:35:46","date_gmt":"2025-11-27T20:35:46","guid":{"rendered":"https:\/\/vzduchovetlmice.sk\/?post_type=product&#038;p=102879"},"modified":"2026-03-16T12:00:52","modified_gmt":"2026-03-16T12:00:52","slug":"vzduchovy-kompresor-podvozku-audi-a8-d3-4e-benzin","status":"publish","type":"product","link":"https:\/\/vzduchovetlmice.sk\/cs\/produkty\/vzduchovy-kompresor-podvozku-audi-a8-d3-4e-benzin\/","title":{"rendered":"Vzduchov\u00fd kompresor podvozku Audi A8 D3 4E &#8211; Benz\u00edn"},"content":{"rendered":"<h3><strong>Dal\u0161\u00ed informace:<\/strong><\/h3>\n<p>Nov\u00fd vzduchov\u00fd kompresor podvozku Audi A8 D3 4E (2002 \u2013 2010). Pneumatick\u00fd kompresor je ur\u010den pro modely s benzinov\u00fdm motorem (6 a 8 v\u00e1lec).<\/p>\n<p>Vhodn\u00fd tak\u00e9 pro verzi Audi A8 S8 D3 4E.<\/p>\n<ul>\n<li>v\u010detn\u011b vzduchov\u00e9ho filtru,<\/li>\n<li>v\u010detn\u011b teplotn\u00edho \u010didla<\/li>\n<\/ul>\n<h4><strong>Origin\u00e1ln\u00ed v\u00fdrobn\u00ed \u010d\u00edsla (OEM): <\/strong><\/h4>\n<p>4E0616007D, 4E0616007, 4E0616005H, 4E0616005F, 4E0616005D, 4E0616007B, 4E0 616 007 D, 4E0 616 007, 4E0 616 005 H, 4E0 616 005 F, 4E0 616 005 D, 4E0 616 007 B, 415.403.116.0, 415.403.308.0, 4154031160, 4154033080<\/p>\n","protected":false},"excerpt":{"rendered":"<p><strong>Zna\u010dka: <\/strong>Audi<\/p>\n<p><strong>Model:<\/strong> Audi A8 D3 4E (2002 \u2013 2010), Audi A8 S8 D3 4E (2002 \u2013 2010), 6-8 valec<\/p>\n<p><strong>V\u00fdrobce: <\/strong>OEM<\/p>\n<p><strong>Stav: <\/strong>Nov\u00e9<\/p>\n<p><strong>Z\u00e1ruka: <\/strong>2 roky<\/p>\n<p><strong>Dostupnost:<\/strong> <span style=\"color: #00ff00;\"><strong>Dostupn\u00e9 na objedn\u00e1vku<\/strong><\/span><\/p>\n","protected":false},"featured_media":0,"template":"","meta":{"_et_pb_use_builder":"","_et_pb_old_content":"","_et_gb_content_width":""},"product_brand":[46],"product_cat":[510,330],"product_tag":[],"class_list":{"0":"post-102879","1":"product","2":"type-product","3":"status-publish","5":"product_brand-audi","6":"product_cat-a8-d3-4e-2002-2010-cs","7":"product_cat-audi-cs","9":"first","10":"onbackorder","11":"shipping-taxable","12":"purchasable","13":"product-type-simple"},"yoast_head":"<!-- This site is optimized with the Yoast SEO Premium plugin v24.9 (Yoast SEO v27.1.1) - https:\/\/yoast.com\/product\/yoast-seo-premium-wordpress\/ -->\n<title>Vzduchov\u00fd kompresor podvozku Audi A8 D3 4E - Benz\u00edn<\/title>\n<meta name=\"description\" content=\"Nov\u00fd vzduchov\u00fd kompresor podvozku Audi A8 D3 4E (2002 \u2013 2010). Pneumatick\u00fd kompresor je ur\u010den pro modely s benzinov\u00fdm motorem (6 a 8 v\u00e1lec). Vhodn\u00fd tak\u00e9 pro verzi Audi A8 S8 D3 4E. V\u010detn\u011b vzduchov\u00e9ho filtru, v\u010detn\u011b teplotn\u00edho \u010didla OEM: 4E0616007D, 4E0616007, 4E0616005H, 4E0616005F, 4E0616005D, 4E0616007B, 4E0 616 007 D, 4E0 616 007, 4E0 616 005 H, 4E0 616 005 F, 4E0 616 005 D, 4E0 616 007 B, 415.403.116.0, 415.403.308.0, 4154031160, 4154033080\" \/>\n<meta name=\"robots\" content=\"index, follow, max-snippet:-1, max-image-preview:large, max-video-preview:-1\" \/>\n<link rel=\"canonical\" href=\"https:\/\/vzduchovetlmice.sk\/cs\/produkty\/vzduchovy-kompresor-podvozku-audi-a8-d3-4e-benzin\/\" \/>\n<meta property=\"og:locale\" content=\"cs_CZ\" \/>\n<meta property=\"og:type\" content=\"article\" \/>\n<meta property=\"og:title\" content=\"Vzduchov\u00fd kompresor podvozku Audi A8 D3 4E - Benz\u00edn\" \/>\n<meta property=\"og:description\" content=\"Nov\u00fd vzduchov\u00fd kompresor podvozku Audi A8 D3 4E (2002 \u2013 2010). Pneumatick\u00fd kompresor je ur\u010den pro modely s benzinov\u00fdm motorem (6 a 8 v\u00e1lec). Vhodn\u00fd tak\u00e9 pro verzi Audi A8 S8 D3 4E. V\u010detn\u011b vzduchov\u00e9ho filtru, v\u010detn\u011b teplotn\u00edho \u010didla OEM: 4E0616007D, 4E0616007, 4E0616005H, 4E0616005F, 4E0616005D, 4E0616007B, 4E0 616 007 D, 4E0 616 007, 4E0 616 005 H, 4E0 616 005 F, 4E0 616 005 D, 4E0 616 007 B, 415.403.116.0, 415.403.308.0, 4154031160, 4154033080\" \/>\n<meta property=\"og:url\" content=\"https:\/\/vzduchovetlmice.sk\/cs\/produkty\/vzduchovy-kompresor-podvozku-audi-a8-d3-4e-benzin\/\" \/>\n<meta property=\"og:site_name\" content=\"VzduchoveTlmice.sk\" \/>\n<meta property=\"article:modified_time\" content=\"2026-03-16T12:00:52+00:00\" \/>\n<meta name=\"twitter:card\" content=\"summary_large_image\" \/>\n<meta name=\"twitter:label1\" content=\"Odhadovan\u00e1 doba \u010dten\u00ed\" \/>\n\t<meta name=\"twitter:data1\" content=\"1 minuta\" \/>\n<script type=\"application\/ld+json\" class=\"yoast-schema-graph\">{\"@context\":\"https:\/\/schema.org\",\"@graph\":[{\"@type\":\"WebPage\",\"@id\":\"https:\/\/vzduchovetlmice.sk\/cs\/produkty\/vzduchovy-kompresor-podvozku-audi-a8-d3-4e-benzin\/\",\"url\":\"https:\/\/vzduchovetlmice.sk\/cs\/produkty\/vzduchovy-kompresor-podvozku-audi-a8-d3-4e-benzin\/\",\"name\":\"Vzduchov\u00fd kompresor podvozku Audi A8 D3 4E - Benz\u00edn\",\"isPartOf\":{\"@id\":\"https:\/\/vzduchovetlmice.sk\/#website\"},\"datePublished\":\"2025-11-27T20:35:46+00:00\",\"dateModified\":\"2026-03-16T12:00:52+00:00\",\"description\":\"Nov\u00fd vzduchov\u00fd kompresor podvozku Audi A8 D3 4E (2002 \u2013 2010). Pneumatick\u00fd kompresor je ur\u010den pro modely s benzinov\u00fdm motorem (6 a 8 v\u00e1lec). Vhodn\u00fd tak\u00e9 pro verzi Audi A8 S8 D3 4E. V\u010detn\u011b vzduchov\u00e9ho filtru, v\u010detn\u011b teplotn\u00edho \u010didla OEM: 4E0616007D, 4E0616007, 4E0616005H, 4E0616005F, 4E0616005D, 4E0616007B, 4E0 616 007 D, 4E0 616 007, 4E0 616 005 H, 4E0 616 005 F, 4E0 616 005 D, 4E0 616 007 B, 415.403.116.0, 415.403.308.0, 4154031160, 4154033080\",\"breadcrumb\":{\"@id\":\"https:\/\/vzduchovetlmice.sk\/cs\/produkty\/vzduchovy-kompresor-podvozku-audi-a8-d3-4e-benzin\/#breadcrumb\"},\"inLanguage\":\"cs\",\"potentialAction\":[{\"@type\":\"ReadAction\",\"target\":[\"https:\/\/vzduchovetlmice.sk\/cs\/produkty\/vzduchovy-kompresor-podvozku-audi-a8-d3-4e-benzin\/\"]}]},{\"@type\":\"BreadcrumbList\",\"@id\":\"https:\/\/vzduchovetlmice.sk\/cs\/produkty\/vzduchovy-kompresor-podvozku-audi-a8-d3-4e-benzin\/#breadcrumb\",\"itemListElement\":[{\"@type\":\"ListItem\",\"position\":1,\"name\":\"Domovsk\u00e1 str\u00e1nka\",\"item\":\"https:\/\/vzduchovetlmice.sk\/\"},{\"@type\":\"ListItem\",\"position\":2,\"name\":\"Obchod\",\"item\":\"https:\/\/vzduchovetlmice.sk\/obchod\/\"},{\"@type\":\"ListItem\",\"position\":3,\"name\":\"Vzduchov\u00fd kompresor podvozku Audi A8 D3 4E &#8211; Benz\u00edn\"}]},{\"@type\":\"WebSite\",\"@id\":\"https:\/\/vzduchovetlmice.sk\/#website\",\"url\":\"https:\/\/vzduchovetlmice.sk\/\",\"name\":\"VzduchoveTlmice.sk\",\"description\":\"predaj dielov pre vzduchov\u00fd podvozok\",\"potentialAction\":[{\"@type\":\"SearchAction\",\"target\":{\"@type\":\"EntryPoint\",\"urlTemplate\":\"https:\/\/vzduchovetlmice.sk\/?s={search_term_string}\"},\"query-input\":{\"@type\":\"PropertyValueSpecification\",\"valueRequired\":true,\"valueName\":\"search_term_string\"}}],\"inLanguage\":\"cs\"}]}<\/script>\n<!-- \/ Yoast SEO Premium plugin. -->","yoast_head_json":{"title":"Vzduchov\u00fd kompresor podvozku Audi A8 D3 4E - Benz\u00edn","description":"Nov\u00fd vzduchov\u00fd kompresor podvozku Audi A8 D3 4E (2002 \u2013 2010). Pneumatick\u00fd kompresor je ur\u010den pro modely s benzinov\u00fdm motorem (6 a 8 v\u00e1lec). Vhodn\u00fd tak\u00e9 pro verzi Audi A8 S8 D3 4E. V\u010detn\u011b vzduchov\u00e9ho filtru, v\u010detn\u011b teplotn\u00edho \u010didla OEM: 4E0616007D, 4E0616007, 4E0616005H, 4E0616005F, 4E0616005D, 4E0616007B, 4E0 616 007 D, 4E0 616 007, 4E0 616 005 H, 4E0 616 005 F, 4E0 616 005 D, 4E0 616 007 B, 415.403.116.0, 415.403.308.0, 4154031160, 4154033080","robots":{"index":"index","follow":"follow","max-snippet":"max-snippet:-1","max-image-preview":"max-image-preview:large","max-video-preview":"max-video-preview:-1"},"canonical":"https:\/\/vzduchovetlmice.sk\/cs\/produkty\/vzduchovy-kompresor-podvozku-audi-a8-d3-4e-benzin\/","og_locale":"cs_CZ","og_type":"article","og_title":"Vzduchov\u00fd kompresor podvozku Audi A8 D3 4E - Benz\u00edn","og_description":"Nov\u00fd vzduchov\u00fd kompresor podvozku Audi A8 D3 4E (2002 \u2013 2010). Pneumatick\u00fd kompresor je ur\u010den pro modely s benzinov\u00fdm motorem (6 a 8 v\u00e1lec). Vhodn\u00fd tak\u00e9 pro verzi Audi A8 S8 D3 4E. V\u010detn\u011b vzduchov\u00e9ho filtru, v\u010detn\u011b teplotn\u00edho \u010didla OEM: 4E0616007D, 4E0616007, 4E0616005H, 4E0616005F, 4E0616005D, 4E0616007B, 4E0 616 007 D, 4E0 616 007, 4E0 616 005 H, 4E0 616 005 F, 4E0 616 005 D, 4E0 616 007 B, 415.403.116.0, 415.403.308.0, 4154031160, 4154033080","og_url":"https:\/\/vzduchovetlmice.sk\/cs\/produkty\/vzduchovy-kompresor-podvozku-audi-a8-d3-4e-benzin\/","og_site_name":"VzduchoveTlmice.sk","article_modified_time":"2026-03-16T12:00:52+00:00","twitter_card":"summary_large_image","twitter_misc":{"Odhadovan\u00e1 doba \u010dten\u00ed":"1 minuta"},"schema":{"@context":"https:\/\/schema.org","@graph":[{"@type":"WebPage","@id":"https:\/\/vzduchovetlmice.sk\/cs\/produkty\/vzduchovy-kompresor-podvozku-audi-a8-d3-4e-benzin\/","url":"https:\/\/vzduchovetlmice.sk\/cs\/produkty\/vzduchovy-kompresor-podvozku-audi-a8-d3-4e-benzin\/","name":"Vzduchov\u00fd kompresor podvozku Audi A8 D3 4E - Benz\u00edn","isPartOf":{"@id":"https:\/\/vzduchovetlmice.sk\/#website"},"datePublished":"2025-11-27T20:35:46+00:00","dateModified":"2026-03-16T12:00:52+00:00","description":"Nov\u00fd vzduchov\u00fd kompresor podvozku Audi A8 D3 4E (2002 \u2013 2010). Pneumatick\u00fd kompresor je ur\u010den pro modely s benzinov\u00fdm motorem (6 a 8 v\u00e1lec). Vhodn\u00fd tak\u00e9 pro verzi Audi A8 S8 D3 4E. V\u010detn\u011b vzduchov\u00e9ho filtru, v\u010detn\u011b teplotn\u00edho \u010didla OEM: 4E0616007D, 4E0616007, 4E0616005H, 4E0616005F, 4E0616005D, 4E0616007B, 4E0 616 007 D, 4E0 616 007, 4E0 616 005 H, 4E0 616 005 F, 4E0 616 005 D, 4E0 616 007 B, 415.403.116.0, 415.403.308.0, 4154031160, 4154033080","breadcrumb":{"@id":"https:\/\/vzduchovetlmice.sk\/cs\/produkty\/vzduchovy-kompresor-podvozku-audi-a8-d3-4e-benzin\/#breadcrumb"},"inLanguage":"cs","potentialAction":[{"@type":"ReadAction","target":["https:\/\/vzduchovetlmice.sk\/cs\/produkty\/vzduchovy-kompresor-podvozku-audi-a8-d3-4e-benzin\/"]}]},{"@type":"BreadcrumbList","@id":"https:\/\/vzduchovetlmice.sk\/cs\/produkty\/vzduchovy-kompresor-podvozku-audi-a8-d3-4e-benzin\/#breadcrumb","itemListElement":[{"@type":"ListItem","position":1,"name":"Domovsk\u00e1 str\u00e1nka","item":"https:\/\/vzduchovetlmice.sk\/"},{"@type":"ListItem","position":2,"name":"Obchod","item":"https:\/\/vzduchovetlmice.sk\/obchod\/"},{"@type":"ListItem","position":3,"name":"Vzduchov\u00fd kompresor podvozku Audi A8 D3 4E &#8211; Benz\u00edn"}]},{"@type":"WebSite","@id":"https:\/\/vzduchovetlmice.sk\/#website","url":"https:\/\/vzduchovetlmice.sk\/","name":"VzduchoveTlmice.sk","description":"predaj dielov pre vzduchov\u00fd podvozok","potentialAction":[{"@type":"SearchAction","target":{"@type":"EntryPoint","urlTemplate":"https:\/\/vzduchovetlmice.sk\/?s={search_term_string}"},"query-input":{"@type":"PropertyValueSpecification","valueRequired":true,"valueName":"search_term_string"}}],"inLanguage":"cs"}]}},"_links":{"self":[{"href":"https:\/\/vzduchovetlmice.sk\/cs\/wp-json\/wp\/v2\/product\/102879","targetHints":{"allow":["GET"]}}],"collection":[{"href":"https:\/\/vzduchovetlmice.sk\/cs\/wp-json\/wp\/v2\/product"}],"about":[{"href":"https:\/\/vzduchovetlmice.sk\/cs\/wp-json\/wp\/v2\/types\/product"}],"wp:attachment":[{"href":"https:\/\/vzduchovetlmice.sk\/cs\/wp-json\/wp\/v2\/media?parent=102879"}],"wp:term":[{"taxonomy":"product_brand","embeddable":true,"href":"https:\/\/vzduchovetlmice.sk\/cs\/wp-json\/wp\/v2\/product_brand?post=102879"},{"taxonomy":"product_cat","embeddable":true,"href":"https:\/\/vzduchovetlmice.sk\/cs\/wp-json\/wp\/v2\/product_cat?post=102879"},{"taxonomy":"product_tag","embeddable":true,"href":"https:\/\/vzduchovetlmice.sk\/cs\/wp-json\/wp\/v2\/product_tag?post=102879"}],"curies":[{"name":"wp","href":"https:\/\/api.w.org\/{rel}","templated":true}]}}