{"id":102981,"date":"2026-01-11T14:08:18","date_gmt":"2026-01-11T14:08:18","guid":{"rendered":"https:\/\/vzduchovetlmice.sk\/?post_type=product&#038;p=102981"},"modified":"2026-03-07T18:40:28","modified_gmt":"2026-03-07T18:40:28","slug":"zadni-ridici-jednotka-sam-mercedes-benz-ml-class-w164","status":"publish","type":"product","link":"https:\/\/vzduchovetlmice.sk\/cs\/produkty\/zadni-ridici-jednotka-sam-mercedes-benz-ml-class-w164\/","title":{"rendered":"Zadn\u00ed \u0159\u00eddic\u00ed jednotka SAM &#8211; Mercedes Benz ML-class W164"},"content":{"rendered":"<h3><strong>Dal\u0161\u00ed informace:<\/strong><\/h3>\n<p>Nov\u00e1 zadn\u00ed \u0159\u00eddic\u00ed jednotka SAM (zadn\u00ed \u0159\u00eddic\u00ed modul SAM) pro Mercedes Benz ML-class W164 (2005\u20132011).<\/p>\n<p>Vhodn\u00fd i pro modely s ta\u017en\u00fdm za\u0159\u00edzen\u00edm!<\/p>\n<ul>\n<li>rychl\u00e1 a snadn\u00e1 mont\u00e1\u017e<\/li>\n<li>nen\u00ed nutn\u00e9 \u017e\u00e1dn\u00e9 k\u00f3dov\u00e1n\u00ed ani p\u0159eprogramov\u00e1n\u00ed (dle v\u00fdbavy auta je t\u0159eba nakonfigurovat jednotku Rear SAM aby fungovala spr\u00e1vn\u011b)<\/li>\n<li>sta\u010d\u00ed jen namontovat a m\u016f\u017eete ihned pou\u017e\u00edvat<\/li>\n<\/ul>\n<p>Nab\u00edz\u00edme <strong>ODBORNOU MONT\u00c1\u017d<\/strong> a kompletn\u00ed <strong>KONFIGURACE<\/strong> jednotky SAM pomoc\u00ed diagnostiky!<\/p>\n<h4><strong>Origin\u00e1ln\u00ed v\u00fdrobn\u00ed \u010d\u00edsla (OEM): <\/strong><\/h4>\n<p>A1649005401, A 1649005401, A 164 900 54 01, 1649005401, A1649005101, A 1649005101, A 164 900 51 01, 1649005101, A1645400801, A1645408162, 1645400801, 1645408162, A 1645400801, A 1645408162, A 164 540 08 01, A 164 540 81 62, A1644404701, A1645457616, A1649025700, A1649007200, A1644404601, A1644424000, A1645456116, A1649022500, A1649004500, A1649004801, A1649006900, A1644401501, A1644402301, A1644403201, A1644404301, A1645401801, A1645401901, A1645409562, A1645409762, A1645409862, A164900480164, A164900510164, A164900480187, A164900510187, A164900480180, A164900510180, 1644404701, 1645457616, 1649025700, 1649007200, 1644404601, 1644424000, 1645456116, 1649022500, 1649004500, 1649004801, 1649006900, 1644401501, 1644402301, 1644403201, 1644404301, 1645401801, 1645401901, 1645409562, 1645409762, 1645409862, 164900480164, 164900510164, 164900480187, 164900510187, 164900480180, 164900510180, A1645408062, A1645407845, A1645402101, 1644403501<\/p>\n","protected":false},"excerpt":{"rendered":"<p><strong>Zna\u010dka: <\/strong>Mercedes Benz<\/p>\n<p><strong>Model:<\/strong> ML -class W164 (2005 \u2013 2011)<\/p>\n<p><strong>V\u00fdrobce: <\/strong>OEM<\/p>\n<p><strong>Stav: <\/strong>Nov\u00e9<\/p>\n<p><strong>Z\u00e1ruka: <\/strong>2 roky<\/p>\n<p><strong>Dostupnost:<\/strong> <span style=\"color: #00ff00;\"><strong>Skladem<\/strong><\/span><\/p>\n","protected":false},"featured_media":103338,"template":"","meta":{"_et_pb_use_builder":"","_et_pb_old_content":"","_et_gb_content_width":""},"product_brand":[52],"product_cat":[333,574],"product_tag":[],"class_list":{"0":"post-102981","1":"product","2":"type-product","3":"status-publish","4":"has-post-thumbnail","6":"product_brand-mercedes-benz","7":"product_cat-mercedes-benz-cs","8":"product_cat-ml-w164-2005-2011-cs","10":"first","11":"instock","12":"shipping-taxable","13":"purchasable","14":"product-type-simple"},"yoast_head":"<!-- This site is optimized with the Yoast SEO Premium plugin v24.9 (Yoast SEO v27.1.1) - https:\/\/yoast.com\/product\/yoast-seo-premium-wordpress\/ -->\n<title>Zadn\u00ed \u0159\u00eddic\u00ed jednotka SAM - Mercedes Benz ML-class W164<\/title>\n<meta name=\"description\" content=\"Nov\u00e1 zadn\u00ed \u0159\u00eddic\u00ed jednotka SAM (zadn\u00ed \u0159\u00eddic\u00ed modul SAM) pro Mercedes Benz ML-class W164 (2005\u20132011). Vhodn\u00fd i pro modely s ta\u017en\u00fdm za\u0159\u00edzen\u00edm! Rychl\u00e1 a snadn\u00e1 mont\u00e1\u017e, nen\u00ed zapot\u0159eb\u00ed \u017e\u00e1dn\u00e9 k\u00f3dov\u00e1n\u00ed ani p\u0159eprogramov\u00e1n\u00ed, sta\u010d\u00ed jen namontovat a m\u016f\u017eete ihned pou\u017e\u00edvat. OEM: A1649005401, A 1649005401, A 164 900 54 01, 1649005401, A1649005101, A 1649005101, A 164 900 51 01, 1649005101, A1645400801, A1645408162, 1645400801, 1645408162, A 1645400801, A 1645408162, A 164 540 08 01, A 164 540 81 62, A1644404701, A1645457616, A1649025700, A1649007200, A1644404601, A1644424000, A1645456116, A1649022500, A1649004500, A1649004801, A1649006900, A1644401501, A1644402301, A1644403201, A1644404301, A1645401801, A1645401901, A1645409562, A1645409762, A1645409862, A164900480164, A164900510164, A164900480187, A164900510187, A164900480180, A164900510180, 1644404701, 1645457616, 1649025700, 1649007200, 1644404601, 1644424000, 1645456116, 1649022500, 1649004500, 1649004801, 1649006900, 1644401501, 1644402301, 1644403201, 1644404301, 1645401801, 1645401901, 1645409562, 1645409762, 1645409862, 164900480164, 164900510164, 164900480187, 164900510187, 164900480180, 164900510180, A1645408062, A1645407845, A1645402101, 1644403501\" \/>\n<meta name=\"robots\" content=\"index, follow, max-snippet:-1, max-image-preview:large, max-video-preview:-1\" \/>\n<link rel=\"canonical\" href=\"https:\/\/vzduchovetlmice.sk\/cs\/produkty\/zadni-ridici-jednotka-sam-mercedes-benz-ml-class-w164\/\" \/>\n<meta property=\"og:locale\" content=\"cs_CZ\" \/>\n<meta property=\"og:type\" content=\"article\" \/>\n<meta property=\"og:title\" content=\"Zadn\u00ed \u0159\u00eddic\u00ed jednotka SAM - Mercedes Benz ML-class W164\" \/>\n<meta property=\"og:description\" content=\"Nov\u00e1 zadn\u00ed \u0159\u00eddic\u00ed jednotka SAM (zadn\u00ed \u0159\u00eddic\u00ed modul SAM) pro Mercedes Benz ML-class W164 (2005\u20132011). Vhodn\u00fd i pro modely s ta\u017en\u00fdm za\u0159\u00edzen\u00edm! Rychl\u00e1 a snadn\u00e1 mont\u00e1\u017e, nen\u00ed zapot\u0159eb\u00ed \u017e\u00e1dn\u00e9 k\u00f3dov\u00e1n\u00ed ani p\u0159eprogramov\u00e1n\u00ed, sta\u010d\u00ed jen namontovat a m\u016f\u017eete ihned pou\u017e\u00edvat. OEM: A1649005401, A 1649005401, A 164 900 54 01, 1649005401, A1649005101, A 1649005101, A 164 900 51 01, 1649005101, A1645400801, A1645408162, 1645400801, 1645408162, A 1645400801, A 1645408162, A 164 540 08 01, A 164 540 81 62, A1644404701, A1645457616, A1649025700, A1649007200, A1644404601, A1644424000, A1645456116, A1649022500, A1649004500, A1649004801, A1649006900, A1644401501, A1644402301, A1644403201, A1644404301, A1645401801, A1645401901, A1645409562, A1645409762, A1645409862, A164900480164, A164900510164, A164900480187, A164900510187, A164900480180, A164900510180, 1644404701, 1645457616, 1649025700, 1649007200, 1644404601, 1644424000, 1645456116, 1649022500, 1649004500, 1649004801, 1649006900, 1644401501, 1644402301, 1644403201, 1644404301, 1645401801, 1645401901, 1645409562, 1645409762, 1645409862, 164900480164, 164900510164, 164900480187, 164900510187, 164900480180, 164900510180, A1645408062, A1645407845, A1645402101, 1644403501\" \/>\n<meta property=\"og:url\" content=\"https:\/\/vzduchovetlmice.sk\/cs\/produkty\/zadni-ridici-jednotka-sam-mercedes-benz-ml-class-w164\/\" \/>\n<meta property=\"og:site_name\" content=\"VzduchoveTlmice.sk\" \/>\n<meta property=\"article:modified_time\" content=\"2026-03-07T18:40:28+00:00\" \/>\n<meta property=\"og:image\" content=\"https:\/\/vzduchovetlmice.sk\/wp-content\/uploads\/2026\/01\/Mercedes-Benz-ML-W164-zadny-SAM-modul-SAM-riadiaca-jednotka-A1649005401-A-1649005401-A-164-900-54-01-1649005401-A1649005101-A-1649005101-A-164-900-51-01-1649005101-A1645400801.jpg\" \/>\n\t<meta property=\"og:image:width\" content=\"1000\" \/>\n\t<meta property=\"og:image:height\" content=\"1000\" \/>\n\t<meta property=\"og:image:type\" content=\"image\/jpeg\" \/>\n<meta name=\"twitter:card\" content=\"summary_large_image\" \/>\n<meta name=\"twitter:label1\" content=\"Odhadovan\u00e1 doba \u010dten\u00ed\" \/>\n\t<meta name=\"twitter:data1\" content=\"2 minuty\" \/>\n<script type=\"application\/ld+json\" class=\"yoast-schema-graph\">{\"@context\":\"https:\/\/schema.org\",\"@graph\":[{\"@type\":\"WebPage\",\"@id\":\"https:\/\/vzduchovetlmice.sk\/cs\/produkty\/zadni-ridici-jednotka-sam-mercedes-benz-ml-class-w164\/\",\"url\":\"https:\/\/vzduchovetlmice.sk\/cs\/produkty\/zadni-ridici-jednotka-sam-mercedes-benz-ml-class-w164\/\",\"name\":\"Zadn\u00ed \u0159\u00eddic\u00ed jednotka SAM - Mercedes Benz ML-class W164\",\"isPartOf\":{\"@id\":\"https:\/\/vzduchovetlmice.sk\/#website\"},\"primaryImageOfPage\":{\"@id\":\"https:\/\/vzduchovetlmice.sk\/cs\/produkty\/zadni-ridici-jednotka-sam-mercedes-benz-ml-class-w164\/#primaryimage\"},\"image\":{\"@id\":\"https:\/\/vzduchovetlmice.sk\/cs\/produkty\/zadni-ridici-jednotka-sam-mercedes-benz-ml-class-w164\/#primaryimage\"},\"thumbnailUrl\":\"https:\/\/vzduchovetlmice.sk\/wp-content\/uploads\/2026\/01\/Mercedes-Benz-ML-W164-zadny-SAM-modul-SAM-riadiaca-jednotka-A1649005401-A-1649005401-A-164-900-54-01-1649005401-A1649005101-A-1649005101-A-164-900-51-01-1649005101-A1645400801.jpg\",\"datePublished\":\"2026-01-11T14:08:18+00:00\",\"dateModified\":\"2026-03-07T18:40:28+00:00\",\"description\":\"Nov\u00e1 zadn\u00ed \u0159\u00eddic\u00ed jednotka SAM (zadn\u00ed \u0159\u00eddic\u00ed modul SAM) pro Mercedes Benz ML-class W164 (2005\u20132011). Vhodn\u00fd i pro modely s ta\u017en\u00fdm za\u0159\u00edzen\u00edm! Rychl\u00e1 a snadn\u00e1 mont\u00e1\u017e, nen\u00ed zapot\u0159eb\u00ed \u017e\u00e1dn\u00e9 k\u00f3dov\u00e1n\u00ed ani p\u0159eprogramov\u00e1n\u00ed, sta\u010d\u00ed jen namontovat a m\u016f\u017eete ihned pou\u017e\u00edvat. OEM: A1649005401, A 1649005401, A 164 900 54 01, 1649005401, A1649005101, A 1649005101, A 164 900 51 01, 1649005101, A1645400801, A1645408162, 1645400801, 1645408162, A 1645400801, A 1645408162, A 164 540 08 01, A 164 540 81 62, A1644404701, A1645457616, A1649025700, A1649007200, A1644404601, A1644424000, A1645456116, A1649022500, A1649004500, A1649004801, A1649006900, A1644401501, A1644402301, A1644403201, A1644404301, A1645401801, A1645401901, A1645409562, A1645409762, A1645409862, A164900480164, A164900510164, A164900480187, A164900510187, A164900480180, A164900510180, 1644404701, 1645457616, 1649025700, 1649007200, 1644404601, 1644424000, 1645456116, 1649022500, 1649004500, 1649004801, 1649006900, 1644401501, 1644402301, 1644403201, 1644404301, 1645401801, 1645401901, 1645409562, 1645409762, 1645409862, 164900480164, 164900510164, 164900480187, 164900510187, 164900480180, 164900510180, A1645408062, A1645407845, A1645402101, 1644403501\",\"breadcrumb\":{\"@id\":\"https:\/\/vzduchovetlmice.sk\/cs\/produkty\/zadni-ridici-jednotka-sam-mercedes-benz-ml-class-w164\/#breadcrumb\"},\"inLanguage\":\"cs\",\"potentialAction\":[{\"@type\":\"ReadAction\",\"target\":[\"https:\/\/vzduchovetlmice.sk\/cs\/produkty\/zadni-ridici-jednotka-sam-mercedes-benz-ml-class-w164\/\"]}]},{\"@type\":\"ImageObject\",\"inLanguage\":\"cs\",\"@id\":\"https:\/\/vzduchovetlmice.sk\/cs\/produkty\/zadni-ridici-jednotka-sam-mercedes-benz-ml-class-w164\/#primaryimage\",\"url\":\"https:\/\/vzduchovetlmice.sk\/wp-content\/uploads\/2026\/01\/Mercedes-Benz-ML-W164-zadny-SAM-modul-SAM-riadiaca-jednotka-A1649005401-A-1649005401-A-164-900-54-01-1649005401-A1649005101-A-1649005101-A-164-900-51-01-1649005101-A1645400801.jpg\",\"contentUrl\":\"https:\/\/vzduchovetlmice.sk\/wp-content\/uploads\/2026\/01\/Mercedes-Benz-ML-W164-zadny-SAM-modul-SAM-riadiaca-jednotka-A1649005401-A-1649005401-A-164-900-54-01-1649005401-A1649005101-A-1649005101-A-164-900-51-01-1649005101-A1645400801.jpg\",\"width\":1000,\"height\":1000,\"caption\":\"Mercedes Benz ML W164, zadn\u00fd SAM modul, SAM riadiaca jednotka, A1649005401, A 1649005401, A 164 900 54 01, 1649005401, A1649005101, A 1649005101, A 164 900 51 01, 1649005101, A1645400801\"},{\"@type\":\"BreadcrumbList\",\"@id\":\"https:\/\/vzduchovetlmice.sk\/cs\/produkty\/zadni-ridici-jednotka-sam-mercedes-benz-ml-class-w164\/#breadcrumb\",\"itemListElement\":[{\"@type\":\"ListItem\",\"position\":1,\"name\":\"Domovsk\u00e1 str\u00e1nka\",\"item\":\"https:\/\/vzduchovetlmice.sk\/\"},{\"@type\":\"ListItem\",\"position\":2,\"name\":\"Obchod\",\"item\":\"https:\/\/vzduchovetlmice.sk\/obchod\/\"},{\"@type\":\"ListItem\",\"position\":3,\"name\":\"Zadn\u00ed \u0159\u00eddic\u00ed jednotka SAM &#8211; Mercedes Benz ML-class W164\"}]},{\"@type\":\"WebSite\",\"@id\":\"https:\/\/vzduchovetlmice.sk\/#website\",\"url\":\"https:\/\/vzduchovetlmice.sk\/\",\"name\":\"VzduchoveTlmice.sk\",\"description\":\"predaj dielov pre vzduchov\u00fd podvozok\",\"potentialAction\":[{\"@type\":\"SearchAction\",\"target\":{\"@type\":\"EntryPoint\",\"urlTemplate\":\"https:\/\/vzduchovetlmice.sk\/?s={search_term_string}\"},\"query-input\":{\"@type\":\"PropertyValueSpecification\",\"valueRequired\":true,\"valueName\":\"search_term_string\"}}],\"inLanguage\":\"cs\"}]}<\/script>\n<!-- \/ Yoast SEO Premium plugin. -->","yoast_head_json":{"title":"Zadn\u00ed \u0159\u00eddic\u00ed jednotka SAM - Mercedes Benz ML-class W164","description":"Nov\u00e1 zadn\u00ed \u0159\u00eddic\u00ed jednotka SAM (zadn\u00ed \u0159\u00eddic\u00ed modul SAM) pro Mercedes Benz ML-class W164 (2005\u20132011). Vhodn\u00fd i pro modely s ta\u017en\u00fdm za\u0159\u00edzen\u00edm! Rychl\u00e1 a snadn\u00e1 mont\u00e1\u017e, nen\u00ed zapot\u0159eb\u00ed \u017e\u00e1dn\u00e9 k\u00f3dov\u00e1n\u00ed ani p\u0159eprogramov\u00e1n\u00ed, sta\u010d\u00ed jen namontovat a m\u016f\u017eete ihned pou\u017e\u00edvat. OEM: A1649005401, A 1649005401, A 164 900 54 01, 1649005401, A1649005101, A 1649005101, A 164 900 51 01, 1649005101, A1645400801, A1645408162, 1645400801, 1645408162, A 1645400801, A 1645408162, A 164 540 08 01, A 164 540 81 62, A1644404701, A1645457616, A1649025700, A1649007200, A1644404601, A1644424000, A1645456116, A1649022500, A1649004500, A1649004801, A1649006900, A1644401501, A1644402301, A1644403201, A1644404301, A1645401801, A1645401901, A1645409562, A1645409762, A1645409862, A164900480164, A164900510164, A164900480187, A164900510187, A164900480180, A164900510180, 1644404701, 1645457616, 1649025700, 1649007200, 1644404601, 1644424000, 1645456116, 1649022500, 1649004500, 1649004801, 1649006900, 1644401501, 1644402301, 1644403201, 1644404301, 1645401801, 1645401901, 1645409562, 1645409762, 1645409862, 164900480164, 164900510164, 164900480187, 164900510187, 164900480180, 164900510180, A1645408062, A1645407845, A1645402101, 1644403501","robots":{"index":"index","follow":"follow","max-snippet":"max-snippet:-1","max-image-preview":"max-image-preview:large","max-video-preview":"max-video-preview:-1"},"canonical":"https:\/\/vzduchovetlmice.sk\/cs\/produkty\/zadni-ridici-jednotka-sam-mercedes-benz-ml-class-w164\/","og_locale":"cs_CZ","og_type":"article","og_title":"Zadn\u00ed \u0159\u00eddic\u00ed jednotka SAM - Mercedes Benz ML-class W164","og_description":"Nov\u00e1 zadn\u00ed \u0159\u00eddic\u00ed jednotka SAM (zadn\u00ed \u0159\u00eddic\u00ed modul SAM) pro Mercedes Benz ML-class W164 (2005\u20132011). Vhodn\u00fd i pro modely s ta\u017en\u00fdm za\u0159\u00edzen\u00edm! Rychl\u00e1 a snadn\u00e1 mont\u00e1\u017e, nen\u00ed zapot\u0159eb\u00ed \u017e\u00e1dn\u00e9 k\u00f3dov\u00e1n\u00ed ani p\u0159eprogramov\u00e1n\u00ed, sta\u010d\u00ed jen namontovat a m\u016f\u017eete ihned pou\u017e\u00edvat. OEM: A1649005401, A 1649005401, A 164 900 54 01, 1649005401, A1649005101, A 1649005101, A 164 900 51 01, 1649005101, A1645400801, A1645408162, 1645400801, 1645408162, A 1645400801, A 1645408162, A 164 540 08 01, A 164 540 81 62, A1644404701, A1645457616, A1649025700, A1649007200, A1644404601, A1644424000, A1645456116, A1649022500, A1649004500, A1649004801, A1649006900, A1644401501, A1644402301, A1644403201, A1644404301, A1645401801, A1645401901, A1645409562, A1645409762, A1645409862, A164900480164, A164900510164, A164900480187, A164900510187, A164900480180, A164900510180, 1644404701, 1645457616, 1649025700, 1649007200, 1644404601, 1644424000, 1645456116, 1649022500, 1649004500, 1649004801, 1649006900, 1644401501, 1644402301, 1644403201, 1644404301, 1645401801, 1645401901, 1645409562, 1645409762, 1645409862, 164900480164, 164900510164, 164900480187, 164900510187, 164900480180, 164900510180, A1645408062, A1645407845, A1645402101, 1644403501","og_url":"https:\/\/vzduchovetlmice.sk\/cs\/produkty\/zadni-ridici-jednotka-sam-mercedes-benz-ml-class-w164\/","og_site_name":"VzduchoveTlmice.sk","article_modified_time":"2026-03-07T18:40:28+00:00","og_image":[{"width":1000,"height":1000,"url":"https:\/\/vzduchovetlmice.sk\/wp-content\/uploads\/2026\/01\/Mercedes-Benz-ML-W164-zadny-SAM-modul-SAM-riadiaca-jednotka-A1649005401-A-1649005401-A-164-900-54-01-1649005401-A1649005101-A-1649005101-A-164-900-51-01-1649005101-A1645400801.jpg","type":"image\/jpeg"}],"twitter_card":"summary_large_image","twitter_misc":{"Odhadovan\u00e1 doba \u010dten\u00ed":"2 minuty"},"schema":{"@context":"https:\/\/schema.org","@graph":[{"@type":"WebPage","@id":"https:\/\/vzduchovetlmice.sk\/cs\/produkty\/zadni-ridici-jednotka-sam-mercedes-benz-ml-class-w164\/","url":"https:\/\/vzduchovetlmice.sk\/cs\/produkty\/zadni-ridici-jednotka-sam-mercedes-benz-ml-class-w164\/","name":"Zadn\u00ed \u0159\u00eddic\u00ed jednotka SAM - Mercedes Benz ML-class W164","isPartOf":{"@id":"https:\/\/vzduchovetlmice.sk\/#website"},"primaryImageOfPage":{"@id":"https:\/\/vzduchovetlmice.sk\/cs\/produkty\/zadni-ridici-jednotka-sam-mercedes-benz-ml-class-w164\/#primaryimage"},"image":{"@id":"https:\/\/vzduchovetlmice.sk\/cs\/produkty\/zadni-ridici-jednotka-sam-mercedes-benz-ml-class-w164\/#primaryimage"},"thumbnailUrl":"https:\/\/vzduchovetlmice.sk\/wp-content\/uploads\/2026\/01\/Mercedes-Benz-ML-W164-zadny-SAM-modul-SAM-riadiaca-jednotka-A1649005401-A-1649005401-A-164-900-54-01-1649005401-A1649005101-A-1649005101-A-164-900-51-01-1649005101-A1645400801.jpg","datePublished":"2026-01-11T14:08:18+00:00","dateModified":"2026-03-07T18:40:28+00:00","description":"Nov\u00e1 zadn\u00ed \u0159\u00eddic\u00ed jednotka SAM (zadn\u00ed \u0159\u00eddic\u00ed modul SAM) pro Mercedes Benz ML-class W164 (2005\u20132011). Vhodn\u00fd i pro modely s ta\u017en\u00fdm za\u0159\u00edzen\u00edm! Rychl\u00e1 a snadn\u00e1 mont\u00e1\u017e, nen\u00ed zapot\u0159eb\u00ed \u017e\u00e1dn\u00e9 k\u00f3dov\u00e1n\u00ed ani p\u0159eprogramov\u00e1n\u00ed, sta\u010d\u00ed jen namontovat a m\u016f\u017eete ihned pou\u017e\u00edvat. OEM: A1649005401, A 1649005401, A 164 900 54 01, 1649005401, A1649005101, A 1649005101, A 164 900 51 01, 1649005101, A1645400801, A1645408162, 1645400801, 1645408162, A 1645400801, A 1645408162, A 164 540 08 01, A 164 540 81 62, A1644404701, A1645457616, A1649025700, A1649007200, A1644404601, A1644424000, A1645456116, A1649022500, A1649004500, A1649004801, A1649006900, A1644401501, A1644402301, A1644403201, A1644404301, A1645401801, A1645401901, A1645409562, A1645409762, A1645409862, A164900480164, A164900510164, A164900480187, A164900510187, A164900480180, A164900510180, 1644404701, 1645457616, 1649025700, 1649007200, 1644404601, 1644424000, 1645456116, 1649022500, 1649004500, 1649004801, 1649006900, 1644401501, 1644402301, 1644403201, 1644404301, 1645401801, 1645401901, 1645409562, 1645409762, 1645409862, 164900480164, 164900510164, 164900480187, 164900510187, 164900480180, 164900510180, A1645408062, A1645407845, A1645402101, 1644403501","breadcrumb":{"@id":"https:\/\/vzduchovetlmice.sk\/cs\/produkty\/zadni-ridici-jednotka-sam-mercedes-benz-ml-class-w164\/#breadcrumb"},"inLanguage":"cs","potentialAction":[{"@type":"ReadAction","target":["https:\/\/vzduchovetlmice.sk\/cs\/produkty\/zadni-ridici-jednotka-sam-mercedes-benz-ml-class-w164\/"]}]},{"@type":"ImageObject","inLanguage":"cs","@id":"https:\/\/vzduchovetlmice.sk\/cs\/produkty\/zadni-ridici-jednotka-sam-mercedes-benz-ml-class-w164\/#primaryimage","url":"https:\/\/vzduchovetlmice.sk\/wp-content\/uploads\/2026\/01\/Mercedes-Benz-ML-W164-zadny-SAM-modul-SAM-riadiaca-jednotka-A1649005401-A-1649005401-A-164-900-54-01-1649005401-A1649005101-A-1649005101-A-164-900-51-01-1649005101-A1645400801.jpg","contentUrl":"https:\/\/vzduchovetlmice.sk\/wp-content\/uploads\/2026\/01\/Mercedes-Benz-ML-W164-zadny-SAM-modul-SAM-riadiaca-jednotka-A1649005401-A-1649005401-A-164-900-54-01-1649005401-A1649005101-A-1649005101-A-164-900-51-01-1649005101-A1645400801.jpg","width":1000,"height":1000,"caption":"Mercedes Benz ML W164, zadn\u00fd SAM modul, SAM riadiaca jednotka, A1649005401, A 1649005401, A 164 900 54 01, 1649005401, A1649005101, A 1649005101, A 164 900 51 01, 1649005101, A1645400801"},{"@type":"BreadcrumbList","@id":"https:\/\/vzduchovetlmice.sk\/cs\/produkty\/zadni-ridici-jednotka-sam-mercedes-benz-ml-class-w164\/#breadcrumb","itemListElement":[{"@type":"ListItem","position":1,"name":"Domovsk\u00e1 str\u00e1nka","item":"https:\/\/vzduchovetlmice.sk\/"},{"@type":"ListItem","position":2,"name":"Obchod","item":"https:\/\/vzduchovetlmice.sk\/obchod\/"},{"@type":"ListItem","position":3,"name":"Zadn\u00ed \u0159\u00eddic\u00ed jednotka SAM &#8211; Mercedes Benz ML-class W164"}]},{"@type":"WebSite","@id":"https:\/\/vzduchovetlmice.sk\/#website","url":"https:\/\/vzduchovetlmice.sk\/","name":"VzduchoveTlmice.sk","description":"predaj dielov pre vzduchov\u00fd podvozok","potentialAction":[{"@type":"SearchAction","target":{"@type":"EntryPoint","urlTemplate":"https:\/\/vzduchovetlmice.sk\/?s={search_term_string}"},"query-input":{"@type":"PropertyValueSpecification","valueRequired":true,"valueName":"search_term_string"}}],"inLanguage":"cs"}]}},"_links":{"self":[{"href":"https:\/\/vzduchovetlmice.sk\/cs\/wp-json\/wp\/v2\/product\/102981","targetHints":{"allow":["GET"]}}],"collection":[{"href":"https:\/\/vzduchovetlmice.sk\/cs\/wp-json\/wp\/v2\/product"}],"about":[{"href":"https:\/\/vzduchovetlmice.sk\/cs\/wp-json\/wp\/v2\/types\/product"}],"wp:featuredmedia":[{"embeddable":true,"href":"https:\/\/vzduchovetlmice.sk\/cs\/wp-json\/wp\/v2\/media\/103338"}],"wp:attachment":[{"href":"https:\/\/vzduchovetlmice.sk\/cs\/wp-json\/wp\/v2\/media?parent=102981"}],"wp:term":[{"taxonomy":"product_brand","embeddable":true,"href":"https:\/\/vzduchovetlmice.sk\/cs\/wp-json\/wp\/v2\/product_brand?post=102981"},{"taxonomy":"product_cat","embeddable":true,"href":"https:\/\/vzduchovetlmice.sk\/cs\/wp-json\/wp\/v2\/product_cat?post=102981"},{"taxonomy":"product_tag","embeddable":true,"href":"https:\/\/vzduchovetlmice.sk\/cs\/wp-json\/wp\/v2\/product_tag?post=102981"}],"curies":[{"name":"wp","href":"https:\/\/api.w.org\/{rel}","templated":true}]}}