{"id":102994,"date":"2026-01-12T11:56:12","date_gmt":"2026-01-12T11:56:12","guid":{"rendered":"https:\/\/vzduchovetlmice.sk\/?post_type=product&#038;p=102994"},"modified":"2026-01-12T12:11:17","modified_gmt":"2026-01-12T12:11:17","slug":"ventilova-jednotka-vzduchoveho-kompresoru-podvozku-toyota-land-cruiser-prado-120-lexus-gx470","status":"publish","type":"product","link":"https:\/\/vzduchovetlmice.sk\/cs\/produkty\/ventilova-jednotka-vzduchoveho-kompresoru-podvozku-toyota-land-cruiser-prado-120-lexus-gx470\/","title":{"rendered":"Ventilov\u00e1 jednotka vzduchov\u00e9ho kompresoru podvozku Toyota Land Cruiser Prado 120, Lexus GX470"},"content":{"rendered":"<h3><strong>Dal\u0161\u00ed informace:<\/strong><\/h3>\n<p>Nov\u00e1 ventilov\u00e1 jednotka (ventilov\u00fd blok) vzduchov\u00e9ho kompresoru podvozku Toyota Land Cruiser Prado 120 J120 (2002 \u2013 2009) a Lexus GX470 (2002 \u2013 2009).<\/p>\n<h4><strong>Origin\u00e1ln\u00ed v\u00fdrobn\u00ed \u010d\u00edsla (OEM): <\/strong><\/h4>\n<p>48930-60020, 4893060020, 4896060010, 48960-60010<\/p>\n","protected":false},"excerpt":{"rendered":"<p><strong>Zna\u010dka: <\/strong>Lexus, Toyota<\/p>\n<p><strong>Model:<\/strong> Toyota Land Cruiser Prado 120 J120 (2002 \u2013 2009), Lexus GX470 (2002 \u2013 2009)<\/p>\n<p><strong>V\u00fdrobce: <\/strong>OEM<\/p>\n<p><strong>Stav: <\/strong>Nov\u00e9<\/p>\n<p><strong>Z\u00e1ruka: <\/strong>2 roky<\/p>\n<p><strong>Dostupnost:<\/strong> <span style=\"color: #00ff00;\"><strong>Skladem<\/strong><\/span><\/p>\n","protected":false},"featured_media":0,"template":"","meta":{"_et_pb_use_builder":"","_et_pb_old_content":"","_et_gb_content_width":""},"product_brand":[460,484],"product_cat":[561,594,457,540],"product_tag":[],"class_list":{"0":"post-102994","1":"product","2":"type-product","3":"status-publish","5":"product_brand-lexus","6":"product_brand-toyota","7":"product_cat-gx-470-2002-2009-cs","8":"product_cat-land-cruiser-prado-120-2002-2009-cs","9":"product_cat-lexus-cs","10":"product_cat-toyota-cs","12":"first","13":"instock","14":"shipping-taxable","15":"purchasable","16":"product-type-simple"},"yoast_head":"<!-- This site is optimized with the Yoast SEO Premium plugin v24.9 (Yoast SEO v27.1.1) - https:\/\/yoast.com\/product\/yoast-seo-premium-wordpress\/ -->\n<title>Ventilov\u00e1 jednotka vzduchov\u00e9ho kompresoru podvozku Toyota Land Cruiser Prado 120<\/title>\n<meta name=\"description\" content=\"Nov\u00e1 ventilov\u00e1 jednotka (ventilov\u00fd blok) vzduchov\u00e9ho kompresoru podvozku Toyota Land Cruiser Prado 120 J120 (2002 \u2013 2009) a Lexus GX470 (2002 \u2013 2009). OEM: 48930-60020, 4893060020, 4896060010, 48960-60010\" \/>\n<meta name=\"robots\" content=\"index, follow, max-snippet:-1, max-image-preview:large, max-video-preview:-1\" \/>\n<link rel=\"canonical\" href=\"https:\/\/vzduchovetlmice.sk\/cs\/produkty\/ventilova-jednotka-vzduchoveho-kompresoru-podvozku-toyota-land-cruiser-prado-120-lexus-gx470\/\" \/>\n<meta property=\"og:locale\" content=\"cs_CZ\" \/>\n<meta property=\"og:type\" content=\"article\" \/>\n<meta property=\"og:title\" content=\"Ventilov\u00e1 jednotka vzduchov\u00e9ho kompresoru podvozku Toyota Land Cruiser Prado 120, Lexus GX470\" \/>\n<meta property=\"og:description\" content=\"Nov\u00e1 ventilov\u00e1 jednotka (ventilov\u00fd blok) vzduchov\u00e9ho kompresoru podvozku Toyota Land Cruiser Prado 120 J120 (2002 \u2013 2009) a Lexus GX470 (2002 \u2013 2009). OEM: 48930-60020, 4893060020, 4896060010, 48960-60010\" \/>\n<meta property=\"og:url\" content=\"https:\/\/vzduchovetlmice.sk\/cs\/produkty\/ventilova-jednotka-vzduchoveho-kompresoru-podvozku-toyota-land-cruiser-prado-120-lexus-gx470\/\" \/>\n<meta property=\"og:site_name\" content=\"VzduchoveTlmice.sk\" \/>\n<meta property=\"article:modified_time\" content=\"2026-01-12T12:11:17+00:00\" \/>\n<meta name=\"twitter:card\" content=\"summary_large_image\" \/>\n<meta name=\"twitter:label1\" content=\"Odhadovan\u00e1 doba \u010dten\u00ed\" \/>\n\t<meta name=\"twitter:data1\" content=\"1 minuta\" \/>\n<script type=\"application\/ld+json\" class=\"yoast-schema-graph\">{\"@context\":\"https:\/\/schema.org\",\"@graph\":[{\"@type\":\"WebPage\",\"@id\":\"https:\/\/vzduchovetlmice.sk\/cs\/produkty\/ventilova-jednotka-vzduchoveho-kompresoru-podvozku-toyota-land-cruiser-prado-120-lexus-gx470\/\",\"url\":\"https:\/\/vzduchovetlmice.sk\/cs\/produkty\/ventilova-jednotka-vzduchoveho-kompresoru-podvozku-toyota-land-cruiser-prado-120-lexus-gx470\/\",\"name\":\"Ventilov\u00e1 jednotka vzduchov\u00e9ho kompresoru podvozku Toyota Land Cruiser Prado 120\",\"isPartOf\":{\"@id\":\"https:\/\/vzduchovetlmice.sk\/#website\"},\"datePublished\":\"2026-01-12T11:56:12+00:00\",\"dateModified\":\"2026-01-12T12:11:17+00:00\",\"description\":\"Nov\u00e1 ventilov\u00e1 jednotka (ventilov\u00fd blok) vzduchov\u00e9ho kompresoru podvozku Toyota Land Cruiser Prado 120 J120 (2002 \u2013 2009) a Lexus GX470 (2002 \u2013 2009). OEM: 48930-60020, 4893060020, 4896060010, 48960-60010\",\"breadcrumb\":{\"@id\":\"https:\/\/vzduchovetlmice.sk\/cs\/produkty\/ventilova-jednotka-vzduchoveho-kompresoru-podvozku-toyota-land-cruiser-prado-120-lexus-gx470\/#breadcrumb\"},\"inLanguage\":\"cs\",\"potentialAction\":[{\"@type\":\"ReadAction\",\"target\":[\"https:\/\/vzduchovetlmice.sk\/cs\/produkty\/ventilova-jednotka-vzduchoveho-kompresoru-podvozku-toyota-land-cruiser-prado-120-lexus-gx470\/\"]}]},{\"@type\":\"BreadcrumbList\",\"@id\":\"https:\/\/vzduchovetlmice.sk\/cs\/produkty\/ventilova-jednotka-vzduchoveho-kompresoru-podvozku-toyota-land-cruiser-prado-120-lexus-gx470\/#breadcrumb\",\"itemListElement\":[{\"@type\":\"ListItem\",\"position\":1,\"name\":\"Domovsk\u00e1 str\u00e1nka\",\"item\":\"https:\/\/vzduchovetlmice.sk\/\"},{\"@type\":\"ListItem\",\"position\":2,\"name\":\"Obchod\",\"item\":\"https:\/\/vzduchovetlmice.sk\/obchod\/\"},{\"@type\":\"ListItem\",\"position\":3,\"name\":\"Ventilov\u00e1 jednotka vzduchov\u00e9ho kompresoru podvozku Toyota Land Cruiser Prado 120, Lexus GX470\"}]},{\"@type\":\"WebSite\",\"@id\":\"https:\/\/vzduchovetlmice.sk\/#website\",\"url\":\"https:\/\/vzduchovetlmice.sk\/\",\"name\":\"VzduchoveTlmice.sk\",\"description\":\"predaj dielov pre vzduchov\u00fd podvozok\",\"potentialAction\":[{\"@type\":\"SearchAction\",\"target\":{\"@type\":\"EntryPoint\",\"urlTemplate\":\"https:\/\/vzduchovetlmice.sk\/?s={search_term_string}\"},\"query-input\":{\"@type\":\"PropertyValueSpecification\",\"valueRequired\":true,\"valueName\":\"search_term_string\"}}],\"inLanguage\":\"cs\"}]}<\/script>\n<!-- \/ Yoast SEO Premium plugin. -->","yoast_head_json":{"title":"Ventilov\u00e1 jednotka vzduchov\u00e9ho kompresoru podvozku Toyota Land Cruiser Prado 120","description":"Nov\u00e1 ventilov\u00e1 jednotka (ventilov\u00fd blok) vzduchov\u00e9ho kompresoru podvozku Toyota Land Cruiser Prado 120 J120 (2002 \u2013 2009) a Lexus GX470 (2002 \u2013 2009). OEM: 48930-60020, 4893060020, 4896060010, 48960-60010","robots":{"index":"index","follow":"follow","max-snippet":"max-snippet:-1","max-image-preview":"max-image-preview:large","max-video-preview":"max-video-preview:-1"},"canonical":"https:\/\/vzduchovetlmice.sk\/cs\/produkty\/ventilova-jednotka-vzduchoveho-kompresoru-podvozku-toyota-land-cruiser-prado-120-lexus-gx470\/","og_locale":"cs_CZ","og_type":"article","og_title":"Ventilov\u00e1 jednotka vzduchov\u00e9ho kompresoru podvozku Toyota Land Cruiser Prado 120, Lexus GX470","og_description":"Nov\u00e1 ventilov\u00e1 jednotka (ventilov\u00fd blok) vzduchov\u00e9ho kompresoru podvozku Toyota Land Cruiser Prado 120 J120 (2002 \u2013 2009) a Lexus GX470 (2002 \u2013 2009). OEM: 48930-60020, 4893060020, 4896060010, 48960-60010","og_url":"https:\/\/vzduchovetlmice.sk\/cs\/produkty\/ventilova-jednotka-vzduchoveho-kompresoru-podvozku-toyota-land-cruiser-prado-120-lexus-gx470\/","og_site_name":"VzduchoveTlmice.sk","article_modified_time":"2026-01-12T12:11:17+00:00","twitter_card":"summary_large_image","twitter_misc":{"Odhadovan\u00e1 doba \u010dten\u00ed":"1 minuta"},"schema":{"@context":"https:\/\/schema.org","@graph":[{"@type":"WebPage","@id":"https:\/\/vzduchovetlmice.sk\/cs\/produkty\/ventilova-jednotka-vzduchoveho-kompresoru-podvozku-toyota-land-cruiser-prado-120-lexus-gx470\/","url":"https:\/\/vzduchovetlmice.sk\/cs\/produkty\/ventilova-jednotka-vzduchoveho-kompresoru-podvozku-toyota-land-cruiser-prado-120-lexus-gx470\/","name":"Ventilov\u00e1 jednotka vzduchov\u00e9ho kompresoru podvozku Toyota Land Cruiser Prado 120","isPartOf":{"@id":"https:\/\/vzduchovetlmice.sk\/#website"},"datePublished":"2026-01-12T11:56:12+00:00","dateModified":"2026-01-12T12:11:17+00:00","description":"Nov\u00e1 ventilov\u00e1 jednotka (ventilov\u00fd blok) vzduchov\u00e9ho kompresoru podvozku Toyota Land Cruiser Prado 120 J120 (2002 \u2013 2009) a Lexus GX470 (2002 \u2013 2009). OEM: 48930-60020, 4893060020, 4896060010, 48960-60010","breadcrumb":{"@id":"https:\/\/vzduchovetlmice.sk\/cs\/produkty\/ventilova-jednotka-vzduchoveho-kompresoru-podvozku-toyota-land-cruiser-prado-120-lexus-gx470\/#breadcrumb"},"inLanguage":"cs","potentialAction":[{"@type":"ReadAction","target":["https:\/\/vzduchovetlmice.sk\/cs\/produkty\/ventilova-jednotka-vzduchoveho-kompresoru-podvozku-toyota-land-cruiser-prado-120-lexus-gx470\/"]}]},{"@type":"BreadcrumbList","@id":"https:\/\/vzduchovetlmice.sk\/cs\/produkty\/ventilova-jednotka-vzduchoveho-kompresoru-podvozku-toyota-land-cruiser-prado-120-lexus-gx470\/#breadcrumb","itemListElement":[{"@type":"ListItem","position":1,"name":"Domovsk\u00e1 str\u00e1nka","item":"https:\/\/vzduchovetlmice.sk\/"},{"@type":"ListItem","position":2,"name":"Obchod","item":"https:\/\/vzduchovetlmice.sk\/obchod\/"},{"@type":"ListItem","position":3,"name":"Ventilov\u00e1 jednotka vzduchov\u00e9ho kompresoru podvozku Toyota Land Cruiser Prado 120, Lexus GX470"}]},{"@type":"WebSite","@id":"https:\/\/vzduchovetlmice.sk\/#website","url":"https:\/\/vzduchovetlmice.sk\/","name":"VzduchoveTlmice.sk","description":"predaj dielov pre vzduchov\u00fd podvozok","potentialAction":[{"@type":"SearchAction","target":{"@type":"EntryPoint","urlTemplate":"https:\/\/vzduchovetlmice.sk\/?s={search_term_string}"},"query-input":{"@type":"PropertyValueSpecification","valueRequired":true,"valueName":"search_term_string"}}],"inLanguage":"cs"}]}},"_links":{"self":[{"href":"https:\/\/vzduchovetlmice.sk\/cs\/wp-json\/wp\/v2\/product\/102994","targetHints":{"allow":["GET"]}}],"collection":[{"href":"https:\/\/vzduchovetlmice.sk\/cs\/wp-json\/wp\/v2\/product"}],"about":[{"href":"https:\/\/vzduchovetlmice.sk\/cs\/wp-json\/wp\/v2\/types\/product"}],"wp:attachment":[{"href":"https:\/\/vzduchovetlmice.sk\/cs\/wp-json\/wp\/v2\/media?parent=102994"}],"wp:term":[{"taxonomy":"product_brand","embeddable":true,"href":"https:\/\/vzduchovetlmice.sk\/cs\/wp-json\/wp\/v2\/product_brand?post=102994"},{"taxonomy":"product_cat","embeddable":true,"href":"https:\/\/vzduchovetlmice.sk\/cs\/wp-json\/wp\/v2\/product_cat?post=102994"},{"taxonomy":"product_tag","embeddable":true,"href":"https:\/\/vzduchovetlmice.sk\/cs\/wp-json\/wp\/v2\/product_tag?post=102994"}],"curies":[{"name":"wp","href":"https:\/\/api.w.org\/{rel}","templated":true}]}}