{"id":103003,"date":"2026-01-13T11:34:54","date_gmt":"2026-01-13T11:34:54","guid":{"rendered":"https:\/\/vzduchovetlmice.sk\/?post_type=product&#038;p=103003"},"modified":"2026-01-13T11:41:44","modified_gmt":"2026-01-13T11:41:44","slug":"predni-ridici-jednotka-sam-mercedes-benz-gl-class-x164","status":"publish","type":"product","link":"https:\/\/vzduchovetlmice.sk\/cs\/produkty\/predni-ridici-jednotka-sam-mercedes-benz-gl-class-x164\/","title":{"rendered":"P\u0159edn\u00ed \u0159\u00eddic\u00ed jednotka SAM &#8211; Mercedes Benz GL-class X164"},"content":{"rendered":"<h3><strong>Dal\u0161\u00ed informace:<\/strong><\/h3>\n<p>Nov\u00e1 predn\u00e1 riadiaca jednotka SAM (predn\u00fd riadiaci modul SAM) na Mercedes Benz GL -class X164 (2006 \u2013 2012).<\/p>\n<ul>\n<li>rychl\u00e1 a snadn\u00e1 mont\u00e1\u017e<\/li>\n<li>nen\u00ed nutn\u00e9 \u017e\u00e1dn\u00e9 k\u00f3dov\u00e1n\u00ed ani p\u0159eprogramov\u00e1n\u00ed<\/li>\n<li>sta\u010d\u00ed jen namontovat a m\u016f\u017eete ihned pou\u017e\u00edvat<\/li>\n<\/ul>\n<h4><strong>Origin\u00e1ln\u00ed v\u00fdrobn\u00ed \u010d\u00edsla (OEM): <\/strong><\/h4>\n<p>A1645402501, A 1645402501, A 164 540 25 01, 1645402501, A1649004101, A1644403801, A1645401401, A1645404401, A1645404601, A1645406501, A1645407562, A1645408101, A1645453732, A1645453832, A1645453932, A1645454032, A1645457932, A1645458532, A164900410180, 1649004101, 1644403801, 1645401401, 1645404401, 1645404601, 1645406501, 1645407562, 1645408101, 1645453732, 1645453832, 1645453932, 1645454032, 1645457932, 1645458532, 164900410180<\/p>\n","protected":false},"excerpt":{"rendered":"<p><strong>Zna\u010dka: <\/strong>Mercedes Benz<\/p>\n<p><strong>Model:<\/strong> GL -class X164 (2006 \u2013 2012)<\/p>\n<p><strong>V\u00fdrobce: <\/strong>OEM<\/p>\n<p><strong>Stav: <\/strong>Nov\u00e9<\/p>\n<p><strong>Z\u00e1ruka: <\/strong>2 roky<\/p>\n<p><strong>Dostupnost:<\/strong> <span style=\"color: #00ff00;\"><strong>Skladem<\/strong><\/span><\/p>\n","protected":false},"featured_media":103312,"template":"","meta":{"_et_pb_use_builder":"","_et_pb_old_content":"","_et_gb_content_width":""},"product_brand":[52],"product_cat":[564,333],"product_tag":[],"class_list":{"0":"post-103003","1":"product","2":"type-product","3":"status-publish","4":"has-post-thumbnail","6":"product_brand-mercedes-benz","7":"product_cat-gl-x164-2006-2012-cs","8":"product_cat-mercedes-benz-cs","10":"first","11":"onbackorder","12":"shipping-taxable","13":"purchasable","14":"product-type-simple"},"yoast_head":"<!-- This site is optimized with the Yoast SEO Premium plugin v24.9 (Yoast SEO v27.1.1) - https:\/\/yoast.com\/product\/yoast-seo-premium-wordpress\/ -->\n<title>P\u0159edn\u00ed \u0159\u00eddic\u00ed jednotka SAM - Mercedes Benz GL-class X164<\/title>\n<meta name=\"description\" content=\"Nov\u00e1 p\u0159edn\u00ed \u0159\u00eddic\u00ed jednotka SAM (p\u0159edn\u00ed \u0159\u00edd\u00edc\u00ed modul SAM) pro Mercedes Benz GL-class X164 (2006\u20132012). Rychl\u00e1 a snadn\u00e1 mont\u00e1\u017e, nen\u00ed zapot\u0159eb\u00ed \u017e\u00e1dn\u00e9 k\u00f3dov\u00e1n\u00ed ani p\u0159eprogramov\u00e1n\u00ed, sta\u010d\u00ed jen namontovat a m\u016f\u017eete ihned pou\u017e\u00edvat. OEM: A1645402501, A 1645402501, A 164 540 25 01, 1645402501, A1649004101, A1644403801, A1645401401, A1645404401, A1645404601, A1645406501, A1645407562, A1645408101, A1645453732, A1645453832, A1645453932, A1645454032, A1645457932, A1645458532, A164900410180, 1649004101, 1644403801, 1645401401, 1645404401, 1645404601, 1645406501, 1645407562, 1645408101, 1645453732, 1645453832, 1645453932, 1645454032, 1645457932, 1645458532, 164900410180\" \/>\n<meta name=\"robots\" content=\"index, follow, max-snippet:-1, max-image-preview:large, max-video-preview:-1\" \/>\n<link rel=\"canonical\" href=\"https:\/\/vzduchovetlmice.sk\/cs\/produkty\/predni-ridici-jednotka-sam-mercedes-benz-gl-class-x164\/\" \/>\n<meta property=\"og:locale\" content=\"cs_CZ\" \/>\n<meta property=\"og:type\" content=\"article\" \/>\n<meta property=\"og:title\" content=\"P\u0159edn\u00ed \u0159\u00eddic\u00ed jednotka SAM - Mercedes Benz GL-class X164\" \/>\n<meta property=\"og:description\" content=\"Nov\u00e1 p\u0159edn\u00ed \u0159\u00eddic\u00ed jednotka SAM (p\u0159edn\u00ed \u0159\u00edd\u00edc\u00ed modul SAM) pro Mercedes Benz GL-class X164 (2006\u20132012). Rychl\u00e1 a snadn\u00e1 mont\u00e1\u017e, nen\u00ed zapot\u0159eb\u00ed \u017e\u00e1dn\u00e9 k\u00f3dov\u00e1n\u00ed ani p\u0159eprogramov\u00e1n\u00ed, sta\u010d\u00ed jen namontovat a m\u016f\u017eete ihned pou\u017e\u00edvat. OEM: A1645402501, A 1645402501, A 164 540 25 01, 1645402501, A1649004101, A1644403801, A1645401401, A1645404401, A1645404601, A1645406501, A1645407562, A1645408101, A1645453732, A1645453832, A1645453932, A1645454032, A1645457932, A1645458532, A164900410180, 1649004101, 1644403801, 1645401401, 1645404401, 1645404601, 1645406501, 1645407562, 1645408101, 1645453732, 1645453832, 1645453932, 1645454032, 1645457932, 1645458532, 164900410180\" \/>\n<meta property=\"og:url\" content=\"https:\/\/vzduchovetlmice.sk\/cs\/produkty\/predni-ridici-jednotka-sam-mercedes-benz-gl-class-x164\/\" \/>\n<meta property=\"og:site_name\" content=\"VzduchoveTlmice.sk\" \/>\n<meta property=\"article:modified_time\" content=\"2026-01-13T11:41:44+00:00\" \/>\n<meta property=\"og:image\" content=\"https:\/\/vzduchovetlmice.sk\/wp-content\/uploads\/2026\/01\/Mercedes-Benz-GL-X164-front-SAM-modul-A1645402501A-1645402501-A-164-540-25-011645402501A1649004101A1644403801A1645401401A1645404401.jpg\" \/>\n\t<meta property=\"og:image:width\" content=\"1000\" \/>\n\t<meta property=\"og:image:height\" content=\"1000\" \/>\n\t<meta property=\"og:image:type\" content=\"image\/jpeg\" \/>\n<meta name=\"twitter:card\" content=\"summary_large_image\" \/>\n<meta name=\"twitter:label1\" content=\"Odhadovan\u00e1 doba \u010dten\u00ed\" \/>\n\t<meta name=\"twitter:data1\" content=\"1 minuta\" \/>\n<script type=\"application\/ld+json\" class=\"yoast-schema-graph\">{\"@context\":\"https:\/\/schema.org\",\"@graph\":[{\"@type\":\"WebPage\",\"@id\":\"https:\/\/vzduchovetlmice.sk\/cs\/produkty\/predni-ridici-jednotka-sam-mercedes-benz-gl-class-x164\/\",\"url\":\"https:\/\/vzduchovetlmice.sk\/cs\/produkty\/predni-ridici-jednotka-sam-mercedes-benz-gl-class-x164\/\",\"name\":\"P\u0159edn\u00ed \u0159\u00eddic\u00ed jednotka SAM - Mercedes Benz GL-class X164\",\"isPartOf\":{\"@id\":\"https:\/\/vzduchovetlmice.sk\/#website\"},\"primaryImageOfPage\":{\"@id\":\"https:\/\/vzduchovetlmice.sk\/cs\/produkty\/predni-ridici-jednotka-sam-mercedes-benz-gl-class-x164\/#primaryimage\"},\"image\":{\"@id\":\"https:\/\/vzduchovetlmice.sk\/cs\/produkty\/predni-ridici-jednotka-sam-mercedes-benz-gl-class-x164\/#primaryimage\"},\"thumbnailUrl\":\"https:\/\/vzduchovetlmice.sk\/wp-content\/uploads\/2026\/01\/Mercedes-Benz-GL-X164-front-SAM-modul-A1645402501A-1645402501-A-164-540-25-011645402501A1649004101A1644403801A1645401401A1645404401.jpg\",\"datePublished\":\"2026-01-13T11:34:54+00:00\",\"dateModified\":\"2026-01-13T11:41:44+00:00\",\"description\":\"Nov\u00e1 p\u0159edn\u00ed \u0159\u00eddic\u00ed jednotka SAM (p\u0159edn\u00ed \u0159\u00edd\u00edc\u00ed modul SAM) pro Mercedes Benz GL-class X164 (2006\u20132012). Rychl\u00e1 a snadn\u00e1 mont\u00e1\u017e, nen\u00ed zapot\u0159eb\u00ed \u017e\u00e1dn\u00e9 k\u00f3dov\u00e1n\u00ed ani p\u0159eprogramov\u00e1n\u00ed, sta\u010d\u00ed jen namontovat a m\u016f\u017eete ihned pou\u017e\u00edvat. OEM: A1645402501, A 1645402501, A 164 540 25 01, 1645402501, A1649004101, A1644403801, A1645401401, A1645404401, A1645404601, A1645406501, A1645407562, A1645408101, A1645453732, A1645453832, A1645453932, A1645454032, A1645457932, A1645458532, A164900410180, 1649004101, 1644403801, 1645401401, 1645404401, 1645404601, 1645406501, 1645407562, 1645408101, 1645453732, 1645453832, 1645453932, 1645454032, 1645457932, 1645458532, 164900410180\",\"breadcrumb\":{\"@id\":\"https:\/\/vzduchovetlmice.sk\/cs\/produkty\/predni-ridici-jednotka-sam-mercedes-benz-gl-class-x164\/#breadcrumb\"},\"inLanguage\":\"cs\",\"potentialAction\":[{\"@type\":\"ReadAction\",\"target\":[\"https:\/\/vzduchovetlmice.sk\/cs\/produkty\/predni-ridici-jednotka-sam-mercedes-benz-gl-class-x164\/\"]}]},{\"@type\":\"ImageObject\",\"inLanguage\":\"cs\",\"@id\":\"https:\/\/vzduchovetlmice.sk\/cs\/produkty\/predni-ridici-jednotka-sam-mercedes-benz-gl-class-x164\/#primaryimage\",\"url\":\"https:\/\/vzduchovetlmice.sk\/wp-content\/uploads\/2026\/01\/Mercedes-Benz-GL-X164-front-SAM-modul-A1645402501A-1645402501-A-164-540-25-011645402501A1649004101A1644403801A1645401401A1645404401.jpg\",\"contentUrl\":\"https:\/\/vzduchovetlmice.sk\/wp-content\/uploads\/2026\/01\/Mercedes-Benz-GL-X164-front-SAM-modul-A1645402501A-1645402501-A-164-540-25-011645402501A1649004101A1644403801A1645401401A1645404401.jpg\",\"width\":1000,\"height\":1000,\"caption\":\"Mercedes Benz GL X164, front SAM modul, A1645402501,A 1645402501, A 164 540 25 01,1645402501,A1649004101,A1644403801,A1645401401,A1645404401\"},{\"@type\":\"BreadcrumbList\",\"@id\":\"https:\/\/vzduchovetlmice.sk\/cs\/produkty\/predni-ridici-jednotka-sam-mercedes-benz-gl-class-x164\/#breadcrumb\",\"itemListElement\":[{\"@type\":\"ListItem\",\"position\":1,\"name\":\"Domovsk\u00e1 str\u00e1nka\",\"item\":\"https:\/\/vzduchovetlmice.sk\/\"},{\"@type\":\"ListItem\",\"position\":2,\"name\":\"Obchod\",\"item\":\"https:\/\/vzduchovetlmice.sk\/obchod\/\"},{\"@type\":\"ListItem\",\"position\":3,\"name\":\"P\u0159edn\u00ed \u0159\u00eddic\u00ed jednotka SAM &#8211; Mercedes Benz GL-class X164\"}]},{\"@type\":\"WebSite\",\"@id\":\"https:\/\/vzduchovetlmice.sk\/#website\",\"url\":\"https:\/\/vzduchovetlmice.sk\/\",\"name\":\"VzduchoveTlmice.sk\",\"description\":\"predaj dielov pre vzduchov\u00fd podvozok\",\"potentialAction\":[{\"@type\":\"SearchAction\",\"target\":{\"@type\":\"EntryPoint\",\"urlTemplate\":\"https:\/\/vzduchovetlmice.sk\/?s={search_term_string}\"},\"query-input\":{\"@type\":\"PropertyValueSpecification\",\"valueRequired\":true,\"valueName\":\"search_term_string\"}}],\"inLanguage\":\"cs\"}]}<\/script>\n<!-- \/ Yoast SEO Premium plugin. -->","yoast_head_json":{"title":"P\u0159edn\u00ed \u0159\u00eddic\u00ed jednotka SAM - Mercedes Benz GL-class X164","description":"Nov\u00e1 p\u0159edn\u00ed \u0159\u00eddic\u00ed jednotka SAM (p\u0159edn\u00ed \u0159\u00edd\u00edc\u00ed modul SAM) pro Mercedes Benz GL-class X164 (2006\u20132012). Rychl\u00e1 a snadn\u00e1 mont\u00e1\u017e, nen\u00ed zapot\u0159eb\u00ed \u017e\u00e1dn\u00e9 k\u00f3dov\u00e1n\u00ed ani p\u0159eprogramov\u00e1n\u00ed, sta\u010d\u00ed jen namontovat a m\u016f\u017eete ihned pou\u017e\u00edvat. OEM: A1645402501, A 1645402501, A 164 540 25 01, 1645402501, A1649004101, A1644403801, A1645401401, A1645404401, A1645404601, A1645406501, A1645407562, A1645408101, A1645453732, A1645453832, A1645453932, A1645454032, A1645457932, A1645458532, A164900410180, 1649004101, 1644403801, 1645401401, 1645404401, 1645404601, 1645406501, 1645407562, 1645408101, 1645453732, 1645453832, 1645453932, 1645454032, 1645457932, 1645458532, 164900410180","robots":{"index":"index","follow":"follow","max-snippet":"max-snippet:-1","max-image-preview":"max-image-preview:large","max-video-preview":"max-video-preview:-1"},"canonical":"https:\/\/vzduchovetlmice.sk\/cs\/produkty\/predni-ridici-jednotka-sam-mercedes-benz-gl-class-x164\/","og_locale":"cs_CZ","og_type":"article","og_title":"P\u0159edn\u00ed \u0159\u00eddic\u00ed jednotka SAM - Mercedes Benz GL-class X164","og_description":"Nov\u00e1 p\u0159edn\u00ed \u0159\u00eddic\u00ed jednotka SAM (p\u0159edn\u00ed \u0159\u00edd\u00edc\u00ed modul SAM) pro Mercedes Benz GL-class X164 (2006\u20132012). Rychl\u00e1 a snadn\u00e1 mont\u00e1\u017e, nen\u00ed zapot\u0159eb\u00ed \u017e\u00e1dn\u00e9 k\u00f3dov\u00e1n\u00ed ani p\u0159eprogramov\u00e1n\u00ed, sta\u010d\u00ed jen namontovat a m\u016f\u017eete ihned pou\u017e\u00edvat. OEM: A1645402501, A 1645402501, A 164 540 25 01, 1645402501, A1649004101, A1644403801, A1645401401, A1645404401, A1645404601, A1645406501, A1645407562, A1645408101, A1645453732, A1645453832, A1645453932, A1645454032, A1645457932, A1645458532, A164900410180, 1649004101, 1644403801, 1645401401, 1645404401, 1645404601, 1645406501, 1645407562, 1645408101, 1645453732, 1645453832, 1645453932, 1645454032, 1645457932, 1645458532, 164900410180","og_url":"https:\/\/vzduchovetlmice.sk\/cs\/produkty\/predni-ridici-jednotka-sam-mercedes-benz-gl-class-x164\/","og_site_name":"VzduchoveTlmice.sk","article_modified_time":"2026-01-13T11:41:44+00:00","og_image":[{"width":1000,"height":1000,"url":"https:\/\/vzduchovetlmice.sk\/wp-content\/uploads\/2026\/01\/Mercedes-Benz-GL-X164-front-SAM-modul-A1645402501A-1645402501-A-164-540-25-011645402501A1649004101A1644403801A1645401401A1645404401.jpg","type":"image\/jpeg"}],"twitter_card":"summary_large_image","twitter_misc":{"Odhadovan\u00e1 doba \u010dten\u00ed":"1 minuta"},"schema":{"@context":"https:\/\/schema.org","@graph":[{"@type":"WebPage","@id":"https:\/\/vzduchovetlmice.sk\/cs\/produkty\/predni-ridici-jednotka-sam-mercedes-benz-gl-class-x164\/","url":"https:\/\/vzduchovetlmice.sk\/cs\/produkty\/predni-ridici-jednotka-sam-mercedes-benz-gl-class-x164\/","name":"P\u0159edn\u00ed \u0159\u00eddic\u00ed jednotka SAM - Mercedes Benz GL-class X164","isPartOf":{"@id":"https:\/\/vzduchovetlmice.sk\/#website"},"primaryImageOfPage":{"@id":"https:\/\/vzduchovetlmice.sk\/cs\/produkty\/predni-ridici-jednotka-sam-mercedes-benz-gl-class-x164\/#primaryimage"},"image":{"@id":"https:\/\/vzduchovetlmice.sk\/cs\/produkty\/predni-ridici-jednotka-sam-mercedes-benz-gl-class-x164\/#primaryimage"},"thumbnailUrl":"https:\/\/vzduchovetlmice.sk\/wp-content\/uploads\/2026\/01\/Mercedes-Benz-GL-X164-front-SAM-modul-A1645402501A-1645402501-A-164-540-25-011645402501A1649004101A1644403801A1645401401A1645404401.jpg","datePublished":"2026-01-13T11:34:54+00:00","dateModified":"2026-01-13T11:41:44+00:00","description":"Nov\u00e1 p\u0159edn\u00ed \u0159\u00eddic\u00ed jednotka SAM (p\u0159edn\u00ed \u0159\u00edd\u00edc\u00ed modul SAM) pro Mercedes Benz GL-class X164 (2006\u20132012). Rychl\u00e1 a snadn\u00e1 mont\u00e1\u017e, nen\u00ed zapot\u0159eb\u00ed \u017e\u00e1dn\u00e9 k\u00f3dov\u00e1n\u00ed ani p\u0159eprogramov\u00e1n\u00ed, sta\u010d\u00ed jen namontovat a m\u016f\u017eete ihned pou\u017e\u00edvat. OEM: A1645402501, A 1645402501, A 164 540 25 01, 1645402501, A1649004101, A1644403801, A1645401401, A1645404401, A1645404601, A1645406501, A1645407562, A1645408101, A1645453732, A1645453832, A1645453932, A1645454032, A1645457932, A1645458532, A164900410180, 1649004101, 1644403801, 1645401401, 1645404401, 1645404601, 1645406501, 1645407562, 1645408101, 1645453732, 1645453832, 1645453932, 1645454032, 1645457932, 1645458532, 164900410180","breadcrumb":{"@id":"https:\/\/vzduchovetlmice.sk\/cs\/produkty\/predni-ridici-jednotka-sam-mercedes-benz-gl-class-x164\/#breadcrumb"},"inLanguage":"cs","potentialAction":[{"@type":"ReadAction","target":["https:\/\/vzduchovetlmice.sk\/cs\/produkty\/predni-ridici-jednotka-sam-mercedes-benz-gl-class-x164\/"]}]},{"@type":"ImageObject","inLanguage":"cs","@id":"https:\/\/vzduchovetlmice.sk\/cs\/produkty\/predni-ridici-jednotka-sam-mercedes-benz-gl-class-x164\/#primaryimage","url":"https:\/\/vzduchovetlmice.sk\/wp-content\/uploads\/2026\/01\/Mercedes-Benz-GL-X164-front-SAM-modul-A1645402501A-1645402501-A-164-540-25-011645402501A1649004101A1644403801A1645401401A1645404401.jpg","contentUrl":"https:\/\/vzduchovetlmice.sk\/wp-content\/uploads\/2026\/01\/Mercedes-Benz-GL-X164-front-SAM-modul-A1645402501A-1645402501-A-164-540-25-011645402501A1649004101A1644403801A1645401401A1645404401.jpg","width":1000,"height":1000,"caption":"Mercedes Benz GL X164, front SAM modul, A1645402501,A 1645402501, A 164 540 25 01,1645402501,A1649004101,A1644403801,A1645401401,A1645404401"},{"@type":"BreadcrumbList","@id":"https:\/\/vzduchovetlmice.sk\/cs\/produkty\/predni-ridici-jednotka-sam-mercedes-benz-gl-class-x164\/#breadcrumb","itemListElement":[{"@type":"ListItem","position":1,"name":"Domovsk\u00e1 str\u00e1nka","item":"https:\/\/vzduchovetlmice.sk\/"},{"@type":"ListItem","position":2,"name":"Obchod","item":"https:\/\/vzduchovetlmice.sk\/obchod\/"},{"@type":"ListItem","position":3,"name":"P\u0159edn\u00ed \u0159\u00eddic\u00ed jednotka SAM &#8211; Mercedes Benz GL-class X164"}]},{"@type":"WebSite","@id":"https:\/\/vzduchovetlmice.sk\/#website","url":"https:\/\/vzduchovetlmice.sk\/","name":"VzduchoveTlmice.sk","description":"predaj dielov pre vzduchov\u00fd podvozok","potentialAction":[{"@type":"SearchAction","target":{"@type":"EntryPoint","urlTemplate":"https:\/\/vzduchovetlmice.sk\/?s={search_term_string}"},"query-input":{"@type":"PropertyValueSpecification","valueRequired":true,"valueName":"search_term_string"}}],"inLanguage":"cs"}]}},"_links":{"self":[{"href":"https:\/\/vzduchovetlmice.sk\/cs\/wp-json\/wp\/v2\/product\/103003","targetHints":{"allow":["GET"]}}],"collection":[{"href":"https:\/\/vzduchovetlmice.sk\/cs\/wp-json\/wp\/v2\/product"}],"about":[{"href":"https:\/\/vzduchovetlmice.sk\/cs\/wp-json\/wp\/v2\/types\/product"}],"wp:featuredmedia":[{"embeddable":true,"href":"https:\/\/vzduchovetlmice.sk\/cs\/wp-json\/wp\/v2\/media\/103312"}],"wp:attachment":[{"href":"https:\/\/vzduchovetlmice.sk\/cs\/wp-json\/wp\/v2\/media?parent=103003"}],"wp:term":[{"taxonomy":"product_brand","embeddable":true,"href":"https:\/\/vzduchovetlmice.sk\/cs\/wp-json\/wp\/v2\/product_brand?post=103003"},{"taxonomy":"product_cat","embeddable":true,"href":"https:\/\/vzduchovetlmice.sk\/cs\/wp-json\/wp\/v2\/product_cat?post=103003"},{"taxonomy":"product_tag","embeddable":true,"href":"https:\/\/vzduchovetlmice.sk\/cs\/wp-json\/wp\/v2\/product_tag?post=103003"}],"curies":[{"name":"wp","href":"https:\/\/api.w.org\/{rel}","templated":true}]}}