{"id":103005,"date":"2026-01-13T11:44:40","date_gmt":"2026-01-13T11:44:40","guid":{"rendered":"https:\/\/vzduchovetlmice.sk\/?post_type=product&#038;p=103005"},"modified":"2026-03-27T18:11:35","modified_gmt":"2026-03-27T18:11:35","slug":"senzor-mrtveho-uhlu-mercedes-benz-a0009052504","status":"publish","type":"product","link":"https:\/\/vzduchovetlmice.sk\/cs\/produkty\/senzor-mrtveho-uhlu-mercedes-benz-a0009052504\/","title":{"rendered":"Senzor mrtv\u00e9ho \u00fahlu &#8211; Mercedes Benz &#8211; A0009052504"},"content":{"rendered":"<h3><strong>Dal\u0161\u00ed informace:<\/strong><\/h3>\n<p>Nov\u00fd senzor mrtv\u00e9ho \u00fahlu (asistent zm\u011bny j\u00edzdn\u00edho pruhu) na Mercedes Benz.<\/p>\n<ul>\n<li>rychl\u00e1 a snadn\u00e1 mont\u00e1\u017e<\/li>\n<li>nen\u00ed nutn\u00e9 \u017e\u00e1dn\u00e9 k\u00f3dov\u00e1n\u00ed ani p\u0159eprogramov\u00e1n\u00ed<\/li>\n<li>sta\u010d\u00ed jen namontovat a m\u016f\u017eete ihned pou\u017e\u00edvat<\/li>\n<\/ul>\n<p>Senzor je vhodn\u00fd pro tyto modely:<\/p>\n<p>ML -class W166 (2011\u20132015)<br data-start=\"178\" data-end=\"181\" \/>GL -class X166 (2012\u20132015)<br data-start=\"218\" data-end=\"221\" \/>GLE -class W166 (2015\u20132019)<br data-start=\"259\" data-end=\"262\" \/>A -class W176 (2012\u20132018)<br data-start=\"298\" data-end=\"301\" \/>B -class W246 (2011\u20132018)<br data-start=\"337\" data-end=\"340\" \/>CLA -class W117 (2013\u20132019)<br data-start=\"372\" data-end=\"375\" \/>CLA -Shooting Brake X117 (2015\u20132019)<br data-start=\"422\" data-end=\"425\" \/>E -class W212 (2009\u20132016)<br data-start=\"461\" data-end=\"464\" \/>E Coup\u00e9 W207 (2009\u20132017)<br data-start=\"506\" data-end=\"509\" \/>S -class W222 (2013\u20132020)<br data-start=\"545\" data-end=\"548\" \/>S -class Coup\u00e9 W217 (2014\u20132020)<br data-start=\"590\" data-end=\"593\" \/>CLS -class C218 (2011\u20132018)<br data-start=\"625\" data-end=\"628\" \/>CLS -Shooting Brake X218 (2012\u20132018)<br data-start=\"675\" data-end=\"678\" \/>AMG GT C190 \/ R190 (2014\u20132021)<br data-start=\"720\" data-end=\"723\" \/>GLA -class W156 (2013\u20132020)<br data-start=\"755\" data-end=\"758\" \/>GLC -class W253 (2015\u20132022)<br data-start=\"790\" data-end=\"793\" \/>GLC Coup\u00e9 C253 (2016\u20132023)<br data-start=\"831\" data-end=\"834\" \/>SLK -class W172 (2011\u20132016)<br data-start=\"866\" data-end=\"869\" \/>SLC -class R172 (2016\u20132020)<\/p>\n<h4><strong>Origin\u00e1ln\u00ed v\u00fdrobn\u00ed \u010d\u00edsla (OEM): <\/strong><\/h4>\n<p>A0009052504, A 0009052504, A 000 905 25 04, A0009020221, A0009018802,A 0009020221, A 0009018802, A 000 902 02 21, A 000 901 88 02, A000905250427, A 000905250427, A 000 905 25 04 27, A000905250428, A 000905250428, A 000 905 25 04 28<\/p>\n","protected":false},"excerpt":{"rendered":"<p><strong>Zna\u010dka: <\/strong>Mercedes Benz<\/p>\n<p><strong>Model:<\/strong> ML -class W166 (2011\u20132015), GL -class X166 (2012\u20132015), GLE -class W166 (2015\u20132019), A -class W176 (2012\u20132018), B -class W246 (2011\u20132018), CLA -class W117 (2013\u20132019), CLA -Shooting Brake X117 (2015\u20132019), E -class W212 (2009\u20132016), E Coup\u00e9 W207 (2009\u20132017), S -class W222 (2013\u20132020), S -class Coup\u00e9 W217 (2014\u20132020), CLS -class C218 (2011\u20132018), CLS -Shooting Brake X218 (2012\u20132018), AMG GT C190 \/ R190 (2014\u20132021), GLA -class W156 (2013\u20132020), GLC -class W253 (2015\u20132022), GLC Coup\u00e9 C253 (2016\u20132023), SLK -class W172 (2011\u20132016), SLC -class R172 (2016\u20132020)<\/p>\n<p><strong>V\u00fdrobce: <\/strong>OEM<\/p>\n<p><strong>Stav: <\/strong>Nov\u00e9<\/p>\n<p><strong>Z\u00e1ruka: <\/strong>2 roky<\/p>\n<p><strong>Dostupnost:<\/strong> <span style=\"color: #00ff00;\"><strong>Skladem<\/strong><\/span><\/p>\n","protected":false},"featured_media":103304,"template":"","meta":{"_et_pb_use_builder":"","_et_pb_old_content":"","_et_gb_content_width":""},"product_brand":[52,616],"product_cat":[567,562,462,573,569,333,575,579,541],"product_tag":[],"class_list":{"0":"post-103005","1":"product","2":"type-product","3":"status-publish","4":"has-post-thumbnail","6":"product_brand-mercedes-benz","7":"product_brand-univerzalne-diely","8":"product_cat-cls-c218-x218-2011-2018-cs","9":"product_cat-e-w212-s212-2009-2016-cs","10":"product_cat-gl-x166-2012-2015-cs","11":"product_cat-glc-x253-c253-2015-2023-cs","12":"product_cat-gle-w166-2015-2019-cs","13":"product_cat-mercedes-benz-cs","14":"product_cat-ml-w166-2011-2015-cs","15":"product_cat-s-w222-c217-2013-2020-cs","16":"product_cat-univerzalni-dily","18":"first","19":"instock","20":"shipping-taxable","21":"purchasable","22":"product-type-simple"},"yoast_head":"<!-- This site is optimized with the Yoast SEO Premium plugin v24.9 (Yoast SEO v27.1.1) - https:\/\/yoast.com\/product\/yoast-seo-premium-wordpress\/ -->\n<title>Senzor mrtv\u00e9ho \u00fahlu - Mercedes Benz - A0009052504<\/title>\n<meta name=\"description\" content=\"Nov\u00fd senzor mrtv\u00e9ho \u00fahlu (asistent zm\u011bny j\u00edzdn\u00edho pruhu) na Mercedes Benz. Radarov\u00fd senzor je vhodn\u00fd pro tyto modely: Mercedes Benz ML -class W166 (2011\u20132015), GL -class X166 (2012\u20132015), GLE -class W166 (2015\u20132019), A -class W176 (2012\u20132018), B -class W246 (2011\u20132018), CLA -class W117 (2013\u20132019), CLA -Shooting Brake X117 (2015\u20132019), E -class W212 (2009\u20132016), E Coup\u00e9 W207 (2009\u20132017), S -class W222 (2013\u20132020), S -class Coup\u00e9 W217 (2014\u20132020), CLS -class C218 (2011\u20132018), CLS -Shooting Brake X218 (2012\u20132018), AMG GT C190 \/ R190 (2014\u20132021), GLA -class W156 (2013\u20132020), GLC -class W253 (2015\u20132022), GLC Coup\u00e9 C253 (2016\u20132023), SLK -class W172 (2011\u20132016), SLC -class R172 (2016\u20132020). OEM: A0009052504, A 0009052504, A 000 905 25 04, A0009020221, A0009018802,A 0009020221, A 0009018802, A 000 902 02 21, A 000 901 88 02, A000905250427, A 000905250427, A 000 905 25 04 27, A000905250428, A 000905250428, A 000 905 25 04 28, senzor mrtv\u00fd \u00fahel, radarov\u00fd senzor, asistent zm\u011bny j\u00edzdn\u00edho pruhu, \u0159\u00edd\u00edc\u00ed jednotka, Distronic\" \/>\n<meta name=\"robots\" content=\"index, follow, max-snippet:-1, max-image-preview:large, max-video-preview:-1\" \/>\n<link rel=\"canonical\" href=\"https:\/\/vzduchovetlmice.sk\/cs\/produkty\/senzor-mrtveho-uhlu-mercedes-benz-a0009052504\/\" \/>\n<meta property=\"og:locale\" content=\"cs_CZ\" \/>\n<meta property=\"og:type\" content=\"article\" \/>\n<meta property=\"og:title\" content=\"Senzor mrtv\u00e9ho \u00fahlu - Mercedes Benz - A0009052504\" \/>\n<meta property=\"og:description\" content=\"Nov\u00fd senzor mrtv\u00e9ho \u00fahlu (asistent zm\u011bny j\u00edzdn\u00edho pruhu) na Mercedes Benz. Radarov\u00fd senzor je vhodn\u00fd pro tyto modely: Mercedes Benz ML -class W166 (2011\u20132015), GL -class X166 (2012\u20132015), GLE -class W166 (2015\u20132019), A -class W176 (2012\u20132018), B -class W246 (2011\u20132018), CLA -class W117 (2013\u20132019), CLA -Shooting Brake X117 (2015\u20132019), E -class W212 (2009\u20132016), E Coup\u00e9 W207 (2009\u20132017), S -class W222 (2013\u20132020), S -class Coup\u00e9 W217 (2014\u20132020), CLS -class C218 (2011\u20132018), CLS -Shooting Brake X218 (2012\u20132018), AMG GT C190 \/ R190 (2014\u20132021), GLA -class W156 (2013\u20132020), GLC -class W253 (2015\u20132022), GLC Coup\u00e9 C253 (2016\u20132023), SLK -class W172 (2011\u20132016), SLC -class R172 (2016\u20132020). OEM: A0009052504, A 0009052504, A 000 905 25 04, A0009020221, A0009018802,A 0009020221, A 0009018802, A 000 902 02 21, A 000 901 88 02, A000905250427, A 000905250427, A 000 905 25 04 27, A000905250428, A 000905250428, A 000 905 25 04 28, senzor mrtv\u00fd \u00fahel, radarov\u00fd senzor, asistent zm\u011bny j\u00edzdn\u00edho pruhu, \u0159\u00edd\u00edc\u00ed jednotka, Distronic\" \/>\n<meta property=\"og:url\" content=\"https:\/\/vzduchovetlmice.sk\/cs\/produkty\/senzor-mrtveho-uhlu-mercedes-benz-a0009052504\/\" \/>\n<meta property=\"og:site_name\" content=\"VzduchoveTlmice.sk\" \/>\n<meta property=\"article:modified_time\" content=\"2026-03-27T18:11:35+00:00\" \/>\n<meta property=\"og:image\" content=\"https:\/\/vzduchovetlmice.sk\/wp-content\/uploads\/2026\/01\/Asistent-zmeny-jazdneho-pruhu-Mercedes-Benz-Blind-spot-detection-senzor-A0009052504-A-0009052504-A-000-905-25-04-A0009020221-A0009018802A-0009020221-A-0009018802.jpg\" \/>\n\t<meta property=\"og:image:width\" content=\"1000\" \/>\n\t<meta property=\"og:image:height\" content=\"1000\" \/>\n\t<meta property=\"og:image:type\" content=\"image\/jpeg\" \/>\n<meta name=\"twitter:card\" content=\"summary_large_image\" \/>\n<meta name=\"twitter:label1\" content=\"Odhadovan\u00e1 doba \u010dten\u00ed\" \/>\n\t<meta name=\"twitter:data1\" content=\"2 minuty\" \/>\n<script type=\"application\/ld+json\" class=\"yoast-schema-graph\">{\"@context\":\"https:\/\/schema.org\",\"@graph\":[{\"@type\":\"WebPage\",\"@id\":\"https:\/\/vzduchovetlmice.sk\/cs\/produkty\/senzor-mrtveho-uhlu-mercedes-benz-a0009052504\/\",\"url\":\"https:\/\/vzduchovetlmice.sk\/cs\/produkty\/senzor-mrtveho-uhlu-mercedes-benz-a0009052504\/\",\"name\":\"Senzor mrtv\u00e9ho \u00fahlu - Mercedes Benz - A0009052504\",\"isPartOf\":{\"@id\":\"https:\/\/vzduchovetlmice.sk\/#website\"},\"primaryImageOfPage\":{\"@id\":\"https:\/\/vzduchovetlmice.sk\/cs\/produkty\/senzor-mrtveho-uhlu-mercedes-benz-a0009052504\/#primaryimage\"},\"image\":{\"@id\":\"https:\/\/vzduchovetlmice.sk\/cs\/produkty\/senzor-mrtveho-uhlu-mercedes-benz-a0009052504\/#primaryimage\"},\"thumbnailUrl\":\"https:\/\/vzduchovetlmice.sk\/wp-content\/uploads\/2026\/01\/Asistent-zmeny-jazdneho-pruhu-Mercedes-Benz-Blind-spot-detection-senzor-A0009052504-A-0009052504-A-000-905-25-04-A0009020221-A0009018802A-0009020221-A-0009018802.jpg\",\"datePublished\":\"2026-01-13T11:44:40+00:00\",\"dateModified\":\"2026-03-27T18:11:35+00:00\",\"description\":\"Nov\u00fd senzor mrtv\u00e9ho \u00fahlu (asistent zm\u011bny j\u00edzdn\u00edho pruhu) na Mercedes Benz. Radarov\u00fd senzor je vhodn\u00fd pro tyto modely: Mercedes Benz ML -class W166 (2011\u20132015), GL -class X166 (2012\u20132015), GLE -class W166 (2015\u20132019), A -class W176 (2012\u20132018), B -class W246 (2011\u20132018), CLA -class W117 (2013\u20132019), CLA -Shooting Brake X117 (2015\u20132019), E -class W212 (2009\u20132016), E Coup\u00e9 W207 (2009\u20132017), S -class W222 (2013\u20132020), S -class Coup\u00e9 W217 (2014\u20132020), CLS -class C218 (2011\u20132018), CLS -Shooting Brake X218 (2012\u20132018), AMG GT C190 \/ R190 (2014\u20132021), GLA -class W156 (2013\u20132020), GLC -class W253 (2015\u20132022), GLC Coup\u00e9 C253 (2016\u20132023), SLK -class W172 (2011\u20132016), SLC -class R172 (2016\u20132020). OEM: A0009052504, A 0009052504, A 000 905 25 04, A0009020221, A0009018802,A 0009020221, A 0009018802, A 000 902 02 21, A 000 901 88 02, A000905250427, A 000905250427, A 000 905 25 04 27, A000905250428, A 000905250428, A 000 905 25 04 28, senzor mrtv\u00fd \u00fahel, radarov\u00fd senzor, asistent zm\u011bny j\u00edzdn\u00edho pruhu, \u0159\u00edd\u00edc\u00ed jednotka, Distronic\",\"breadcrumb\":{\"@id\":\"https:\/\/vzduchovetlmice.sk\/cs\/produkty\/senzor-mrtveho-uhlu-mercedes-benz-a0009052504\/#breadcrumb\"},\"inLanguage\":\"cs\",\"potentialAction\":[{\"@type\":\"ReadAction\",\"target\":[\"https:\/\/vzduchovetlmice.sk\/cs\/produkty\/senzor-mrtveho-uhlu-mercedes-benz-a0009052504\/\"]}]},{\"@type\":\"ImageObject\",\"inLanguage\":\"cs\",\"@id\":\"https:\/\/vzduchovetlmice.sk\/cs\/produkty\/senzor-mrtveho-uhlu-mercedes-benz-a0009052504\/#primaryimage\",\"url\":\"https:\/\/vzduchovetlmice.sk\/wp-content\/uploads\/2026\/01\/Asistent-zmeny-jazdneho-pruhu-Mercedes-Benz-Blind-spot-detection-senzor-A0009052504-A-0009052504-A-000-905-25-04-A0009020221-A0009018802A-0009020221-A-0009018802.jpg\",\"contentUrl\":\"https:\/\/vzduchovetlmice.sk\/wp-content\/uploads\/2026\/01\/Asistent-zmeny-jazdneho-pruhu-Mercedes-Benz-Blind-spot-detection-senzor-A0009052504-A-0009052504-A-000-905-25-04-A0009020221-A0009018802A-0009020221-A-0009018802.jpg\",\"width\":1000,\"height\":1000,\"caption\":\"Asistent zmeny jazdn\u00e9ho pruhu, Mercedes Benz, Blind spot detection senzor, A0009052504, A 0009052504, A 000 905 25 04, A0009020221, A0009018802,A 0009020221, A 0009018802\"},{\"@type\":\"BreadcrumbList\",\"@id\":\"https:\/\/vzduchovetlmice.sk\/cs\/produkty\/senzor-mrtveho-uhlu-mercedes-benz-a0009052504\/#breadcrumb\",\"itemListElement\":[{\"@type\":\"ListItem\",\"position\":1,\"name\":\"Domovsk\u00e1 str\u00e1nka\",\"item\":\"https:\/\/vzduchovetlmice.sk\/\"},{\"@type\":\"ListItem\",\"position\":2,\"name\":\"Obchod\",\"item\":\"https:\/\/vzduchovetlmice.sk\/obchod\/\"},{\"@type\":\"ListItem\",\"position\":3,\"name\":\"Senzor mrtv\u00e9ho \u00fahlu &#8211; Mercedes Benz &#8211; A0009052504\"}]},{\"@type\":\"WebSite\",\"@id\":\"https:\/\/vzduchovetlmice.sk\/#website\",\"url\":\"https:\/\/vzduchovetlmice.sk\/\",\"name\":\"VzduchoveTlmice.sk\",\"description\":\"predaj dielov pre vzduchov\u00fd podvozok\",\"potentialAction\":[{\"@type\":\"SearchAction\",\"target\":{\"@type\":\"EntryPoint\",\"urlTemplate\":\"https:\/\/vzduchovetlmice.sk\/?s={search_term_string}\"},\"query-input\":{\"@type\":\"PropertyValueSpecification\",\"valueRequired\":true,\"valueName\":\"search_term_string\"}}],\"inLanguage\":\"cs\"}]}<\/script>\n<!-- \/ Yoast SEO Premium plugin. -->","yoast_head_json":{"title":"Senzor mrtv\u00e9ho \u00fahlu - Mercedes Benz - A0009052504","description":"Nov\u00fd senzor mrtv\u00e9ho \u00fahlu (asistent zm\u011bny j\u00edzdn\u00edho pruhu) na Mercedes Benz. Radarov\u00fd senzor je vhodn\u00fd pro tyto modely: Mercedes Benz ML -class W166 (2011\u20132015), GL -class X166 (2012\u20132015), GLE -class W166 (2015\u20132019), A -class W176 (2012\u20132018), B -class W246 (2011\u20132018), CLA -class W117 (2013\u20132019), CLA -Shooting Brake X117 (2015\u20132019), E -class W212 (2009\u20132016), E Coup\u00e9 W207 (2009\u20132017), S -class W222 (2013\u20132020), S -class Coup\u00e9 W217 (2014\u20132020), CLS -class C218 (2011\u20132018), CLS -Shooting Brake X218 (2012\u20132018), AMG GT C190 \/ R190 (2014\u20132021), GLA -class W156 (2013\u20132020), GLC -class W253 (2015\u20132022), GLC Coup\u00e9 C253 (2016\u20132023), SLK -class W172 (2011\u20132016), SLC -class R172 (2016\u20132020). OEM: A0009052504, A 0009052504, A 000 905 25 04, A0009020221, A0009018802,A 0009020221, A 0009018802, A 000 902 02 21, A 000 901 88 02, A000905250427, A 000905250427, A 000 905 25 04 27, A000905250428, A 000905250428, A 000 905 25 04 28, senzor mrtv\u00fd \u00fahel, radarov\u00fd senzor, asistent zm\u011bny j\u00edzdn\u00edho pruhu, \u0159\u00edd\u00edc\u00ed jednotka, Distronic","robots":{"index":"index","follow":"follow","max-snippet":"max-snippet:-1","max-image-preview":"max-image-preview:large","max-video-preview":"max-video-preview:-1"},"canonical":"https:\/\/vzduchovetlmice.sk\/cs\/produkty\/senzor-mrtveho-uhlu-mercedes-benz-a0009052504\/","og_locale":"cs_CZ","og_type":"article","og_title":"Senzor mrtv\u00e9ho \u00fahlu - Mercedes Benz - A0009052504","og_description":"Nov\u00fd senzor mrtv\u00e9ho \u00fahlu (asistent zm\u011bny j\u00edzdn\u00edho pruhu) na Mercedes Benz. Radarov\u00fd senzor je vhodn\u00fd pro tyto modely: Mercedes Benz ML -class W166 (2011\u20132015), GL -class X166 (2012\u20132015), GLE -class W166 (2015\u20132019), A -class W176 (2012\u20132018), B -class W246 (2011\u20132018), CLA -class W117 (2013\u20132019), CLA -Shooting Brake X117 (2015\u20132019), E -class W212 (2009\u20132016), E Coup\u00e9 W207 (2009\u20132017), S -class W222 (2013\u20132020), S -class Coup\u00e9 W217 (2014\u20132020), CLS -class C218 (2011\u20132018), CLS -Shooting Brake X218 (2012\u20132018), AMG GT C190 \/ R190 (2014\u20132021), GLA -class W156 (2013\u20132020), GLC -class W253 (2015\u20132022), GLC Coup\u00e9 C253 (2016\u20132023), SLK -class W172 (2011\u20132016), SLC -class R172 (2016\u20132020). OEM: A0009052504, A 0009052504, A 000 905 25 04, A0009020221, A0009018802,A 0009020221, A 0009018802, A 000 902 02 21, A 000 901 88 02, A000905250427, A 000905250427, A 000 905 25 04 27, A000905250428, A 000905250428, A 000 905 25 04 28, senzor mrtv\u00fd \u00fahel, radarov\u00fd senzor, asistent zm\u011bny j\u00edzdn\u00edho pruhu, \u0159\u00edd\u00edc\u00ed jednotka, Distronic","og_url":"https:\/\/vzduchovetlmice.sk\/cs\/produkty\/senzor-mrtveho-uhlu-mercedes-benz-a0009052504\/","og_site_name":"VzduchoveTlmice.sk","article_modified_time":"2026-03-27T18:11:35+00:00","og_image":[{"width":1000,"height":1000,"url":"https:\/\/vzduchovetlmice.sk\/wp-content\/uploads\/2026\/01\/Asistent-zmeny-jazdneho-pruhu-Mercedes-Benz-Blind-spot-detection-senzor-A0009052504-A-0009052504-A-000-905-25-04-A0009020221-A0009018802A-0009020221-A-0009018802.jpg","type":"image\/jpeg"}],"twitter_card":"summary_large_image","twitter_misc":{"Odhadovan\u00e1 doba \u010dten\u00ed":"2 minuty"},"schema":{"@context":"https:\/\/schema.org","@graph":[{"@type":"WebPage","@id":"https:\/\/vzduchovetlmice.sk\/cs\/produkty\/senzor-mrtveho-uhlu-mercedes-benz-a0009052504\/","url":"https:\/\/vzduchovetlmice.sk\/cs\/produkty\/senzor-mrtveho-uhlu-mercedes-benz-a0009052504\/","name":"Senzor mrtv\u00e9ho \u00fahlu - Mercedes Benz - A0009052504","isPartOf":{"@id":"https:\/\/vzduchovetlmice.sk\/#website"},"primaryImageOfPage":{"@id":"https:\/\/vzduchovetlmice.sk\/cs\/produkty\/senzor-mrtveho-uhlu-mercedes-benz-a0009052504\/#primaryimage"},"image":{"@id":"https:\/\/vzduchovetlmice.sk\/cs\/produkty\/senzor-mrtveho-uhlu-mercedes-benz-a0009052504\/#primaryimage"},"thumbnailUrl":"https:\/\/vzduchovetlmice.sk\/wp-content\/uploads\/2026\/01\/Asistent-zmeny-jazdneho-pruhu-Mercedes-Benz-Blind-spot-detection-senzor-A0009052504-A-0009052504-A-000-905-25-04-A0009020221-A0009018802A-0009020221-A-0009018802.jpg","datePublished":"2026-01-13T11:44:40+00:00","dateModified":"2026-03-27T18:11:35+00:00","description":"Nov\u00fd senzor mrtv\u00e9ho \u00fahlu (asistent zm\u011bny j\u00edzdn\u00edho pruhu) na Mercedes Benz. Radarov\u00fd senzor je vhodn\u00fd pro tyto modely: Mercedes Benz ML -class W166 (2011\u20132015), GL -class X166 (2012\u20132015), GLE -class W166 (2015\u20132019), A -class W176 (2012\u20132018), B -class W246 (2011\u20132018), CLA -class W117 (2013\u20132019), CLA -Shooting Brake X117 (2015\u20132019), E -class W212 (2009\u20132016), E Coup\u00e9 W207 (2009\u20132017), S -class W222 (2013\u20132020), S -class Coup\u00e9 W217 (2014\u20132020), CLS -class C218 (2011\u20132018), CLS -Shooting Brake X218 (2012\u20132018), AMG GT C190 \/ R190 (2014\u20132021), GLA -class W156 (2013\u20132020), GLC -class W253 (2015\u20132022), GLC Coup\u00e9 C253 (2016\u20132023), SLK -class W172 (2011\u20132016), SLC -class R172 (2016\u20132020). OEM: A0009052504, A 0009052504, A 000 905 25 04, A0009020221, A0009018802,A 0009020221, A 0009018802, A 000 902 02 21, A 000 901 88 02, A000905250427, A 000905250427, A 000 905 25 04 27, A000905250428, A 000905250428, A 000 905 25 04 28, senzor mrtv\u00fd \u00fahel, radarov\u00fd senzor, asistent zm\u011bny j\u00edzdn\u00edho pruhu, \u0159\u00edd\u00edc\u00ed jednotka, Distronic","breadcrumb":{"@id":"https:\/\/vzduchovetlmice.sk\/cs\/produkty\/senzor-mrtveho-uhlu-mercedes-benz-a0009052504\/#breadcrumb"},"inLanguage":"cs","potentialAction":[{"@type":"ReadAction","target":["https:\/\/vzduchovetlmice.sk\/cs\/produkty\/senzor-mrtveho-uhlu-mercedes-benz-a0009052504\/"]}]},{"@type":"ImageObject","inLanguage":"cs","@id":"https:\/\/vzduchovetlmice.sk\/cs\/produkty\/senzor-mrtveho-uhlu-mercedes-benz-a0009052504\/#primaryimage","url":"https:\/\/vzduchovetlmice.sk\/wp-content\/uploads\/2026\/01\/Asistent-zmeny-jazdneho-pruhu-Mercedes-Benz-Blind-spot-detection-senzor-A0009052504-A-0009052504-A-000-905-25-04-A0009020221-A0009018802A-0009020221-A-0009018802.jpg","contentUrl":"https:\/\/vzduchovetlmice.sk\/wp-content\/uploads\/2026\/01\/Asistent-zmeny-jazdneho-pruhu-Mercedes-Benz-Blind-spot-detection-senzor-A0009052504-A-0009052504-A-000-905-25-04-A0009020221-A0009018802A-0009020221-A-0009018802.jpg","width":1000,"height":1000,"caption":"Asistent zmeny jazdn\u00e9ho pruhu, Mercedes Benz, Blind spot detection senzor, A0009052504, A 0009052504, A 000 905 25 04, A0009020221, A0009018802,A 0009020221, A 0009018802"},{"@type":"BreadcrumbList","@id":"https:\/\/vzduchovetlmice.sk\/cs\/produkty\/senzor-mrtveho-uhlu-mercedes-benz-a0009052504\/#breadcrumb","itemListElement":[{"@type":"ListItem","position":1,"name":"Domovsk\u00e1 str\u00e1nka","item":"https:\/\/vzduchovetlmice.sk\/"},{"@type":"ListItem","position":2,"name":"Obchod","item":"https:\/\/vzduchovetlmice.sk\/obchod\/"},{"@type":"ListItem","position":3,"name":"Senzor mrtv\u00e9ho \u00fahlu &#8211; Mercedes Benz &#8211; A0009052504"}]},{"@type":"WebSite","@id":"https:\/\/vzduchovetlmice.sk\/#website","url":"https:\/\/vzduchovetlmice.sk\/","name":"VzduchoveTlmice.sk","description":"predaj dielov pre vzduchov\u00fd podvozok","potentialAction":[{"@type":"SearchAction","target":{"@type":"EntryPoint","urlTemplate":"https:\/\/vzduchovetlmice.sk\/?s={search_term_string}"},"query-input":{"@type":"PropertyValueSpecification","valueRequired":true,"valueName":"search_term_string"}}],"inLanguage":"cs"}]}},"_links":{"self":[{"href":"https:\/\/vzduchovetlmice.sk\/cs\/wp-json\/wp\/v2\/product\/103005","targetHints":{"allow":["GET"]}}],"collection":[{"href":"https:\/\/vzduchovetlmice.sk\/cs\/wp-json\/wp\/v2\/product"}],"about":[{"href":"https:\/\/vzduchovetlmice.sk\/cs\/wp-json\/wp\/v2\/types\/product"}],"wp:featuredmedia":[{"embeddable":true,"href":"https:\/\/vzduchovetlmice.sk\/cs\/wp-json\/wp\/v2\/media\/103304"}],"wp:attachment":[{"href":"https:\/\/vzduchovetlmice.sk\/cs\/wp-json\/wp\/v2\/media?parent=103005"}],"wp:term":[{"taxonomy":"product_brand","embeddable":true,"href":"https:\/\/vzduchovetlmice.sk\/cs\/wp-json\/wp\/v2\/product_brand?post=103005"},{"taxonomy":"product_cat","embeddable":true,"href":"https:\/\/vzduchovetlmice.sk\/cs\/wp-json\/wp\/v2\/product_cat?post=103005"},{"taxonomy":"product_tag","embeddable":true,"href":"https:\/\/vzduchovetlmice.sk\/cs\/wp-json\/wp\/v2\/product_tag?post=103005"}],"curies":[{"name":"wp","href":"https:\/\/api.w.org\/{rel}","templated":true}]}}