{"id":103009,"date":"2026-01-13T15:07:32","date_gmt":"2026-01-13T15:07:32","guid":{"rendered":"https:\/\/vzduchovetlmice.sk\/?post_type=product&#038;p=103009"},"modified":"2026-02-25T15:13:43","modified_gmt":"2026-02-25T15:13:43","slug":"senzor-mrtveho-uhlu-jeep-grand-cherokee","status":"publish","type":"product","link":"https:\/\/vzduchovetlmice.sk\/cs\/produkty\/senzor-mrtveho-uhlu-jeep-grand-cherokee\/","title":{"rendered":"Senzor mrtv\u00e9ho \u00fahlu &#8211; Jeep Grand Cherokee"},"content":{"rendered":"<h3><strong>Dal\u0161\u00ed informace:<\/strong><\/h3>\n<p>Nov\u00fd senzor mrtv\u00e9ho \u00fahlu (asistent zm\u011bny j\u00edzdn\u00edho pruhu) na Jeep Grand Cherokee (2016-2020).<\/p>\n<ul>\n<li>rychl\u00e1 a snadn\u00e1 mont\u00e1\u017e<\/li>\n<li>nen\u00ed nutn\u00e9 \u017e\u00e1dn\u00e9 k\u00f3dov\u00e1n\u00ed ani p\u0159eprogramov\u00e1n\u00ed<\/li>\n<li>sta\u010d\u00ed jen namontovat a m\u016f\u017eete ihned pou\u017e\u00edvat<\/li>\n<\/ul>\n<h4><strong>Origin\u00e1ln\u00ed v\u00fdrobn\u00ed \u010d\u00edsla (OEM): <\/strong><\/h4>\n<p>68265570AB, 68265570AC, 68265570AD, 68265570AE, 68265570AF, 68418245AB, 68418245AC, 68418245AA, 68265570, 68418245<\/p>\n","protected":false},"excerpt":{"rendered":"<p><strong>Zna\u010dka: <\/strong>Jeep<\/p>\n<p><strong>Model:<\/strong> Jeep Grand Cherokee (2016 &#8211; 2020)<\/p>\n<p><strong>V\u00fdrobce: <\/strong>OEM<\/p>\n<p><strong>Stav: <\/strong>Nov\u00e9<\/p>\n<p><strong>Z\u00e1ruka: <\/strong>2 roky<\/p>\n<p><strong>Dostupnost:<\/strong> <span style=\"color: #00ff00;\"><strong>Skladem<\/strong><\/span><\/p>\n","protected":false},"featured_media":103296,"template":"","meta":{"_et_pb_use_builder":"","_et_pb_old_content":"","_et_gb_content_width":""},"product_brand":[494,616],"product_cat":[503,502,541],"product_tag":[],"class_list":{"0":"post-103009","1":"product","2":"type-product","3":"status-publish","4":"has-post-thumbnail","6":"product_brand-jeep","7":"product_brand-univerzalne-diely","8":"product_cat-grand-cherokee-wk2-2010-2021-cs","9":"product_cat-jeep-cs","10":"product_cat-univerzalni-dily","12":"first","13":"instock","14":"shipping-taxable","15":"purchasable","16":"product-type-simple"},"yoast_head":"<!-- This site is optimized with the Yoast SEO Premium plugin v24.9 (Yoast SEO v27.1.1) - https:\/\/yoast.com\/product\/yoast-seo-premium-wordpress\/ -->\n<title>Senzor mrtv\u00e9ho \u00fahlu - Jeep Grand Cherokee<\/title>\n<meta name=\"description\" content=\"Nov\u00fd senzor mrtv\u00e9ho \u00fahlu (asistent zm\u011bny j\u00edzdn\u00edho pruhu) na Jeep Grand Cherokee (2016-2020). Rychl\u00e1 a snadn\u00e1 mont\u00e1\u017e, nen\u00ed zapot\u0159eb\u00ed \u017e\u00e1dn\u00e9 k\u00f3dov\u00e1n\u00ed ani p\u0159eprogramov\u00e1n\u00ed, sta\u010d\u00ed jen namontovat a m\u016f\u017eete ihned pou\u017e\u00edvat. OEM: 68265570AB, 68265570AC, 68265570AD, 68265570AE, 68265570AF, 68418245AB, 68418245AC, 68418245AA, 68265570, 68418245, senzor mrtv\u00fd \u00fahel, \u0159\u00edd\u00edc\u00ed jednotka, blind spot detection sensor\" \/>\n<meta name=\"robots\" content=\"index, follow, max-snippet:-1, max-image-preview:large, max-video-preview:-1\" \/>\n<link rel=\"canonical\" href=\"https:\/\/vzduchovetlmice.sk\/cs\/produkty\/senzor-mrtveho-uhlu-jeep-grand-cherokee\/\" \/>\n<meta property=\"og:locale\" content=\"cs_CZ\" \/>\n<meta property=\"og:type\" content=\"article\" \/>\n<meta property=\"og:title\" content=\"Senzor mrtv\u00e9ho \u00fahlu - Jeep Grand Cherokee\" \/>\n<meta property=\"og:description\" content=\"Nov\u00fd senzor mrtv\u00e9ho \u00fahlu (asistent zm\u011bny j\u00edzdn\u00edho pruhu) na Jeep Grand Cherokee (2016-2020). Rychl\u00e1 a snadn\u00e1 mont\u00e1\u017e, nen\u00ed zapot\u0159eb\u00ed \u017e\u00e1dn\u00e9 k\u00f3dov\u00e1n\u00ed ani p\u0159eprogramov\u00e1n\u00ed, sta\u010d\u00ed jen namontovat a m\u016f\u017eete ihned pou\u017e\u00edvat. OEM: 68265570AB, 68265570AC, 68265570AD, 68265570AE, 68265570AF, 68418245AB, 68418245AC, 68418245AA, 68265570, 68418245, senzor mrtv\u00fd \u00fahel, \u0159\u00edd\u00edc\u00ed jednotka, blind spot detection sensor\" \/>\n<meta property=\"og:url\" content=\"https:\/\/vzduchovetlmice.sk\/cs\/produkty\/senzor-mrtveho-uhlu-jeep-grand-cherokee\/\" \/>\n<meta property=\"og:site_name\" content=\"VzduchoveTlmice.sk\" \/>\n<meta property=\"article:modified_time\" content=\"2026-02-25T15:13:43+00:00\" \/>\n<meta property=\"og:image\" content=\"https:\/\/vzduchovetlmice.sk\/wp-content\/uploads\/2026\/01\/Senzor-mrtveho-uhla-Jeep-Grand-Cherokee-68265570AB-68265570AC-68265570AD-68265570AE-68265570AF-68418245AB-68418245AC-68418245AA-68265570-68418245.jpg\" \/>\n\t<meta property=\"og:image:width\" content=\"1000\" \/>\n\t<meta property=\"og:image:height\" content=\"1000\" \/>\n\t<meta property=\"og:image:type\" content=\"image\/jpeg\" \/>\n<meta name=\"twitter:card\" content=\"summary_large_image\" \/>\n<meta name=\"twitter:label1\" content=\"Odhadovan\u00e1 doba \u010dten\u00ed\" \/>\n\t<meta name=\"twitter:data1\" content=\"1 minuta\" \/>\n<script type=\"application\/ld+json\" class=\"yoast-schema-graph\">{\"@context\":\"https:\/\/schema.org\",\"@graph\":[{\"@type\":\"WebPage\",\"@id\":\"https:\/\/vzduchovetlmice.sk\/cs\/produkty\/senzor-mrtveho-uhlu-jeep-grand-cherokee\/\",\"url\":\"https:\/\/vzduchovetlmice.sk\/cs\/produkty\/senzor-mrtveho-uhlu-jeep-grand-cherokee\/\",\"name\":\"Senzor mrtv\u00e9ho \u00fahlu - Jeep Grand Cherokee\",\"isPartOf\":{\"@id\":\"https:\/\/vzduchovetlmice.sk\/#website\"},\"primaryImageOfPage\":{\"@id\":\"https:\/\/vzduchovetlmice.sk\/cs\/produkty\/senzor-mrtveho-uhlu-jeep-grand-cherokee\/#primaryimage\"},\"image\":{\"@id\":\"https:\/\/vzduchovetlmice.sk\/cs\/produkty\/senzor-mrtveho-uhlu-jeep-grand-cherokee\/#primaryimage\"},\"thumbnailUrl\":\"https:\/\/vzduchovetlmice.sk\/wp-content\/uploads\/2026\/01\/Senzor-mrtveho-uhla-Jeep-Grand-Cherokee-68265570AB-68265570AC-68265570AD-68265570AE-68265570AF-68418245AB-68418245AC-68418245AA-68265570-68418245.jpg\",\"datePublished\":\"2026-01-13T15:07:32+00:00\",\"dateModified\":\"2026-02-25T15:13:43+00:00\",\"description\":\"Nov\u00fd senzor mrtv\u00e9ho \u00fahlu (asistent zm\u011bny j\u00edzdn\u00edho pruhu) na Jeep Grand Cherokee (2016-2020). Rychl\u00e1 a snadn\u00e1 mont\u00e1\u017e, nen\u00ed zapot\u0159eb\u00ed \u017e\u00e1dn\u00e9 k\u00f3dov\u00e1n\u00ed ani p\u0159eprogramov\u00e1n\u00ed, sta\u010d\u00ed jen namontovat a m\u016f\u017eete ihned pou\u017e\u00edvat. OEM: 68265570AB, 68265570AC, 68265570AD, 68265570AE, 68265570AF, 68418245AB, 68418245AC, 68418245AA, 68265570, 68418245, senzor mrtv\u00fd \u00fahel, \u0159\u00edd\u00edc\u00ed jednotka, blind spot detection sensor\",\"breadcrumb\":{\"@id\":\"https:\/\/vzduchovetlmice.sk\/cs\/produkty\/senzor-mrtveho-uhlu-jeep-grand-cherokee\/#breadcrumb\"},\"inLanguage\":\"cs\",\"potentialAction\":[{\"@type\":\"ReadAction\",\"target\":[\"https:\/\/vzduchovetlmice.sk\/cs\/produkty\/senzor-mrtveho-uhlu-jeep-grand-cherokee\/\"]}]},{\"@type\":\"ImageObject\",\"inLanguage\":\"cs\",\"@id\":\"https:\/\/vzduchovetlmice.sk\/cs\/produkty\/senzor-mrtveho-uhlu-jeep-grand-cherokee\/#primaryimage\",\"url\":\"https:\/\/vzduchovetlmice.sk\/wp-content\/uploads\/2026\/01\/Senzor-mrtveho-uhla-Jeep-Grand-Cherokee-68265570AB-68265570AC-68265570AD-68265570AE-68265570AF-68418245AB-68418245AC-68418245AA-68265570-68418245.jpg\",\"contentUrl\":\"https:\/\/vzduchovetlmice.sk\/wp-content\/uploads\/2026\/01\/Senzor-mrtveho-uhla-Jeep-Grand-Cherokee-68265570AB-68265570AC-68265570AD-68265570AE-68265570AF-68418245AB-68418245AC-68418245AA-68265570-68418245.jpg\",\"width\":1000,\"height\":1000,\"caption\":\"Senzor m\u0155tveho uhla - Jeep Grand Cherokee, 68265570AB, 68265570AC, 68265570AD, 68265570AE, 68265570AF, 68418245AB, 68418245AC, 68418245AA, 68265570, 68418245\"},{\"@type\":\"BreadcrumbList\",\"@id\":\"https:\/\/vzduchovetlmice.sk\/cs\/produkty\/senzor-mrtveho-uhlu-jeep-grand-cherokee\/#breadcrumb\",\"itemListElement\":[{\"@type\":\"ListItem\",\"position\":1,\"name\":\"Domovsk\u00e1 str\u00e1nka\",\"item\":\"https:\/\/vzduchovetlmice.sk\/\"},{\"@type\":\"ListItem\",\"position\":2,\"name\":\"Obchod\",\"item\":\"https:\/\/vzduchovetlmice.sk\/obchod\/\"},{\"@type\":\"ListItem\",\"position\":3,\"name\":\"Senzor mrtv\u00e9ho \u00fahlu &#8211; Jeep Grand Cherokee\"}]},{\"@type\":\"WebSite\",\"@id\":\"https:\/\/vzduchovetlmice.sk\/#website\",\"url\":\"https:\/\/vzduchovetlmice.sk\/\",\"name\":\"VzduchoveTlmice.sk\",\"description\":\"predaj dielov pre vzduchov\u00fd podvozok\",\"potentialAction\":[{\"@type\":\"SearchAction\",\"target\":{\"@type\":\"EntryPoint\",\"urlTemplate\":\"https:\/\/vzduchovetlmice.sk\/?s={search_term_string}\"},\"query-input\":{\"@type\":\"PropertyValueSpecification\",\"valueRequired\":true,\"valueName\":\"search_term_string\"}}],\"inLanguage\":\"cs\"}]}<\/script>\n<!-- \/ Yoast SEO Premium plugin. -->","yoast_head_json":{"title":"Senzor mrtv\u00e9ho \u00fahlu - Jeep Grand Cherokee","description":"Nov\u00fd senzor mrtv\u00e9ho \u00fahlu (asistent zm\u011bny j\u00edzdn\u00edho pruhu) na Jeep Grand Cherokee (2016-2020). Rychl\u00e1 a snadn\u00e1 mont\u00e1\u017e, nen\u00ed zapot\u0159eb\u00ed \u017e\u00e1dn\u00e9 k\u00f3dov\u00e1n\u00ed ani p\u0159eprogramov\u00e1n\u00ed, sta\u010d\u00ed jen namontovat a m\u016f\u017eete ihned pou\u017e\u00edvat. OEM: 68265570AB, 68265570AC, 68265570AD, 68265570AE, 68265570AF, 68418245AB, 68418245AC, 68418245AA, 68265570, 68418245, senzor mrtv\u00fd \u00fahel, \u0159\u00edd\u00edc\u00ed jednotka, blind spot detection sensor","robots":{"index":"index","follow":"follow","max-snippet":"max-snippet:-1","max-image-preview":"max-image-preview:large","max-video-preview":"max-video-preview:-1"},"canonical":"https:\/\/vzduchovetlmice.sk\/cs\/produkty\/senzor-mrtveho-uhlu-jeep-grand-cherokee\/","og_locale":"cs_CZ","og_type":"article","og_title":"Senzor mrtv\u00e9ho \u00fahlu - Jeep Grand Cherokee","og_description":"Nov\u00fd senzor mrtv\u00e9ho \u00fahlu (asistent zm\u011bny j\u00edzdn\u00edho pruhu) na Jeep Grand Cherokee (2016-2020). Rychl\u00e1 a snadn\u00e1 mont\u00e1\u017e, nen\u00ed zapot\u0159eb\u00ed \u017e\u00e1dn\u00e9 k\u00f3dov\u00e1n\u00ed ani p\u0159eprogramov\u00e1n\u00ed, sta\u010d\u00ed jen namontovat a m\u016f\u017eete ihned pou\u017e\u00edvat. OEM: 68265570AB, 68265570AC, 68265570AD, 68265570AE, 68265570AF, 68418245AB, 68418245AC, 68418245AA, 68265570, 68418245, senzor mrtv\u00fd \u00fahel, \u0159\u00edd\u00edc\u00ed jednotka, blind spot detection sensor","og_url":"https:\/\/vzduchovetlmice.sk\/cs\/produkty\/senzor-mrtveho-uhlu-jeep-grand-cherokee\/","og_site_name":"VzduchoveTlmice.sk","article_modified_time":"2026-02-25T15:13:43+00:00","og_image":[{"width":1000,"height":1000,"url":"https:\/\/vzduchovetlmice.sk\/wp-content\/uploads\/2026\/01\/Senzor-mrtveho-uhla-Jeep-Grand-Cherokee-68265570AB-68265570AC-68265570AD-68265570AE-68265570AF-68418245AB-68418245AC-68418245AA-68265570-68418245.jpg","type":"image\/jpeg"}],"twitter_card":"summary_large_image","twitter_misc":{"Odhadovan\u00e1 doba \u010dten\u00ed":"1 minuta"},"schema":{"@context":"https:\/\/schema.org","@graph":[{"@type":"WebPage","@id":"https:\/\/vzduchovetlmice.sk\/cs\/produkty\/senzor-mrtveho-uhlu-jeep-grand-cherokee\/","url":"https:\/\/vzduchovetlmice.sk\/cs\/produkty\/senzor-mrtveho-uhlu-jeep-grand-cherokee\/","name":"Senzor mrtv\u00e9ho \u00fahlu - Jeep Grand Cherokee","isPartOf":{"@id":"https:\/\/vzduchovetlmice.sk\/#website"},"primaryImageOfPage":{"@id":"https:\/\/vzduchovetlmice.sk\/cs\/produkty\/senzor-mrtveho-uhlu-jeep-grand-cherokee\/#primaryimage"},"image":{"@id":"https:\/\/vzduchovetlmice.sk\/cs\/produkty\/senzor-mrtveho-uhlu-jeep-grand-cherokee\/#primaryimage"},"thumbnailUrl":"https:\/\/vzduchovetlmice.sk\/wp-content\/uploads\/2026\/01\/Senzor-mrtveho-uhla-Jeep-Grand-Cherokee-68265570AB-68265570AC-68265570AD-68265570AE-68265570AF-68418245AB-68418245AC-68418245AA-68265570-68418245.jpg","datePublished":"2026-01-13T15:07:32+00:00","dateModified":"2026-02-25T15:13:43+00:00","description":"Nov\u00fd senzor mrtv\u00e9ho \u00fahlu (asistent zm\u011bny j\u00edzdn\u00edho pruhu) na Jeep Grand Cherokee (2016-2020). Rychl\u00e1 a snadn\u00e1 mont\u00e1\u017e, nen\u00ed zapot\u0159eb\u00ed \u017e\u00e1dn\u00e9 k\u00f3dov\u00e1n\u00ed ani p\u0159eprogramov\u00e1n\u00ed, sta\u010d\u00ed jen namontovat a m\u016f\u017eete ihned pou\u017e\u00edvat. OEM: 68265570AB, 68265570AC, 68265570AD, 68265570AE, 68265570AF, 68418245AB, 68418245AC, 68418245AA, 68265570, 68418245, senzor mrtv\u00fd \u00fahel, \u0159\u00edd\u00edc\u00ed jednotka, blind spot detection sensor","breadcrumb":{"@id":"https:\/\/vzduchovetlmice.sk\/cs\/produkty\/senzor-mrtveho-uhlu-jeep-grand-cherokee\/#breadcrumb"},"inLanguage":"cs","potentialAction":[{"@type":"ReadAction","target":["https:\/\/vzduchovetlmice.sk\/cs\/produkty\/senzor-mrtveho-uhlu-jeep-grand-cherokee\/"]}]},{"@type":"ImageObject","inLanguage":"cs","@id":"https:\/\/vzduchovetlmice.sk\/cs\/produkty\/senzor-mrtveho-uhlu-jeep-grand-cherokee\/#primaryimage","url":"https:\/\/vzduchovetlmice.sk\/wp-content\/uploads\/2026\/01\/Senzor-mrtveho-uhla-Jeep-Grand-Cherokee-68265570AB-68265570AC-68265570AD-68265570AE-68265570AF-68418245AB-68418245AC-68418245AA-68265570-68418245.jpg","contentUrl":"https:\/\/vzduchovetlmice.sk\/wp-content\/uploads\/2026\/01\/Senzor-mrtveho-uhla-Jeep-Grand-Cherokee-68265570AB-68265570AC-68265570AD-68265570AE-68265570AF-68418245AB-68418245AC-68418245AA-68265570-68418245.jpg","width":1000,"height":1000,"caption":"Senzor m\u0155tveho uhla - Jeep Grand Cherokee, 68265570AB, 68265570AC, 68265570AD, 68265570AE, 68265570AF, 68418245AB, 68418245AC, 68418245AA, 68265570, 68418245"},{"@type":"BreadcrumbList","@id":"https:\/\/vzduchovetlmice.sk\/cs\/produkty\/senzor-mrtveho-uhlu-jeep-grand-cherokee\/#breadcrumb","itemListElement":[{"@type":"ListItem","position":1,"name":"Domovsk\u00e1 str\u00e1nka","item":"https:\/\/vzduchovetlmice.sk\/"},{"@type":"ListItem","position":2,"name":"Obchod","item":"https:\/\/vzduchovetlmice.sk\/obchod\/"},{"@type":"ListItem","position":3,"name":"Senzor mrtv\u00e9ho \u00fahlu &#8211; Jeep Grand Cherokee"}]},{"@type":"WebSite","@id":"https:\/\/vzduchovetlmice.sk\/#website","url":"https:\/\/vzduchovetlmice.sk\/","name":"VzduchoveTlmice.sk","description":"predaj dielov pre vzduchov\u00fd podvozok","potentialAction":[{"@type":"SearchAction","target":{"@type":"EntryPoint","urlTemplate":"https:\/\/vzduchovetlmice.sk\/?s={search_term_string}"},"query-input":{"@type":"PropertyValueSpecification","valueRequired":true,"valueName":"search_term_string"}}],"inLanguage":"cs"}]}},"_links":{"self":[{"href":"https:\/\/vzduchovetlmice.sk\/cs\/wp-json\/wp\/v2\/product\/103009","targetHints":{"allow":["GET"]}}],"collection":[{"href":"https:\/\/vzduchovetlmice.sk\/cs\/wp-json\/wp\/v2\/product"}],"about":[{"href":"https:\/\/vzduchovetlmice.sk\/cs\/wp-json\/wp\/v2\/types\/product"}],"wp:featuredmedia":[{"embeddable":true,"href":"https:\/\/vzduchovetlmice.sk\/cs\/wp-json\/wp\/v2\/media\/103296"}],"wp:attachment":[{"href":"https:\/\/vzduchovetlmice.sk\/cs\/wp-json\/wp\/v2\/media?parent=103009"}],"wp:term":[{"taxonomy":"product_brand","embeddable":true,"href":"https:\/\/vzduchovetlmice.sk\/cs\/wp-json\/wp\/v2\/product_brand?post=103009"},{"taxonomy":"product_cat","embeddable":true,"href":"https:\/\/vzduchovetlmice.sk\/cs\/wp-json\/wp\/v2\/product_cat?post=103009"},{"taxonomy":"product_tag","embeddable":true,"href":"https:\/\/vzduchovetlmice.sk\/cs\/wp-json\/wp\/v2\/product_tag?post=103009"}],"curies":[{"name":"wp","href":"https:\/\/api.w.org\/{rel}","templated":true}]}}