{"id":103293,"date":"2026-02-22T19:42:02","date_gmt":"2026-02-22T19:42:02","guid":{"rendered":"https:\/\/vzduchovetlmice.sk\/?post_type=product&#038;p=103293"},"modified":"2026-02-22T20:05:51","modified_gmt":"2026-02-22T20:05:51","slug":"ventilova-jednotka-bmw-7-g11-g12-6-otvoru","status":"publish","type":"product","link":"https:\/\/vzduchovetlmice.sk\/cs\/produkty\/ventilova-jednotka-bmw-7-g11-g12-6-otvoru\/","title":{"rendered":"Ventilov\u00e1 jednotka BMW 7 G11\/G12 &#8211; 6 otvor\u016f"},"content":{"rendered":"<h3><strong>Dal\u0161\u00ed informace:<\/strong><\/h3>\n<p>Nov\u00e1 ventilov\u00e1 jednotka (ventilov\u00fd blok) vzduchov\u00e9ho kompresoru podvozku pro BMW 7 G11\/G12 (2015 &#8211; 2022) &#8211; 6 otvor\u016f.<\/p>\n<p>Jedn\u00e1 se o origin\u00e1ln\u00ed d\u00edl dod\u00e1van\u00fd do prvov\u00fdroby (RAPA \u2013 prvov\u00fdroba).<\/p>\n<h4><strong>Origin\u00e1ln\u00ed v\u00fdrobn\u00ed \u010d\u00edsla (OEM):<\/strong><\/h4>\n<div id=\"after-product-details\" class=\"after-product-details ic_tabs_container\">\n<p>37206884682, 37.20-6 884 682, 6884682, 4725530110, OES WABCO, 4154034370, 4154039002, RAPA,\u00a0 LF40, LF40S, 190316<\/p>\n<\/div>\n","protected":false},"excerpt":{"rendered":"<p><strong>Zna\u010dka: <\/strong>BMW<\/p>\n<p><strong>Model:<\/strong> BMW 7 G11\/G12 (2015 &#8211; 2022)<\/p>\n<p><strong>Typ:<\/strong> 6 otvor\u016f (napojen\u00ed)<\/p>\n<p><strong>V\u00fdrobce: <\/strong>RAPA \u2013 Made in Germany<\/p>\n<p><strong>Stav:\u00a0<\/strong>Nov\u00e9<\/p>\n<p><strong>Z\u00e1ruka:\u00a0<\/strong>2 roky<\/p>\n<p><strong>Dostupnost:<\/strong>\u00a0<span style=\"color: #00ff00;\"><strong>Skladem<\/strong><\/span><\/p>\n","protected":false},"featured_media":103400,"template":"","meta":{"_et_pb_use_builder":"","_et_pb_old_content":"","_et_gb_content_width":""},"product_brand":[482],"product_cat":[527,334],"product_tag":[],"class_list":{"0":"post-103293","1":"product","2":"type-product","3":"status-publish","4":"has-post-thumbnail","6":"product_brand-bmw","7":"product_cat-7-g11-g12-2015-2022-cs","8":"product_cat-bmw-cs","10":"first","11":"instock","12":"shipping-taxable","13":"purchasable","14":"product-type-simple"},"yoast_head":"<!-- This site is optimized with the Yoast SEO Premium plugin v24.9 (Yoast SEO v27.1.1) - https:\/\/yoast.com\/product\/yoast-seo-premium-wordpress\/ -->\n<title>Ventilov\u00e1 jednotka BMW 7 G11\/G12 - 6 otvor\u016f<\/title>\n<meta name=\"description\" content=\"Nov\u00e1 ventilov\u00e1 jednotka (ventilov\u00fd blok) vzduchov\u00e9ho kompresoru podvozku pro BMW 7 G11\/G12 (2015 - 2022) - 6 otvor\u016f. Jedn\u00e1 se o origin\u00e1ln\u00ed d\u00edl dod\u00e1van\u00fd do prvov\u00fdroby (RAPA \u2013 prvov\u00fdroba). OEM: 37206884682, 37.20-6 884 682, 6884682, 4725530110, OES WABCO, 4154034370, 4154039002, RAPA,\u00a0 LF40, LF40S, 190316\" \/>\n<meta name=\"robots\" content=\"index, follow, max-snippet:-1, max-image-preview:large, max-video-preview:-1\" \/>\n<link rel=\"canonical\" href=\"https:\/\/vzduchovetlmice.sk\/cs\/produkty\/ventilova-jednotka-bmw-7-g11-g12-6-otvoru\/\" \/>\n<meta property=\"og:locale\" content=\"cs_CZ\" \/>\n<meta property=\"og:type\" content=\"article\" \/>\n<meta property=\"og:title\" content=\"Ventilov\u00e1 jednotka BMW 7 G11\/G12 - 6 otvor\u016f\" \/>\n<meta property=\"og:description\" content=\"Nov\u00e1 ventilov\u00e1 jednotka (ventilov\u00fd blok) vzduchov\u00e9ho kompresoru podvozku pro BMW 7 G11\/G12 (2015 - 2022) - 6 otvor\u016f. Jedn\u00e1 se o origin\u00e1ln\u00ed d\u00edl dod\u00e1van\u00fd do prvov\u00fdroby (RAPA \u2013 prvov\u00fdroba). OEM: 37206884682, 37.20-6 884 682, 6884682, 4725530110, OES WABCO, 4154034370, 4154039002, RAPA,\u00a0 LF40, LF40S, 190316\" \/>\n<meta property=\"og:url\" content=\"https:\/\/vzduchovetlmice.sk\/cs\/produkty\/ventilova-jednotka-bmw-7-g11-g12-6-otvoru\/\" \/>\n<meta property=\"og:site_name\" content=\"VzduchoveTlmice.sk\" \/>\n<meta property=\"article:modified_time\" content=\"2026-02-22T20:05:51+00:00\" \/>\n<meta name=\"twitter:card\" content=\"summary_large_image\" \/>\n<meta name=\"twitter:label1\" content=\"Odhadovan\u00e1 doba \u010dten\u00ed\" \/>\n\t<meta name=\"twitter:data1\" content=\"1 minuta\" \/>\n<script type=\"application\/ld+json\" class=\"yoast-schema-graph\">{\"@context\":\"https:\/\/schema.org\",\"@graph\":[{\"@type\":\"WebPage\",\"@id\":\"https:\/\/vzduchovetlmice.sk\/cs\/produkty\/ventilova-jednotka-bmw-7-g11-g12-6-otvoru\/\",\"url\":\"https:\/\/vzduchovetlmice.sk\/cs\/produkty\/ventilova-jednotka-bmw-7-g11-g12-6-otvoru\/\",\"name\":\"Ventilov\u00e1 jednotka BMW 7 G11\/G12 - 6 otvor\u016f\",\"isPartOf\":{\"@id\":\"https:\/\/vzduchovetlmice.sk\/#website\"},\"primaryImageOfPage\":{\"@id\":\"https:\/\/vzduchovetlmice.sk\/cs\/produkty\/ventilova-jednotka-bmw-7-g11-g12-6-otvoru\/#primaryimage\"},\"image\":{\"@id\":\"https:\/\/vzduchovetlmice.sk\/cs\/produkty\/ventilova-jednotka-bmw-7-g11-g12-6-otvoru\/#primaryimage\"},\"thumbnailUrl\":\"https:\/\/vzduchovetlmice.sk\/wp-content\/uploads\/2026\/02\/Ventilova-jednotka-BMW-7-G11-G12-6-otvorov-RAPA-37206884682-37.20-6-884-682-6884682-4725530110-WABCO.jpg\",\"datePublished\":\"2026-02-22T19:42:02+00:00\",\"dateModified\":\"2026-02-22T20:05:51+00:00\",\"description\":\"Nov\u00e1 ventilov\u00e1 jednotka (ventilov\u00fd blok) vzduchov\u00e9ho kompresoru podvozku pro BMW 7 G11\/G12 (2015 - 2022) - 6 otvor\u016f. Jedn\u00e1 se o origin\u00e1ln\u00ed d\u00edl dod\u00e1van\u00fd do prvov\u00fdroby (RAPA \u2013 prvov\u00fdroba). OEM: 37206884682, 37.20-6 884 682, 6884682, 4725530110, OES WABCO, 4154034370, 4154039002, RAPA,\u00a0 LF40, LF40S, 190316\",\"breadcrumb\":{\"@id\":\"https:\/\/vzduchovetlmice.sk\/cs\/produkty\/ventilova-jednotka-bmw-7-g11-g12-6-otvoru\/#breadcrumb\"},\"inLanguage\":\"cs\",\"potentialAction\":[{\"@type\":\"ReadAction\",\"target\":[\"https:\/\/vzduchovetlmice.sk\/cs\/produkty\/ventilova-jednotka-bmw-7-g11-g12-6-otvoru\/\"]}]},{\"@type\":\"ImageObject\",\"inLanguage\":\"cs\",\"@id\":\"https:\/\/vzduchovetlmice.sk\/cs\/produkty\/ventilova-jednotka-bmw-7-g11-g12-6-otvoru\/#primaryimage\",\"url\":\"https:\/\/vzduchovetlmice.sk\/wp-content\/uploads\/2026\/02\/Ventilova-jednotka-BMW-7-G11-G12-6-otvorov-RAPA-37206884682-37.20-6-884-682-6884682-4725530110-WABCO.jpg\",\"contentUrl\":\"https:\/\/vzduchovetlmice.sk\/wp-content\/uploads\/2026\/02\/Ventilova-jednotka-BMW-7-G11-G12-6-otvorov-RAPA-37206884682-37.20-6-884-682-6884682-4725530110-WABCO.jpg\",\"width\":1000,\"height\":1000,\"caption\":\"Ventilov\u00e1 jednotka BMW 7 G11, G12, 6 otvorov, RAPA, 37206884682, 37.20-6 884 682, 6884682, 4725530110, WABCO\"},{\"@type\":\"BreadcrumbList\",\"@id\":\"https:\/\/vzduchovetlmice.sk\/cs\/produkty\/ventilova-jednotka-bmw-7-g11-g12-6-otvoru\/#breadcrumb\",\"itemListElement\":[{\"@type\":\"ListItem\",\"position\":1,\"name\":\"Domovsk\u00e1 str\u00e1nka\",\"item\":\"https:\/\/vzduchovetlmice.sk\/\"},{\"@type\":\"ListItem\",\"position\":2,\"name\":\"Obchod\",\"item\":\"https:\/\/vzduchovetlmice.sk\/obchod\/\"},{\"@type\":\"ListItem\",\"position\":3,\"name\":\"Ventilov\u00e1 jednotka BMW 7 G11\/G12 &#8211; 6 otvor\u016f\"}]},{\"@type\":\"WebSite\",\"@id\":\"https:\/\/vzduchovetlmice.sk\/#website\",\"url\":\"https:\/\/vzduchovetlmice.sk\/\",\"name\":\"VzduchoveTlmice.sk\",\"description\":\"predaj dielov pre vzduchov\u00fd podvozok\",\"potentialAction\":[{\"@type\":\"SearchAction\",\"target\":{\"@type\":\"EntryPoint\",\"urlTemplate\":\"https:\/\/vzduchovetlmice.sk\/?s={search_term_string}\"},\"query-input\":{\"@type\":\"PropertyValueSpecification\",\"valueRequired\":true,\"valueName\":\"search_term_string\"}}],\"inLanguage\":\"cs\"}]}<\/script>\n<!-- \/ Yoast SEO Premium plugin. -->","yoast_head_json":{"title":"Ventilov\u00e1 jednotka BMW 7 G11\/G12 - 6 otvor\u016f","description":"Nov\u00e1 ventilov\u00e1 jednotka (ventilov\u00fd blok) vzduchov\u00e9ho kompresoru podvozku pro BMW 7 G11\/G12 (2015 - 2022) - 6 otvor\u016f. Jedn\u00e1 se o origin\u00e1ln\u00ed d\u00edl dod\u00e1van\u00fd do prvov\u00fdroby (RAPA \u2013 prvov\u00fdroba). OEM: 37206884682, 37.20-6 884 682, 6884682, 4725530110, OES WABCO, 4154034370, 4154039002, RAPA,\u00a0 LF40, LF40S, 190316","robots":{"index":"index","follow":"follow","max-snippet":"max-snippet:-1","max-image-preview":"max-image-preview:large","max-video-preview":"max-video-preview:-1"},"canonical":"https:\/\/vzduchovetlmice.sk\/cs\/produkty\/ventilova-jednotka-bmw-7-g11-g12-6-otvoru\/","og_locale":"cs_CZ","og_type":"article","og_title":"Ventilov\u00e1 jednotka BMW 7 G11\/G12 - 6 otvor\u016f","og_description":"Nov\u00e1 ventilov\u00e1 jednotka (ventilov\u00fd blok) vzduchov\u00e9ho kompresoru podvozku pro BMW 7 G11\/G12 (2015 - 2022) - 6 otvor\u016f. Jedn\u00e1 se o origin\u00e1ln\u00ed d\u00edl dod\u00e1van\u00fd do prvov\u00fdroby (RAPA \u2013 prvov\u00fdroba). OEM: 37206884682, 37.20-6 884 682, 6884682, 4725530110, OES WABCO, 4154034370, 4154039002, RAPA,\u00a0 LF40, LF40S, 190316","og_url":"https:\/\/vzduchovetlmice.sk\/cs\/produkty\/ventilova-jednotka-bmw-7-g11-g12-6-otvoru\/","og_site_name":"VzduchoveTlmice.sk","article_modified_time":"2026-02-22T20:05:51+00:00","twitter_card":"summary_large_image","twitter_misc":{"Odhadovan\u00e1 doba \u010dten\u00ed":"1 minuta"},"schema":{"@context":"https:\/\/schema.org","@graph":[{"@type":"WebPage","@id":"https:\/\/vzduchovetlmice.sk\/cs\/produkty\/ventilova-jednotka-bmw-7-g11-g12-6-otvoru\/","url":"https:\/\/vzduchovetlmice.sk\/cs\/produkty\/ventilova-jednotka-bmw-7-g11-g12-6-otvoru\/","name":"Ventilov\u00e1 jednotka BMW 7 G11\/G12 - 6 otvor\u016f","isPartOf":{"@id":"https:\/\/vzduchovetlmice.sk\/#website"},"primaryImageOfPage":{"@id":"https:\/\/vzduchovetlmice.sk\/cs\/produkty\/ventilova-jednotka-bmw-7-g11-g12-6-otvoru\/#primaryimage"},"image":{"@id":"https:\/\/vzduchovetlmice.sk\/cs\/produkty\/ventilova-jednotka-bmw-7-g11-g12-6-otvoru\/#primaryimage"},"thumbnailUrl":"https:\/\/vzduchovetlmice.sk\/wp-content\/uploads\/2026\/02\/Ventilova-jednotka-BMW-7-G11-G12-6-otvorov-RAPA-37206884682-37.20-6-884-682-6884682-4725530110-WABCO.jpg","datePublished":"2026-02-22T19:42:02+00:00","dateModified":"2026-02-22T20:05:51+00:00","description":"Nov\u00e1 ventilov\u00e1 jednotka (ventilov\u00fd blok) vzduchov\u00e9ho kompresoru podvozku pro BMW 7 G11\/G12 (2015 - 2022) - 6 otvor\u016f. Jedn\u00e1 se o origin\u00e1ln\u00ed d\u00edl dod\u00e1van\u00fd do prvov\u00fdroby (RAPA \u2013 prvov\u00fdroba). OEM: 37206884682, 37.20-6 884 682, 6884682, 4725530110, OES WABCO, 4154034370, 4154039002, RAPA,\u00a0 LF40, LF40S, 190316","breadcrumb":{"@id":"https:\/\/vzduchovetlmice.sk\/cs\/produkty\/ventilova-jednotka-bmw-7-g11-g12-6-otvoru\/#breadcrumb"},"inLanguage":"cs","potentialAction":[{"@type":"ReadAction","target":["https:\/\/vzduchovetlmice.sk\/cs\/produkty\/ventilova-jednotka-bmw-7-g11-g12-6-otvoru\/"]}]},{"@type":"ImageObject","inLanguage":"cs","@id":"https:\/\/vzduchovetlmice.sk\/cs\/produkty\/ventilova-jednotka-bmw-7-g11-g12-6-otvoru\/#primaryimage","url":"https:\/\/vzduchovetlmice.sk\/wp-content\/uploads\/2026\/02\/Ventilova-jednotka-BMW-7-G11-G12-6-otvorov-RAPA-37206884682-37.20-6-884-682-6884682-4725530110-WABCO.jpg","contentUrl":"https:\/\/vzduchovetlmice.sk\/wp-content\/uploads\/2026\/02\/Ventilova-jednotka-BMW-7-G11-G12-6-otvorov-RAPA-37206884682-37.20-6-884-682-6884682-4725530110-WABCO.jpg","width":1000,"height":1000,"caption":"Ventilov\u00e1 jednotka BMW 7 G11, G12, 6 otvorov, RAPA, 37206884682, 37.20-6 884 682, 6884682, 4725530110, WABCO"},{"@type":"BreadcrumbList","@id":"https:\/\/vzduchovetlmice.sk\/cs\/produkty\/ventilova-jednotka-bmw-7-g11-g12-6-otvoru\/#breadcrumb","itemListElement":[{"@type":"ListItem","position":1,"name":"Domovsk\u00e1 str\u00e1nka","item":"https:\/\/vzduchovetlmice.sk\/"},{"@type":"ListItem","position":2,"name":"Obchod","item":"https:\/\/vzduchovetlmice.sk\/obchod\/"},{"@type":"ListItem","position":3,"name":"Ventilov\u00e1 jednotka BMW 7 G11\/G12 &#8211; 6 otvor\u016f"}]},{"@type":"WebSite","@id":"https:\/\/vzduchovetlmice.sk\/#website","url":"https:\/\/vzduchovetlmice.sk\/","name":"VzduchoveTlmice.sk","description":"predaj dielov pre vzduchov\u00fd podvozok","potentialAction":[{"@type":"SearchAction","target":{"@type":"EntryPoint","urlTemplate":"https:\/\/vzduchovetlmice.sk\/?s={search_term_string}"},"query-input":{"@type":"PropertyValueSpecification","valueRequired":true,"valueName":"search_term_string"}}],"inLanguage":"cs"}]}},"_links":{"self":[{"href":"https:\/\/vzduchovetlmice.sk\/cs\/wp-json\/wp\/v2\/product\/103293","targetHints":{"allow":["GET"]}}],"collection":[{"href":"https:\/\/vzduchovetlmice.sk\/cs\/wp-json\/wp\/v2\/product"}],"about":[{"href":"https:\/\/vzduchovetlmice.sk\/cs\/wp-json\/wp\/v2\/types\/product"}],"wp:featuredmedia":[{"embeddable":true,"href":"https:\/\/vzduchovetlmice.sk\/cs\/wp-json\/wp\/v2\/media\/103400"}],"wp:attachment":[{"href":"https:\/\/vzduchovetlmice.sk\/cs\/wp-json\/wp\/v2\/media?parent=103293"}],"wp:term":[{"taxonomy":"product_brand","embeddable":true,"href":"https:\/\/vzduchovetlmice.sk\/cs\/wp-json\/wp\/v2\/product_brand?post=103293"},{"taxonomy":"product_cat","embeddable":true,"href":"https:\/\/vzduchovetlmice.sk\/cs\/wp-json\/wp\/v2\/product_cat?post=103293"},{"taxonomy":"product_tag","embeddable":true,"href":"https:\/\/vzduchovetlmice.sk\/cs\/wp-json\/wp\/v2\/product_tag?post=103293"}],"curies":[{"name":"wp","href":"https:\/\/api.w.org\/{rel}","templated":true}]}}