{"id":103843,"date":"2026-03-17T11:31:47","date_gmt":"2026-03-17T11:31:47","guid":{"rendered":"https:\/\/vzduchovetlmice.sk\/?post_type=product&#038;p=103843"},"modified":"2026-03-17T21:03:49","modified_gmt":"2026-03-17T21:03:49","slug":"ventil-vzduchoveho-mechu-audi-q7-4m-audi-q8-4m-plastovy","status":"publish","type":"product","link":"https:\/\/vzduchovetlmice.sk\/cs\/produkty\/ventil-vzduchoveho-mechu-audi-q7-4m-audi-q8-4m-plastovy\/","title":{"rendered":"Ventil vzduchov\u00e9ho m\u011bchu Audi Q7 4M, Audi Q8 4M &#8211; plastov\u00fd"},"content":{"rendered":"<h3><strong>Dal\u0161\u00ed informace:<\/strong><\/h3>\n<p>Nov\u00fd p\u0159etlakov\u00fd ventil p\u0159edn\u00edho vzduchov\u00e9ho m\u011bchu \/tlumi\u010de Audi Q7 4M (2015-2026), Audi Q8 4M (2018-2026) a Audi SQ7 4M (2015-2026), Audi SQ8 4M (2018-2026).<\/p>\n<p>P\u0159etlakov\u00fd ventil se prod\u00e1v\u00e1 s origin\u00e1ln\u00edm mosazn\u00fdm holendrem (dr\u017e\u00e1k hadi\u010dky) zna\u010dky VOSS.<\/p>\n<h4><strong>Origin\u00e1ln\u00ed v\u00fdrobn\u00ed \u010d\u00edsla (OEM):<\/strong><\/h4>\n<p>4M0616039AD, 4M0616039AC, 4M0616039AE, 4M0616039BF, 4M0616039AT, 4M0616039BD, 4M0616039BB, 4M0616040AD, 4M0616040AC, 4M0 616 039 AD, 4M0 616 039 AC, 4M0 616 039 AE, 4M0 616039 BF, 4M0 616 039 AT, 4M0 616 039 BD, 4M0 616 039 BB, 4M0 616 040 AD, 4M0 616 040 AC<\/p>\n","protected":false},"excerpt":{"rendered":"<p><strong>Zna\u010dka: <\/strong>Audi<\/p>\n<p><strong>Model:<\/strong> Audi Q7 4M (2015 \u2013 ), Audi SQ7 4M (2015 \u2013 ), Audi Q8 4M (2018 \u2013 ), Audi SQ8 4M (2018 \u2013 )<\/p>\n<p><strong>Poloha: <\/strong>P\u0159edn\u00ed n\u00e1prava vpravo\/vlevo<\/p>\n<p><strong>V\u00fdrobce: <\/strong>OEM \/ VOSS<\/p>\n<p><strong>Stav:\u00a0<\/strong>Nov\u00e9<\/p>\n<p><strong>Z\u00e1ruka:\u00a0<\/strong>2 roky<\/p>\n<p><strong>Dostupnost:<\/strong>\u00a0<span style=\"color: #00ff00;\"><strong>Skladem<\/strong><\/span><\/p>\n","protected":false},"featured_media":103926,"template":"","meta":{"_et_pb_use_builder":"","_et_pb_old_content":"","_et_gb_content_width":""},"product_brand":[46],"product_cat":[330,507,508],"product_tag":[],"class_list":{"0":"post-103843","1":"product","2":"type-product","3":"status-publish","4":"has-post-thumbnail","6":"product_brand-audi","7":"product_cat-audi-cs","8":"product_cat-q7-4m-2015-2025-cs","9":"product_cat-q8-4m-2018-2025-cs","11":"first","12":"instock","13":"shipping-taxable","14":"purchasable","15":"product-type-simple"},"yoast_head":"<!-- This site is optimized with the Yoast SEO Premium plugin v24.9 (Yoast SEO v27.1.1) - https:\/\/yoast.com\/product\/yoast-seo-premium-wordpress\/ -->\n<title>Ventil vzduchov\u00e9ho m\u011bchu Audi Q7 4M, Audi Q8 4M - VOSS<\/title>\n<meta name=\"description\" content=\"Nov\u00fd p\u0159etlakov\u00fd ventil p\u0159edn\u00edho vzduchov\u00e9ho m\u011bchu \/tlumi\u010de Audi Q7 4M (2015-2026), Audi Q8 4M (2018-2026) a Audi SQ7 4M (2015-2026), Audi SQ8 4M (2018-2026). P\u0159etlakov\u00fd ventil se prod\u00e1v\u00e1 s origin\u00e1ln\u00edm mosazn\u00fdm holendrem (dr\u017e\u00e1k hadi\u010dky) zna\u010dky VOSS.\u00a0OEM: 4M0616039AD, 4M0616039AC, 4M0616039AE, 4M0616039BF, 4M0616039AT, 4M0616039BD, 4M0616039BB, 4M0616040AD, 4M0616040AC, 4M0 616 039 AD, 4M0 616 039 AC, 4M0 616 039 AE, 4M0 616039 BF, 4M0 616 039 AT, 4M0 616 039 BD, 4M0 616 039 BB, 4M0 616 040 AD, 4M0 616 040 AC\" \/>\n<meta name=\"robots\" content=\"index, follow, max-snippet:-1, max-image-preview:large, max-video-preview:-1\" \/>\n<link rel=\"canonical\" href=\"https:\/\/vzduchovetlmice.sk\/cs\/produkty\/ventil-vzduchoveho-mechu-audi-q7-4m-audi-q8-4m-plastovy\/\" \/>\n<meta property=\"og:locale\" content=\"cs_CZ\" \/>\n<meta property=\"og:type\" content=\"article\" \/>\n<meta property=\"og:title\" content=\"Ventil vzduchov\u00e9ho m\u011bchu Audi Q7 4M, Audi Q8 4M - plastov\u00fd\" \/>\n<meta property=\"og:description\" content=\"Nov\u00fd p\u0159etlakov\u00fd ventil p\u0159edn\u00edho vzduchov\u00e9ho m\u011bchu \/tlumi\u010de Audi Q7 4M (2015-2026), Audi Q8 4M (2018-2026) a Audi SQ7 4M (2015-2026), Audi SQ8 4M (2018-2026). P\u0159etlakov\u00fd ventil se prod\u00e1v\u00e1 s origin\u00e1ln\u00edm mosazn\u00fdm holendrem (dr\u017e\u00e1k hadi\u010dky) zna\u010dky VOSS.\u00a0OEM: 4M0616039AD, 4M0616039AC, 4M0616039AE, 4M0616039BF, 4M0616039AT, 4M0616039BD, 4M0616039BB, 4M0616040AD, 4M0616040AC, 4M0 616 039 AD, 4M0 616 039 AC, 4M0 616 039 AE, 4M0 616039 BF, 4M0 616 039 AT, 4M0 616 039 BD, 4M0 616 039 BB, 4M0 616 040 AD, 4M0 616 040 AC\" \/>\n<meta property=\"og:url\" content=\"https:\/\/vzduchovetlmice.sk\/cs\/produkty\/ventil-vzduchoveho-mechu-audi-q7-4m-audi-q8-4m-plastovy\/\" \/>\n<meta property=\"og:site_name\" content=\"VzduchoveTlmice.sk\" \/>\n<meta property=\"article:modified_time\" content=\"2026-03-17T21:03:49+00:00\" \/>\n<meta property=\"og:image\" content=\"https:\/\/vzduchovetlmice.sk\/wp-content\/uploads\/2026\/03\/Ventil-vzduchoveho-vankusa-Audi-Q7-4M-Audi-Q8-4M-voss-4M0-616039-BF-4M0-616-039-AT-4M0-616-039-BD-4M0-616-039-BB.jpg\" \/>\n\t<meta property=\"og:image:width\" content=\"1000\" \/>\n\t<meta property=\"og:image:height\" content=\"1000\" \/>\n\t<meta property=\"og:image:type\" content=\"image\/jpeg\" \/>\n<meta name=\"twitter:card\" content=\"summary_large_image\" \/>\n<meta name=\"twitter:label1\" content=\"Odhadovan\u00e1 doba \u010dten\u00ed\" \/>\n\t<meta name=\"twitter:data1\" content=\"1 minuta\" \/>\n<script type=\"application\/ld+json\" class=\"yoast-schema-graph\">{\"@context\":\"https:\/\/schema.org\",\"@graph\":[{\"@type\":\"WebPage\",\"@id\":\"https:\/\/vzduchovetlmice.sk\/cs\/produkty\/ventil-vzduchoveho-mechu-audi-q7-4m-audi-q8-4m-plastovy\/\",\"url\":\"https:\/\/vzduchovetlmice.sk\/cs\/produkty\/ventil-vzduchoveho-mechu-audi-q7-4m-audi-q8-4m-plastovy\/\",\"name\":\"Ventil vzduchov\u00e9ho m\u011bchu Audi Q7 4M, Audi Q8 4M - VOSS\",\"isPartOf\":{\"@id\":\"https:\/\/vzduchovetlmice.sk\/#website\"},\"primaryImageOfPage\":{\"@id\":\"https:\/\/vzduchovetlmice.sk\/cs\/produkty\/ventil-vzduchoveho-mechu-audi-q7-4m-audi-q8-4m-plastovy\/#primaryimage\"},\"image\":{\"@id\":\"https:\/\/vzduchovetlmice.sk\/cs\/produkty\/ventil-vzduchoveho-mechu-audi-q7-4m-audi-q8-4m-plastovy\/#primaryimage\"},\"thumbnailUrl\":\"https:\/\/vzduchovetlmice.sk\/wp-content\/uploads\/2026\/03\/Ventil-vzduchoveho-vankusa-Audi-Q7-4M-Audi-Q8-4M-voss-4M0-616039-BF-4M0-616-039-AT-4M0-616-039-BD-4M0-616-039-BB.jpg\",\"datePublished\":\"2026-03-17T11:31:47+00:00\",\"dateModified\":\"2026-03-17T21:03:49+00:00\",\"description\":\"Nov\u00fd p\u0159etlakov\u00fd ventil p\u0159edn\u00edho vzduchov\u00e9ho m\u011bchu \/tlumi\u010de Audi Q7 4M (2015-2026), Audi Q8 4M (2018-2026) a Audi SQ7 4M (2015-2026), Audi SQ8 4M (2018-2026). P\u0159etlakov\u00fd ventil se prod\u00e1v\u00e1 s origin\u00e1ln\u00edm mosazn\u00fdm holendrem (dr\u017e\u00e1k hadi\u010dky) zna\u010dky VOSS.\u00a0OEM: 4M0616039AD, 4M0616039AC, 4M0616039AE, 4M0616039BF, 4M0616039AT, 4M0616039BD, 4M0616039BB, 4M0616040AD, 4M0616040AC, 4M0 616 039 AD, 4M0 616 039 AC, 4M0 616 039 AE, 4M0 616039 BF, 4M0 616 039 AT, 4M0 616 039 BD, 4M0 616 039 BB, 4M0 616 040 AD, 4M0 616 040 AC\",\"breadcrumb\":{\"@id\":\"https:\/\/vzduchovetlmice.sk\/cs\/produkty\/ventil-vzduchoveho-mechu-audi-q7-4m-audi-q8-4m-plastovy\/#breadcrumb\"},\"inLanguage\":\"cs\",\"potentialAction\":[{\"@type\":\"ReadAction\",\"target\":[\"https:\/\/vzduchovetlmice.sk\/cs\/produkty\/ventil-vzduchoveho-mechu-audi-q7-4m-audi-q8-4m-plastovy\/\"]}]},{\"@type\":\"ImageObject\",\"inLanguage\":\"cs\",\"@id\":\"https:\/\/vzduchovetlmice.sk\/cs\/produkty\/ventil-vzduchoveho-mechu-audi-q7-4m-audi-q8-4m-plastovy\/#primaryimage\",\"url\":\"https:\/\/vzduchovetlmice.sk\/wp-content\/uploads\/2026\/03\/Ventil-vzduchoveho-vankusa-Audi-Q7-4M-Audi-Q8-4M-voss-4M0-616039-BF-4M0-616-039-AT-4M0-616-039-BD-4M0-616-039-BB.jpg\",\"contentUrl\":\"https:\/\/vzduchovetlmice.sk\/wp-content\/uploads\/2026\/03\/Ventil-vzduchoveho-vankusa-Audi-Q7-4M-Audi-Q8-4M-voss-4M0-616039-BF-4M0-616-039-AT-4M0-616-039-BD-4M0-616-039-BB.jpg\",\"width\":1000,\"height\":1000,\"caption\":\"Ventil vzduchov\u00e9ho vank\u00fa\u0161a Audi Q7 4M, Audi Q8 4M, voss, 4M0 616039 BF, 4M0 616 039 AT, 4M0 616 039 BD, 4M0 616 039 BB\"},{\"@type\":\"BreadcrumbList\",\"@id\":\"https:\/\/vzduchovetlmice.sk\/cs\/produkty\/ventil-vzduchoveho-mechu-audi-q7-4m-audi-q8-4m-plastovy\/#breadcrumb\",\"itemListElement\":[{\"@type\":\"ListItem\",\"position\":1,\"name\":\"Domovsk\u00e1 str\u00e1nka\",\"item\":\"https:\/\/vzduchovetlmice.sk\/\"},{\"@type\":\"ListItem\",\"position\":2,\"name\":\"Obchod\",\"item\":\"https:\/\/vzduchovetlmice.sk\/obchod\/\"},{\"@type\":\"ListItem\",\"position\":3,\"name\":\"Ventil vzduchov\u00e9ho m\u011bchu Audi Q7 4M, Audi Q8 4M &#8211; plastov\u00fd\"}]},{\"@type\":\"WebSite\",\"@id\":\"https:\/\/vzduchovetlmice.sk\/#website\",\"url\":\"https:\/\/vzduchovetlmice.sk\/\",\"name\":\"VzduchoveTlmice.sk\",\"description\":\"predaj dielov pre vzduchov\u00fd podvozok\",\"potentialAction\":[{\"@type\":\"SearchAction\",\"target\":{\"@type\":\"EntryPoint\",\"urlTemplate\":\"https:\/\/vzduchovetlmice.sk\/?s={search_term_string}\"},\"query-input\":{\"@type\":\"PropertyValueSpecification\",\"valueRequired\":true,\"valueName\":\"search_term_string\"}}],\"inLanguage\":\"cs\"}]}<\/script>\n<!-- \/ Yoast SEO Premium plugin. -->","yoast_head_json":{"title":"Ventil vzduchov\u00e9ho m\u011bchu Audi Q7 4M, Audi Q8 4M - VOSS","description":"Nov\u00fd p\u0159etlakov\u00fd ventil p\u0159edn\u00edho vzduchov\u00e9ho m\u011bchu \/tlumi\u010de Audi Q7 4M (2015-2026), Audi Q8 4M (2018-2026) a Audi SQ7 4M (2015-2026), Audi SQ8 4M (2018-2026). P\u0159etlakov\u00fd ventil se prod\u00e1v\u00e1 s origin\u00e1ln\u00edm mosazn\u00fdm holendrem (dr\u017e\u00e1k hadi\u010dky) zna\u010dky VOSS.\u00a0OEM: 4M0616039AD, 4M0616039AC, 4M0616039AE, 4M0616039BF, 4M0616039AT, 4M0616039BD, 4M0616039BB, 4M0616040AD, 4M0616040AC, 4M0 616 039 AD, 4M0 616 039 AC, 4M0 616 039 AE, 4M0 616039 BF, 4M0 616 039 AT, 4M0 616 039 BD, 4M0 616 039 BB, 4M0 616 040 AD, 4M0 616 040 AC","robots":{"index":"index","follow":"follow","max-snippet":"max-snippet:-1","max-image-preview":"max-image-preview:large","max-video-preview":"max-video-preview:-1"},"canonical":"https:\/\/vzduchovetlmice.sk\/cs\/produkty\/ventil-vzduchoveho-mechu-audi-q7-4m-audi-q8-4m-plastovy\/","og_locale":"cs_CZ","og_type":"article","og_title":"Ventil vzduchov\u00e9ho m\u011bchu Audi Q7 4M, Audi Q8 4M - plastov\u00fd","og_description":"Nov\u00fd p\u0159etlakov\u00fd ventil p\u0159edn\u00edho vzduchov\u00e9ho m\u011bchu \/tlumi\u010de Audi Q7 4M (2015-2026), Audi Q8 4M (2018-2026) a Audi SQ7 4M (2015-2026), Audi SQ8 4M (2018-2026). P\u0159etlakov\u00fd ventil se prod\u00e1v\u00e1 s origin\u00e1ln\u00edm mosazn\u00fdm holendrem (dr\u017e\u00e1k hadi\u010dky) zna\u010dky VOSS.\u00a0OEM: 4M0616039AD, 4M0616039AC, 4M0616039AE, 4M0616039BF, 4M0616039AT, 4M0616039BD, 4M0616039BB, 4M0616040AD, 4M0616040AC, 4M0 616 039 AD, 4M0 616 039 AC, 4M0 616 039 AE, 4M0 616039 BF, 4M0 616 039 AT, 4M0 616 039 BD, 4M0 616 039 BB, 4M0 616 040 AD, 4M0 616 040 AC","og_url":"https:\/\/vzduchovetlmice.sk\/cs\/produkty\/ventil-vzduchoveho-mechu-audi-q7-4m-audi-q8-4m-plastovy\/","og_site_name":"VzduchoveTlmice.sk","article_modified_time":"2026-03-17T21:03:49+00:00","og_image":[{"width":1000,"height":1000,"url":"https:\/\/vzduchovetlmice.sk\/wp-content\/uploads\/2026\/03\/Ventil-vzduchoveho-vankusa-Audi-Q7-4M-Audi-Q8-4M-voss-4M0-616039-BF-4M0-616-039-AT-4M0-616-039-BD-4M0-616-039-BB.jpg","type":"image\/jpeg"}],"twitter_card":"summary_large_image","twitter_misc":{"Odhadovan\u00e1 doba \u010dten\u00ed":"1 minuta"},"schema":{"@context":"https:\/\/schema.org","@graph":[{"@type":"WebPage","@id":"https:\/\/vzduchovetlmice.sk\/cs\/produkty\/ventil-vzduchoveho-mechu-audi-q7-4m-audi-q8-4m-plastovy\/","url":"https:\/\/vzduchovetlmice.sk\/cs\/produkty\/ventil-vzduchoveho-mechu-audi-q7-4m-audi-q8-4m-plastovy\/","name":"Ventil vzduchov\u00e9ho m\u011bchu Audi Q7 4M, Audi Q8 4M - VOSS","isPartOf":{"@id":"https:\/\/vzduchovetlmice.sk\/#website"},"primaryImageOfPage":{"@id":"https:\/\/vzduchovetlmice.sk\/cs\/produkty\/ventil-vzduchoveho-mechu-audi-q7-4m-audi-q8-4m-plastovy\/#primaryimage"},"image":{"@id":"https:\/\/vzduchovetlmice.sk\/cs\/produkty\/ventil-vzduchoveho-mechu-audi-q7-4m-audi-q8-4m-plastovy\/#primaryimage"},"thumbnailUrl":"https:\/\/vzduchovetlmice.sk\/wp-content\/uploads\/2026\/03\/Ventil-vzduchoveho-vankusa-Audi-Q7-4M-Audi-Q8-4M-voss-4M0-616039-BF-4M0-616-039-AT-4M0-616-039-BD-4M0-616-039-BB.jpg","datePublished":"2026-03-17T11:31:47+00:00","dateModified":"2026-03-17T21:03:49+00:00","description":"Nov\u00fd p\u0159etlakov\u00fd ventil p\u0159edn\u00edho vzduchov\u00e9ho m\u011bchu \/tlumi\u010de Audi Q7 4M (2015-2026), Audi Q8 4M (2018-2026) a Audi SQ7 4M (2015-2026), Audi SQ8 4M (2018-2026). P\u0159etlakov\u00fd ventil se prod\u00e1v\u00e1 s origin\u00e1ln\u00edm mosazn\u00fdm holendrem (dr\u017e\u00e1k hadi\u010dky) zna\u010dky VOSS.\u00a0OEM: 4M0616039AD, 4M0616039AC, 4M0616039AE, 4M0616039BF, 4M0616039AT, 4M0616039BD, 4M0616039BB, 4M0616040AD, 4M0616040AC, 4M0 616 039 AD, 4M0 616 039 AC, 4M0 616 039 AE, 4M0 616039 BF, 4M0 616 039 AT, 4M0 616 039 BD, 4M0 616 039 BB, 4M0 616 040 AD, 4M0 616 040 AC","breadcrumb":{"@id":"https:\/\/vzduchovetlmice.sk\/cs\/produkty\/ventil-vzduchoveho-mechu-audi-q7-4m-audi-q8-4m-plastovy\/#breadcrumb"},"inLanguage":"cs","potentialAction":[{"@type":"ReadAction","target":["https:\/\/vzduchovetlmice.sk\/cs\/produkty\/ventil-vzduchoveho-mechu-audi-q7-4m-audi-q8-4m-plastovy\/"]}]},{"@type":"ImageObject","inLanguage":"cs","@id":"https:\/\/vzduchovetlmice.sk\/cs\/produkty\/ventil-vzduchoveho-mechu-audi-q7-4m-audi-q8-4m-plastovy\/#primaryimage","url":"https:\/\/vzduchovetlmice.sk\/wp-content\/uploads\/2026\/03\/Ventil-vzduchoveho-vankusa-Audi-Q7-4M-Audi-Q8-4M-voss-4M0-616039-BF-4M0-616-039-AT-4M0-616-039-BD-4M0-616-039-BB.jpg","contentUrl":"https:\/\/vzduchovetlmice.sk\/wp-content\/uploads\/2026\/03\/Ventil-vzduchoveho-vankusa-Audi-Q7-4M-Audi-Q8-4M-voss-4M0-616039-BF-4M0-616-039-AT-4M0-616-039-BD-4M0-616-039-BB.jpg","width":1000,"height":1000,"caption":"Ventil vzduchov\u00e9ho vank\u00fa\u0161a Audi Q7 4M, Audi Q8 4M, voss, 4M0 616039 BF, 4M0 616 039 AT, 4M0 616 039 BD, 4M0 616 039 BB"},{"@type":"BreadcrumbList","@id":"https:\/\/vzduchovetlmice.sk\/cs\/produkty\/ventil-vzduchoveho-mechu-audi-q7-4m-audi-q8-4m-plastovy\/#breadcrumb","itemListElement":[{"@type":"ListItem","position":1,"name":"Domovsk\u00e1 str\u00e1nka","item":"https:\/\/vzduchovetlmice.sk\/"},{"@type":"ListItem","position":2,"name":"Obchod","item":"https:\/\/vzduchovetlmice.sk\/obchod\/"},{"@type":"ListItem","position":3,"name":"Ventil vzduchov\u00e9ho m\u011bchu Audi Q7 4M, Audi Q8 4M &#8211; plastov\u00fd"}]},{"@type":"WebSite","@id":"https:\/\/vzduchovetlmice.sk\/#website","url":"https:\/\/vzduchovetlmice.sk\/","name":"VzduchoveTlmice.sk","description":"predaj dielov pre vzduchov\u00fd podvozok","potentialAction":[{"@type":"SearchAction","target":{"@type":"EntryPoint","urlTemplate":"https:\/\/vzduchovetlmice.sk\/?s={search_term_string}"},"query-input":{"@type":"PropertyValueSpecification","valueRequired":true,"valueName":"search_term_string"}}],"inLanguage":"cs"}]}},"_links":{"self":[{"href":"https:\/\/vzduchovetlmice.sk\/cs\/wp-json\/wp\/v2\/product\/103843","targetHints":{"allow":["GET"]}}],"collection":[{"href":"https:\/\/vzduchovetlmice.sk\/cs\/wp-json\/wp\/v2\/product"}],"about":[{"href":"https:\/\/vzduchovetlmice.sk\/cs\/wp-json\/wp\/v2\/types\/product"}],"wp:featuredmedia":[{"embeddable":true,"href":"https:\/\/vzduchovetlmice.sk\/cs\/wp-json\/wp\/v2\/media\/103926"}],"wp:attachment":[{"href":"https:\/\/vzduchovetlmice.sk\/cs\/wp-json\/wp\/v2\/media?parent=103843"}],"wp:term":[{"taxonomy":"product_brand","embeddable":true,"href":"https:\/\/vzduchovetlmice.sk\/cs\/wp-json\/wp\/v2\/product_brand?post=103843"},{"taxonomy":"product_cat","embeddable":true,"href":"https:\/\/vzduchovetlmice.sk\/cs\/wp-json\/wp\/v2\/product_cat?post=103843"},{"taxonomy":"product_tag","embeddable":true,"href":"https:\/\/vzduchovetlmice.sk\/cs\/wp-json\/wp\/v2\/product_tag?post=103843"}],"curies":[{"name":"wp","href":"https:\/\/api.w.org\/{rel}","templated":true}]}}