{"id":103859,"date":"2026-03-17T14:15:52","date_gmt":"2026-03-17T14:15:52","guid":{"rendered":"https:\/\/vzduchovetlmice.sk\/?post_type=product&#038;p=103859"},"modified":"2026-03-17T21:16:25","modified_gmt":"2026-03-17T21:16:25","slug":"ventil-vzduchoveho-mechu-bmw-6-gt-g32-plastovy","status":"publish","type":"product","link":"https:\/\/vzduchovetlmice.sk\/cs\/produkty\/ventil-vzduchoveho-mechu-bmw-6-gt-g32-plastovy\/","title":{"rendered":"Ventil vzduchov\u00e9ho m\u011bchu BMW 6 GT G32 &#8211; plastov\u00fd"},"content":{"rendered":"<h3><strong>Dal\u0161\u00ed informace:<\/strong><\/h3>\n<p>Nov\u00fd p\u0159etlakov\u00fd ventil p\u0159edn\u00edho a zadn\u00edho vzduchov\u00e9ho tlumi\u010de \/ m\u011bchu BMW 6 GT G32 (2017 \u2013 2025).<\/p>\n<p>P\u0159etlakov\u00fd ventil se prod\u00e1v\u00e1 s origin\u00e1ln\u00edm mosazn\u00fdm holendrem (dr\u017e\u00e1k hadi\u010dky) zna\u010dky VOSS.<\/p>\n<h4><strong>Origin\u00e1ln\u00ed v\u00fdrobn\u00ed \u010d\u00edsla (OEM):<\/strong><\/h4>\n<p>37106866713, 37106872967, 37106882823, 37106882825, 37106882821, 37106882827, 75688282307, 37106882829, 6866713, 6872967, 6882823, 6882825, 6882821, 6882827, 75688282307, 6882829, 37106882824, 37106882826, 37106882830, 37106882822, 37106897850, 37106897854, 6882824, 6882826, 6882830, 6882822, 6897850, 6897854, 37106866705, 37106899049, 37107915965, 37106866706, 37106899050, 37107915966, 37106866701, 37107915961, 37106899047, 37106866702, 37107915962, 37106899048<\/p>\n","protected":false},"excerpt":{"rendered":"<p><strong>Zna\u010dka: <\/strong>BMW<\/p>\n<p><strong>Model:<\/strong> BMW 6 GT G32 (2017 \u2013 2025)<\/p>\n<p><strong>Poloha:\u00a0 <\/strong>P\u0159edn\u00ed n\u00e1prava vpravo\/vlevo, Zadn\u00ed n\u00e1prava vpravo\/vlevo<\/p>\n<p><strong>V\u00fdrobce: <\/strong>OEM \/ VOSS<\/p>\n<p><strong>Stav:\u00a0<\/strong>Nov\u00e9<\/p>\n<p><strong>Z\u00e1ruka:\u00a0<\/strong>2 roky<\/p>\n<p><strong>Dostupnost:<\/strong>\u00a0<span style=\"color: #00ff00;\"><strong>Skladem<\/strong><\/span><\/p>\n","protected":false},"featured_media":103944,"template":"","meta":{"_et_pb_use_builder":"","_et_pb_old_content":"","_et_gb_content_width":""},"product_brand":[482],"product_cat":[520,334],"product_tag":[],"class_list":{"0":"post-103859","1":"product","2":"type-product","3":"status-publish","4":"has-post-thumbnail","6":"product_brand-bmw","7":"product_cat-6-gt-g32-2017-2025-cs","8":"product_cat-bmw-cs","10":"first","11":"instock","12":"shipping-taxable","13":"purchasable","14":"product-type-simple"},"yoast_head":"<!-- This site is optimized with the Yoast SEO Premium plugin v24.9 (Yoast SEO v27.1.1) - https:\/\/yoast.com\/product\/yoast-seo-premium-wordpress\/ -->\n<title>Ventil vzduchov\u00e9ho m\u011bchu BMW 6 GT G32 - VOSS<\/title>\n<meta name=\"description\" content=\"Nov\u00fd p\u0159etlakov\u00fd ventil p\u0159edn\u00edho a zadn\u00edho vzduchov\u00e9ho tlumi\u010de \/ m\u011bchu BMW 6 GT G32 (2017 \u2013 2025). P\u0159etlakov\u00fd ventil se prod\u00e1v\u00e1 s origin\u00e1ln\u00edm mosazn\u00fdm holendrem (dr\u017e\u00e1k hadi\u010dky) zna\u010dky VOSS. OEM: 37106866713, 37106872967, 37106882823, 37106882825, 37106882821, 37106882827, 75688282307, 37106882829, 6866713, 6872967, 6882823, 6882825, 6882821, 6882827, 75688282307, 6882829, 37106882824, 37106882826, 37106882830, 37106882822, 37106897850, 37106897854, 6882824, 6882826, 6882830, 6882822, 6897850, 6897854,\u00a037106866705, 37106899049, 37107915965, 37106866706, 37106899050, 37107915966, 37106866701, 37107915961, 37106899047, 37106866702, 37107915962, 37106899048\" \/>\n<meta name=\"robots\" content=\"index, follow, max-snippet:-1, max-image-preview:large, max-video-preview:-1\" \/>\n<link rel=\"canonical\" href=\"https:\/\/vzduchovetlmice.sk\/cs\/produkty\/ventil-vzduchoveho-mechu-bmw-6-gt-g32-plastovy\/\" \/>\n<meta property=\"og:locale\" content=\"cs_CZ\" \/>\n<meta property=\"og:type\" content=\"article\" \/>\n<meta property=\"og:title\" content=\"Ventil vzduchov\u00e9ho m\u011bchu BMW 6 GT G32 - plastov\u00fd\" \/>\n<meta property=\"og:description\" content=\"Nov\u00fd p\u0159etlakov\u00fd ventil p\u0159edn\u00edho a zadn\u00edho vzduchov\u00e9ho tlumi\u010de \/ m\u011bchu BMW 6 GT G32 (2017 \u2013 2025). P\u0159etlakov\u00fd ventil se prod\u00e1v\u00e1 s origin\u00e1ln\u00edm mosazn\u00fdm holendrem (dr\u017e\u00e1k hadi\u010dky) zna\u010dky VOSS. OEM: 37106866713, 37106872967, 37106882823, 37106882825, 37106882821, 37106882827, 75688282307, 37106882829, 6866713, 6872967, 6882823, 6882825, 6882821, 6882827, 75688282307, 6882829, 37106882824, 37106882826, 37106882830, 37106882822, 37106897850, 37106897854, 6882824, 6882826, 6882830, 6882822, 6897850, 6897854,\u00a037106866705, 37106899049, 37107915965, 37106866706, 37106899050, 37107915966, 37106866701, 37107915961, 37106899047, 37106866702, 37107915962, 37106899048\" \/>\n<meta property=\"og:url\" content=\"https:\/\/vzduchovetlmice.sk\/cs\/produkty\/ventil-vzduchoveho-mechu-bmw-6-gt-g32-plastovy\/\" \/>\n<meta property=\"og:site_name\" content=\"VzduchoveTlmice.sk\" \/>\n<meta property=\"article:modified_time\" content=\"2026-03-17T21:16:25+00:00\" \/>\n<meta property=\"og:image\" content=\"https:\/\/vzduchovetlmice.sk\/wp-content\/uploads\/2026\/03\/Ventil-vzduchoveho-vankusa-BMW-6-GT-G32voss-plastovy-37106866713-37106872967-37106882823-37106882825-37106882821-37106882827.jpg\" \/>\n\t<meta property=\"og:image:width\" content=\"1000\" \/>\n\t<meta property=\"og:image:height\" content=\"1000\" \/>\n\t<meta property=\"og:image:type\" content=\"image\/jpeg\" \/>\n<meta name=\"twitter:card\" content=\"summary_large_image\" \/>\n<meta name=\"twitter:label1\" content=\"Odhadovan\u00e1 doba \u010dten\u00ed\" \/>\n\t<meta name=\"twitter:data1\" content=\"1 minuta\" \/>\n<script type=\"application\/ld+json\" class=\"yoast-schema-graph\">{\"@context\":\"https:\/\/schema.org\",\"@graph\":[{\"@type\":\"WebPage\",\"@id\":\"https:\/\/vzduchovetlmice.sk\/cs\/produkty\/ventil-vzduchoveho-mechu-bmw-6-gt-g32-plastovy\/\",\"url\":\"https:\/\/vzduchovetlmice.sk\/cs\/produkty\/ventil-vzduchoveho-mechu-bmw-6-gt-g32-plastovy\/\",\"name\":\"Ventil vzduchov\u00e9ho m\u011bchu BMW 6 GT G32 - VOSS\",\"isPartOf\":{\"@id\":\"https:\/\/vzduchovetlmice.sk\/#website\"},\"primaryImageOfPage\":{\"@id\":\"https:\/\/vzduchovetlmice.sk\/cs\/produkty\/ventil-vzduchoveho-mechu-bmw-6-gt-g32-plastovy\/#primaryimage\"},\"image\":{\"@id\":\"https:\/\/vzduchovetlmice.sk\/cs\/produkty\/ventil-vzduchoveho-mechu-bmw-6-gt-g32-plastovy\/#primaryimage\"},\"thumbnailUrl\":\"https:\/\/vzduchovetlmice.sk\/wp-content\/uploads\/2026\/03\/Ventil-vzduchoveho-vankusa-BMW-6-GT-G32voss-plastovy-37106866713-37106872967-37106882823-37106882825-37106882821-37106882827.jpg\",\"datePublished\":\"2026-03-17T14:15:52+00:00\",\"dateModified\":\"2026-03-17T21:16:25+00:00\",\"description\":\"Nov\u00fd p\u0159etlakov\u00fd ventil p\u0159edn\u00edho a zadn\u00edho vzduchov\u00e9ho tlumi\u010de \/ m\u011bchu BMW 6 GT G32 (2017 \u2013 2025). P\u0159etlakov\u00fd ventil se prod\u00e1v\u00e1 s origin\u00e1ln\u00edm mosazn\u00fdm holendrem (dr\u017e\u00e1k hadi\u010dky) zna\u010dky VOSS. OEM: 37106866713, 37106872967, 37106882823, 37106882825, 37106882821, 37106882827, 75688282307, 37106882829, 6866713, 6872967, 6882823, 6882825, 6882821, 6882827, 75688282307, 6882829, 37106882824, 37106882826, 37106882830, 37106882822, 37106897850, 37106897854, 6882824, 6882826, 6882830, 6882822, 6897850, 6897854,\u00a037106866705, 37106899049, 37107915965, 37106866706, 37106899050, 37107915966, 37106866701, 37107915961, 37106899047, 37106866702, 37107915962, 37106899048\",\"breadcrumb\":{\"@id\":\"https:\/\/vzduchovetlmice.sk\/cs\/produkty\/ventil-vzduchoveho-mechu-bmw-6-gt-g32-plastovy\/#breadcrumb\"},\"inLanguage\":\"cs\",\"potentialAction\":[{\"@type\":\"ReadAction\",\"target\":[\"https:\/\/vzduchovetlmice.sk\/cs\/produkty\/ventil-vzduchoveho-mechu-bmw-6-gt-g32-plastovy\/\"]}]},{\"@type\":\"ImageObject\",\"inLanguage\":\"cs\",\"@id\":\"https:\/\/vzduchovetlmice.sk\/cs\/produkty\/ventil-vzduchoveho-mechu-bmw-6-gt-g32-plastovy\/#primaryimage\",\"url\":\"https:\/\/vzduchovetlmice.sk\/wp-content\/uploads\/2026\/03\/Ventil-vzduchoveho-vankusa-BMW-6-GT-G32voss-plastovy-37106866713-37106872967-37106882823-37106882825-37106882821-37106882827.jpg\",\"contentUrl\":\"https:\/\/vzduchovetlmice.sk\/wp-content\/uploads\/2026\/03\/Ventil-vzduchoveho-vankusa-BMW-6-GT-G32voss-plastovy-37106866713-37106872967-37106882823-37106882825-37106882821-37106882827.jpg\",\"width\":1000,\"height\":1000,\"caption\":\"Ventil vzduchov\u00e9ho vank\u00fa\u0161a BMW 6 GT G32,voss, plastov\u00fd, 37106866713, 37106872967, 37106882823, 37106882825, 37106882821, 37106882827\"},{\"@type\":\"BreadcrumbList\",\"@id\":\"https:\/\/vzduchovetlmice.sk\/cs\/produkty\/ventil-vzduchoveho-mechu-bmw-6-gt-g32-plastovy\/#breadcrumb\",\"itemListElement\":[{\"@type\":\"ListItem\",\"position\":1,\"name\":\"Domovsk\u00e1 str\u00e1nka\",\"item\":\"https:\/\/vzduchovetlmice.sk\/\"},{\"@type\":\"ListItem\",\"position\":2,\"name\":\"Obchod\",\"item\":\"https:\/\/vzduchovetlmice.sk\/obchod\/\"},{\"@type\":\"ListItem\",\"position\":3,\"name\":\"Ventil vzduchov\u00e9ho m\u011bchu BMW 6 GT G32 &#8211; plastov\u00fd\"}]},{\"@type\":\"WebSite\",\"@id\":\"https:\/\/vzduchovetlmice.sk\/#website\",\"url\":\"https:\/\/vzduchovetlmice.sk\/\",\"name\":\"VzduchoveTlmice.sk\",\"description\":\"predaj dielov pre vzduchov\u00fd podvozok\",\"potentialAction\":[{\"@type\":\"SearchAction\",\"target\":{\"@type\":\"EntryPoint\",\"urlTemplate\":\"https:\/\/vzduchovetlmice.sk\/?s={search_term_string}\"},\"query-input\":{\"@type\":\"PropertyValueSpecification\",\"valueRequired\":true,\"valueName\":\"search_term_string\"}}],\"inLanguage\":\"cs\"}]}<\/script>\n<!-- \/ Yoast SEO Premium plugin. -->","yoast_head_json":{"title":"Ventil vzduchov\u00e9ho m\u011bchu BMW 6 GT G32 - VOSS","description":"Nov\u00fd p\u0159etlakov\u00fd ventil p\u0159edn\u00edho a zadn\u00edho vzduchov\u00e9ho tlumi\u010de \/ m\u011bchu BMW 6 GT G32 (2017 \u2013 2025). P\u0159etlakov\u00fd ventil se prod\u00e1v\u00e1 s origin\u00e1ln\u00edm mosazn\u00fdm holendrem (dr\u017e\u00e1k hadi\u010dky) zna\u010dky VOSS. OEM: 37106866713, 37106872967, 37106882823, 37106882825, 37106882821, 37106882827, 75688282307, 37106882829, 6866713, 6872967, 6882823, 6882825, 6882821, 6882827, 75688282307, 6882829, 37106882824, 37106882826, 37106882830, 37106882822, 37106897850, 37106897854, 6882824, 6882826, 6882830, 6882822, 6897850, 6897854,\u00a037106866705, 37106899049, 37107915965, 37106866706, 37106899050, 37107915966, 37106866701, 37107915961, 37106899047, 37106866702, 37107915962, 37106899048","robots":{"index":"index","follow":"follow","max-snippet":"max-snippet:-1","max-image-preview":"max-image-preview:large","max-video-preview":"max-video-preview:-1"},"canonical":"https:\/\/vzduchovetlmice.sk\/cs\/produkty\/ventil-vzduchoveho-mechu-bmw-6-gt-g32-plastovy\/","og_locale":"cs_CZ","og_type":"article","og_title":"Ventil vzduchov\u00e9ho m\u011bchu BMW 6 GT G32 - plastov\u00fd","og_description":"Nov\u00fd p\u0159etlakov\u00fd ventil p\u0159edn\u00edho a zadn\u00edho vzduchov\u00e9ho tlumi\u010de \/ m\u011bchu BMW 6 GT G32 (2017 \u2013 2025). P\u0159etlakov\u00fd ventil se prod\u00e1v\u00e1 s origin\u00e1ln\u00edm mosazn\u00fdm holendrem (dr\u017e\u00e1k hadi\u010dky) zna\u010dky VOSS. OEM: 37106866713, 37106872967, 37106882823, 37106882825, 37106882821, 37106882827, 75688282307, 37106882829, 6866713, 6872967, 6882823, 6882825, 6882821, 6882827, 75688282307, 6882829, 37106882824, 37106882826, 37106882830, 37106882822, 37106897850, 37106897854, 6882824, 6882826, 6882830, 6882822, 6897850, 6897854,\u00a037106866705, 37106899049, 37107915965, 37106866706, 37106899050, 37107915966, 37106866701, 37107915961, 37106899047, 37106866702, 37107915962, 37106899048","og_url":"https:\/\/vzduchovetlmice.sk\/cs\/produkty\/ventil-vzduchoveho-mechu-bmw-6-gt-g32-plastovy\/","og_site_name":"VzduchoveTlmice.sk","article_modified_time":"2026-03-17T21:16:25+00:00","og_image":[{"width":1000,"height":1000,"url":"https:\/\/vzduchovetlmice.sk\/wp-content\/uploads\/2026\/03\/Ventil-vzduchoveho-vankusa-BMW-6-GT-G32voss-plastovy-37106866713-37106872967-37106882823-37106882825-37106882821-37106882827.jpg","type":"image\/jpeg"}],"twitter_card":"summary_large_image","twitter_misc":{"Odhadovan\u00e1 doba \u010dten\u00ed":"1 minuta"},"schema":{"@context":"https:\/\/schema.org","@graph":[{"@type":"WebPage","@id":"https:\/\/vzduchovetlmice.sk\/cs\/produkty\/ventil-vzduchoveho-mechu-bmw-6-gt-g32-plastovy\/","url":"https:\/\/vzduchovetlmice.sk\/cs\/produkty\/ventil-vzduchoveho-mechu-bmw-6-gt-g32-plastovy\/","name":"Ventil vzduchov\u00e9ho m\u011bchu BMW 6 GT G32 - VOSS","isPartOf":{"@id":"https:\/\/vzduchovetlmice.sk\/#website"},"primaryImageOfPage":{"@id":"https:\/\/vzduchovetlmice.sk\/cs\/produkty\/ventil-vzduchoveho-mechu-bmw-6-gt-g32-plastovy\/#primaryimage"},"image":{"@id":"https:\/\/vzduchovetlmice.sk\/cs\/produkty\/ventil-vzduchoveho-mechu-bmw-6-gt-g32-plastovy\/#primaryimage"},"thumbnailUrl":"https:\/\/vzduchovetlmice.sk\/wp-content\/uploads\/2026\/03\/Ventil-vzduchoveho-vankusa-BMW-6-GT-G32voss-plastovy-37106866713-37106872967-37106882823-37106882825-37106882821-37106882827.jpg","datePublished":"2026-03-17T14:15:52+00:00","dateModified":"2026-03-17T21:16:25+00:00","description":"Nov\u00fd p\u0159etlakov\u00fd ventil p\u0159edn\u00edho a zadn\u00edho vzduchov\u00e9ho tlumi\u010de \/ m\u011bchu BMW 6 GT G32 (2017 \u2013 2025). P\u0159etlakov\u00fd ventil se prod\u00e1v\u00e1 s origin\u00e1ln\u00edm mosazn\u00fdm holendrem (dr\u017e\u00e1k hadi\u010dky) zna\u010dky VOSS. OEM: 37106866713, 37106872967, 37106882823, 37106882825, 37106882821, 37106882827, 75688282307, 37106882829, 6866713, 6872967, 6882823, 6882825, 6882821, 6882827, 75688282307, 6882829, 37106882824, 37106882826, 37106882830, 37106882822, 37106897850, 37106897854, 6882824, 6882826, 6882830, 6882822, 6897850, 6897854,\u00a037106866705, 37106899049, 37107915965, 37106866706, 37106899050, 37107915966, 37106866701, 37107915961, 37106899047, 37106866702, 37107915962, 37106899048","breadcrumb":{"@id":"https:\/\/vzduchovetlmice.sk\/cs\/produkty\/ventil-vzduchoveho-mechu-bmw-6-gt-g32-plastovy\/#breadcrumb"},"inLanguage":"cs","potentialAction":[{"@type":"ReadAction","target":["https:\/\/vzduchovetlmice.sk\/cs\/produkty\/ventil-vzduchoveho-mechu-bmw-6-gt-g32-plastovy\/"]}]},{"@type":"ImageObject","inLanguage":"cs","@id":"https:\/\/vzduchovetlmice.sk\/cs\/produkty\/ventil-vzduchoveho-mechu-bmw-6-gt-g32-plastovy\/#primaryimage","url":"https:\/\/vzduchovetlmice.sk\/wp-content\/uploads\/2026\/03\/Ventil-vzduchoveho-vankusa-BMW-6-GT-G32voss-plastovy-37106866713-37106872967-37106882823-37106882825-37106882821-37106882827.jpg","contentUrl":"https:\/\/vzduchovetlmice.sk\/wp-content\/uploads\/2026\/03\/Ventil-vzduchoveho-vankusa-BMW-6-GT-G32voss-plastovy-37106866713-37106872967-37106882823-37106882825-37106882821-37106882827.jpg","width":1000,"height":1000,"caption":"Ventil vzduchov\u00e9ho vank\u00fa\u0161a BMW 6 GT G32,voss, plastov\u00fd, 37106866713, 37106872967, 37106882823, 37106882825, 37106882821, 37106882827"},{"@type":"BreadcrumbList","@id":"https:\/\/vzduchovetlmice.sk\/cs\/produkty\/ventil-vzduchoveho-mechu-bmw-6-gt-g32-plastovy\/#breadcrumb","itemListElement":[{"@type":"ListItem","position":1,"name":"Domovsk\u00e1 str\u00e1nka","item":"https:\/\/vzduchovetlmice.sk\/"},{"@type":"ListItem","position":2,"name":"Obchod","item":"https:\/\/vzduchovetlmice.sk\/obchod\/"},{"@type":"ListItem","position":3,"name":"Ventil vzduchov\u00e9ho m\u011bchu BMW 6 GT G32 &#8211; plastov\u00fd"}]},{"@type":"WebSite","@id":"https:\/\/vzduchovetlmice.sk\/#website","url":"https:\/\/vzduchovetlmice.sk\/","name":"VzduchoveTlmice.sk","description":"predaj dielov pre vzduchov\u00fd podvozok","potentialAction":[{"@type":"SearchAction","target":{"@type":"EntryPoint","urlTemplate":"https:\/\/vzduchovetlmice.sk\/?s={search_term_string}"},"query-input":{"@type":"PropertyValueSpecification","valueRequired":true,"valueName":"search_term_string"}}],"inLanguage":"cs"}]}},"_links":{"self":[{"href":"https:\/\/vzduchovetlmice.sk\/cs\/wp-json\/wp\/v2\/product\/103859","targetHints":{"allow":["GET"]}}],"collection":[{"href":"https:\/\/vzduchovetlmice.sk\/cs\/wp-json\/wp\/v2\/product"}],"about":[{"href":"https:\/\/vzduchovetlmice.sk\/cs\/wp-json\/wp\/v2\/types\/product"}],"wp:featuredmedia":[{"embeddable":true,"href":"https:\/\/vzduchovetlmice.sk\/cs\/wp-json\/wp\/v2\/media\/103944"}],"wp:attachment":[{"href":"https:\/\/vzduchovetlmice.sk\/cs\/wp-json\/wp\/v2\/media?parent=103859"}],"wp:term":[{"taxonomy":"product_brand","embeddable":true,"href":"https:\/\/vzduchovetlmice.sk\/cs\/wp-json\/wp\/v2\/product_brand?post=103859"},{"taxonomy":"product_cat","embeddable":true,"href":"https:\/\/vzduchovetlmice.sk\/cs\/wp-json\/wp\/v2\/product_cat?post=103859"},{"taxonomy":"product_tag","embeddable":true,"href":"https:\/\/vzduchovetlmice.sk\/cs\/wp-json\/wp\/v2\/product_tag?post=103859"}],"curies":[{"name":"wp","href":"https:\/\/api.w.org\/{rel}","templated":true}]}}