{"id":103992,"date":"2026-03-29T11:01:19","date_gmt":"2026-03-29T11:01:19","guid":{"rendered":"https:\/\/vzduchovetlmice.sk\/?post_type=product&#038;p=103992"},"modified":"2026-03-29T11:32:35","modified_gmt":"2026-03-29T11:32:35","slug":"ventilova-jednotka-bmw-5-g30-g31-bmw-6-gt-g32-original-wabco","status":"publish","type":"product","link":"https:\/\/vzduchovetlmice.sk\/cs\/produkty\/ventilova-jednotka-bmw-5-g30-g31-bmw-6-gt-g32-original-wabco\/","title":{"rendered":"Ventilov\u00e1 jednotka BMW 5 G30\/G31, BMW 6 GT G32 \u2013 Origin\u00e1l WABCO"},"content":{"rendered":"<h3><strong>Dal\u0161\u00ed informace:<\/strong><\/h3>\n<p>Nov\u00e1 ventilov\u00e1 jednotka (ventilov\u00fd blok) vzduchov\u00e9ho kompresoru podvozku BMW 5 G30\/G31 (2016\u20132024) a BMW 6 GT G32 (2017\u20132025).<\/p>\n<p>Jedn\u00e1 se o origin\u00e1ln\u00ed d\u00edl dod\u00e1van\u00fd do prvov\u00fdroby (WABCO \u2013 prvov\u00fdroba).<\/p>\n<p>&nbsp;<\/p>\n<h4><strong>Origin\u00e1ln\u00ed v\u00fdrobn\u00ed \u010d\u00edsla (OEM): <\/strong><\/h4>\n<div id=\"after-product-details\" class=\"after-product-details ic_tabs_container\">\n<div id=\"product_description\" class=\"product-description ic_tab_content active\">\n<p>37206886721, 6886721, 37.20-6886721, 4722520100, 37206890320, RAPA, LF41<\/p>\n<\/div>\n<\/div>\n","protected":false},"excerpt":{"rendered":"<p><strong>Zna\u010dka: <\/strong>BMW<\/p>\n<p><strong>Model:<\/strong> BMW 5 G30\/G31 (2016 \u2013 2024), BMW 6 GT G32 (2017 \u2013 2025)<\/p>\n<p><strong>V\u00fdrobce: <\/strong>WABCO &#8211; prvov\u00fdroba &#8211; Made in Germany<\/p>\n<p><strong>Typ:<\/strong> vzduchov\u00e9 m\u011bchy pouze na zadn\u00ed n\u00e1prav\u011b<\/p>\n<p><strong>Stav:\u00a0<\/strong>Nov\u00e9<\/p>\n<p><strong>Z\u00e1ruka:\u00a0<\/strong>2 roky<\/p>\n<p><strong>Dostupnost:<\/strong>\u00a0<span style=\"color: #00ff00;\"><strong>Skladem<\/strong><\/span><\/p>\n","protected":false},"featured_media":104024,"template":"","meta":{"_et_pb_use_builder":"","_et_pb_old_content":"","_et_gb_content_width":""},"product_brand":[482],"product_cat":[518,520,334],"product_tag":[],"class_list":{"0":"post-103992","1":"product","2":"type-product","3":"status-publish","4":"has-post-thumbnail","6":"product_brand-bmw","7":"product_cat-5-g30-g31-2016-2024-cs","8":"product_cat-6-gt-g32-2017-2025-cs","9":"product_cat-bmw-cs","11":"first","12":"instock","13":"shipping-taxable","14":"purchasable","15":"product-type-simple"},"yoast_head":"<!-- This site is optimized with the Yoast SEO Premium plugin v24.9 (Yoast SEO v27.1.1) - https:\/\/yoast.com\/product\/yoast-seo-premium-wordpress\/ -->\n<title>Ventilov\u00e1 jednotka BMW 5 G30\/G31, BMW 6 GT G32 \u2013 WABCO<\/title>\n<meta name=\"description\" content=\"Nov\u00e1 ventilov\u00e1 jednotka (ventilov\u00fd blok) vzduchov\u00e9ho kompresora podvozku BMW 5 G30\/G31 (2016 \u2013 2024) a BMW 6 GT G32 (2017 \u2013 2025). Jedn\u00e1 se o origin\u00e1ln\u00ed d\u00edl dod\u00e1van\u00fd do prvov\u00fdroby (WABCO \u2013 prvov\u00fdroba). OEM: 37206886721, 6886721, 37.20-6886721, 4722520100, 37206890320, RAPA, LF41\" \/>\n<meta name=\"robots\" content=\"index, follow, max-snippet:-1, max-image-preview:large, max-video-preview:-1\" \/>\n<link rel=\"canonical\" href=\"https:\/\/vzduchovetlmice.sk\/cs\/produkty\/ventilova-jednotka-bmw-5-g30-g31-bmw-6-gt-g32-original-wabco\/\" \/>\n<meta property=\"og:locale\" content=\"cs_CZ\" \/>\n<meta property=\"og:type\" content=\"article\" \/>\n<meta property=\"og:title\" content=\"Ventilov\u00e1 jednotka BMW 5 G30\/G31, BMW 6 GT G32 \u2013 Origin\u00e1l WABCO\" \/>\n<meta property=\"og:description\" content=\"Nov\u00e1 ventilov\u00e1 jednotka (ventilov\u00fd blok) vzduchov\u00e9ho kompresora podvozku BMW 5 G30\/G31 (2016 \u2013 2024) a BMW 6 GT G32 (2017 \u2013 2025). Jedn\u00e1 se o origin\u00e1ln\u00ed d\u00edl dod\u00e1van\u00fd do prvov\u00fdroby (WABCO \u2013 prvov\u00fdroba). OEM: 37206886721, 6886721, 37.20-6886721, 4722520100, 37206890320, RAPA, LF41\" \/>\n<meta property=\"og:url\" content=\"https:\/\/vzduchovetlmice.sk\/cs\/produkty\/ventilova-jednotka-bmw-5-g30-g31-bmw-6-gt-g32-original-wabco\/\" \/>\n<meta property=\"og:site_name\" content=\"VzduchoveTlmice.sk\" \/>\n<meta property=\"article:modified_time\" content=\"2026-03-29T11:32:35+00:00\" \/>\n<meta name=\"twitter:card\" content=\"summary_large_image\" \/>\n<meta name=\"twitter:label1\" content=\"Odhadovan\u00e1 doba \u010dten\u00ed\" \/>\n\t<meta name=\"twitter:data1\" content=\"1 minuta\" \/>\n<script type=\"application\/ld+json\" class=\"yoast-schema-graph\">{\"@context\":\"https:\/\/schema.org\",\"@graph\":[{\"@type\":\"WebPage\",\"@id\":\"https:\/\/vzduchovetlmice.sk\/cs\/produkty\/ventilova-jednotka-bmw-5-g30-g31-bmw-6-gt-g32-original-wabco\/\",\"url\":\"https:\/\/vzduchovetlmice.sk\/cs\/produkty\/ventilova-jednotka-bmw-5-g30-g31-bmw-6-gt-g32-original-wabco\/\",\"name\":\"Ventilov\u00e1 jednotka BMW 5 G30\/G31, BMW 6 GT G32 \u2013 WABCO\",\"isPartOf\":{\"@id\":\"https:\/\/vzduchovetlmice.sk\/#website\"},\"primaryImageOfPage\":{\"@id\":\"https:\/\/vzduchovetlmice.sk\/cs\/produkty\/ventilova-jednotka-bmw-5-g30-g31-bmw-6-gt-g32-original-wabco\/#primaryimage\"},\"image\":{\"@id\":\"https:\/\/vzduchovetlmice.sk\/cs\/produkty\/ventilova-jednotka-bmw-5-g30-g31-bmw-6-gt-g32-original-wabco\/#primaryimage\"},\"thumbnailUrl\":\"https:\/\/vzduchovetlmice.sk\/wp-content\/uploads\/2026\/03\/Ventilova-jednotka-BMW-5-G30-G31-BMW-6-GT-G32-\u2013-Original-WABCO-37206886721-6886721-37.20-6886721-4722520100-37206890320-RAPA-LF41-logo-1.jpg\",\"datePublished\":\"2026-03-29T11:01:19+00:00\",\"dateModified\":\"2026-03-29T11:32:35+00:00\",\"description\":\"Nov\u00e1 ventilov\u00e1 jednotka (ventilov\u00fd blok) vzduchov\u00e9ho kompresora podvozku BMW 5 G30\/G31 (2016 \u2013 2024) a BMW 6 GT G32 (2017 \u2013 2025). Jedn\u00e1 se o origin\u00e1ln\u00ed d\u00edl dod\u00e1van\u00fd do prvov\u00fdroby (WABCO \u2013 prvov\u00fdroba). OEM: 37206886721, 6886721, 37.20-6886721, 4722520100, 37206890320, RAPA, LF41\",\"breadcrumb\":{\"@id\":\"https:\/\/vzduchovetlmice.sk\/cs\/produkty\/ventilova-jednotka-bmw-5-g30-g31-bmw-6-gt-g32-original-wabco\/#breadcrumb\"},\"inLanguage\":\"cs\",\"potentialAction\":[{\"@type\":\"ReadAction\",\"target\":[\"https:\/\/vzduchovetlmice.sk\/cs\/produkty\/ventilova-jednotka-bmw-5-g30-g31-bmw-6-gt-g32-original-wabco\/\"]}]},{\"@type\":\"ImageObject\",\"inLanguage\":\"cs\",\"@id\":\"https:\/\/vzduchovetlmice.sk\/cs\/produkty\/ventilova-jednotka-bmw-5-g30-g31-bmw-6-gt-g32-original-wabco\/#primaryimage\",\"url\":\"https:\/\/vzduchovetlmice.sk\/wp-content\/uploads\/2026\/03\/Ventilova-jednotka-BMW-5-G30-G31-BMW-6-GT-G32-\u2013-Original-WABCO-37206886721-6886721-37.20-6886721-4722520100-37206890320-RAPA-LF41-logo-1.jpg\",\"contentUrl\":\"https:\/\/vzduchovetlmice.sk\/wp-content\/uploads\/2026\/03\/Ventilova-jednotka-BMW-5-G30-G31-BMW-6-GT-G32-\u2013-Original-WABCO-37206886721-6886721-37.20-6886721-4722520100-37206890320-RAPA-LF41-logo-1.jpg\",\"width\":1000,\"height\":1000,\"caption\":\"Ventilov\u00e1 jednotka BMW 5 G30, G31, BMW 6 GT G32 \u2013 Origin\u00e1l WABCO, 37206886721, 6886721, 37.20-6886721, 4722520100, 37206890320, RAPA, LF41, logo\"},{\"@type\":\"BreadcrumbList\",\"@id\":\"https:\/\/vzduchovetlmice.sk\/cs\/produkty\/ventilova-jednotka-bmw-5-g30-g31-bmw-6-gt-g32-original-wabco\/#breadcrumb\",\"itemListElement\":[{\"@type\":\"ListItem\",\"position\":1,\"name\":\"Domovsk\u00e1 str\u00e1nka\",\"item\":\"https:\/\/vzduchovetlmice.sk\/\"},{\"@type\":\"ListItem\",\"position\":2,\"name\":\"Obchod\",\"item\":\"https:\/\/vzduchovetlmice.sk\/obchod\/\"},{\"@type\":\"ListItem\",\"position\":3,\"name\":\"Ventilov\u00e1 jednotka BMW 5 G30\/G31, BMW 6 GT G32 \u2013 Origin\u00e1l WABCO\"}]},{\"@type\":\"WebSite\",\"@id\":\"https:\/\/vzduchovetlmice.sk\/#website\",\"url\":\"https:\/\/vzduchovetlmice.sk\/\",\"name\":\"VzduchoveTlmice.sk\",\"description\":\"predaj dielov pre vzduchov\u00fd podvozok\",\"potentialAction\":[{\"@type\":\"SearchAction\",\"target\":{\"@type\":\"EntryPoint\",\"urlTemplate\":\"https:\/\/vzduchovetlmice.sk\/?s={search_term_string}\"},\"query-input\":{\"@type\":\"PropertyValueSpecification\",\"valueRequired\":true,\"valueName\":\"search_term_string\"}}],\"inLanguage\":\"cs\"}]}<\/script>\n<!-- \/ Yoast SEO Premium plugin. -->","yoast_head_json":{"title":"Ventilov\u00e1 jednotka BMW 5 G30\/G31, BMW 6 GT G32 \u2013 WABCO","description":"Nov\u00e1 ventilov\u00e1 jednotka (ventilov\u00fd blok) vzduchov\u00e9ho kompresora podvozku BMW 5 G30\/G31 (2016 \u2013 2024) a BMW 6 GT G32 (2017 \u2013 2025). Jedn\u00e1 se o origin\u00e1ln\u00ed d\u00edl dod\u00e1van\u00fd do prvov\u00fdroby (WABCO \u2013 prvov\u00fdroba). OEM: 37206886721, 6886721, 37.20-6886721, 4722520100, 37206890320, RAPA, LF41","robots":{"index":"index","follow":"follow","max-snippet":"max-snippet:-1","max-image-preview":"max-image-preview:large","max-video-preview":"max-video-preview:-1"},"canonical":"https:\/\/vzduchovetlmice.sk\/cs\/produkty\/ventilova-jednotka-bmw-5-g30-g31-bmw-6-gt-g32-original-wabco\/","og_locale":"cs_CZ","og_type":"article","og_title":"Ventilov\u00e1 jednotka BMW 5 G30\/G31, BMW 6 GT G32 \u2013 Origin\u00e1l WABCO","og_description":"Nov\u00e1 ventilov\u00e1 jednotka (ventilov\u00fd blok) vzduchov\u00e9ho kompresora podvozku BMW 5 G30\/G31 (2016 \u2013 2024) a BMW 6 GT G32 (2017 \u2013 2025). Jedn\u00e1 se o origin\u00e1ln\u00ed d\u00edl dod\u00e1van\u00fd do prvov\u00fdroby (WABCO \u2013 prvov\u00fdroba). OEM: 37206886721, 6886721, 37.20-6886721, 4722520100, 37206890320, RAPA, LF41","og_url":"https:\/\/vzduchovetlmice.sk\/cs\/produkty\/ventilova-jednotka-bmw-5-g30-g31-bmw-6-gt-g32-original-wabco\/","og_site_name":"VzduchoveTlmice.sk","article_modified_time":"2026-03-29T11:32:35+00:00","twitter_card":"summary_large_image","twitter_misc":{"Odhadovan\u00e1 doba \u010dten\u00ed":"1 minuta"},"schema":{"@context":"https:\/\/schema.org","@graph":[{"@type":"WebPage","@id":"https:\/\/vzduchovetlmice.sk\/cs\/produkty\/ventilova-jednotka-bmw-5-g30-g31-bmw-6-gt-g32-original-wabco\/","url":"https:\/\/vzduchovetlmice.sk\/cs\/produkty\/ventilova-jednotka-bmw-5-g30-g31-bmw-6-gt-g32-original-wabco\/","name":"Ventilov\u00e1 jednotka BMW 5 G30\/G31, BMW 6 GT G32 \u2013 WABCO","isPartOf":{"@id":"https:\/\/vzduchovetlmice.sk\/#website"},"primaryImageOfPage":{"@id":"https:\/\/vzduchovetlmice.sk\/cs\/produkty\/ventilova-jednotka-bmw-5-g30-g31-bmw-6-gt-g32-original-wabco\/#primaryimage"},"image":{"@id":"https:\/\/vzduchovetlmice.sk\/cs\/produkty\/ventilova-jednotka-bmw-5-g30-g31-bmw-6-gt-g32-original-wabco\/#primaryimage"},"thumbnailUrl":"https:\/\/vzduchovetlmice.sk\/wp-content\/uploads\/2026\/03\/Ventilova-jednotka-BMW-5-G30-G31-BMW-6-GT-G32-\u2013-Original-WABCO-37206886721-6886721-37.20-6886721-4722520100-37206890320-RAPA-LF41-logo-1.jpg","datePublished":"2026-03-29T11:01:19+00:00","dateModified":"2026-03-29T11:32:35+00:00","description":"Nov\u00e1 ventilov\u00e1 jednotka (ventilov\u00fd blok) vzduchov\u00e9ho kompresora podvozku BMW 5 G30\/G31 (2016 \u2013 2024) a BMW 6 GT G32 (2017 \u2013 2025). Jedn\u00e1 se o origin\u00e1ln\u00ed d\u00edl dod\u00e1van\u00fd do prvov\u00fdroby (WABCO \u2013 prvov\u00fdroba). OEM: 37206886721, 6886721, 37.20-6886721, 4722520100, 37206890320, RAPA, LF41","breadcrumb":{"@id":"https:\/\/vzduchovetlmice.sk\/cs\/produkty\/ventilova-jednotka-bmw-5-g30-g31-bmw-6-gt-g32-original-wabco\/#breadcrumb"},"inLanguage":"cs","potentialAction":[{"@type":"ReadAction","target":["https:\/\/vzduchovetlmice.sk\/cs\/produkty\/ventilova-jednotka-bmw-5-g30-g31-bmw-6-gt-g32-original-wabco\/"]}]},{"@type":"ImageObject","inLanguage":"cs","@id":"https:\/\/vzduchovetlmice.sk\/cs\/produkty\/ventilova-jednotka-bmw-5-g30-g31-bmw-6-gt-g32-original-wabco\/#primaryimage","url":"https:\/\/vzduchovetlmice.sk\/wp-content\/uploads\/2026\/03\/Ventilova-jednotka-BMW-5-G30-G31-BMW-6-GT-G32-\u2013-Original-WABCO-37206886721-6886721-37.20-6886721-4722520100-37206890320-RAPA-LF41-logo-1.jpg","contentUrl":"https:\/\/vzduchovetlmice.sk\/wp-content\/uploads\/2026\/03\/Ventilova-jednotka-BMW-5-G30-G31-BMW-6-GT-G32-\u2013-Original-WABCO-37206886721-6886721-37.20-6886721-4722520100-37206890320-RAPA-LF41-logo-1.jpg","width":1000,"height":1000,"caption":"Ventilov\u00e1 jednotka BMW 5 G30, G31, BMW 6 GT G32 \u2013 Origin\u00e1l WABCO, 37206886721, 6886721, 37.20-6886721, 4722520100, 37206890320, RAPA, LF41, logo"},{"@type":"BreadcrumbList","@id":"https:\/\/vzduchovetlmice.sk\/cs\/produkty\/ventilova-jednotka-bmw-5-g30-g31-bmw-6-gt-g32-original-wabco\/#breadcrumb","itemListElement":[{"@type":"ListItem","position":1,"name":"Domovsk\u00e1 str\u00e1nka","item":"https:\/\/vzduchovetlmice.sk\/"},{"@type":"ListItem","position":2,"name":"Obchod","item":"https:\/\/vzduchovetlmice.sk\/obchod\/"},{"@type":"ListItem","position":3,"name":"Ventilov\u00e1 jednotka BMW 5 G30\/G31, BMW 6 GT G32 \u2013 Origin\u00e1l WABCO"}]},{"@type":"WebSite","@id":"https:\/\/vzduchovetlmice.sk\/#website","url":"https:\/\/vzduchovetlmice.sk\/","name":"VzduchoveTlmice.sk","description":"predaj dielov pre vzduchov\u00fd podvozok","potentialAction":[{"@type":"SearchAction","target":{"@type":"EntryPoint","urlTemplate":"https:\/\/vzduchovetlmice.sk\/?s={search_term_string}"},"query-input":{"@type":"PropertyValueSpecification","valueRequired":true,"valueName":"search_term_string"}}],"inLanguage":"cs"}]}},"_links":{"self":[{"href":"https:\/\/vzduchovetlmice.sk\/cs\/wp-json\/wp\/v2\/product\/103992","targetHints":{"allow":["GET"]}}],"collection":[{"href":"https:\/\/vzduchovetlmice.sk\/cs\/wp-json\/wp\/v2\/product"}],"about":[{"href":"https:\/\/vzduchovetlmice.sk\/cs\/wp-json\/wp\/v2\/types\/product"}],"wp:featuredmedia":[{"embeddable":true,"href":"https:\/\/vzduchovetlmice.sk\/cs\/wp-json\/wp\/v2\/media\/104024"}],"wp:attachment":[{"href":"https:\/\/vzduchovetlmice.sk\/cs\/wp-json\/wp\/v2\/media?parent=103992"}],"wp:term":[{"taxonomy":"product_brand","embeddable":true,"href":"https:\/\/vzduchovetlmice.sk\/cs\/wp-json\/wp\/v2\/product_brand?post=103992"},{"taxonomy":"product_cat","embeddable":true,"href":"https:\/\/vzduchovetlmice.sk\/cs\/wp-json\/wp\/v2\/product_cat?post=103992"},{"taxonomy":"product_tag","embeddable":true,"href":"https:\/\/vzduchovetlmice.sk\/cs\/wp-json\/wp\/v2\/product_tag?post=103992"}],"curies":[{"name":"wp","href":"https:\/\/api.w.org\/{rel}","templated":true}]}}