{"id":103999,"date":"2026-03-29T11:54:52","date_gmt":"2026-03-29T11:54:52","guid":{"rendered":"https:\/\/vzduchovetlmice.sk\/?post_type=product&#038;p=103999"},"modified":"2026-03-29T12:03:08","modified_gmt":"2026-03-29T12:03:08","slug":"ventilova-jednotka-mercedes-benz-e-class-w213-s213-original-wabco","status":"publish","type":"product","link":"https:\/\/vzduchovetlmice.sk\/cs\/produkty\/ventilova-jednotka-mercedes-benz-e-class-w213-s213-original-wabco\/","title":{"rendered":"Ventilov\u00e1 jednotka Mercedes Benz E-class W213\/S213 \u2013 Origin\u00e1l WABCO"},"content":{"rendered":"<h3><strong>Dal\u0161\u00ed informace:<\/strong><\/h3>\n<p>Nov\u00e1 ventilov\u00e1 jednotka (ventilov\u00fd blok) vzduchov\u00e9ho kompresora podvozku Mercedes Benz E -class W213\/ S213 (2016 \u2013 2023).<\/p>\n<p>Jedn\u00e1 se o origin\u00e1ln\u00ed d\u00edl dod\u00e1van\u00fd do prvov\u00fdroby (WABCO \u2013 prvov\u00fdroba).<\/p>\n<p>&nbsp;<\/p>\n<h4><strong>Origin\u00e1ln\u00ed v\u00fdrobn\u00ed \u010d\u00edsla (OEM): <\/strong><\/h4>\n<div id=\"after-product-details\" class=\"after-product-details ic_tabs_container\">\n<div id=\"product_description\" class=\"product-description ic_tab_content active\">\n<p>A2513200158, 2513200158, A2123200758, 2123200758, A2123200258, 2123200258, RAPA, LF15, VB-3499<\/p>\n<\/div>\n<\/div>\n","protected":false},"excerpt":{"rendered":"<p><strong>Zna\u010dka: <\/strong>Mercedes Benz<\/p>\n<p><strong>Model:<\/strong> Mercedes Benz E -class W213 (2016 \u2013 2023), Mercedes Benz E -class S213 \/ X213 (2016 \u2013 2023)<\/p>\n<p><strong>V\u00fdrobce: <\/strong>WABCO &#8211; prvov\u00fdroba &#8211; Made in Germany<\/p>\n<p><strong>Typ:<\/strong> vzduchov\u00e9 m\u011bchy pouze na zadn\u00ed n\u00e1prav\u011b<\/p>\n<p><strong>Stav:\u00a0<\/strong>Nov\u00e9<\/p>\n<p><strong>Z\u00e1ruka:\u00a0<\/strong>2 roky<\/p>\n<p><strong>Dostupnost:<\/strong>\u00a0<span style=\"color: #00ff00;\"><strong>Skladem<\/strong><\/span><\/p>\n","protected":false},"featured_media":104045,"template":"","meta":{"_et_pb_use_builder":"","_et_pb_old_content":"","_et_gb_content_width":""},"product_brand":[52],"product_cat":[477,333],"product_tag":[],"class_list":{"0":"post-103999","1":"product","2":"type-product","3":"status-publish","4":"has-post-thumbnail","6":"product_brand-mercedes-benz","7":"product_cat-e-w213-s213-x213-2016-2023-cs","8":"product_cat-mercedes-benz-cs","10":"first","11":"instock","12":"shipping-taxable","13":"purchasable","14":"product-type-simple"},"yoast_head":"<!-- This site is optimized with the Yoast SEO Premium plugin v24.9 (Yoast SEO v27.1.1) - https:\/\/yoast.com\/product\/yoast-seo-premium-wordpress\/ -->\n<title>Ventilov\u00e1 jednotka Mercedes Benz E-class W213\/S213 \u2013 WABCO<\/title>\n<meta name=\"description\" content=\"Nov\u00e1 ventilov\u00e1 jednotka (ventilov\u00fd blok) vzduchov\u00e9ho kompresora podvozku Mercedes Benz E -class W213\/ S213 (2016 \u2013 2023). Jedn\u00e1 sa o origin\u00e1lny diel dod\u00e1van\u00fd do prvov\u00fdroby (WABCO \u2013 prvov\u00fdroba). OEM: A2513200158, 2513200158, A2123200758, 2123200758, A2123200258, 2123200258, RAPA, LF15, VB-3499\" \/>\n<meta name=\"robots\" content=\"index, follow, max-snippet:-1, max-image-preview:large, max-video-preview:-1\" \/>\n<link rel=\"canonical\" href=\"https:\/\/vzduchovetlmice.sk\/cs\/produkty\/ventilova-jednotka-mercedes-benz-e-class-w213-s213-original-wabco\/\" \/>\n<meta property=\"og:locale\" content=\"cs_CZ\" \/>\n<meta property=\"og:type\" content=\"article\" \/>\n<meta property=\"og:title\" content=\"Ventilov\u00e1 jednotka Mercedes Benz E-class W213\/S213 \u2013 Origin\u00e1l WABCO\" \/>\n<meta property=\"og:description\" content=\"Nov\u00e1 ventilov\u00e1 jednotka (ventilov\u00fd blok) vzduchov\u00e9ho kompresora podvozku Mercedes Benz E -class W213\/ S213 (2016 \u2013 2023). Jedn\u00e1 sa o origin\u00e1lny diel dod\u00e1van\u00fd do prvov\u00fdroby (WABCO \u2013 prvov\u00fdroba). OEM: A2513200158, 2513200158, A2123200758, 2123200758, A2123200258, 2123200258, RAPA, LF15, VB-3499\" \/>\n<meta property=\"og:url\" content=\"https:\/\/vzduchovetlmice.sk\/cs\/produkty\/ventilova-jednotka-mercedes-benz-e-class-w213-s213-original-wabco\/\" \/>\n<meta property=\"og:site_name\" content=\"VzduchoveTlmice.sk\" \/>\n<meta property=\"article:modified_time\" content=\"2026-03-29T12:03:08+00:00\" \/>\n<meta property=\"og:image\" content=\"https:\/\/vzduchovetlmice.sk\/wp-content\/uploads\/2026\/03\/Ventilova-jednotka-Mercedes-Benz-E-class-W213-S213-\u2013-Original-WABCO-A2513200158-2513200158-A2123200758-2123200758-A2123200258-2123200258-RAPA-LF15-VB-3499.jpg\" \/>\n\t<meta property=\"og:image:width\" content=\"1000\" \/>\n\t<meta property=\"og:image:height\" content=\"1000\" \/>\n\t<meta property=\"og:image:type\" content=\"image\/jpeg\" \/>\n<meta name=\"twitter:card\" content=\"summary_large_image\" \/>\n<meta name=\"twitter:label1\" content=\"Odhadovan\u00e1 doba \u010dten\u00ed\" \/>\n\t<meta name=\"twitter:data1\" content=\"1 minuta\" \/>\n<script type=\"application\/ld+json\" class=\"yoast-schema-graph\">{\"@context\":\"https:\/\/schema.org\",\"@graph\":[{\"@type\":\"WebPage\",\"@id\":\"https:\/\/vzduchovetlmice.sk\/cs\/produkty\/ventilova-jednotka-mercedes-benz-e-class-w213-s213-original-wabco\/\",\"url\":\"https:\/\/vzduchovetlmice.sk\/cs\/produkty\/ventilova-jednotka-mercedes-benz-e-class-w213-s213-original-wabco\/\",\"name\":\"Ventilov\u00e1 jednotka Mercedes Benz E-class W213\/S213 \u2013 WABCO\",\"isPartOf\":{\"@id\":\"https:\/\/vzduchovetlmice.sk\/#website\"},\"primaryImageOfPage\":{\"@id\":\"https:\/\/vzduchovetlmice.sk\/cs\/produkty\/ventilova-jednotka-mercedes-benz-e-class-w213-s213-original-wabco\/#primaryimage\"},\"image\":{\"@id\":\"https:\/\/vzduchovetlmice.sk\/cs\/produkty\/ventilova-jednotka-mercedes-benz-e-class-w213-s213-original-wabco\/#primaryimage\"},\"thumbnailUrl\":\"https:\/\/vzduchovetlmice.sk\/wp-content\/uploads\/2026\/03\/Ventilova-jednotka-Mercedes-Benz-E-class-W213-S213-\u2013-Original-WABCO-A2513200158-2513200158-A2123200758-2123200758-A2123200258-2123200258-RAPA-LF15-VB-3499.jpg\",\"datePublished\":\"2026-03-29T11:54:52+00:00\",\"dateModified\":\"2026-03-29T12:03:08+00:00\",\"description\":\"Nov\u00e1 ventilov\u00e1 jednotka (ventilov\u00fd blok) vzduchov\u00e9ho kompresora podvozku Mercedes Benz E -class W213\/ S213 (2016 \u2013 2023). Jedn\u00e1 sa o origin\u00e1lny diel dod\u00e1van\u00fd do prvov\u00fdroby (WABCO \u2013 prvov\u00fdroba). OEM: A2513200158, 2513200158, A2123200758, 2123200758, A2123200258, 2123200258, RAPA, LF15, VB-3499\",\"breadcrumb\":{\"@id\":\"https:\/\/vzduchovetlmice.sk\/cs\/produkty\/ventilova-jednotka-mercedes-benz-e-class-w213-s213-original-wabco\/#breadcrumb\"},\"inLanguage\":\"cs\",\"potentialAction\":[{\"@type\":\"ReadAction\",\"target\":[\"https:\/\/vzduchovetlmice.sk\/cs\/produkty\/ventilova-jednotka-mercedes-benz-e-class-w213-s213-original-wabco\/\"]}]},{\"@type\":\"ImageObject\",\"inLanguage\":\"cs\",\"@id\":\"https:\/\/vzduchovetlmice.sk\/cs\/produkty\/ventilova-jednotka-mercedes-benz-e-class-w213-s213-original-wabco\/#primaryimage\",\"url\":\"https:\/\/vzduchovetlmice.sk\/wp-content\/uploads\/2026\/03\/Ventilova-jednotka-Mercedes-Benz-E-class-W213-S213-\u2013-Original-WABCO-A2513200158-2513200158-A2123200758-2123200758-A2123200258-2123200258-RAPA-LF15-VB-3499.jpg\",\"contentUrl\":\"https:\/\/vzduchovetlmice.sk\/wp-content\/uploads\/2026\/03\/Ventilova-jednotka-Mercedes-Benz-E-class-W213-S213-\u2013-Original-WABCO-A2513200158-2513200158-A2123200758-2123200758-A2123200258-2123200258-RAPA-LF15-VB-3499.jpg\",\"width\":1000,\"height\":1000,\"caption\":\"Ventilov\u00e1 jednotka Mercedes Benz E-class W213, S213 \u2013 Origin\u00e1l WABCO, A2513200158, 2513200158, A2123200758, 2123200758, A2123200258, 2123200258, RAPA, LF15, VB-3499\"},{\"@type\":\"BreadcrumbList\",\"@id\":\"https:\/\/vzduchovetlmice.sk\/cs\/produkty\/ventilova-jednotka-mercedes-benz-e-class-w213-s213-original-wabco\/#breadcrumb\",\"itemListElement\":[{\"@type\":\"ListItem\",\"position\":1,\"name\":\"Domovsk\u00e1 str\u00e1nka\",\"item\":\"https:\/\/vzduchovetlmice.sk\/\"},{\"@type\":\"ListItem\",\"position\":2,\"name\":\"Obchod\",\"item\":\"https:\/\/vzduchovetlmice.sk\/obchod\/\"},{\"@type\":\"ListItem\",\"position\":3,\"name\":\"Ventilov\u00e1 jednotka Mercedes Benz E-class W213\/S213 \u2013 Origin\u00e1l WABCO\"}]},{\"@type\":\"WebSite\",\"@id\":\"https:\/\/vzduchovetlmice.sk\/#website\",\"url\":\"https:\/\/vzduchovetlmice.sk\/\",\"name\":\"VzduchoveTlmice.sk\",\"description\":\"predaj dielov pre vzduchov\u00fd podvozok\",\"potentialAction\":[{\"@type\":\"SearchAction\",\"target\":{\"@type\":\"EntryPoint\",\"urlTemplate\":\"https:\/\/vzduchovetlmice.sk\/?s={search_term_string}\"},\"query-input\":{\"@type\":\"PropertyValueSpecification\",\"valueRequired\":true,\"valueName\":\"search_term_string\"}}],\"inLanguage\":\"cs\"}]}<\/script>\n<!-- \/ Yoast SEO Premium plugin. -->","yoast_head_json":{"title":"Ventilov\u00e1 jednotka Mercedes Benz E-class W213\/S213 \u2013 WABCO","description":"Nov\u00e1 ventilov\u00e1 jednotka (ventilov\u00fd blok) vzduchov\u00e9ho kompresora podvozku Mercedes Benz E -class W213\/ S213 (2016 \u2013 2023). Jedn\u00e1 sa o origin\u00e1lny diel dod\u00e1van\u00fd do prvov\u00fdroby (WABCO \u2013 prvov\u00fdroba). OEM: A2513200158, 2513200158, A2123200758, 2123200758, A2123200258, 2123200258, RAPA, LF15, VB-3499","robots":{"index":"index","follow":"follow","max-snippet":"max-snippet:-1","max-image-preview":"max-image-preview:large","max-video-preview":"max-video-preview:-1"},"canonical":"https:\/\/vzduchovetlmice.sk\/cs\/produkty\/ventilova-jednotka-mercedes-benz-e-class-w213-s213-original-wabco\/","og_locale":"cs_CZ","og_type":"article","og_title":"Ventilov\u00e1 jednotka Mercedes Benz E-class W213\/S213 \u2013 Origin\u00e1l WABCO","og_description":"Nov\u00e1 ventilov\u00e1 jednotka (ventilov\u00fd blok) vzduchov\u00e9ho kompresora podvozku Mercedes Benz E -class W213\/ S213 (2016 \u2013 2023). Jedn\u00e1 sa o origin\u00e1lny diel dod\u00e1van\u00fd do prvov\u00fdroby (WABCO \u2013 prvov\u00fdroba). OEM: A2513200158, 2513200158, A2123200758, 2123200758, A2123200258, 2123200258, RAPA, LF15, VB-3499","og_url":"https:\/\/vzduchovetlmice.sk\/cs\/produkty\/ventilova-jednotka-mercedes-benz-e-class-w213-s213-original-wabco\/","og_site_name":"VzduchoveTlmice.sk","article_modified_time":"2026-03-29T12:03:08+00:00","og_image":[{"width":1000,"height":1000,"url":"https:\/\/vzduchovetlmice.sk\/wp-content\/uploads\/2026\/03\/Ventilova-jednotka-Mercedes-Benz-E-class-W213-S213-\u2013-Original-WABCO-A2513200158-2513200158-A2123200758-2123200758-A2123200258-2123200258-RAPA-LF15-VB-3499.jpg","type":"image\/jpeg"}],"twitter_card":"summary_large_image","twitter_misc":{"Odhadovan\u00e1 doba \u010dten\u00ed":"1 minuta"},"schema":{"@context":"https:\/\/schema.org","@graph":[{"@type":"WebPage","@id":"https:\/\/vzduchovetlmice.sk\/cs\/produkty\/ventilova-jednotka-mercedes-benz-e-class-w213-s213-original-wabco\/","url":"https:\/\/vzduchovetlmice.sk\/cs\/produkty\/ventilova-jednotka-mercedes-benz-e-class-w213-s213-original-wabco\/","name":"Ventilov\u00e1 jednotka Mercedes Benz E-class W213\/S213 \u2013 WABCO","isPartOf":{"@id":"https:\/\/vzduchovetlmice.sk\/#website"},"primaryImageOfPage":{"@id":"https:\/\/vzduchovetlmice.sk\/cs\/produkty\/ventilova-jednotka-mercedes-benz-e-class-w213-s213-original-wabco\/#primaryimage"},"image":{"@id":"https:\/\/vzduchovetlmice.sk\/cs\/produkty\/ventilova-jednotka-mercedes-benz-e-class-w213-s213-original-wabco\/#primaryimage"},"thumbnailUrl":"https:\/\/vzduchovetlmice.sk\/wp-content\/uploads\/2026\/03\/Ventilova-jednotka-Mercedes-Benz-E-class-W213-S213-\u2013-Original-WABCO-A2513200158-2513200158-A2123200758-2123200758-A2123200258-2123200258-RAPA-LF15-VB-3499.jpg","datePublished":"2026-03-29T11:54:52+00:00","dateModified":"2026-03-29T12:03:08+00:00","description":"Nov\u00e1 ventilov\u00e1 jednotka (ventilov\u00fd blok) vzduchov\u00e9ho kompresora podvozku Mercedes Benz E -class W213\/ S213 (2016 \u2013 2023). Jedn\u00e1 sa o origin\u00e1lny diel dod\u00e1van\u00fd do prvov\u00fdroby (WABCO \u2013 prvov\u00fdroba). OEM: A2513200158, 2513200158, A2123200758, 2123200758, A2123200258, 2123200258, RAPA, LF15, VB-3499","breadcrumb":{"@id":"https:\/\/vzduchovetlmice.sk\/cs\/produkty\/ventilova-jednotka-mercedes-benz-e-class-w213-s213-original-wabco\/#breadcrumb"},"inLanguage":"cs","potentialAction":[{"@type":"ReadAction","target":["https:\/\/vzduchovetlmice.sk\/cs\/produkty\/ventilova-jednotka-mercedes-benz-e-class-w213-s213-original-wabco\/"]}]},{"@type":"ImageObject","inLanguage":"cs","@id":"https:\/\/vzduchovetlmice.sk\/cs\/produkty\/ventilova-jednotka-mercedes-benz-e-class-w213-s213-original-wabco\/#primaryimage","url":"https:\/\/vzduchovetlmice.sk\/wp-content\/uploads\/2026\/03\/Ventilova-jednotka-Mercedes-Benz-E-class-W213-S213-\u2013-Original-WABCO-A2513200158-2513200158-A2123200758-2123200758-A2123200258-2123200258-RAPA-LF15-VB-3499.jpg","contentUrl":"https:\/\/vzduchovetlmice.sk\/wp-content\/uploads\/2026\/03\/Ventilova-jednotka-Mercedes-Benz-E-class-W213-S213-\u2013-Original-WABCO-A2513200158-2513200158-A2123200758-2123200758-A2123200258-2123200258-RAPA-LF15-VB-3499.jpg","width":1000,"height":1000,"caption":"Ventilov\u00e1 jednotka Mercedes Benz E-class W213, S213 \u2013 Origin\u00e1l WABCO, A2513200158, 2513200158, A2123200758, 2123200758, A2123200258, 2123200258, RAPA, LF15, VB-3499"},{"@type":"BreadcrumbList","@id":"https:\/\/vzduchovetlmice.sk\/cs\/produkty\/ventilova-jednotka-mercedes-benz-e-class-w213-s213-original-wabco\/#breadcrumb","itemListElement":[{"@type":"ListItem","position":1,"name":"Domovsk\u00e1 str\u00e1nka","item":"https:\/\/vzduchovetlmice.sk\/"},{"@type":"ListItem","position":2,"name":"Obchod","item":"https:\/\/vzduchovetlmice.sk\/obchod\/"},{"@type":"ListItem","position":3,"name":"Ventilov\u00e1 jednotka Mercedes Benz E-class W213\/S213 \u2013 Origin\u00e1l WABCO"}]},{"@type":"WebSite","@id":"https:\/\/vzduchovetlmice.sk\/#website","url":"https:\/\/vzduchovetlmice.sk\/","name":"VzduchoveTlmice.sk","description":"predaj dielov pre vzduchov\u00fd podvozok","potentialAction":[{"@type":"SearchAction","target":{"@type":"EntryPoint","urlTemplate":"https:\/\/vzduchovetlmice.sk\/?s={search_term_string}"},"query-input":{"@type":"PropertyValueSpecification","valueRequired":true,"valueName":"search_term_string"}}],"inLanguage":"cs"}]}},"_links":{"self":[{"href":"https:\/\/vzduchovetlmice.sk\/cs\/wp-json\/wp\/v2\/product\/103999","targetHints":{"allow":["GET"]}}],"collection":[{"href":"https:\/\/vzduchovetlmice.sk\/cs\/wp-json\/wp\/v2\/product"}],"about":[{"href":"https:\/\/vzduchovetlmice.sk\/cs\/wp-json\/wp\/v2\/types\/product"}],"wp:featuredmedia":[{"embeddable":true,"href":"https:\/\/vzduchovetlmice.sk\/cs\/wp-json\/wp\/v2\/media\/104045"}],"wp:attachment":[{"href":"https:\/\/vzduchovetlmice.sk\/cs\/wp-json\/wp\/v2\/media?parent=103999"}],"wp:term":[{"taxonomy":"product_brand","embeddable":true,"href":"https:\/\/vzduchovetlmice.sk\/cs\/wp-json\/wp\/v2\/product_brand?post=103999"},{"taxonomy":"product_cat","embeddable":true,"href":"https:\/\/vzduchovetlmice.sk\/cs\/wp-json\/wp\/v2\/product_cat?post=103999"},{"taxonomy":"product_tag","embeddable":true,"href":"https:\/\/vzduchovetlmice.sk\/cs\/wp-json\/wp\/v2\/product_tag?post=103999"}],"curies":[{"name":"wp","href":"https:\/\/api.w.org\/{rel}","templated":true}]}}