{"id":104089,"date":"2026-03-30T14:01:42","date_gmt":"2026-03-30T14:01:42","guid":{"rendered":"https:\/\/vzduchovetlmice.sk\/?post_type=product&#038;p=104089"},"modified":"2026-03-30T19:48:23","modified_gmt":"2026-03-30T19:48:23","slug":"zadni-pravy-vzduchovy-mech-audi-a6-c8-4a-a7-sportback-c8-4k","status":"publish","type":"product","link":"https:\/\/vzduchovetlmice.sk\/cs\/produkty\/zadni-pravy-vzduchovy-mech-audi-a6-c8-4a-a7-sportback-c8-4k\/","title":{"rendered":"Zadn\u00ed prav\u00fd vzduchov\u00fd m\u011bch Audi A6 C8 4A, A7 Sportback C8 4K"},"content":{"rendered":"<h3><strong>Dal\u0161\u00ed informace:<\/strong><\/h3>\n<p>Nov\u00fd zadn\u00ed prav\u00fd vzduchov\u00fd m\u011bch Audi A6 C8 4A (2018-2025), Audi A6 Allroad C8 4A (2018-2025), Audi A7 Sportback C8 4K (2017-2025).<\/p>\n<p>Vhodn\u00fd i pro verze <strong>Audi A6 S6, RS6 <\/strong>a<strong> A7 S7, RS7.<\/strong><\/p>\n<h4><strong>Origin\u00e1ln\u00ed v\u00fdrobn\u00ed \u010d\u00edsla (OEM): <\/strong><\/h4>\n<p>4K0616002E, 4K0616002K, 4K0616002D, 4K0616002H, 4K0616002<\/p>\n","protected":false},"excerpt":{"rendered":"<p><strong>Zna\u010dka:\u00a0<\/strong>Audi<\/p>\n<p><strong>Model:<\/strong> Audi A6 C8 4A (2018 \u2013 2025), Audi A6 Allroad C8 4A (2018 \u2013 2025), Audi RS6 C8 4A (2018 \u2013 2025), Audi A7 Sportback C8 4K (2017 \u2013 2025), Audi RS7 Sportback C8 4K (2017 \u2013 2025)<\/p>\n<p><strong>Poloha: <\/strong>Zadn\u00ed n\u00e1prava vpravo<\/p>\n<p><strong>V\u00fdrobce: <\/strong>OEM<\/p>\n<p><strong>Stav:\u00a0<\/strong>Nov\u00e9<\/p>\n<p><strong>Z\u00e1ruka:\u00a0<\/strong>2 roky<\/p>\n<p><strong>Dostupnost:<\/strong>\u00a0<span style=\"color: #00ff00;\"><strong>Skladem<\/strong><\/span><\/p>\n","protected":false},"featured_media":0,"template":"","meta":{"_et_pb_use_builder":"","_et_pb_old_content":"","_et_gb_content_width":""},"product_brand":[46],"product_cat":[474,475,330],"product_tag":[],"class_list":{"0":"post-104089","1":"product","2":"type-product","3":"status-publish","5":"product_brand-audi","6":"product_cat-a6-c8-4a-2018-2025-cs","7":"product_cat-a7-sportback-c8-4k-2017-2025-cs","8":"product_cat-audi-cs","10":"first","11":"instock","12":"shipping-taxable","13":"purchasable","14":"product-type-simple"},"yoast_head":"<!-- This site is optimized with the Yoast SEO Premium plugin v24.9 (Yoast SEO v27.1.1) - https:\/\/yoast.com\/product\/yoast-seo-premium-wordpress\/ -->\n<title>Zadn\u00ed prav\u00fd vzduchov\u00fd m\u011bch Audi A6 C8 4A, A7 Sportback<\/title>\n<meta name=\"description\" content=\"Nov\u00fd zadn\u00ed prav\u00fd vzduchov\u00fd m\u011bch Audi A6 C8 4A (2018-2025), Audi A6 Allroad C8 4A (2018-2025), Audi A7 Sportback C8 4K (2017-2025). Vhodn\u00fd i pro verze Audi A6 S6, RS6 a A7 S7, RS7.\u00a0\u00a0OEM: 4K0616002E, 4K0616002K, 4K0616002D, 4K0616002H, 4K0616002\" \/>\n<meta name=\"robots\" content=\"index, follow, max-snippet:-1, max-image-preview:large, max-video-preview:-1\" \/>\n<link rel=\"canonical\" href=\"https:\/\/vzduchovetlmice.sk\/cs\/produkty\/zadni-pravy-vzduchovy-mech-audi-a6-c8-4a-a7-sportback-c8-4k\/\" \/>\n<meta property=\"og:locale\" content=\"cs_CZ\" \/>\n<meta property=\"og:type\" content=\"article\" \/>\n<meta property=\"og:title\" content=\"Zadn\u00ed prav\u00fd vzduchov\u00fd m\u011bch Audi A6 C8 4A, A7 Sportback C8 4K\" \/>\n<meta property=\"og:description\" content=\"Nov\u00fd zadn\u00ed prav\u00fd vzduchov\u00fd m\u011bch Audi A6 C8 4A (2018-2025), Audi A6 Allroad C8 4A (2018-2025), Audi A7 Sportback C8 4K (2017-2025). Vhodn\u00fd i pro verze Audi A6 S6, RS6 a A7 S7, RS7.\u00a0\u00a0OEM: 4K0616002E, 4K0616002K, 4K0616002D, 4K0616002H, 4K0616002\" \/>\n<meta property=\"og:url\" content=\"https:\/\/vzduchovetlmice.sk\/cs\/produkty\/zadni-pravy-vzduchovy-mech-audi-a6-c8-4a-a7-sportback-c8-4k\/\" \/>\n<meta property=\"og:site_name\" content=\"VzduchoveTlmice.sk\" \/>\n<meta property=\"article:modified_time\" content=\"2026-03-30T19:48:23+00:00\" \/>\n<meta name=\"twitter:card\" content=\"summary_large_image\" \/>\n<meta name=\"twitter:label1\" content=\"Odhadovan\u00e1 doba \u010dten\u00ed\" \/>\n\t<meta name=\"twitter:data1\" content=\"1 minuta\" \/>\n<script type=\"application\/ld+json\" class=\"yoast-schema-graph\">{\"@context\":\"https:\/\/schema.org\",\"@graph\":[{\"@type\":\"WebPage\",\"@id\":\"https:\/\/vzduchovetlmice.sk\/cs\/produkty\/zadni-pravy-vzduchovy-mech-audi-a6-c8-4a-a7-sportback-c8-4k\/\",\"url\":\"https:\/\/vzduchovetlmice.sk\/cs\/produkty\/zadni-pravy-vzduchovy-mech-audi-a6-c8-4a-a7-sportback-c8-4k\/\",\"name\":\"Zadn\u00ed prav\u00fd vzduchov\u00fd m\u011bch Audi A6 C8 4A, A7 Sportback\",\"isPartOf\":{\"@id\":\"https:\/\/vzduchovetlmice.sk\/#website\"},\"datePublished\":\"2026-03-30T14:01:42+00:00\",\"dateModified\":\"2026-03-30T19:48:23+00:00\",\"description\":\"Nov\u00fd zadn\u00ed prav\u00fd vzduchov\u00fd m\u011bch Audi A6 C8 4A (2018-2025), Audi A6 Allroad C8 4A (2018-2025), Audi A7 Sportback C8 4K (2017-2025). Vhodn\u00fd i pro verze Audi A6 S6, RS6 a A7 S7, RS7.\u00a0\u00a0OEM: 4K0616002E, 4K0616002K, 4K0616002D, 4K0616002H, 4K0616002\",\"breadcrumb\":{\"@id\":\"https:\/\/vzduchovetlmice.sk\/cs\/produkty\/zadni-pravy-vzduchovy-mech-audi-a6-c8-4a-a7-sportback-c8-4k\/#breadcrumb\"},\"inLanguage\":\"cs\",\"potentialAction\":[{\"@type\":\"ReadAction\",\"target\":[\"https:\/\/vzduchovetlmice.sk\/cs\/produkty\/zadni-pravy-vzduchovy-mech-audi-a6-c8-4a-a7-sportback-c8-4k\/\"]}]},{\"@type\":\"BreadcrumbList\",\"@id\":\"https:\/\/vzduchovetlmice.sk\/cs\/produkty\/zadni-pravy-vzduchovy-mech-audi-a6-c8-4a-a7-sportback-c8-4k\/#breadcrumb\",\"itemListElement\":[{\"@type\":\"ListItem\",\"position\":1,\"name\":\"Domovsk\u00e1 str\u00e1nka\",\"item\":\"https:\/\/vzduchovetlmice.sk\/\"},{\"@type\":\"ListItem\",\"position\":2,\"name\":\"Obchod\",\"item\":\"https:\/\/vzduchovetlmice.sk\/obchod\/\"},{\"@type\":\"ListItem\",\"position\":3,\"name\":\"Zadn\u00ed prav\u00fd vzduchov\u00fd m\u011bch Audi A6 C8 4A, A7 Sportback C8 4K\"}]},{\"@type\":\"WebSite\",\"@id\":\"https:\/\/vzduchovetlmice.sk\/#website\",\"url\":\"https:\/\/vzduchovetlmice.sk\/\",\"name\":\"VzduchoveTlmice.sk\",\"description\":\"predaj dielov pre vzduchov\u00fd podvozok\",\"potentialAction\":[{\"@type\":\"SearchAction\",\"target\":{\"@type\":\"EntryPoint\",\"urlTemplate\":\"https:\/\/vzduchovetlmice.sk\/?s={search_term_string}\"},\"query-input\":{\"@type\":\"PropertyValueSpecification\",\"valueRequired\":true,\"valueName\":\"search_term_string\"}}],\"inLanguage\":\"cs\"}]}<\/script>\n<!-- \/ Yoast SEO Premium plugin. -->","yoast_head_json":{"title":"Zadn\u00ed prav\u00fd vzduchov\u00fd m\u011bch Audi A6 C8 4A, A7 Sportback","description":"Nov\u00fd zadn\u00ed prav\u00fd vzduchov\u00fd m\u011bch Audi A6 C8 4A (2018-2025), Audi A6 Allroad C8 4A (2018-2025), Audi A7 Sportback C8 4K (2017-2025). Vhodn\u00fd i pro verze Audi A6 S6, RS6 a A7 S7, RS7.\u00a0\u00a0OEM: 4K0616002E, 4K0616002K, 4K0616002D, 4K0616002H, 4K0616002","robots":{"index":"index","follow":"follow","max-snippet":"max-snippet:-1","max-image-preview":"max-image-preview:large","max-video-preview":"max-video-preview:-1"},"canonical":"https:\/\/vzduchovetlmice.sk\/cs\/produkty\/zadni-pravy-vzduchovy-mech-audi-a6-c8-4a-a7-sportback-c8-4k\/","og_locale":"cs_CZ","og_type":"article","og_title":"Zadn\u00ed prav\u00fd vzduchov\u00fd m\u011bch Audi A6 C8 4A, A7 Sportback C8 4K","og_description":"Nov\u00fd zadn\u00ed prav\u00fd vzduchov\u00fd m\u011bch Audi A6 C8 4A (2018-2025), Audi A6 Allroad C8 4A (2018-2025), Audi A7 Sportback C8 4K (2017-2025). Vhodn\u00fd i pro verze Audi A6 S6, RS6 a A7 S7, RS7.\u00a0\u00a0OEM: 4K0616002E, 4K0616002K, 4K0616002D, 4K0616002H, 4K0616002","og_url":"https:\/\/vzduchovetlmice.sk\/cs\/produkty\/zadni-pravy-vzduchovy-mech-audi-a6-c8-4a-a7-sportback-c8-4k\/","og_site_name":"VzduchoveTlmice.sk","article_modified_time":"2026-03-30T19:48:23+00:00","twitter_card":"summary_large_image","twitter_misc":{"Odhadovan\u00e1 doba \u010dten\u00ed":"1 minuta"},"schema":{"@context":"https:\/\/schema.org","@graph":[{"@type":"WebPage","@id":"https:\/\/vzduchovetlmice.sk\/cs\/produkty\/zadni-pravy-vzduchovy-mech-audi-a6-c8-4a-a7-sportback-c8-4k\/","url":"https:\/\/vzduchovetlmice.sk\/cs\/produkty\/zadni-pravy-vzduchovy-mech-audi-a6-c8-4a-a7-sportback-c8-4k\/","name":"Zadn\u00ed prav\u00fd vzduchov\u00fd m\u011bch Audi A6 C8 4A, A7 Sportback","isPartOf":{"@id":"https:\/\/vzduchovetlmice.sk\/#website"},"datePublished":"2026-03-30T14:01:42+00:00","dateModified":"2026-03-30T19:48:23+00:00","description":"Nov\u00fd zadn\u00ed prav\u00fd vzduchov\u00fd m\u011bch Audi A6 C8 4A (2018-2025), Audi A6 Allroad C8 4A (2018-2025), Audi A7 Sportback C8 4K (2017-2025). Vhodn\u00fd i pro verze Audi A6 S6, RS6 a A7 S7, RS7.\u00a0\u00a0OEM: 4K0616002E, 4K0616002K, 4K0616002D, 4K0616002H, 4K0616002","breadcrumb":{"@id":"https:\/\/vzduchovetlmice.sk\/cs\/produkty\/zadni-pravy-vzduchovy-mech-audi-a6-c8-4a-a7-sportback-c8-4k\/#breadcrumb"},"inLanguage":"cs","potentialAction":[{"@type":"ReadAction","target":["https:\/\/vzduchovetlmice.sk\/cs\/produkty\/zadni-pravy-vzduchovy-mech-audi-a6-c8-4a-a7-sportback-c8-4k\/"]}]},{"@type":"BreadcrumbList","@id":"https:\/\/vzduchovetlmice.sk\/cs\/produkty\/zadni-pravy-vzduchovy-mech-audi-a6-c8-4a-a7-sportback-c8-4k\/#breadcrumb","itemListElement":[{"@type":"ListItem","position":1,"name":"Domovsk\u00e1 str\u00e1nka","item":"https:\/\/vzduchovetlmice.sk\/"},{"@type":"ListItem","position":2,"name":"Obchod","item":"https:\/\/vzduchovetlmice.sk\/obchod\/"},{"@type":"ListItem","position":3,"name":"Zadn\u00ed prav\u00fd vzduchov\u00fd m\u011bch Audi A6 C8 4A, A7 Sportback C8 4K"}]},{"@type":"WebSite","@id":"https:\/\/vzduchovetlmice.sk\/#website","url":"https:\/\/vzduchovetlmice.sk\/","name":"VzduchoveTlmice.sk","description":"predaj dielov pre vzduchov\u00fd podvozok","potentialAction":[{"@type":"SearchAction","target":{"@type":"EntryPoint","urlTemplate":"https:\/\/vzduchovetlmice.sk\/?s={search_term_string}"},"query-input":{"@type":"PropertyValueSpecification","valueRequired":true,"valueName":"search_term_string"}}],"inLanguage":"cs"}]}},"_links":{"self":[{"href":"https:\/\/vzduchovetlmice.sk\/cs\/wp-json\/wp\/v2\/product\/104089","targetHints":{"allow":["GET"]}}],"collection":[{"href":"https:\/\/vzduchovetlmice.sk\/cs\/wp-json\/wp\/v2\/product"}],"about":[{"href":"https:\/\/vzduchovetlmice.sk\/cs\/wp-json\/wp\/v2\/types\/product"}],"wp:attachment":[{"href":"https:\/\/vzduchovetlmice.sk\/cs\/wp-json\/wp\/v2\/media?parent=104089"}],"wp:term":[{"taxonomy":"product_brand","embeddable":true,"href":"https:\/\/vzduchovetlmice.sk\/cs\/wp-json\/wp\/v2\/product_brand?post=104089"},{"taxonomy":"product_cat","embeddable":true,"href":"https:\/\/vzduchovetlmice.sk\/cs\/wp-json\/wp\/v2\/product_cat?post=104089"},{"taxonomy":"product_tag","embeddable":true,"href":"https:\/\/vzduchovetlmice.sk\/cs\/wp-json\/wp\/v2\/product_tag?post=104089"}],"curies":[{"name":"wp","href":"https:\/\/api.w.org\/{rel}","templated":true}]}}